{"id":13612,"date":"2026-03-25T15:06:00","date_gmt":"2026-03-25T13:06:00","guid":{"rendered":"https:\/\/embreis.com\/no\/?post_type=product&#038;p=13612"},"modified":"2026-03-25T15:20:59","modified_gmt":"2026-03-25T13:20:59","slug":"avtrycksskum-for-fotavgjutning","status":"publish","type":"product","link":"https:\/\/embreis.com\/no\/produkt\/avtrycksskum-for-fotavgjutning\/","title":{"rendered":"Avtrycksskum f\u00f6r fotavgjutning"},"content":{"rendered":"<p data-start=\"205\" data-end=\"500\">Novitritt \u00e4r ett praktiskt avtrycksskum som anv\u00e4nds f\u00f6r att snabbt och enkelt ta exakta fotavtryck vid tillverkning av ortopediska inl\u00e4gg och sulor. Genom att patienten belastar foten i skummet skapas ett tydligt negativt avtryck som kan anv\u00e4ndas som underlag f\u00f6r vidare analys och tillverkning.<\/p>\n<p data-start=\"502\" data-end=\"766\">Skummet har en fin och j\u00e4mn struktur som g\u00f6r det m\u00f6jligt att registrera fotens konturer med god precision. Metoden \u00e4r b\u00e5de snabb och enkel att anv\u00e4nda i kliniska milj\u00f6er och l\u00e4mpar sig v\u00e4l f\u00f6r exempelvis ortopedtekniska verkst\u00e4der, fotkliniker och skotillverkning.<\/p>\n<p data-start=\"768\" data-end=\"881\">Novitritt \u00e4r tillverkat av CFC-fritt skum och finns i flera storlekar f\u00f6r att passa olika behov och fotstorlekar.<\/p>\n","protected":false},"excerpt":{"rendered":"<p>Novitritt \u00e4r ett praktiskt avtrycksskum som anv\u00e4nds f\u00f6r att snabbt och enkelt ta exakta fotavtryck vid tillverkning av ortopediska inl\u00e4gg [&hellip;]<\/p>\n","protected":false},"featured_media":13613,"template":"","meta":[],"product_brand":[],"product_cat":[1279,1390],"product_tag":[],"class_list":{"0":"post-13612","1":"product","2":"type-product","3":"status-publish","4":"has-post-thumbnail","6":"product_cat-material","7":"product_cat-material-for-sulor","9":"first","10":"outofstock","11":"shipping-taxable","12":"product-type-variable"},"acf":[],"yoast_head":"<!-- This site is optimized with the Yoast SEO Premium plugin v27.3 (Yoast SEO v27.3) - https:\/\/yoast.com\/product\/yoast-seo-premium-wordpress\/ -->\n<title>Avtrycksskum f\u00f6r fotavgjutning - Embreis NO<\/title>\n<meta name=\"robots\" content=\"index, follow, max-snippet:-1, max-image-preview:large, max-video-preview:-1\" \/>\n<link rel=\"canonical\" href=\"https:\/\/embreis.com\/no\/produkt\/avtrycksskum-for-fotavgjutning\/\" \/>\n<meta property=\"og:locale\" content=\"sv_SE\" \/>\n<meta property=\"og:type\" content=\"article\" \/>\n<meta property=\"og:title\" content=\"Avtrycksskum f\u00f6r fotavgjutning\" \/>\n<meta property=\"og:description\" content=\"Novitritt \u00e4r ett praktiskt avtrycksskum som anv\u00e4nds f\u00f6r att snabbt och enkelt ta exakta fotavtryck vid tillverkning av ortopediska inl\u00e4gg [&hellip;]\" \/>\n<meta property=\"og:url\" content=\"https:\/\/embreis.com\/no\/produkt\/avtrycksskum-for-fotavgjutning\/\" \/>\n<meta property=\"og:site_name\" content=\"Embreis NO\" \/>\n<meta property=\"article:modified_time\" content=\"2026-03-25T13:20:59+00:00\" \/>\n<meta property=\"og:image\" content=\"https:\/\/embreis.com\/no\/wp-content\/uploads\/sites\/9\/2026\/03\/Novotritt_02.png\" \/>\n\t<meta property=\"og:image:width\" content=\"800\" \/>\n\t<meta property=\"og:image:height\" content=\"800\" \/>\n\t<meta property=\"og:image:type\" content=\"image\/png\" \/>\n<meta name=\"twitter:card\" content=\"summary_large_image\" \/>\n<meta name=\"twitter:label1\" content=\"Ber\u00e4knad l\u00e4stid\" \/>\n\t<meta name=\"twitter:data1\" content=\"1 minut\" \/>\n<script type=\"application\/ld+json\" class=\"yoast-schema-graph\">{\"@context\":\"https:\\\/\\\/schema.org\",\"@graph\":[{\"@type\":\"WebPage\",\"@id\":\"https:\\\/\\\/embreis.com\\\/no\\\/produkt\\\/avtrycksskum-for-fotavgjutning\\\/\",\"url\":\"https:\\\/\\\/embreis.com\\\/no\\\/produkt\\\/avtrycksskum-for-fotavgjutning\\\/\",\"name\":\"Avtrycksskum f\u00f6r fotavgjutning - Embreis NO\",\"isPartOf\":{\"@id\":\"https:\\\/\\\/embreis.com\\\/no\\\/#website\"},\"primaryImageOfPage\":{\"@id\":\"https:\\\/\\\/embreis.com\\\/no\\\/produkt\\\/avtrycksskum-for-fotavgjutning\\\/#primaryimage\"},\"image\":{\"@id\":\"https:\\\/\\\/embreis.com\\\/no\\\/produkt\\\/avtrycksskum-for-fotavgjutning\\\/#primaryimage\"},\"thumbnailUrl\":\"https:\\\/\\\/embreis.com\\\/no\\\/wp-content\\\/uploads\\\/sites\\\/9\\\/2026\\\/03\\\/Novotritt_02.png\",\"datePublished\":\"2026-03-25T13:06:00+00:00\",\"dateModified\":\"2026-03-25T13:20:59+00:00\",\"breadcrumb\":{\"@id\":\"https:\\\/\\\/embreis.com\\\/no\\\/produkt\\\/avtrycksskum-for-fotavgjutning\\\/#breadcrumb\"},\"inLanguage\":\"sv-SE\",\"potentialAction\":[{\"@type\":\"ReadAction\",\"target\":[\"https:\\\/\\\/embreis.com\\\/no\\\/produkt\\\/avtrycksskum-for-fotavgjutning\\\/\"]}]},{\"@type\":\"ImageObject\",\"inLanguage\":\"sv-SE\",\"@id\":\"https:\\\/\\\/embreis.com\\\/no\\\/produkt\\\/avtrycksskum-for-fotavgjutning\\\/#primaryimage\",\"url\":\"https:\\\/\\\/embreis.com\\\/no\\\/wp-content\\\/uploads\\\/sites\\\/9\\\/2026\\\/03\\\/Novotritt_02.png\",\"contentUrl\":\"https:\\\/\\\/embreis.com\\\/no\\\/wp-content\\\/uploads\\\/sites\\\/9\\\/2026\\\/03\\\/Novotritt_02.png\",\"width\":800,\"height\":800},{\"@type\":\"BreadcrumbList\",\"@id\":\"https:\\\/\\\/embreis.com\\\/no\\\/produkt\\\/avtrycksskum-for-fotavgjutning\\\/#breadcrumb\",\"itemListElement\":[{\"@type\":\"ListItem\",\"position\":1,\"name\":\"Hem\",\"item\":\"https:\\\/\\\/embreis.com\\\/no\\\/\"},{\"@type\":\"ListItem\",\"position\":2,\"name\":\"Sortiment\",\"item\":\"https:\\\/\\\/embreis.com\\\/no\\\/sortiment\\\/\"},{\"@type\":\"ListItem\",\"position\":3,\"name\":\"Material\",\"item\":\"https:\\\/\\\/embreis.com\\\/no\\\/produktkategori\\\/material\\\/\"},{\"@type\":\"ListItem\",\"position\":4,\"name\":\"Avtrycksskum f\u00f6r fotavgjutning\"}]},{\"@type\":\"WebSite\",\"@id\":\"https:\\\/\\\/embreis.com\\\/no\\\/#website\",\"url\":\"https:\\\/\\\/embreis.com\\\/no\\\/\",\"name\":\"Embreis NO\",\"description\":\"Ortoser, proteser och material\",\"potentialAction\":[{\"@type\":\"SearchAction\",\"target\":{\"@type\":\"EntryPoint\",\"urlTemplate\":\"https:\\\/\\\/embreis.com\\\/no\\\/?s={search_term_string}\"},\"query-input\":{\"@type\":\"PropertyValueSpecification\",\"valueRequired\":true,\"valueName\":\"search_term_string\"}}],\"inLanguage\":\"sv-SE\"}]}<\/script>\n<!-- \/ Yoast SEO Premium plugin. -->","yoast_head_json":{"title":"Avtrycksskum f\u00f6r fotavgjutning - Embreis NO","robots":{"index":"index","follow":"follow","max-snippet":"max-snippet:-1","max-image-preview":"max-image-preview:large","max-video-preview":"max-video-preview:-1"},"canonical":"https:\/\/embreis.com\/no\/produkt\/avtrycksskum-for-fotavgjutning\/","og_locale":"sv_SE","og_type":"article","og_title":"Avtrycksskum f\u00f6r fotavgjutning","og_description":"Novitritt \u00e4r ett praktiskt avtrycksskum som anv\u00e4nds f\u00f6r att snabbt och enkelt ta exakta fotavtryck vid tillverkning av ortopediska inl\u00e4gg [&hellip;]","og_url":"https:\/\/embreis.com\/no\/produkt\/avtrycksskum-for-fotavgjutning\/","og_site_name":"Embreis NO","article_modified_time":"2026-03-25T13:20:59+00:00","og_image":[{"width":800,"height":800,"url":"https:\/\/embreis.com\/no\/wp-content\/uploads\/sites\/9\/2026\/03\/Novotritt_02.png","type":"image\/png"}],"twitter_card":"summary_large_image","twitter_misc":{"Ber\u00e4knad l\u00e4stid":"1 minut"},"schema":{"@context":"https:\/\/schema.org","@graph":[{"@type":"WebPage","@id":"https:\/\/embreis.com\/no\/produkt\/avtrycksskum-for-fotavgjutning\/","url":"https:\/\/embreis.com\/no\/produkt\/avtrycksskum-for-fotavgjutning\/","name":"Avtrycksskum f\u00f6r fotavgjutning - Embreis NO","isPartOf":{"@id":"https:\/\/embreis.com\/no\/#website"},"primaryImageOfPage":{"@id":"https:\/\/embreis.com\/no\/produkt\/avtrycksskum-for-fotavgjutning\/#primaryimage"},"image":{"@id":"https:\/\/embreis.com\/no\/produkt\/avtrycksskum-for-fotavgjutning\/#primaryimage"},"thumbnailUrl":"https:\/\/embreis.com\/no\/wp-content\/uploads\/sites\/9\/2026\/03\/Novotritt_02.png","datePublished":"2026-03-25T13:06:00+00:00","dateModified":"2026-03-25T13:20:59+00:00","breadcrumb":{"@id":"https:\/\/embreis.com\/no\/produkt\/avtrycksskum-for-fotavgjutning\/#breadcrumb"},"inLanguage":"sv-SE","potentialAction":[{"@type":"ReadAction","target":["https:\/\/embreis.com\/no\/produkt\/avtrycksskum-for-fotavgjutning\/"]}]},{"@type":"ImageObject","inLanguage":"sv-SE","@id":"https:\/\/embreis.com\/no\/produkt\/avtrycksskum-for-fotavgjutning\/#primaryimage","url":"https:\/\/embreis.com\/no\/wp-content\/uploads\/sites\/9\/2026\/03\/Novotritt_02.png","contentUrl":"https:\/\/embreis.com\/no\/wp-content\/uploads\/sites\/9\/2026\/03\/Novotritt_02.png","width":800,"height":800},{"@type":"BreadcrumbList","@id":"https:\/\/embreis.com\/no\/produkt\/avtrycksskum-for-fotavgjutning\/#breadcrumb","itemListElement":[{"@type":"ListItem","position":1,"name":"Hem","item":"https:\/\/embreis.com\/no\/"},{"@type":"ListItem","position":2,"name":"Sortiment","item":"https:\/\/embreis.com\/no\/sortiment\/"},{"@type":"ListItem","position":3,"name":"Material","item":"https:\/\/embreis.com\/no\/produktkategori\/material\/"},{"@type":"ListItem","position":4,"name":"Avtrycksskum f\u00f6r fotavgjutning"}]},{"@type":"WebSite","@id":"https:\/\/embreis.com\/no\/#website","url":"https:\/\/embreis.com\/no\/","name":"Embreis NO","description":"Ortoser, proteser och material","potentialAction":[{"@type":"SearchAction","target":{"@type":"EntryPoint","urlTemplate":"https:\/\/embreis.com\/no\/?s={search_term_string}"},"query-input":{"@type":"PropertyValueSpecification","valueRequired":true,"valueName":"search_term_string"}}],"inLanguage":"sv-SE"}]}},"_links":{"self":[{"href":"https:\/\/embreis.com\/no\/wp-json\/wp\/v2\/product\/13612","targetHints":{"allow":["GET"]}}],"collection":[{"href":"https:\/\/embreis.com\/no\/wp-json\/wp\/v2\/product"}],"about":[{"href":"https:\/\/embreis.com\/no\/wp-json\/wp\/v2\/types\/product"}],"wp:featuredmedia":[{"embeddable":true,"href":"https:\/\/embreis.com\/no\/wp-json\/wp\/v2\/media\/13613"}],"wp:attachment":[{"href":"https:\/\/embreis.com\/no\/wp-json\/wp\/v2\/media?parent=13612"}],"wp:term":[{"taxonomy":"product_brand","embeddable":true,"href":"https:\/\/embreis.com\/no\/wp-json\/wp\/v2\/product_brand?post=13612"},{"taxonomy":"product_cat","embeddable":true,"href":"https:\/\/embreis.com\/no\/wp-json\/wp\/v2\/product_cat?post=13612"},{"taxonomy":"product_tag","embeddable":true,"href":"https:\/\/embreis.com\/no\/wp-json\/wp\/v2\/product_tag?post=13612"}],"curies":[{"name":"wp","href":"https:\/\/api.w.org\/{rel}","templated":true}]}}