{"id":13610,"date":"2026-03-25T15:03:05","date_gmt":"2026-03-25T13:03:05","guid":{"rendered":"https:\/\/embreis.com\/no\/?post_type=product&#038;p=13610"},"modified":"2026-03-25T15:13:28","modified_gmt":"2026-03-25T13:13:28","slug":"kolfibersula-dam-forformad","status":"publish","type":"product","link":"https:\/\/embreis.com\/no\/produkt\/kolfibersula-dam-forformad\/","title":{"rendered":"Kolfibersula dam f\u00f6rformad"},"content":{"rendered":"<p>Denna f\u00f6rformade kolfibersula \u00e4r utvecklad f\u00f6r anv\u00e4ndning inom ortopedteknisk skotillverkning och ger effektiv f\u00f6rst\u00e4rkning och stabilitet i ortopediska skor. Materialet kombinerar l\u00e5g vikt med h\u00f6g styvhet, vilket bidrar till f\u00f6rb\u00e4ttrad funktion och h\u00e5llbarhet i den f\u00e4rdiga konstruktionen.<\/p>\n<p>Den anatomiskt f\u00f6rformade designen f\u00f6ljer fotens naturliga form och underl\u00e4ttar arbetet vid tillverkning av ortopediska skor. Sulorna \u00e4r dessutom termoformbara och kan v\u00e4rmas upp till cirka 160 \u00b0C f\u00f6r ytterligare anpassning efter skokonstruktion eller individuella behov.<\/p>\n<p>Kolfiberkonstruktionen ger h\u00f6g stabilitet samtidigt som vikten h\u00e5lls l\u00e5g, vilket g\u00f6r sulorna l\u00e4mpliga i ortopediska skor d\u00e4r st\u00f6d, avlastning och kontroll av fotens r\u00f6relse \u00e4r viktigt.<\/p>\n","protected":false},"excerpt":{"rendered":"<p>Denna f\u00f6rformade kolfibersula \u00e4r utvecklad f\u00f6r anv\u00e4ndning inom ortopedteknisk skotillverkning och ger effektiv f\u00f6rst\u00e4rkning och stabilitet i ortopediska skor. Materialet [&hellip;]<\/p>\n","protected":false},"featured_media":13611,"template":"","meta":[],"product_brand":[],"product_cat":[1279,1390],"product_tag":[],"class_list":{"0":"post-13610","1":"product","2":"type-product","3":"status-publish","4":"has-post-thumbnail","6":"product_cat-material","7":"product_cat-material-for-sulor","9":"first","10":"outofstock","11":"shipping-taxable","12":"product-type-variable"},"acf":[],"yoast_head":"<!-- This site is optimized with the Yoast SEO Premium plugin v27.3 (Yoast SEO v27.3) - https:\/\/yoast.com\/product\/yoast-seo-premium-wordpress\/ -->\n<title>Kolfibersula dam f\u00f6rformad - Embreis NO<\/title>\n<meta name=\"robots\" content=\"index, follow, max-snippet:-1, max-image-preview:large, max-video-preview:-1\" \/>\n<link rel=\"canonical\" href=\"https:\/\/embreis.com\/no\/produkt\/kolfibersula-dam-forformad\/\" \/>\n<meta property=\"og:locale\" content=\"sv_SE\" \/>\n<meta property=\"og:type\" content=\"article\" \/>\n<meta property=\"og:title\" content=\"Kolfibersula dam f\u00f6rformad\" \/>\n<meta property=\"og:description\" content=\"Denna f\u00f6rformade kolfibersula \u00e4r utvecklad f\u00f6r anv\u00e4ndning inom ortopedteknisk skotillverkning och ger effektiv f\u00f6rst\u00e4rkning och stabilitet i ortopediska skor. Materialet [&hellip;]\" \/>\n<meta property=\"og:url\" content=\"https:\/\/embreis.com\/no\/produkt\/kolfibersula-dam-forformad\/\" \/>\n<meta property=\"og:site_name\" content=\"Embreis NO\" \/>\n<meta property=\"article:modified_time\" content=\"2026-03-25T13:13:28+00:00\" \/>\n<meta property=\"og:image\" content=\"https:\/\/embreis.com\/no\/wp-content\/uploads\/sites\/9\/2026\/03\/sulor_formade_dam.png\" \/>\n\t<meta property=\"og:image:width\" content=\"800\" \/>\n\t<meta property=\"og:image:height\" content=\"800\" \/>\n\t<meta property=\"og:image:type\" content=\"image\/png\" \/>\n<meta name=\"twitter:card\" content=\"summary_large_image\" \/>\n<meta name=\"twitter:label1\" content=\"Ber\u00e4knad l\u00e4stid\" \/>\n\t<meta name=\"twitter:data1\" content=\"1 minut\" \/>\n<script type=\"application\/ld+json\" class=\"yoast-schema-graph\">{\"@context\":\"https:\\\/\\\/schema.org\",\"@graph\":[{\"@type\":\"WebPage\",\"@id\":\"https:\\\/\\\/embreis.com\\\/no\\\/produkt\\\/kolfibersula-dam-forformad\\\/\",\"url\":\"https:\\\/\\\/embreis.com\\\/no\\\/produkt\\\/kolfibersula-dam-forformad\\\/\",\"name\":\"Kolfibersula dam f\u00f6rformad - Embreis NO\",\"isPartOf\":{\"@id\":\"https:\\\/\\\/embreis.com\\\/no\\\/#website\"},\"primaryImageOfPage\":{\"@id\":\"https:\\\/\\\/embreis.com\\\/no\\\/produkt\\\/kolfibersula-dam-forformad\\\/#primaryimage\"},\"image\":{\"@id\":\"https:\\\/\\\/embreis.com\\\/no\\\/produkt\\\/kolfibersula-dam-forformad\\\/#primaryimage\"},\"thumbnailUrl\":\"https:\\\/\\\/embreis.com\\\/no\\\/wp-content\\\/uploads\\\/sites\\\/9\\\/2026\\\/03\\\/sulor_formade_dam.png\",\"datePublished\":\"2026-03-25T13:03:05+00:00\",\"dateModified\":\"2026-03-25T13:13:28+00:00\",\"breadcrumb\":{\"@id\":\"https:\\\/\\\/embreis.com\\\/no\\\/produkt\\\/kolfibersula-dam-forformad\\\/#breadcrumb\"},\"inLanguage\":\"sv-SE\",\"potentialAction\":[{\"@type\":\"ReadAction\",\"target\":[\"https:\\\/\\\/embreis.com\\\/no\\\/produkt\\\/kolfibersula-dam-forformad\\\/\"]}]},{\"@type\":\"ImageObject\",\"inLanguage\":\"sv-SE\",\"@id\":\"https:\\\/\\\/embreis.com\\\/no\\\/produkt\\\/kolfibersula-dam-forformad\\\/#primaryimage\",\"url\":\"https:\\\/\\\/embreis.com\\\/no\\\/wp-content\\\/uploads\\\/sites\\\/9\\\/2026\\\/03\\\/sulor_formade_dam.png\",\"contentUrl\":\"https:\\\/\\\/embreis.com\\\/no\\\/wp-content\\\/uploads\\\/sites\\\/9\\\/2026\\\/03\\\/sulor_formade_dam.png\",\"width\":800,\"height\":800},{\"@type\":\"BreadcrumbList\",\"@id\":\"https:\\\/\\\/embreis.com\\\/no\\\/produkt\\\/kolfibersula-dam-forformad\\\/#breadcrumb\",\"itemListElement\":[{\"@type\":\"ListItem\",\"position\":1,\"name\":\"Hem\",\"item\":\"https:\\\/\\\/embreis.com\\\/no\\\/\"},{\"@type\":\"ListItem\",\"position\":2,\"name\":\"Sortiment\",\"item\":\"https:\\\/\\\/embreis.com\\\/no\\\/sortiment\\\/\"},{\"@type\":\"ListItem\",\"position\":3,\"name\":\"Material\",\"item\":\"https:\\\/\\\/embreis.com\\\/no\\\/produktkategori\\\/material\\\/\"},{\"@type\":\"ListItem\",\"position\":4,\"name\":\"Kolfibersula dam f\u00f6rformad\"}]},{\"@type\":\"WebSite\",\"@id\":\"https:\\\/\\\/embreis.com\\\/no\\\/#website\",\"url\":\"https:\\\/\\\/embreis.com\\\/no\\\/\",\"name\":\"Embreis NO\",\"description\":\"Ortoser, proteser och material\",\"potentialAction\":[{\"@type\":\"SearchAction\",\"target\":{\"@type\":\"EntryPoint\",\"urlTemplate\":\"https:\\\/\\\/embreis.com\\\/no\\\/?s={search_term_string}\"},\"query-input\":{\"@type\":\"PropertyValueSpecification\",\"valueRequired\":true,\"valueName\":\"search_term_string\"}}],\"inLanguage\":\"sv-SE\"}]}<\/script>\n<!-- \/ Yoast SEO Premium plugin. -->","yoast_head_json":{"title":"Kolfibersula dam f\u00f6rformad - Embreis NO","robots":{"index":"index","follow":"follow","max-snippet":"max-snippet:-1","max-image-preview":"max-image-preview:large","max-video-preview":"max-video-preview:-1"},"canonical":"https:\/\/embreis.com\/no\/produkt\/kolfibersula-dam-forformad\/","og_locale":"sv_SE","og_type":"article","og_title":"Kolfibersula dam f\u00f6rformad","og_description":"Denna f\u00f6rformade kolfibersula \u00e4r utvecklad f\u00f6r anv\u00e4ndning inom ortopedteknisk skotillverkning och ger effektiv f\u00f6rst\u00e4rkning och stabilitet i ortopediska skor. Materialet [&hellip;]","og_url":"https:\/\/embreis.com\/no\/produkt\/kolfibersula-dam-forformad\/","og_site_name":"Embreis NO","article_modified_time":"2026-03-25T13:13:28+00:00","og_image":[{"width":800,"height":800,"url":"https:\/\/embreis.com\/no\/wp-content\/uploads\/sites\/9\/2026\/03\/sulor_formade_dam.png","type":"image\/png"}],"twitter_card":"summary_large_image","twitter_misc":{"Ber\u00e4knad l\u00e4stid":"1 minut"},"schema":{"@context":"https:\/\/schema.org","@graph":[{"@type":"WebPage","@id":"https:\/\/embreis.com\/no\/produkt\/kolfibersula-dam-forformad\/","url":"https:\/\/embreis.com\/no\/produkt\/kolfibersula-dam-forformad\/","name":"Kolfibersula dam f\u00f6rformad - Embreis NO","isPartOf":{"@id":"https:\/\/embreis.com\/no\/#website"},"primaryImageOfPage":{"@id":"https:\/\/embreis.com\/no\/produkt\/kolfibersula-dam-forformad\/#primaryimage"},"image":{"@id":"https:\/\/embreis.com\/no\/produkt\/kolfibersula-dam-forformad\/#primaryimage"},"thumbnailUrl":"https:\/\/embreis.com\/no\/wp-content\/uploads\/sites\/9\/2026\/03\/sulor_formade_dam.png","datePublished":"2026-03-25T13:03:05+00:00","dateModified":"2026-03-25T13:13:28+00:00","breadcrumb":{"@id":"https:\/\/embreis.com\/no\/produkt\/kolfibersula-dam-forformad\/#breadcrumb"},"inLanguage":"sv-SE","potentialAction":[{"@type":"ReadAction","target":["https:\/\/embreis.com\/no\/produkt\/kolfibersula-dam-forformad\/"]}]},{"@type":"ImageObject","inLanguage":"sv-SE","@id":"https:\/\/embreis.com\/no\/produkt\/kolfibersula-dam-forformad\/#primaryimage","url":"https:\/\/embreis.com\/no\/wp-content\/uploads\/sites\/9\/2026\/03\/sulor_formade_dam.png","contentUrl":"https:\/\/embreis.com\/no\/wp-content\/uploads\/sites\/9\/2026\/03\/sulor_formade_dam.png","width":800,"height":800},{"@type":"BreadcrumbList","@id":"https:\/\/embreis.com\/no\/produkt\/kolfibersula-dam-forformad\/#breadcrumb","itemListElement":[{"@type":"ListItem","position":1,"name":"Hem","item":"https:\/\/embreis.com\/no\/"},{"@type":"ListItem","position":2,"name":"Sortiment","item":"https:\/\/embreis.com\/no\/sortiment\/"},{"@type":"ListItem","position":3,"name":"Material","item":"https:\/\/embreis.com\/no\/produktkategori\/material\/"},{"@type":"ListItem","position":4,"name":"Kolfibersula dam f\u00f6rformad"}]},{"@type":"WebSite","@id":"https:\/\/embreis.com\/no\/#website","url":"https:\/\/embreis.com\/no\/","name":"Embreis NO","description":"Ortoser, proteser och material","potentialAction":[{"@type":"SearchAction","target":{"@type":"EntryPoint","urlTemplate":"https:\/\/embreis.com\/no\/?s={search_term_string}"},"query-input":{"@type":"PropertyValueSpecification","valueRequired":true,"valueName":"search_term_string"}}],"inLanguage":"sv-SE"}]}},"_links":{"self":[{"href":"https:\/\/embreis.com\/no\/wp-json\/wp\/v2\/product\/13610","targetHints":{"allow":["GET"]}}],"collection":[{"href":"https:\/\/embreis.com\/no\/wp-json\/wp\/v2\/product"}],"about":[{"href":"https:\/\/embreis.com\/no\/wp-json\/wp\/v2\/types\/product"}],"wp:featuredmedia":[{"embeddable":true,"href":"https:\/\/embreis.com\/no\/wp-json\/wp\/v2\/media\/13611"}],"wp:attachment":[{"href":"https:\/\/embreis.com\/no\/wp-json\/wp\/v2\/media?parent=13610"}],"wp:term":[{"taxonomy":"product_brand","embeddable":true,"href":"https:\/\/embreis.com\/no\/wp-json\/wp\/v2\/product_brand?post=13610"},{"taxonomy":"product_cat","embeddable":true,"href":"https:\/\/embreis.com\/no\/wp-json\/wp\/v2\/product_cat?post=13610"},{"taxonomy":"product_tag","embeddable":true,"href":"https:\/\/embreis.com\/no\/wp-json\/wp\/v2\/product_tag?post=13610"}],"curies":[{"name":"wp","href":"https:\/\/api.w.org\/{rel}","templated":true}]}}