{"id":13598,"date":"2026-03-25T14:11:47","date_gmt":"2026-03-25T12:11:47","guid":{"rendered":"https:\/\/embreis.com\/no\/?post_type=product&#038;p=13598"},"modified":"2026-03-25T15:19:42","modified_gmt":"2026-03-25T13:19:42","slug":"trikaslang-glasfiber","status":"publish","type":"product","link":"https:\/\/embreis.com\/no\/produkt\/trikaslang-glasfiber\/","title":{"rendered":"Trik\u00e5slang Glasfiber"},"content":{"rendered":"<p data-start=\"224\" data-end=\"481\">Trik\u00e5slang i glasfiber f\u00f6r anv\u00e4ndning som f\u00f6rst\u00e4rkningsmaterial vid laminering av ortoser och proteskomponenter. Materialet appliceras \u00f6ver modellen tillsammans med resin och andra armeringsmaterial f\u00f6r att \u00f6ka styvhet och stabilitet i det f\u00e4rdiga laminatet.<\/p>\n<p data-start=\"483\" data-end=\"747\">Glasfibertrik\u00e5n har en grov och \u00f6ppen struktur som ger god resinupptagning och bidrar till h\u00f6g h\u00e5llfasthet i konstruktionen. Den anv\u00e4nds ofta som extra f\u00f6rst\u00e4rkning i styva laminat, s\u00e4rskilt i omr\u00e5den d\u00e4r h\u00f6g stabilitet kr\u00e4vs. Materialet \u00e4r elastiskt och formar sig enkelt \u00f6ver modellen, vilket g\u00f6r arbetet i verkstaden smidigt och effektivt. Den s\u00e5 kallade \u201cladder-proof\u201d-strukturen minskar risken f\u00f6r att maskor l\u00f6per eller skadas vid hantering.<\/p>\n","protected":false},"excerpt":{"rendered":"<p>Trik\u00e5slang i glasfiber f\u00f6r anv\u00e4ndning som f\u00f6rst\u00e4rkningsmaterial vid laminering av ortoser och proteskomponenter. Materialet appliceras \u00f6ver modellen tillsammans med resin [&hellip;]<\/p>\n","protected":false},"featured_media":13599,"template":"","meta":[],"product_brand":[],"product_cat":[1279,1280],"product_tag":[],"class_list":{"0":"post-13598","1":"product","2":"type-product","3":"status-publish","4":"has-post-thumbnail","6":"product_cat-material","7":"product_cat-trikaslang","9":"first","10":"outofstock","11":"shipping-taxable","12":"product-type-variable"},"acf":[],"yoast_head":"<!-- This site is optimized with the Yoast SEO Premium plugin v27.3 (Yoast SEO v27.3) - https:\/\/yoast.com\/product\/yoast-seo-premium-wordpress\/ -->\n<title>Trik\u00e5slang Glasfiber - Embreis NO<\/title>\n<meta name=\"robots\" content=\"index, follow, max-snippet:-1, max-image-preview:large, max-video-preview:-1\" \/>\n<link rel=\"canonical\" href=\"https:\/\/embreis.com\/no\/produkt\/trikaslang-glasfiber\/\" \/>\n<meta property=\"og:locale\" content=\"sv_SE\" \/>\n<meta property=\"og:type\" content=\"article\" \/>\n<meta property=\"og:title\" content=\"Trik\u00e5slang Glasfiber\" \/>\n<meta property=\"og:description\" content=\"Trik\u00e5slang i glasfiber f\u00f6r anv\u00e4ndning som f\u00f6rst\u00e4rkningsmaterial vid laminering av ortoser och proteskomponenter. Materialet appliceras \u00f6ver modellen tillsammans med resin [&hellip;]\" \/>\n<meta property=\"og:url\" content=\"https:\/\/embreis.com\/no\/produkt\/trikaslang-glasfiber\/\" \/>\n<meta property=\"og:site_name\" content=\"Embreis NO\" \/>\n<meta property=\"article:modified_time\" content=\"2026-03-25T13:19:42+00:00\" \/>\n<meta property=\"og:image\" content=\"https:\/\/embreis.com\/no\/wp-content\/uploads\/sites\/9\/2026\/03\/Trikaslang_glasfiber.png\" \/>\n\t<meta property=\"og:image:width\" content=\"800\" \/>\n\t<meta property=\"og:image:height\" content=\"800\" \/>\n\t<meta property=\"og:image:type\" content=\"image\/png\" \/>\n<meta name=\"twitter:card\" content=\"summary_large_image\" \/>\n<meta name=\"twitter:label1\" content=\"Ber\u00e4knad l\u00e4stid\" \/>\n\t<meta name=\"twitter:data1\" content=\"1 minut\" \/>\n<script type=\"application\/ld+json\" class=\"yoast-schema-graph\">{\"@context\":\"https:\\\/\\\/schema.org\",\"@graph\":[{\"@type\":\"WebPage\",\"@id\":\"https:\\\/\\\/embreis.com\\\/no\\\/produkt\\\/trikaslang-glasfiber\\\/\",\"url\":\"https:\\\/\\\/embreis.com\\\/no\\\/produkt\\\/trikaslang-glasfiber\\\/\",\"name\":\"Trik\u00e5slang Glasfiber - Embreis NO\",\"isPartOf\":{\"@id\":\"https:\\\/\\\/embreis.com\\\/no\\\/#website\"},\"primaryImageOfPage\":{\"@id\":\"https:\\\/\\\/embreis.com\\\/no\\\/produkt\\\/trikaslang-glasfiber\\\/#primaryimage\"},\"image\":{\"@id\":\"https:\\\/\\\/embreis.com\\\/no\\\/produkt\\\/trikaslang-glasfiber\\\/#primaryimage\"},\"thumbnailUrl\":\"https:\\\/\\\/embreis.com\\\/no\\\/wp-content\\\/uploads\\\/sites\\\/9\\\/2026\\\/03\\\/Trikaslang_glasfiber.png\",\"datePublished\":\"2026-03-25T12:11:47+00:00\",\"dateModified\":\"2026-03-25T13:19:42+00:00\",\"breadcrumb\":{\"@id\":\"https:\\\/\\\/embreis.com\\\/no\\\/produkt\\\/trikaslang-glasfiber\\\/#breadcrumb\"},\"inLanguage\":\"sv-SE\",\"potentialAction\":[{\"@type\":\"ReadAction\",\"target\":[\"https:\\\/\\\/embreis.com\\\/no\\\/produkt\\\/trikaslang-glasfiber\\\/\"]}]},{\"@type\":\"ImageObject\",\"inLanguage\":\"sv-SE\",\"@id\":\"https:\\\/\\\/embreis.com\\\/no\\\/produkt\\\/trikaslang-glasfiber\\\/#primaryimage\",\"url\":\"https:\\\/\\\/embreis.com\\\/no\\\/wp-content\\\/uploads\\\/sites\\\/9\\\/2026\\\/03\\\/Trikaslang_glasfiber.png\",\"contentUrl\":\"https:\\\/\\\/embreis.com\\\/no\\\/wp-content\\\/uploads\\\/sites\\\/9\\\/2026\\\/03\\\/Trikaslang_glasfiber.png\",\"width\":800,\"height\":800},{\"@type\":\"BreadcrumbList\",\"@id\":\"https:\\\/\\\/embreis.com\\\/no\\\/produkt\\\/trikaslang-glasfiber\\\/#breadcrumb\",\"itemListElement\":[{\"@type\":\"ListItem\",\"position\":1,\"name\":\"Hem\",\"item\":\"https:\\\/\\\/embreis.com\\\/no\\\/\"},{\"@type\":\"ListItem\",\"position\":2,\"name\":\"Sortiment\",\"item\":\"https:\\\/\\\/embreis.com\\\/no\\\/sortiment\\\/\"},{\"@type\":\"ListItem\",\"position\":3,\"name\":\"Material\",\"item\":\"https:\\\/\\\/embreis.com\\\/no\\\/produktkategori\\\/material\\\/\"},{\"@type\":\"ListItem\",\"position\":4,\"name\":\"Trik\u00e5slang Glasfiber\"}]},{\"@type\":\"WebSite\",\"@id\":\"https:\\\/\\\/embreis.com\\\/no\\\/#website\",\"url\":\"https:\\\/\\\/embreis.com\\\/no\\\/\",\"name\":\"Embreis NO\",\"description\":\"Ortoser, proteser och material\",\"potentialAction\":[{\"@type\":\"SearchAction\",\"target\":{\"@type\":\"EntryPoint\",\"urlTemplate\":\"https:\\\/\\\/embreis.com\\\/no\\\/?s={search_term_string}\"},\"query-input\":{\"@type\":\"PropertyValueSpecification\",\"valueRequired\":true,\"valueName\":\"search_term_string\"}}],\"inLanguage\":\"sv-SE\"}]}<\/script>\n<!-- \/ Yoast SEO Premium plugin. -->","yoast_head_json":{"title":"Trik\u00e5slang Glasfiber - Embreis NO","robots":{"index":"index","follow":"follow","max-snippet":"max-snippet:-1","max-image-preview":"max-image-preview:large","max-video-preview":"max-video-preview:-1"},"canonical":"https:\/\/embreis.com\/no\/produkt\/trikaslang-glasfiber\/","og_locale":"sv_SE","og_type":"article","og_title":"Trik\u00e5slang Glasfiber","og_description":"Trik\u00e5slang i glasfiber f\u00f6r anv\u00e4ndning som f\u00f6rst\u00e4rkningsmaterial vid laminering av ortoser och proteskomponenter. Materialet appliceras \u00f6ver modellen tillsammans med resin [&hellip;]","og_url":"https:\/\/embreis.com\/no\/produkt\/trikaslang-glasfiber\/","og_site_name":"Embreis NO","article_modified_time":"2026-03-25T13:19:42+00:00","og_image":[{"width":800,"height":800,"url":"https:\/\/embreis.com\/no\/wp-content\/uploads\/sites\/9\/2026\/03\/Trikaslang_glasfiber.png","type":"image\/png"}],"twitter_card":"summary_large_image","twitter_misc":{"Ber\u00e4knad l\u00e4stid":"1 minut"},"schema":{"@context":"https:\/\/schema.org","@graph":[{"@type":"WebPage","@id":"https:\/\/embreis.com\/no\/produkt\/trikaslang-glasfiber\/","url":"https:\/\/embreis.com\/no\/produkt\/trikaslang-glasfiber\/","name":"Trik\u00e5slang Glasfiber - Embreis NO","isPartOf":{"@id":"https:\/\/embreis.com\/no\/#website"},"primaryImageOfPage":{"@id":"https:\/\/embreis.com\/no\/produkt\/trikaslang-glasfiber\/#primaryimage"},"image":{"@id":"https:\/\/embreis.com\/no\/produkt\/trikaslang-glasfiber\/#primaryimage"},"thumbnailUrl":"https:\/\/embreis.com\/no\/wp-content\/uploads\/sites\/9\/2026\/03\/Trikaslang_glasfiber.png","datePublished":"2026-03-25T12:11:47+00:00","dateModified":"2026-03-25T13:19:42+00:00","breadcrumb":{"@id":"https:\/\/embreis.com\/no\/produkt\/trikaslang-glasfiber\/#breadcrumb"},"inLanguage":"sv-SE","potentialAction":[{"@type":"ReadAction","target":["https:\/\/embreis.com\/no\/produkt\/trikaslang-glasfiber\/"]}]},{"@type":"ImageObject","inLanguage":"sv-SE","@id":"https:\/\/embreis.com\/no\/produkt\/trikaslang-glasfiber\/#primaryimage","url":"https:\/\/embreis.com\/no\/wp-content\/uploads\/sites\/9\/2026\/03\/Trikaslang_glasfiber.png","contentUrl":"https:\/\/embreis.com\/no\/wp-content\/uploads\/sites\/9\/2026\/03\/Trikaslang_glasfiber.png","width":800,"height":800},{"@type":"BreadcrumbList","@id":"https:\/\/embreis.com\/no\/produkt\/trikaslang-glasfiber\/#breadcrumb","itemListElement":[{"@type":"ListItem","position":1,"name":"Hem","item":"https:\/\/embreis.com\/no\/"},{"@type":"ListItem","position":2,"name":"Sortiment","item":"https:\/\/embreis.com\/no\/sortiment\/"},{"@type":"ListItem","position":3,"name":"Material","item":"https:\/\/embreis.com\/no\/produktkategori\/material\/"},{"@type":"ListItem","position":4,"name":"Trik\u00e5slang Glasfiber"}]},{"@type":"WebSite","@id":"https:\/\/embreis.com\/no\/#website","url":"https:\/\/embreis.com\/no\/","name":"Embreis NO","description":"Ortoser, proteser och material","potentialAction":[{"@type":"SearchAction","target":{"@type":"EntryPoint","urlTemplate":"https:\/\/embreis.com\/no\/?s={search_term_string}"},"query-input":{"@type":"PropertyValueSpecification","valueRequired":true,"valueName":"search_term_string"}}],"inLanguage":"sv-SE"}]}},"_links":{"self":[{"href":"https:\/\/embreis.com\/no\/wp-json\/wp\/v2\/product\/13598","targetHints":{"allow":["GET"]}}],"collection":[{"href":"https:\/\/embreis.com\/no\/wp-json\/wp\/v2\/product"}],"about":[{"href":"https:\/\/embreis.com\/no\/wp-json\/wp\/v2\/types\/product"}],"wp:featuredmedia":[{"embeddable":true,"href":"https:\/\/embreis.com\/no\/wp-json\/wp\/v2\/media\/13599"}],"wp:attachment":[{"href":"https:\/\/embreis.com\/no\/wp-json\/wp\/v2\/media?parent=13598"}],"wp:term":[{"taxonomy":"product_brand","embeddable":true,"href":"https:\/\/embreis.com\/no\/wp-json\/wp\/v2\/product_brand?post=13598"},{"taxonomy":"product_cat","embeddable":true,"href":"https:\/\/embreis.com\/no\/wp-json\/wp\/v2\/product_cat?post=13598"},{"taxonomy":"product_tag","embeddable":true,"href":"https:\/\/embreis.com\/no\/wp-json\/wp\/v2\/product_tag?post=13598"}],"curies":[{"name":"wp","href":"https:\/\/api.w.org\/{rel}","templated":true}]}}