{"id":13596,"date":"2026-03-25T14:04:31","date_gmt":"2026-03-25T12:04:31","guid":{"rendered":"https:\/\/embreis.com\/no\/?post_type=product&#038;p=13596"},"modified":"2026-03-25T15:19:24","modified_gmt":"2026-03-25T13:19:24","slug":"trikaslang-perlon","status":"publish","type":"product","link":"https:\/\/embreis.com\/no\/produkt\/trikaslang-perlon\/","title":{"rendered":"Trik\u00e5slang Perlon"},"content":{"rendered":"<p data-start=\"201\" data-end=\"521\">Denna trik\u00e5slang i perlon (polyamid) anv\u00e4nds vid laminering av ortoser och proteskomponenter f\u00f6r att skapa en j\u00e4mn och sl\u00e4t yta i det f\u00e4rdiga laminatet. Materialet appliceras \u00f6ver modellen tillsammans med resin och andra armeringsmaterial och fungerar b\u00e5de som ytskikt och som kompletterande lager i laminatuppbyggnaden.<\/p>\n<p data-start=\"523\" data-end=\"783\">Perlontrik\u00e5n \u00e4r mycket elastisk och formar sig enkelt efter modellens konturer, vilket g\u00f6r den l\u00e4tt att arbeta med \u00e4ven vid mer komplexa former. Den fina strukturen bidrar till ett j\u00e4mnt laminat och en sl\u00e4t yta, vilket ofta minskar behovet av efterbearbetning. Materialet anv\u00e4nds ofta i kombination med andra armeringsmaterial, exempelvis glasfiber eller kolfiber, d\u00e4r perlonlagret hj\u00e4lper till att stabilisera laminatet och f\u00f6rb\u00e4ttra ytfinishen.<\/p>\n","protected":false},"excerpt":{"rendered":"<p>Denna trik\u00e5slang i perlon (polyamid) anv\u00e4nds vid laminering av ortoser och proteskomponenter f\u00f6r att skapa en j\u00e4mn och sl\u00e4t yta [&hellip;]<\/p>\n","protected":false},"featured_media":13597,"template":"","meta":[],"product_brand":[],"product_cat":[1279,1280],"product_tag":[],"class_list":{"0":"post-13596","1":"product","2":"type-product","3":"status-publish","4":"has-post-thumbnail","6":"product_cat-material","7":"product_cat-trikaslang","9":"first","10":"outofstock","11":"shipping-taxable","12":"product-type-variable"},"acf":[],"yoast_head":"<!-- This site is optimized with the Yoast SEO Premium plugin v27.3 (Yoast SEO v27.3) - https:\/\/yoast.com\/product\/yoast-seo-premium-wordpress\/ -->\n<title>Trik\u00e5slang Perlon - Embreis NO<\/title>\n<meta name=\"robots\" content=\"index, follow, max-snippet:-1, max-image-preview:large, max-video-preview:-1\" \/>\n<link rel=\"canonical\" href=\"https:\/\/embreis.com\/no\/produkt\/trikaslang-perlon\/\" \/>\n<meta property=\"og:locale\" content=\"sv_SE\" \/>\n<meta property=\"og:type\" content=\"article\" \/>\n<meta property=\"og:title\" content=\"Trik\u00e5slang Perlon\" \/>\n<meta property=\"og:description\" content=\"Denna trik\u00e5slang i perlon (polyamid) anv\u00e4nds vid laminering av ortoser och proteskomponenter f\u00f6r att skapa en j\u00e4mn och sl\u00e4t yta [&hellip;]\" \/>\n<meta property=\"og:url\" content=\"https:\/\/embreis.com\/no\/produkt\/trikaslang-perlon\/\" \/>\n<meta property=\"og:site_name\" content=\"Embreis NO\" \/>\n<meta property=\"article:modified_time\" content=\"2026-03-25T13:19:24+00:00\" \/>\n<meta property=\"og:image\" content=\"https:\/\/embreis.com\/no\/wp-content\/uploads\/sites\/9\/2026\/03\/Trikaslang_perlon.png\" \/>\n\t<meta property=\"og:image:width\" content=\"800\" \/>\n\t<meta property=\"og:image:height\" content=\"800\" \/>\n\t<meta property=\"og:image:type\" content=\"image\/png\" \/>\n<meta name=\"twitter:card\" content=\"summary_large_image\" \/>\n<meta name=\"twitter:label1\" content=\"Ber\u00e4knad l\u00e4stid\" \/>\n\t<meta name=\"twitter:data1\" content=\"1 minut\" \/>\n<script type=\"application\/ld+json\" class=\"yoast-schema-graph\">{\"@context\":\"https:\\\/\\\/schema.org\",\"@graph\":[{\"@type\":\"WebPage\",\"@id\":\"https:\\\/\\\/embreis.com\\\/no\\\/produkt\\\/trikaslang-perlon\\\/\",\"url\":\"https:\\\/\\\/embreis.com\\\/no\\\/produkt\\\/trikaslang-perlon\\\/\",\"name\":\"Trik\u00e5slang Perlon - Embreis NO\",\"isPartOf\":{\"@id\":\"https:\\\/\\\/embreis.com\\\/no\\\/#website\"},\"primaryImageOfPage\":{\"@id\":\"https:\\\/\\\/embreis.com\\\/no\\\/produkt\\\/trikaslang-perlon\\\/#primaryimage\"},\"image\":{\"@id\":\"https:\\\/\\\/embreis.com\\\/no\\\/produkt\\\/trikaslang-perlon\\\/#primaryimage\"},\"thumbnailUrl\":\"https:\\\/\\\/embreis.com\\\/no\\\/wp-content\\\/uploads\\\/sites\\\/9\\\/2026\\\/03\\\/Trikaslang_perlon.png\",\"datePublished\":\"2026-03-25T12:04:31+00:00\",\"dateModified\":\"2026-03-25T13:19:24+00:00\",\"breadcrumb\":{\"@id\":\"https:\\\/\\\/embreis.com\\\/no\\\/produkt\\\/trikaslang-perlon\\\/#breadcrumb\"},\"inLanguage\":\"sv-SE\",\"potentialAction\":[{\"@type\":\"ReadAction\",\"target\":[\"https:\\\/\\\/embreis.com\\\/no\\\/produkt\\\/trikaslang-perlon\\\/\"]}]},{\"@type\":\"ImageObject\",\"inLanguage\":\"sv-SE\",\"@id\":\"https:\\\/\\\/embreis.com\\\/no\\\/produkt\\\/trikaslang-perlon\\\/#primaryimage\",\"url\":\"https:\\\/\\\/embreis.com\\\/no\\\/wp-content\\\/uploads\\\/sites\\\/9\\\/2026\\\/03\\\/Trikaslang_perlon.png\",\"contentUrl\":\"https:\\\/\\\/embreis.com\\\/no\\\/wp-content\\\/uploads\\\/sites\\\/9\\\/2026\\\/03\\\/Trikaslang_perlon.png\",\"width\":800,\"height\":800},{\"@type\":\"BreadcrumbList\",\"@id\":\"https:\\\/\\\/embreis.com\\\/no\\\/produkt\\\/trikaslang-perlon\\\/#breadcrumb\",\"itemListElement\":[{\"@type\":\"ListItem\",\"position\":1,\"name\":\"Hem\",\"item\":\"https:\\\/\\\/embreis.com\\\/no\\\/\"},{\"@type\":\"ListItem\",\"position\":2,\"name\":\"Sortiment\",\"item\":\"https:\\\/\\\/embreis.com\\\/no\\\/sortiment\\\/\"},{\"@type\":\"ListItem\",\"position\":3,\"name\":\"Material\",\"item\":\"https:\\\/\\\/embreis.com\\\/no\\\/produktkategori\\\/material\\\/\"},{\"@type\":\"ListItem\",\"position\":4,\"name\":\"Trik\u00e5slang Perlon\"}]},{\"@type\":\"WebSite\",\"@id\":\"https:\\\/\\\/embreis.com\\\/no\\\/#website\",\"url\":\"https:\\\/\\\/embreis.com\\\/no\\\/\",\"name\":\"Embreis NO\",\"description\":\"Ortoser, proteser och material\",\"potentialAction\":[{\"@type\":\"SearchAction\",\"target\":{\"@type\":\"EntryPoint\",\"urlTemplate\":\"https:\\\/\\\/embreis.com\\\/no\\\/?s={search_term_string}\"},\"query-input\":{\"@type\":\"PropertyValueSpecification\",\"valueRequired\":true,\"valueName\":\"search_term_string\"}}],\"inLanguage\":\"sv-SE\"}]}<\/script>\n<!-- \/ Yoast SEO Premium plugin. -->","yoast_head_json":{"title":"Trik\u00e5slang Perlon - Embreis NO","robots":{"index":"index","follow":"follow","max-snippet":"max-snippet:-1","max-image-preview":"max-image-preview:large","max-video-preview":"max-video-preview:-1"},"canonical":"https:\/\/embreis.com\/no\/produkt\/trikaslang-perlon\/","og_locale":"sv_SE","og_type":"article","og_title":"Trik\u00e5slang Perlon","og_description":"Denna trik\u00e5slang i perlon (polyamid) anv\u00e4nds vid laminering av ortoser och proteskomponenter f\u00f6r att skapa en j\u00e4mn och sl\u00e4t yta [&hellip;]","og_url":"https:\/\/embreis.com\/no\/produkt\/trikaslang-perlon\/","og_site_name":"Embreis NO","article_modified_time":"2026-03-25T13:19:24+00:00","og_image":[{"width":800,"height":800,"url":"https:\/\/embreis.com\/no\/wp-content\/uploads\/sites\/9\/2026\/03\/Trikaslang_perlon.png","type":"image\/png"}],"twitter_card":"summary_large_image","twitter_misc":{"Ber\u00e4knad l\u00e4stid":"1 minut"},"schema":{"@context":"https:\/\/schema.org","@graph":[{"@type":"WebPage","@id":"https:\/\/embreis.com\/no\/produkt\/trikaslang-perlon\/","url":"https:\/\/embreis.com\/no\/produkt\/trikaslang-perlon\/","name":"Trik\u00e5slang Perlon - Embreis NO","isPartOf":{"@id":"https:\/\/embreis.com\/no\/#website"},"primaryImageOfPage":{"@id":"https:\/\/embreis.com\/no\/produkt\/trikaslang-perlon\/#primaryimage"},"image":{"@id":"https:\/\/embreis.com\/no\/produkt\/trikaslang-perlon\/#primaryimage"},"thumbnailUrl":"https:\/\/embreis.com\/no\/wp-content\/uploads\/sites\/9\/2026\/03\/Trikaslang_perlon.png","datePublished":"2026-03-25T12:04:31+00:00","dateModified":"2026-03-25T13:19:24+00:00","breadcrumb":{"@id":"https:\/\/embreis.com\/no\/produkt\/trikaslang-perlon\/#breadcrumb"},"inLanguage":"sv-SE","potentialAction":[{"@type":"ReadAction","target":["https:\/\/embreis.com\/no\/produkt\/trikaslang-perlon\/"]}]},{"@type":"ImageObject","inLanguage":"sv-SE","@id":"https:\/\/embreis.com\/no\/produkt\/trikaslang-perlon\/#primaryimage","url":"https:\/\/embreis.com\/no\/wp-content\/uploads\/sites\/9\/2026\/03\/Trikaslang_perlon.png","contentUrl":"https:\/\/embreis.com\/no\/wp-content\/uploads\/sites\/9\/2026\/03\/Trikaslang_perlon.png","width":800,"height":800},{"@type":"BreadcrumbList","@id":"https:\/\/embreis.com\/no\/produkt\/trikaslang-perlon\/#breadcrumb","itemListElement":[{"@type":"ListItem","position":1,"name":"Hem","item":"https:\/\/embreis.com\/no\/"},{"@type":"ListItem","position":2,"name":"Sortiment","item":"https:\/\/embreis.com\/no\/sortiment\/"},{"@type":"ListItem","position":3,"name":"Material","item":"https:\/\/embreis.com\/no\/produktkategori\/material\/"},{"@type":"ListItem","position":4,"name":"Trik\u00e5slang Perlon"}]},{"@type":"WebSite","@id":"https:\/\/embreis.com\/no\/#website","url":"https:\/\/embreis.com\/no\/","name":"Embreis NO","description":"Ortoser, proteser och material","potentialAction":[{"@type":"SearchAction","target":{"@type":"EntryPoint","urlTemplate":"https:\/\/embreis.com\/no\/?s={search_term_string}"},"query-input":{"@type":"PropertyValueSpecification","valueRequired":true,"valueName":"search_term_string"}}],"inLanguage":"sv-SE"}]}},"_links":{"self":[{"href":"https:\/\/embreis.com\/no\/wp-json\/wp\/v2\/product\/13596","targetHints":{"allow":["GET"]}}],"collection":[{"href":"https:\/\/embreis.com\/no\/wp-json\/wp\/v2\/product"}],"about":[{"href":"https:\/\/embreis.com\/no\/wp-json\/wp\/v2\/types\/product"}],"wp:featuredmedia":[{"embeddable":true,"href":"https:\/\/embreis.com\/no\/wp-json\/wp\/v2\/media\/13597"}],"wp:attachment":[{"href":"https:\/\/embreis.com\/no\/wp-json\/wp\/v2\/media?parent=13596"}],"wp:term":[{"taxonomy":"product_brand","embeddable":true,"href":"https:\/\/embreis.com\/no\/wp-json\/wp\/v2\/product_brand?post=13596"},{"taxonomy":"product_cat","embeddable":true,"href":"https:\/\/embreis.com\/no\/wp-json\/wp\/v2\/product_cat?post=13596"},{"taxonomy":"product_tag","embeddable":true,"href":"https:\/\/embreis.com\/no\/wp-json\/wp\/v2\/product_tag?post=13596"}],"curies":[{"name":"wp","href":"https:\/\/api.w.org\/{rel}","templated":true}]}}