{"id":13588,"date":"2026-03-25T12:02:26","date_gmt":"2026-03-25T10:02:26","guid":{"rendered":"https:\/\/embreis.com\/no\/?post_type=product&#038;p=13588"},"modified":"2026-03-25T15:18:17","modified_gmt":"2026-03-25T13:18:17","slug":"lamineringsharts-forsegling","status":"publish","type":"product","link":"https:\/\/embreis.com\/no\/produkt\/lamineringsharts-forsegling\/","title":{"rendered":"Lamineringsharts F\u00f6rsegling"},"content":{"rendered":"<p data-start=\"65\" data-end=\"284\"><strong data-start=\"65\" data-end=\"79\">BKF Siegel<\/strong> \u00e4r ett akrylbaserat harts som anv\u00e4nds f\u00f6r limning av komponenter i akryl, tr\u00e4 och styvt PUR-skum. Det l\u00e4mpar sig \u00e4ven f\u00f6r f\u00f6rsegling av l\u00e4der samt f\u00f6r laminering av mycket styva och h\u00e5llfasta komponenter.<\/p>\n<p data-start=\"286\" data-end=\"435\">Hartset \u00e4r styvt och spr\u00f6tt och har en kort h\u00e4rdningstid, vilket g\u00f6r det l\u00e4mpligt i applikationer d\u00e4r snabb bearbetning och h\u00f6g styvhet efterstr\u00e4vas.<\/p>\n<p><em><strong>BFK akrylhartser <\/strong>\u00e4r enkla att arbeta med och ger en tillf\u00f6rlitlig och j\u00e4mn h\u00e4rdning. Hartserna inom BFK-serien \u00e4r dessutom kompatibla med varandra och kan blandas f\u00f6r att anpassa egenskaperna efter behov.<\/em><\/p>\n<p>&nbsp;<\/p>\n","protected":false},"excerpt":{"rendered":"<p>BKF Siegel \u00e4r ett akrylbaserat harts som anv\u00e4nds f\u00f6r limning av komponenter i akryl, tr\u00e4 och styvt PUR-skum. Det l\u00e4mpar [&hellip;]<\/p>\n","protected":false},"featured_media":13589,"template":"","meta":[],"product_brand":[],"product_cat":[1386,1279],"product_tag":[],"class_list":{"0":"post-13588","1":"product","2":"type-product","3":"status-publish","4":"has-post-thumbnail","6":"product_cat-harts","7":"product_cat-material","9":"first","10":"outofstock","11":"shipping-taxable","12":"product-type-variable"},"acf":[],"yoast_head":"<!-- This site is optimized with the Yoast SEO Premium plugin v27.3 (Yoast SEO v27.3) - https:\/\/yoast.com\/product\/yoast-seo-premium-wordpress\/ -->\n<title>Lamineringsharts F\u00f6rsegling - Embreis NO<\/title>\n<meta name=\"robots\" content=\"index, follow, max-snippet:-1, max-image-preview:large, max-video-preview:-1\" \/>\n<link rel=\"canonical\" href=\"https:\/\/embreis.com\/no\/produkt\/lamineringsharts-forsegling\/\" \/>\n<meta property=\"og:locale\" content=\"sv_SE\" \/>\n<meta property=\"og:type\" content=\"article\" \/>\n<meta property=\"og:title\" content=\"Lamineringsharts F\u00f6rsegling\" \/>\n<meta property=\"og:description\" content=\"BKF Siegel \u00e4r ett akrylbaserat harts som anv\u00e4nds f\u00f6r limning av komponenter i akryl, tr\u00e4 och styvt PUR-skum. Det l\u00e4mpar [&hellip;]\" \/>\n<meta property=\"og:url\" content=\"https:\/\/embreis.com\/no\/produkt\/lamineringsharts-forsegling\/\" \/>\n<meta property=\"og:site_name\" content=\"Embreis NO\" \/>\n<meta property=\"article:modified_time\" content=\"2026-03-25T13:18:17+00:00\" \/>\n<meta property=\"og:image\" content=\"https:\/\/embreis.com\/no\/wp-content\/uploads\/sites\/9\/2026\/03\/Harts_akryl_Siegelharz.png\" \/>\n\t<meta property=\"og:image:width\" content=\"800\" \/>\n\t<meta property=\"og:image:height\" content=\"800\" \/>\n\t<meta property=\"og:image:type\" content=\"image\/png\" \/>\n<meta name=\"twitter:card\" content=\"summary_large_image\" \/>\n<meta name=\"twitter:label1\" content=\"Ber\u00e4knad l\u00e4stid\" \/>\n\t<meta name=\"twitter:data1\" content=\"1 minut\" \/>\n<script type=\"application\/ld+json\" class=\"yoast-schema-graph\">{\"@context\":\"https:\\\/\\\/schema.org\",\"@graph\":[{\"@type\":\"WebPage\",\"@id\":\"https:\\\/\\\/embreis.com\\\/no\\\/produkt\\\/lamineringsharts-forsegling\\\/\",\"url\":\"https:\\\/\\\/embreis.com\\\/no\\\/produkt\\\/lamineringsharts-forsegling\\\/\",\"name\":\"Lamineringsharts F\u00f6rsegling - Embreis NO\",\"isPartOf\":{\"@id\":\"https:\\\/\\\/embreis.com\\\/no\\\/#website\"},\"primaryImageOfPage\":{\"@id\":\"https:\\\/\\\/embreis.com\\\/no\\\/produkt\\\/lamineringsharts-forsegling\\\/#primaryimage\"},\"image\":{\"@id\":\"https:\\\/\\\/embreis.com\\\/no\\\/produkt\\\/lamineringsharts-forsegling\\\/#primaryimage\"},\"thumbnailUrl\":\"https:\\\/\\\/embreis.com\\\/no\\\/wp-content\\\/uploads\\\/sites\\\/9\\\/2026\\\/03\\\/Harts_akryl_Siegelharz.png\",\"datePublished\":\"2026-03-25T10:02:26+00:00\",\"dateModified\":\"2026-03-25T13:18:17+00:00\",\"breadcrumb\":{\"@id\":\"https:\\\/\\\/embreis.com\\\/no\\\/produkt\\\/lamineringsharts-forsegling\\\/#breadcrumb\"},\"inLanguage\":\"sv-SE\",\"potentialAction\":[{\"@type\":\"ReadAction\",\"target\":[\"https:\\\/\\\/embreis.com\\\/no\\\/produkt\\\/lamineringsharts-forsegling\\\/\"]}]},{\"@type\":\"ImageObject\",\"inLanguage\":\"sv-SE\",\"@id\":\"https:\\\/\\\/embreis.com\\\/no\\\/produkt\\\/lamineringsharts-forsegling\\\/#primaryimage\",\"url\":\"https:\\\/\\\/embreis.com\\\/no\\\/wp-content\\\/uploads\\\/sites\\\/9\\\/2026\\\/03\\\/Harts_akryl_Siegelharz.png\",\"contentUrl\":\"https:\\\/\\\/embreis.com\\\/no\\\/wp-content\\\/uploads\\\/sites\\\/9\\\/2026\\\/03\\\/Harts_akryl_Siegelharz.png\",\"width\":800,\"height\":800},{\"@type\":\"BreadcrumbList\",\"@id\":\"https:\\\/\\\/embreis.com\\\/no\\\/produkt\\\/lamineringsharts-forsegling\\\/#breadcrumb\",\"itemListElement\":[{\"@type\":\"ListItem\",\"position\":1,\"name\":\"Hem\",\"item\":\"https:\\\/\\\/embreis.com\\\/no\\\/\"},{\"@type\":\"ListItem\",\"position\":2,\"name\":\"Sortiment\",\"item\":\"https:\\\/\\\/embreis.com\\\/no\\\/sortiment\\\/\"},{\"@type\":\"ListItem\",\"position\":3,\"name\":\"Material\",\"item\":\"https:\\\/\\\/embreis.com\\\/no\\\/produktkategori\\\/material\\\/\"},{\"@type\":\"ListItem\",\"position\":4,\"name\":\"Lamineringsharts F\u00f6rsegling\"}]},{\"@type\":\"WebSite\",\"@id\":\"https:\\\/\\\/embreis.com\\\/no\\\/#website\",\"url\":\"https:\\\/\\\/embreis.com\\\/no\\\/\",\"name\":\"Embreis NO\",\"description\":\"Ortoser, proteser och material\",\"potentialAction\":[{\"@type\":\"SearchAction\",\"target\":{\"@type\":\"EntryPoint\",\"urlTemplate\":\"https:\\\/\\\/embreis.com\\\/no\\\/?s={search_term_string}\"},\"query-input\":{\"@type\":\"PropertyValueSpecification\",\"valueRequired\":true,\"valueName\":\"search_term_string\"}}],\"inLanguage\":\"sv-SE\"}]}<\/script>\n<!-- \/ Yoast SEO Premium plugin. -->","yoast_head_json":{"title":"Lamineringsharts F\u00f6rsegling - Embreis NO","robots":{"index":"index","follow":"follow","max-snippet":"max-snippet:-1","max-image-preview":"max-image-preview:large","max-video-preview":"max-video-preview:-1"},"canonical":"https:\/\/embreis.com\/no\/produkt\/lamineringsharts-forsegling\/","og_locale":"sv_SE","og_type":"article","og_title":"Lamineringsharts F\u00f6rsegling","og_description":"BKF Siegel \u00e4r ett akrylbaserat harts som anv\u00e4nds f\u00f6r limning av komponenter i akryl, tr\u00e4 och styvt PUR-skum. Det l\u00e4mpar [&hellip;]","og_url":"https:\/\/embreis.com\/no\/produkt\/lamineringsharts-forsegling\/","og_site_name":"Embreis NO","article_modified_time":"2026-03-25T13:18:17+00:00","og_image":[{"width":800,"height":800,"url":"https:\/\/embreis.com\/no\/wp-content\/uploads\/sites\/9\/2026\/03\/Harts_akryl_Siegelharz.png","type":"image\/png"}],"twitter_card":"summary_large_image","twitter_misc":{"Ber\u00e4knad l\u00e4stid":"1 minut"},"schema":{"@context":"https:\/\/schema.org","@graph":[{"@type":"WebPage","@id":"https:\/\/embreis.com\/no\/produkt\/lamineringsharts-forsegling\/","url":"https:\/\/embreis.com\/no\/produkt\/lamineringsharts-forsegling\/","name":"Lamineringsharts F\u00f6rsegling - Embreis NO","isPartOf":{"@id":"https:\/\/embreis.com\/no\/#website"},"primaryImageOfPage":{"@id":"https:\/\/embreis.com\/no\/produkt\/lamineringsharts-forsegling\/#primaryimage"},"image":{"@id":"https:\/\/embreis.com\/no\/produkt\/lamineringsharts-forsegling\/#primaryimage"},"thumbnailUrl":"https:\/\/embreis.com\/no\/wp-content\/uploads\/sites\/9\/2026\/03\/Harts_akryl_Siegelharz.png","datePublished":"2026-03-25T10:02:26+00:00","dateModified":"2026-03-25T13:18:17+00:00","breadcrumb":{"@id":"https:\/\/embreis.com\/no\/produkt\/lamineringsharts-forsegling\/#breadcrumb"},"inLanguage":"sv-SE","potentialAction":[{"@type":"ReadAction","target":["https:\/\/embreis.com\/no\/produkt\/lamineringsharts-forsegling\/"]}]},{"@type":"ImageObject","inLanguage":"sv-SE","@id":"https:\/\/embreis.com\/no\/produkt\/lamineringsharts-forsegling\/#primaryimage","url":"https:\/\/embreis.com\/no\/wp-content\/uploads\/sites\/9\/2026\/03\/Harts_akryl_Siegelharz.png","contentUrl":"https:\/\/embreis.com\/no\/wp-content\/uploads\/sites\/9\/2026\/03\/Harts_akryl_Siegelharz.png","width":800,"height":800},{"@type":"BreadcrumbList","@id":"https:\/\/embreis.com\/no\/produkt\/lamineringsharts-forsegling\/#breadcrumb","itemListElement":[{"@type":"ListItem","position":1,"name":"Hem","item":"https:\/\/embreis.com\/no\/"},{"@type":"ListItem","position":2,"name":"Sortiment","item":"https:\/\/embreis.com\/no\/sortiment\/"},{"@type":"ListItem","position":3,"name":"Material","item":"https:\/\/embreis.com\/no\/produktkategori\/material\/"},{"@type":"ListItem","position":4,"name":"Lamineringsharts F\u00f6rsegling"}]},{"@type":"WebSite","@id":"https:\/\/embreis.com\/no\/#website","url":"https:\/\/embreis.com\/no\/","name":"Embreis NO","description":"Ortoser, proteser och material","potentialAction":[{"@type":"SearchAction","target":{"@type":"EntryPoint","urlTemplate":"https:\/\/embreis.com\/no\/?s={search_term_string}"},"query-input":{"@type":"PropertyValueSpecification","valueRequired":true,"valueName":"search_term_string"}}],"inLanguage":"sv-SE"}]}},"_links":{"self":[{"href":"https:\/\/embreis.com\/no\/wp-json\/wp\/v2\/product\/13588","targetHints":{"allow":["GET"]}}],"collection":[{"href":"https:\/\/embreis.com\/no\/wp-json\/wp\/v2\/product"}],"about":[{"href":"https:\/\/embreis.com\/no\/wp-json\/wp\/v2\/types\/product"}],"wp:featuredmedia":[{"embeddable":true,"href":"https:\/\/embreis.com\/no\/wp-json\/wp\/v2\/media\/13589"}],"wp:attachment":[{"href":"https:\/\/embreis.com\/no\/wp-json\/wp\/v2\/media?parent=13588"}],"wp:term":[{"taxonomy":"product_brand","embeddable":true,"href":"https:\/\/embreis.com\/no\/wp-json\/wp\/v2\/product_brand?post=13588"},{"taxonomy":"product_cat","embeddable":true,"href":"https:\/\/embreis.com\/no\/wp-json\/wp\/v2\/product_cat?post=13588"},{"taxonomy":"product_tag","embeddable":true,"href":"https:\/\/embreis.com\/no\/wp-json\/wp\/v2\/product_tag?post=13588"}],"curies":[{"name":"wp","href":"https:\/\/api.w.org\/{rel}","templated":true}]}}