{"id":13586,"date":"2026-03-25T11:59:11","date_gmt":"2026-03-25T09:59:11","guid":{"rendered":"https:\/\/embreis.com\/no\/?post_type=product&#038;p=13586"},"modified":"2026-03-25T15:17:58","modified_gmt":"2026-03-25T13:17:58","slug":"lamineringsharts-kolfiber","status":"publish","type":"product","link":"https:\/\/embreis.com\/no\/produkt\/lamineringsharts-kolfiber\/","title":{"rendered":"Lamineringsharts kolfiber"},"content":{"rendered":"<p data-start=\"104\" data-end=\"362\"><strong data-start=\"104\" data-end=\"124\">BKF Carbon Resin<\/strong> \u00e4r en tunnflytande resin som \u00e4r s\u00e4rskilt framtagen f\u00f6r bearbetning av kolfiberv\u00e4v. Den \u00e4r utvecklad f\u00f6r tillverkning av h\u00f6gkvalitativa laminatdelar d\u00e4r mycket h\u00f6g h\u00e5llfasthet kr\u00e4vs och d\u00e4r konstruktionen huvudsakligen best\u00e5r av kolfiber.<\/p>\n<p data-start=\"364\" data-end=\"472\"><strong>BKF Carbon Resin<\/strong> har mycket god vidh\u00e4ftning till kolfibrer, vilket bidrar till starka och p\u00e5litliga laminat.<\/p>\n<p><em><strong>BFK akrylhartser <\/strong>\u00e4r enkla att arbeta med och ger en tillf\u00f6rlitlig och j\u00e4mn h\u00e4rdning. Hartserna inom BFK-serien \u00e4r dessutom kompatibla med varandra och kan blandas f\u00f6r att anpassa egenskaperna efter behov.<\/em><\/p>\n","protected":false},"excerpt":{"rendered":"<p>BKF Carbon Resin \u00e4r en tunnflytande resin som \u00e4r s\u00e4rskilt framtagen f\u00f6r bearbetning av kolfiberv\u00e4v. Den \u00e4r utvecklad f\u00f6r tillverkning [&hellip;]<\/p>\n","protected":false},"featured_media":13587,"template":"","meta":[],"product_brand":[],"product_cat":[1386,1387,1279],"product_tag":[],"class_list":{"0":"post-13586","1":"product","2":"type-product","3":"status-publish","4":"has-post-thumbnail","6":"product_cat-harts","7":"product_cat-kolfiber","8":"product_cat-material","10":"first","11":"outofstock","12":"shipping-taxable","13":"product-type-variable"},"acf":[],"yoast_head":"<!-- This site is optimized with the Yoast SEO Premium plugin v27.3 (Yoast SEO v27.3) - https:\/\/yoast.com\/product\/yoast-seo-premium-wordpress\/ -->\n<title>Lamineringsharts kolfiber - Embreis NO<\/title>\n<meta name=\"robots\" content=\"index, follow, max-snippet:-1, max-image-preview:large, max-video-preview:-1\" \/>\n<link rel=\"canonical\" href=\"https:\/\/embreis.com\/no\/produkt\/lamineringsharts-kolfiber\/\" \/>\n<meta property=\"og:locale\" content=\"sv_SE\" \/>\n<meta property=\"og:type\" content=\"article\" \/>\n<meta property=\"og:title\" content=\"Lamineringsharts kolfiber\" \/>\n<meta property=\"og:description\" content=\"BKF Carbon Resin \u00e4r en tunnflytande resin som \u00e4r s\u00e4rskilt framtagen f\u00f6r bearbetning av kolfiberv\u00e4v. Den \u00e4r utvecklad f\u00f6r tillverkning [&hellip;]\" \/>\n<meta property=\"og:url\" content=\"https:\/\/embreis.com\/no\/produkt\/lamineringsharts-kolfiber\/\" \/>\n<meta property=\"og:site_name\" content=\"Embreis NO\" \/>\n<meta property=\"article:modified_time\" content=\"2026-03-25T13:17:58+00:00\" \/>\n<meta property=\"og:image\" content=\"https:\/\/embreis.com\/no\/wp-content\/uploads\/sites\/9\/2026\/03\/Harts_akryl_carbon.png\" \/>\n\t<meta property=\"og:image:width\" content=\"800\" \/>\n\t<meta property=\"og:image:height\" content=\"800\" \/>\n\t<meta property=\"og:image:type\" content=\"image\/png\" \/>\n<meta name=\"twitter:card\" content=\"summary_large_image\" \/>\n<meta name=\"twitter:label1\" content=\"Ber\u00e4knad l\u00e4stid\" \/>\n\t<meta name=\"twitter:data1\" content=\"1 minut\" \/>\n<script type=\"application\/ld+json\" class=\"yoast-schema-graph\">{\"@context\":\"https:\\\/\\\/schema.org\",\"@graph\":[{\"@type\":\"WebPage\",\"@id\":\"https:\\\/\\\/embreis.com\\\/no\\\/produkt\\\/lamineringsharts-kolfiber\\\/\",\"url\":\"https:\\\/\\\/embreis.com\\\/no\\\/produkt\\\/lamineringsharts-kolfiber\\\/\",\"name\":\"Lamineringsharts kolfiber - Embreis NO\",\"isPartOf\":{\"@id\":\"https:\\\/\\\/embreis.com\\\/no\\\/#website\"},\"primaryImageOfPage\":{\"@id\":\"https:\\\/\\\/embreis.com\\\/no\\\/produkt\\\/lamineringsharts-kolfiber\\\/#primaryimage\"},\"image\":{\"@id\":\"https:\\\/\\\/embreis.com\\\/no\\\/produkt\\\/lamineringsharts-kolfiber\\\/#primaryimage\"},\"thumbnailUrl\":\"https:\\\/\\\/embreis.com\\\/no\\\/wp-content\\\/uploads\\\/sites\\\/9\\\/2026\\\/03\\\/Harts_akryl_carbon.png\",\"datePublished\":\"2026-03-25T09:59:11+00:00\",\"dateModified\":\"2026-03-25T13:17:58+00:00\",\"breadcrumb\":{\"@id\":\"https:\\\/\\\/embreis.com\\\/no\\\/produkt\\\/lamineringsharts-kolfiber\\\/#breadcrumb\"},\"inLanguage\":\"sv-SE\",\"potentialAction\":[{\"@type\":\"ReadAction\",\"target\":[\"https:\\\/\\\/embreis.com\\\/no\\\/produkt\\\/lamineringsharts-kolfiber\\\/\"]}]},{\"@type\":\"ImageObject\",\"inLanguage\":\"sv-SE\",\"@id\":\"https:\\\/\\\/embreis.com\\\/no\\\/produkt\\\/lamineringsharts-kolfiber\\\/#primaryimage\",\"url\":\"https:\\\/\\\/embreis.com\\\/no\\\/wp-content\\\/uploads\\\/sites\\\/9\\\/2026\\\/03\\\/Harts_akryl_carbon.png\",\"contentUrl\":\"https:\\\/\\\/embreis.com\\\/no\\\/wp-content\\\/uploads\\\/sites\\\/9\\\/2026\\\/03\\\/Harts_akryl_carbon.png\",\"width\":800,\"height\":800},{\"@type\":\"BreadcrumbList\",\"@id\":\"https:\\\/\\\/embreis.com\\\/no\\\/produkt\\\/lamineringsharts-kolfiber\\\/#breadcrumb\",\"itemListElement\":[{\"@type\":\"ListItem\",\"position\":1,\"name\":\"Hem\",\"item\":\"https:\\\/\\\/embreis.com\\\/no\\\/\"},{\"@type\":\"ListItem\",\"position\":2,\"name\":\"Sortiment\",\"item\":\"https:\\\/\\\/embreis.com\\\/no\\\/sortiment\\\/\"},{\"@type\":\"ListItem\",\"position\":3,\"name\":\"Material\",\"item\":\"https:\\\/\\\/embreis.com\\\/no\\\/produktkategori\\\/material\\\/\"},{\"@type\":\"ListItem\",\"position\":4,\"name\":\"Lamineringsharts kolfiber\"}]},{\"@type\":\"WebSite\",\"@id\":\"https:\\\/\\\/embreis.com\\\/no\\\/#website\",\"url\":\"https:\\\/\\\/embreis.com\\\/no\\\/\",\"name\":\"Embreis NO\",\"description\":\"Ortoser, proteser och material\",\"potentialAction\":[{\"@type\":\"SearchAction\",\"target\":{\"@type\":\"EntryPoint\",\"urlTemplate\":\"https:\\\/\\\/embreis.com\\\/no\\\/?s={search_term_string}\"},\"query-input\":{\"@type\":\"PropertyValueSpecification\",\"valueRequired\":true,\"valueName\":\"search_term_string\"}}],\"inLanguage\":\"sv-SE\"}]}<\/script>\n<!-- \/ Yoast SEO Premium plugin. -->","yoast_head_json":{"title":"Lamineringsharts kolfiber - Embreis NO","robots":{"index":"index","follow":"follow","max-snippet":"max-snippet:-1","max-image-preview":"max-image-preview:large","max-video-preview":"max-video-preview:-1"},"canonical":"https:\/\/embreis.com\/no\/produkt\/lamineringsharts-kolfiber\/","og_locale":"sv_SE","og_type":"article","og_title":"Lamineringsharts kolfiber","og_description":"BKF Carbon Resin \u00e4r en tunnflytande resin som \u00e4r s\u00e4rskilt framtagen f\u00f6r bearbetning av kolfiberv\u00e4v. Den \u00e4r utvecklad f\u00f6r tillverkning [&hellip;]","og_url":"https:\/\/embreis.com\/no\/produkt\/lamineringsharts-kolfiber\/","og_site_name":"Embreis NO","article_modified_time":"2026-03-25T13:17:58+00:00","og_image":[{"width":800,"height":800,"url":"https:\/\/embreis.com\/no\/wp-content\/uploads\/sites\/9\/2026\/03\/Harts_akryl_carbon.png","type":"image\/png"}],"twitter_card":"summary_large_image","twitter_misc":{"Ber\u00e4knad l\u00e4stid":"1 minut"},"schema":{"@context":"https:\/\/schema.org","@graph":[{"@type":"WebPage","@id":"https:\/\/embreis.com\/no\/produkt\/lamineringsharts-kolfiber\/","url":"https:\/\/embreis.com\/no\/produkt\/lamineringsharts-kolfiber\/","name":"Lamineringsharts kolfiber - Embreis NO","isPartOf":{"@id":"https:\/\/embreis.com\/no\/#website"},"primaryImageOfPage":{"@id":"https:\/\/embreis.com\/no\/produkt\/lamineringsharts-kolfiber\/#primaryimage"},"image":{"@id":"https:\/\/embreis.com\/no\/produkt\/lamineringsharts-kolfiber\/#primaryimage"},"thumbnailUrl":"https:\/\/embreis.com\/no\/wp-content\/uploads\/sites\/9\/2026\/03\/Harts_akryl_carbon.png","datePublished":"2026-03-25T09:59:11+00:00","dateModified":"2026-03-25T13:17:58+00:00","breadcrumb":{"@id":"https:\/\/embreis.com\/no\/produkt\/lamineringsharts-kolfiber\/#breadcrumb"},"inLanguage":"sv-SE","potentialAction":[{"@type":"ReadAction","target":["https:\/\/embreis.com\/no\/produkt\/lamineringsharts-kolfiber\/"]}]},{"@type":"ImageObject","inLanguage":"sv-SE","@id":"https:\/\/embreis.com\/no\/produkt\/lamineringsharts-kolfiber\/#primaryimage","url":"https:\/\/embreis.com\/no\/wp-content\/uploads\/sites\/9\/2026\/03\/Harts_akryl_carbon.png","contentUrl":"https:\/\/embreis.com\/no\/wp-content\/uploads\/sites\/9\/2026\/03\/Harts_akryl_carbon.png","width":800,"height":800},{"@type":"BreadcrumbList","@id":"https:\/\/embreis.com\/no\/produkt\/lamineringsharts-kolfiber\/#breadcrumb","itemListElement":[{"@type":"ListItem","position":1,"name":"Hem","item":"https:\/\/embreis.com\/no\/"},{"@type":"ListItem","position":2,"name":"Sortiment","item":"https:\/\/embreis.com\/no\/sortiment\/"},{"@type":"ListItem","position":3,"name":"Material","item":"https:\/\/embreis.com\/no\/produktkategori\/material\/"},{"@type":"ListItem","position":4,"name":"Lamineringsharts kolfiber"}]},{"@type":"WebSite","@id":"https:\/\/embreis.com\/no\/#website","url":"https:\/\/embreis.com\/no\/","name":"Embreis NO","description":"Ortoser, proteser och material","potentialAction":[{"@type":"SearchAction","target":{"@type":"EntryPoint","urlTemplate":"https:\/\/embreis.com\/no\/?s={search_term_string}"},"query-input":{"@type":"PropertyValueSpecification","valueRequired":true,"valueName":"search_term_string"}}],"inLanguage":"sv-SE"}]}},"_links":{"self":[{"href":"https:\/\/embreis.com\/no\/wp-json\/wp\/v2\/product\/13586","targetHints":{"allow":["GET"]}}],"collection":[{"href":"https:\/\/embreis.com\/no\/wp-json\/wp\/v2\/product"}],"about":[{"href":"https:\/\/embreis.com\/no\/wp-json\/wp\/v2\/types\/product"}],"wp:featuredmedia":[{"embeddable":true,"href":"https:\/\/embreis.com\/no\/wp-json\/wp\/v2\/media\/13587"}],"wp:attachment":[{"href":"https:\/\/embreis.com\/no\/wp-json\/wp\/v2\/media?parent=13586"}],"wp:term":[{"taxonomy":"product_brand","embeddable":true,"href":"https:\/\/embreis.com\/no\/wp-json\/wp\/v2\/product_brand?post=13586"},{"taxonomy":"product_cat","embeddable":true,"href":"https:\/\/embreis.com\/no\/wp-json\/wp\/v2\/product_cat?post=13586"},{"taxonomy":"product_tag","embeddable":true,"href":"https:\/\/embreis.com\/no\/wp-json\/wp\/v2\/product_tag?post=13586"}],"curies":[{"name":"wp","href":"https:\/\/api.w.org\/{rel}","templated":true}]}}