{"id":13575,"date":"2026-03-24T17:48:35","date_gmt":"2026-03-24T15:48:35","guid":{"rendered":"https:\/\/embreis.com\/no\/?post_type=product&#038;p=13575"},"modified":"2026-03-25T15:16:20","modified_gmt":"2026-03-25T13:16:20","slug":"pp-homopolymer","status":"publish","type":"product","link":"https:\/\/embreis.com\/no\/produkt\/pp-homopolymer\/","title":{"rendered":"PP Homopolymer"},"content":{"rendered":"<p data-start=\"201\" data-end=\"411\">Termoplastisk skiva av ren polypropylen som \u00e4r speciellt framtagen f\u00f6r termoformning av ortoser och proteser. Materialet har h\u00f6g styvhet och utm\u00e4rkt formbarhet ger inneb\u00e4r b\u00e5de kontroll och l\u00e5ng livsl\u00e4ngd i den f\u00e4rdiga produkten.<\/p>\n","protected":false},"excerpt":{"rendered":"<p>Termoplastisk skiva av ren polypropylen som \u00e4r speciellt framtagen f\u00f6r termoformning av ortoser och proteser. Materialet har h\u00f6g styvhet och [&hellip;]<\/p>\n","protected":false},"featured_media":13570,"template":"","meta":[],"product_brand":[],"product_cat":[1279,1380,1392],"product_tag":[],"class_list":{"0":"post-13575","1":"product","2":"type-product","3":"status-publish","4":"has-post-thumbnail","6":"product_cat-material","7":"product_cat-nyheter","8":"product_cat-termoplaster","10":"first","11":"outofstock","12":"shipping-taxable","13":"product-type-variable"},"acf":[],"yoast_head":"<!-- This site is optimized with the Yoast SEO Premium plugin v27.3 (Yoast SEO v27.3) - https:\/\/yoast.com\/product\/yoast-seo-premium-wordpress\/ -->\n<title>PP Homopolymer - Embreis NO<\/title>\n<meta name=\"robots\" content=\"index, follow, max-snippet:-1, max-image-preview:large, max-video-preview:-1\" \/>\n<link rel=\"canonical\" href=\"https:\/\/embreis.com\/no\/produkt\/pp-homopolymer\/\" \/>\n<meta property=\"og:locale\" content=\"sv_SE\" \/>\n<meta property=\"og:type\" content=\"article\" \/>\n<meta property=\"og:title\" content=\"PP Homopolymer\" \/>\n<meta property=\"og:description\" content=\"Termoplastisk skiva av ren polypropylen som \u00e4r speciellt framtagen f\u00f6r termoformning av ortoser och proteser. Materialet har h\u00f6g styvhet och [&hellip;]\" \/>\n<meta property=\"og:url\" content=\"https:\/\/embreis.com\/no\/produkt\/pp-homopolymer\/\" \/>\n<meta property=\"og:site_name\" content=\"Embreis NO\" \/>\n<meta property=\"article:modified_time\" content=\"2026-03-25T13:16:20+00:00\" \/>\n<meta property=\"og:image\" content=\"https:\/\/embreis.com\/no\/wp-content\/uploads\/sites\/9\/2026\/03\/Polypropylene_homopolymer.png\" \/>\n\t<meta property=\"og:image:width\" content=\"800\" \/>\n\t<meta property=\"og:image:height\" content=\"800\" \/>\n\t<meta property=\"og:image:type\" content=\"image\/png\" \/>\n<meta name=\"twitter:card\" content=\"summary_large_image\" \/>\n<meta name=\"twitter:label1\" content=\"Ber\u00e4knad l\u00e4stid\" \/>\n\t<meta name=\"twitter:data1\" content=\"1 minut\" \/>\n<script type=\"application\/ld+json\" class=\"yoast-schema-graph\">{\"@context\":\"https:\\\/\\\/schema.org\",\"@graph\":[{\"@type\":\"WebPage\",\"@id\":\"https:\\\/\\\/embreis.com\\\/no\\\/produkt\\\/pp-homopolymer\\\/\",\"url\":\"https:\\\/\\\/embreis.com\\\/no\\\/produkt\\\/pp-homopolymer\\\/\",\"name\":\"PP Homopolymer - Embreis NO\",\"isPartOf\":{\"@id\":\"https:\\\/\\\/embreis.com\\\/no\\\/#website\"},\"primaryImageOfPage\":{\"@id\":\"https:\\\/\\\/embreis.com\\\/no\\\/produkt\\\/pp-homopolymer\\\/#primaryimage\"},\"image\":{\"@id\":\"https:\\\/\\\/embreis.com\\\/no\\\/produkt\\\/pp-homopolymer\\\/#primaryimage\"},\"thumbnailUrl\":\"https:\\\/\\\/embreis.com\\\/no\\\/wp-content\\\/uploads\\\/sites\\\/9\\\/2026\\\/03\\\/Polypropylene_homopolymer.png\",\"datePublished\":\"2026-03-24T15:48:35+00:00\",\"dateModified\":\"2026-03-25T13:16:20+00:00\",\"breadcrumb\":{\"@id\":\"https:\\\/\\\/embreis.com\\\/no\\\/produkt\\\/pp-homopolymer\\\/#breadcrumb\"},\"inLanguage\":\"sv-SE\",\"potentialAction\":[{\"@type\":\"ReadAction\",\"target\":[\"https:\\\/\\\/embreis.com\\\/no\\\/produkt\\\/pp-homopolymer\\\/\"]}]},{\"@type\":\"ImageObject\",\"inLanguage\":\"sv-SE\",\"@id\":\"https:\\\/\\\/embreis.com\\\/no\\\/produkt\\\/pp-homopolymer\\\/#primaryimage\",\"url\":\"https:\\\/\\\/embreis.com\\\/no\\\/wp-content\\\/uploads\\\/sites\\\/9\\\/2026\\\/03\\\/Polypropylene_homopolymer.png\",\"contentUrl\":\"https:\\\/\\\/embreis.com\\\/no\\\/wp-content\\\/uploads\\\/sites\\\/9\\\/2026\\\/03\\\/Polypropylene_homopolymer.png\",\"width\":800,\"height\":800},{\"@type\":\"BreadcrumbList\",\"@id\":\"https:\\\/\\\/embreis.com\\\/no\\\/produkt\\\/pp-homopolymer\\\/#breadcrumb\",\"itemListElement\":[{\"@type\":\"ListItem\",\"position\":1,\"name\":\"Hem\",\"item\":\"https:\\\/\\\/embreis.com\\\/no\\\/\"},{\"@type\":\"ListItem\",\"position\":2,\"name\":\"Sortiment\",\"item\":\"https:\\\/\\\/embreis.com\\\/no\\\/sortiment\\\/\"},{\"@type\":\"ListItem\",\"position\":3,\"name\":\"Material\",\"item\":\"https:\\\/\\\/embreis.com\\\/no\\\/produktkategori\\\/material\\\/\"},{\"@type\":\"ListItem\",\"position\":4,\"name\":\"PP Homopolymer\"}]},{\"@type\":\"WebSite\",\"@id\":\"https:\\\/\\\/embreis.com\\\/no\\\/#website\",\"url\":\"https:\\\/\\\/embreis.com\\\/no\\\/\",\"name\":\"Embreis NO\",\"description\":\"Ortoser, proteser och material\",\"potentialAction\":[{\"@type\":\"SearchAction\",\"target\":{\"@type\":\"EntryPoint\",\"urlTemplate\":\"https:\\\/\\\/embreis.com\\\/no\\\/?s={search_term_string}\"},\"query-input\":{\"@type\":\"PropertyValueSpecification\",\"valueRequired\":true,\"valueName\":\"search_term_string\"}}],\"inLanguage\":\"sv-SE\"}]}<\/script>\n<!-- \/ Yoast SEO Premium plugin. -->","yoast_head_json":{"title":"PP Homopolymer - Embreis NO","robots":{"index":"index","follow":"follow","max-snippet":"max-snippet:-1","max-image-preview":"max-image-preview:large","max-video-preview":"max-video-preview:-1"},"canonical":"https:\/\/embreis.com\/no\/produkt\/pp-homopolymer\/","og_locale":"sv_SE","og_type":"article","og_title":"PP Homopolymer","og_description":"Termoplastisk skiva av ren polypropylen som \u00e4r speciellt framtagen f\u00f6r termoformning av ortoser och proteser. Materialet har h\u00f6g styvhet och [&hellip;]","og_url":"https:\/\/embreis.com\/no\/produkt\/pp-homopolymer\/","og_site_name":"Embreis NO","article_modified_time":"2026-03-25T13:16:20+00:00","og_image":[{"width":800,"height":800,"url":"https:\/\/embreis.com\/no\/wp-content\/uploads\/sites\/9\/2026\/03\/Polypropylene_homopolymer.png","type":"image\/png"}],"twitter_card":"summary_large_image","twitter_misc":{"Ber\u00e4knad l\u00e4stid":"1 minut"},"schema":{"@context":"https:\/\/schema.org","@graph":[{"@type":"WebPage","@id":"https:\/\/embreis.com\/no\/produkt\/pp-homopolymer\/","url":"https:\/\/embreis.com\/no\/produkt\/pp-homopolymer\/","name":"PP Homopolymer - Embreis NO","isPartOf":{"@id":"https:\/\/embreis.com\/no\/#website"},"primaryImageOfPage":{"@id":"https:\/\/embreis.com\/no\/produkt\/pp-homopolymer\/#primaryimage"},"image":{"@id":"https:\/\/embreis.com\/no\/produkt\/pp-homopolymer\/#primaryimage"},"thumbnailUrl":"https:\/\/embreis.com\/no\/wp-content\/uploads\/sites\/9\/2026\/03\/Polypropylene_homopolymer.png","datePublished":"2026-03-24T15:48:35+00:00","dateModified":"2026-03-25T13:16:20+00:00","breadcrumb":{"@id":"https:\/\/embreis.com\/no\/produkt\/pp-homopolymer\/#breadcrumb"},"inLanguage":"sv-SE","potentialAction":[{"@type":"ReadAction","target":["https:\/\/embreis.com\/no\/produkt\/pp-homopolymer\/"]}]},{"@type":"ImageObject","inLanguage":"sv-SE","@id":"https:\/\/embreis.com\/no\/produkt\/pp-homopolymer\/#primaryimage","url":"https:\/\/embreis.com\/no\/wp-content\/uploads\/sites\/9\/2026\/03\/Polypropylene_homopolymer.png","contentUrl":"https:\/\/embreis.com\/no\/wp-content\/uploads\/sites\/9\/2026\/03\/Polypropylene_homopolymer.png","width":800,"height":800},{"@type":"BreadcrumbList","@id":"https:\/\/embreis.com\/no\/produkt\/pp-homopolymer\/#breadcrumb","itemListElement":[{"@type":"ListItem","position":1,"name":"Hem","item":"https:\/\/embreis.com\/no\/"},{"@type":"ListItem","position":2,"name":"Sortiment","item":"https:\/\/embreis.com\/no\/sortiment\/"},{"@type":"ListItem","position":3,"name":"Material","item":"https:\/\/embreis.com\/no\/produktkategori\/material\/"},{"@type":"ListItem","position":4,"name":"PP Homopolymer"}]},{"@type":"WebSite","@id":"https:\/\/embreis.com\/no\/#website","url":"https:\/\/embreis.com\/no\/","name":"Embreis NO","description":"Ortoser, proteser och material","potentialAction":[{"@type":"SearchAction","target":{"@type":"EntryPoint","urlTemplate":"https:\/\/embreis.com\/no\/?s={search_term_string}"},"query-input":{"@type":"PropertyValueSpecification","valueRequired":true,"valueName":"search_term_string"}}],"inLanguage":"sv-SE"}]}},"_links":{"self":[{"href":"https:\/\/embreis.com\/no\/wp-json\/wp\/v2\/product\/13575","targetHints":{"allow":["GET"]}}],"collection":[{"href":"https:\/\/embreis.com\/no\/wp-json\/wp\/v2\/product"}],"about":[{"href":"https:\/\/embreis.com\/no\/wp-json\/wp\/v2\/types\/product"}],"wp:featuredmedia":[{"embeddable":true,"href":"https:\/\/embreis.com\/no\/wp-json\/wp\/v2\/media\/13570"}],"wp:attachment":[{"href":"https:\/\/embreis.com\/no\/wp-json\/wp\/v2\/media?parent=13575"}],"wp:term":[{"taxonomy":"product_brand","embeddable":true,"href":"https:\/\/embreis.com\/no\/wp-json\/wp\/v2\/product_brand?post=13575"},{"taxonomy":"product_cat","embeddable":true,"href":"https:\/\/embreis.com\/no\/wp-json\/wp\/v2\/product_cat?post=13575"},{"taxonomy":"product_tag","embeddable":true,"href":"https:\/\/embreis.com\/no\/wp-json\/wp\/v2\/product_tag?post=13575"}],"curies":[{"name":"wp","href":"https:\/\/api.w.org\/{rel}","templated":true}]}}