{"id":13571,"date":"2026-03-24T17:26:39","date_gmt":"2026-03-24T15:26:39","guid":{"rendered":"https:\/\/embreis.com\/no\/?post_type=product&#038;p=13571"},"modified":"2026-03-25T11:09:27","modified_gmt":"2026-03-25T09:09:27","slug":"polyetylen-lag-densitet","status":"publish","type":"product","link":"https:\/\/embreis.com\/no\/produkt\/polyetylen-lag-densitet\/","title":{"rendered":"Polyetylen l\u00e5g densitet"},"content":{"rendered":"<p data-start=\"201\" data-end=\"411\">M\u00e5ngsidig polyeten med l\u00e5g densitet som l\u00e4mpar sig v\u00e4l f\u00f6r ortostillverkning d\u00e4r flexibilitet och dynamisk funktion \u00e4r viktigt. Materialet kan enkelt s\u00e5gas, sk\u00e4ras, stansas eller formas efter behov.<\/p>\n<p data-start=\"413\" data-end=\"652\">Den fr\u00e4msta egenskapen \u00e4r den h\u00f6ga flexibiliteten, vilket g\u00f6r materialet s\u00e4rskilt l\u00e4mpligt f\u00f6r ortoser d\u00e4r r\u00f6relse och f\u00f6ljsamhet beh\u00f6ver tas i beaktande. Samtidigt erbjuder det god slagh\u00e5llfasthet och mycket l\u00e5g krympning vid bearbetning.<\/p>\n<p data-start=\"654\" data-end=\"703\">Materialet har dessutom en mjuk och behaglig yta.<\/p>\n","protected":false},"excerpt":{"rendered":"<p>M\u00e5ngsidig polyeten med l\u00e5g densitet som l\u00e4mpar sig v\u00e4l f\u00f6r ortostillverkning d\u00e4r flexibilitet och dynamisk funktion \u00e4r viktigt. Materialet kan [&hellip;]<\/p>\n","protected":false},"featured_media":13570,"template":"","meta":[],"product_brand":[],"product_cat":[1279,1380,1392],"product_tag":[],"class_list":{"0":"post-13571","1":"product","2":"type-product","3":"status-publish","4":"has-post-thumbnail","6":"product_cat-material","7":"product_cat-nyheter","8":"product_cat-termoplaster","10":"first","11":"outofstock","12":"shipping-taxable","13":"product-type-variable"},"acf":[],"yoast_head":"<!-- This site is optimized with the Yoast SEO Premium plugin v27.3 (Yoast SEO v27.3) - https:\/\/yoast.com\/product\/yoast-seo-premium-wordpress\/ -->\n<title>Polyetylen l\u00e5g densitet - Embreis NO<\/title>\n<meta name=\"robots\" content=\"index, follow, max-snippet:-1, max-image-preview:large, max-video-preview:-1\" \/>\n<link rel=\"canonical\" href=\"https:\/\/embreis.com\/no\/produkt\/polyetylen-lag-densitet\/\" \/>\n<meta property=\"og:locale\" content=\"sv_SE\" \/>\n<meta property=\"og:type\" content=\"article\" \/>\n<meta property=\"og:title\" content=\"Polyetylen l\u00e5g densitet\" \/>\n<meta property=\"og:description\" content=\"M\u00e5ngsidig polyeten med l\u00e5g densitet som l\u00e4mpar sig v\u00e4l f\u00f6r ortostillverkning d\u00e4r flexibilitet och dynamisk funktion \u00e4r viktigt. Materialet kan [&hellip;]\" \/>\n<meta property=\"og:url\" content=\"https:\/\/embreis.com\/no\/produkt\/polyetylen-lag-densitet\/\" \/>\n<meta property=\"og:site_name\" content=\"Embreis NO\" \/>\n<meta property=\"article:modified_time\" content=\"2026-03-25T09:09:27+00:00\" \/>\n<meta property=\"og:image\" content=\"https:\/\/embreis.com\/no\/wp-content\/uploads\/sites\/9\/2026\/03\/Polypropylene_homopolymer.png\" \/>\n\t<meta property=\"og:image:width\" content=\"800\" \/>\n\t<meta property=\"og:image:height\" content=\"800\" \/>\n\t<meta property=\"og:image:type\" content=\"image\/png\" \/>\n<meta name=\"twitter:card\" content=\"summary_large_image\" \/>\n<meta name=\"twitter:label1\" content=\"Ber\u00e4knad l\u00e4stid\" \/>\n\t<meta name=\"twitter:data1\" content=\"1 minut\" \/>\n<script type=\"application\/ld+json\" class=\"yoast-schema-graph\">{\"@context\":\"https:\\\/\\\/schema.org\",\"@graph\":[{\"@type\":\"WebPage\",\"@id\":\"https:\\\/\\\/embreis.com\\\/no\\\/produkt\\\/polyetylen-lag-densitet\\\/\",\"url\":\"https:\\\/\\\/embreis.com\\\/no\\\/produkt\\\/polyetylen-lag-densitet\\\/\",\"name\":\"Polyetylen l\u00e5g densitet - Embreis NO\",\"isPartOf\":{\"@id\":\"https:\\\/\\\/embreis.com\\\/no\\\/#website\"},\"primaryImageOfPage\":{\"@id\":\"https:\\\/\\\/embreis.com\\\/no\\\/produkt\\\/polyetylen-lag-densitet\\\/#primaryimage\"},\"image\":{\"@id\":\"https:\\\/\\\/embreis.com\\\/no\\\/produkt\\\/polyetylen-lag-densitet\\\/#primaryimage\"},\"thumbnailUrl\":\"https:\\\/\\\/embreis.com\\\/no\\\/wp-content\\\/uploads\\\/sites\\\/9\\\/2026\\\/03\\\/Polypropylene_homopolymer.png\",\"datePublished\":\"2026-03-24T15:26:39+00:00\",\"dateModified\":\"2026-03-25T09:09:27+00:00\",\"breadcrumb\":{\"@id\":\"https:\\\/\\\/embreis.com\\\/no\\\/produkt\\\/polyetylen-lag-densitet\\\/#breadcrumb\"},\"inLanguage\":\"sv-SE\",\"potentialAction\":[{\"@type\":\"ReadAction\",\"target\":[\"https:\\\/\\\/embreis.com\\\/no\\\/produkt\\\/polyetylen-lag-densitet\\\/\"]}]},{\"@type\":\"ImageObject\",\"inLanguage\":\"sv-SE\",\"@id\":\"https:\\\/\\\/embreis.com\\\/no\\\/produkt\\\/polyetylen-lag-densitet\\\/#primaryimage\",\"url\":\"https:\\\/\\\/embreis.com\\\/no\\\/wp-content\\\/uploads\\\/sites\\\/9\\\/2026\\\/03\\\/Polypropylene_homopolymer.png\",\"contentUrl\":\"https:\\\/\\\/embreis.com\\\/no\\\/wp-content\\\/uploads\\\/sites\\\/9\\\/2026\\\/03\\\/Polypropylene_homopolymer.png\",\"width\":800,\"height\":800},{\"@type\":\"BreadcrumbList\",\"@id\":\"https:\\\/\\\/embreis.com\\\/no\\\/produkt\\\/polyetylen-lag-densitet\\\/#breadcrumb\",\"itemListElement\":[{\"@type\":\"ListItem\",\"position\":1,\"name\":\"Hem\",\"item\":\"https:\\\/\\\/embreis.com\\\/no\\\/\"},{\"@type\":\"ListItem\",\"position\":2,\"name\":\"Sortiment\",\"item\":\"https:\\\/\\\/embreis.com\\\/no\\\/sortiment\\\/\"},{\"@type\":\"ListItem\",\"position\":3,\"name\":\"Material\",\"item\":\"https:\\\/\\\/embreis.com\\\/no\\\/produktkategori\\\/material\\\/\"},{\"@type\":\"ListItem\",\"position\":4,\"name\":\"Polyetylen l\u00e5g densitet\"}]},{\"@type\":\"WebSite\",\"@id\":\"https:\\\/\\\/embreis.com\\\/no\\\/#website\",\"url\":\"https:\\\/\\\/embreis.com\\\/no\\\/\",\"name\":\"Embreis NO\",\"description\":\"Ortoser, proteser och material\",\"potentialAction\":[{\"@type\":\"SearchAction\",\"target\":{\"@type\":\"EntryPoint\",\"urlTemplate\":\"https:\\\/\\\/embreis.com\\\/no\\\/?s={search_term_string}\"},\"query-input\":{\"@type\":\"PropertyValueSpecification\",\"valueRequired\":true,\"valueName\":\"search_term_string\"}}],\"inLanguage\":\"sv-SE\"}]}<\/script>\n<!-- \/ Yoast SEO Premium plugin. -->","yoast_head_json":{"title":"Polyetylen l\u00e5g densitet - Embreis NO","robots":{"index":"index","follow":"follow","max-snippet":"max-snippet:-1","max-image-preview":"max-image-preview:large","max-video-preview":"max-video-preview:-1"},"canonical":"https:\/\/embreis.com\/no\/produkt\/polyetylen-lag-densitet\/","og_locale":"sv_SE","og_type":"article","og_title":"Polyetylen l\u00e5g densitet","og_description":"M\u00e5ngsidig polyeten med l\u00e5g densitet som l\u00e4mpar sig v\u00e4l f\u00f6r ortostillverkning d\u00e4r flexibilitet och dynamisk funktion \u00e4r viktigt. Materialet kan [&hellip;]","og_url":"https:\/\/embreis.com\/no\/produkt\/polyetylen-lag-densitet\/","og_site_name":"Embreis NO","article_modified_time":"2026-03-25T09:09:27+00:00","og_image":[{"width":800,"height":800,"url":"https:\/\/embreis.com\/no\/wp-content\/uploads\/sites\/9\/2026\/03\/Polypropylene_homopolymer.png","type":"image\/png"}],"twitter_card":"summary_large_image","twitter_misc":{"Ber\u00e4knad l\u00e4stid":"1 minut"},"schema":{"@context":"https:\/\/schema.org","@graph":[{"@type":"WebPage","@id":"https:\/\/embreis.com\/no\/produkt\/polyetylen-lag-densitet\/","url":"https:\/\/embreis.com\/no\/produkt\/polyetylen-lag-densitet\/","name":"Polyetylen l\u00e5g densitet - Embreis NO","isPartOf":{"@id":"https:\/\/embreis.com\/no\/#website"},"primaryImageOfPage":{"@id":"https:\/\/embreis.com\/no\/produkt\/polyetylen-lag-densitet\/#primaryimage"},"image":{"@id":"https:\/\/embreis.com\/no\/produkt\/polyetylen-lag-densitet\/#primaryimage"},"thumbnailUrl":"https:\/\/embreis.com\/no\/wp-content\/uploads\/sites\/9\/2026\/03\/Polypropylene_homopolymer.png","datePublished":"2026-03-24T15:26:39+00:00","dateModified":"2026-03-25T09:09:27+00:00","breadcrumb":{"@id":"https:\/\/embreis.com\/no\/produkt\/polyetylen-lag-densitet\/#breadcrumb"},"inLanguage":"sv-SE","potentialAction":[{"@type":"ReadAction","target":["https:\/\/embreis.com\/no\/produkt\/polyetylen-lag-densitet\/"]}]},{"@type":"ImageObject","inLanguage":"sv-SE","@id":"https:\/\/embreis.com\/no\/produkt\/polyetylen-lag-densitet\/#primaryimage","url":"https:\/\/embreis.com\/no\/wp-content\/uploads\/sites\/9\/2026\/03\/Polypropylene_homopolymer.png","contentUrl":"https:\/\/embreis.com\/no\/wp-content\/uploads\/sites\/9\/2026\/03\/Polypropylene_homopolymer.png","width":800,"height":800},{"@type":"BreadcrumbList","@id":"https:\/\/embreis.com\/no\/produkt\/polyetylen-lag-densitet\/#breadcrumb","itemListElement":[{"@type":"ListItem","position":1,"name":"Hem","item":"https:\/\/embreis.com\/no\/"},{"@type":"ListItem","position":2,"name":"Sortiment","item":"https:\/\/embreis.com\/no\/sortiment\/"},{"@type":"ListItem","position":3,"name":"Material","item":"https:\/\/embreis.com\/no\/produktkategori\/material\/"},{"@type":"ListItem","position":4,"name":"Polyetylen l\u00e5g densitet"}]},{"@type":"WebSite","@id":"https:\/\/embreis.com\/no\/#website","url":"https:\/\/embreis.com\/no\/","name":"Embreis NO","description":"Ortoser, proteser och material","potentialAction":[{"@type":"SearchAction","target":{"@type":"EntryPoint","urlTemplate":"https:\/\/embreis.com\/no\/?s={search_term_string}"},"query-input":{"@type":"PropertyValueSpecification","valueRequired":true,"valueName":"search_term_string"}}],"inLanguage":"sv-SE"}]}},"_links":{"self":[{"href":"https:\/\/embreis.com\/no\/wp-json\/wp\/v2\/product\/13571","targetHints":{"allow":["GET"]}}],"collection":[{"href":"https:\/\/embreis.com\/no\/wp-json\/wp\/v2\/product"}],"about":[{"href":"https:\/\/embreis.com\/no\/wp-json\/wp\/v2\/types\/product"}],"wp:featuredmedia":[{"embeddable":true,"href":"https:\/\/embreis.com\/no\/wp-json\/wp\/v2\/media\/13570"}],"wp:attachment":[{"href":"https:\/\/embreis.com\/no\/wp-json\/wp\/v2\/media?parent=13571"}],"wp:term":[{"taxonomy":"product_brand","embeddable":true,"href":"https:\/\/embreis.com\/no\/wp-json\/wp\/v2\/product_brand?post=13571"},{"taxonomy":"product_cat","embeddable":true,"href":"https:\/\/embreis.com\/no\/wp-json\/wp\/v2\/product_cat?post=13571"},{"taxonomy":"product_tag","embeddable":true,"href":"https:\/\/embreis.com\/no\/wp-json\/wp\/v2\/product_tag?post=13571"}],"curies":[{"name":"wp","href":"https:\/\/api.w.org\/{rel}","templated":true}]}}