{"id":13565,"date":"2026-03-24T17:10:54","date_gmt":"2026-03-24T15:10:54","guid":{"rendered":"https:\/\/embreis.com\/no\/?post_type=product&#038;p=13565"},"modified":"2026-03-25T15:15:02","modified_gmt":"2026-03-25T13:15:02","slug":"polyetylen-hog-densitet","status":"publish","type":"product","link":"https:\/\/embreis.com\/no\/produkt\/polyetylen-hog-densitet\/","title":{"rendered":"Polyetylen h\u00f6g densitet"},"content":{"rendered":"<p data-start=\"133\" data-end=\"298\">Denna h\u00f6gdensitetspolyeten har utm\u00e4rkta fysiska egenskaper och l\u00e4mpar sig v\u00e4l f\u00f6r ortoser d\u00e4r stabilitet och formbest\u00e4ndighet \u00e4r viktigt.<\/p>\n<p data-start=\"300\" data-end=\"574\">Materialet k\u00e4nnetecknas av mycket l\u00e5g krympning och god motst\u00e5ndskraft mot deformation, vilket bidrar till ett p\u00e5litligt och h\u00e5llbart resultat vid tillverkning. Den goda b\u00f6jh\u00e5llfastheten g\u00f6r materialet l\u00e4mpligt f\u00f6r applikationer d\u00e4r b\u00e5de styrka och viss flexibilitet beh\u00f6vs.<\/p>\n","protected":false},"excerpt":{"rendered":"<p>Denna h\u00f6gdensitetspolyeten har utm\u00e4rkta fysiska egenskaper och l\u00e4mpar sig v\u00e4l f\u00f6r ortoser d\u00e4r stabilitet och formbest\u00e4ndighet \u00e4r viktigt. Materialet k\u00e4nnetecknas [&hellip;]<\/p>\n","protected":false},"featured_media":13570,"template":"","meta":[],"product_brand":[],"product_cat":[1279,1380,1392],"product_tag":[],"class_list":{"0":"post-13565","1":"product","2":"type-product","3":"status-publish","4":"has-post-thumbnail","6":"product_cat-material","7":"product_cat-nyheter","8":"product_cat-termoplaster","10":"first","11":"outofstock","12":"shipping-taxable","13":"product-type-variable"},"acf":[],"yoast_head":"<!-- This site is optimized with the Yoast SEO Premium plugin v27.3 (Yoast SEO v27.3) - https:\/\/yoast.com\/product\/yoast-seo-premium-wordpress\/ -->\n<title>Polyetylen h\u00f6g densitet - Embreis NO<\/title>\n<meta name=\"robots\" content=\"index, follow, max-snippet:-1, max-image-preview:large, max-video-preview:-1\" \/>\n<link rel=\"canonical\" href=\"https:\/\/embreis.com\/no\/produkt\/polyetylen-hog-densitet\/\" \/>\n<meta property=\"og:locale\" content=\"sv_SE\" \/>\n<meta property=\"og:type\" content=\"article\" \/>\n<meta property=\"og:title\" content=\"Polyetylen h\u00f6g densitet\" \/>\n<meta property=\"og:description\" content=\"Denna h\u00f6gdensitetspolyeten har utm\u00e4rkta fysiska egenskaper och l\u00e4mpar sig v\u00e4l f\u00f6r ortoser d\u00e4r stabilitet och formbest\u00e4ndighet \u00e4r viktigt. Materialet k\u00e4nnetecknas [&hellip;]\" \/>\n<meta property=\"og:url\" content=\"https:\/\/embreis.com\/no\/produkt\/polyetylen-hog-densitet\/\" \/>\n<meta property=\"og:site_name\" content=\"Embreis NO\" \/>\n<meta property=\"article:modified_time\" content=\"2026-03-25T13:15:02+00:00\" \/>\n<meta property=\"og:image\" content=\"https:\/\/embreis.com\/no\/wp-content\/uploads\/sites\/9\/2026\/03\/Polypropylene_homopolymer.png\" \/>\n\t<meta property=\"og:image:width\" content=\"800\" \/>\n\t<meta property=\"og:image:height\" content=\"800\" \/>\n\t<meta property=\"og:image:type\" content=\"image\/png\" \/>\n<meta name=\"twitter:card\" content=\"summary_large_image\" \/>\n<meta name=\"twitter:label1\" content=\"Ber\u00e4knad l\u00e4stid\" \/>\n\t<meta name=\"twitter:data1\" content=\"1 minut\" \/>\n<script type=\"application\/ld+json\" class=\"yoast-schema-graph\">{\"@context\":\"https:\\\/\\\/schema.org\",\"@graph\":[{\"@type\":\"WebPage\",\"@id\":\"https:\\\/\\\/embreis.com\\\/no\\\/produkt\\\/polyetylen-hog-densitet\\\/\",\"url\":\"https:\\\/\\\/embreis.com\\\/no\\\/produkt\\\/polyetylen-hog-densitet\\\/\",\"name\":\"Polyetylen h\u00f6g densitet - Embreis NO\",\"isPartOf\":{\"@id\":\"https:\\\/\\\/embreis.com\\\/no\\\/#website\"},\"primaryImageOfPage\":{\"@id\":\"https:\\\/\\\/embreis.com\\\/no\\\/produkt\\\/polyetylen-hog-densitet\\\/#primaryimage\"},\"image\":{\"@id\":\"https:\\\/\\\/embreis.com\\\/no\\\/produkt\\\/polyetylen-hog-densitet\\\/#primaryimage\"},\"thumbnailUrl\":\"https:\\\/\\\/embreis.com\\\/no\\\/wp-content\\\/uploads\\\/sites\\\/9\\\/2026\\\/03\\\/Polypropylene_homopolymer.png\",\"datePublished\":\"2026-03-24T15:10:54+00:00\",\"dateModified\":\"2026-03-25T13:15:02+00:00\",\"breadcrumb\":{\"@id\":\"https:\\\/\\\/embreis.com\\\/no\\\/produkt\\\/polyetylen-hog-densitet\\\/#breadcrumb\"},\"inLanguage\":\"sv-SE\",\"potentialAction\":[{\"@type\":\"ReadAction\",\"target\":[\"https:\\\/\\\/embreis.com\\\/no\\\/produkt\\\/polyetylen-hog-densitet\\\/\"]}]},{\"@type\":\"ImageObject\",\"inLanguage\":\"sv-SE\",\"@id\":\"https:\\\/\\\/embreis.com\\\/no\\\/produkt\\\/polyetylen-hog-densitet\\\/#primaryimage\",\"url\":\"https:\\\/\\\/embreis.com\\\/no\\\/wp-content\\\/uploads\\\/sites\\\/9\\\/2026\\\/03\\\/Polypropylene_homopolymer.png\",\"contentUrl\":\"https:\\\/\\\/embreis.com\\\/no\\\/wp-content\\\/uploads\\\/sites\\\/9\\\/2026\\\/03\\\/Polypropylene_homopolymer.png\",\"width\":800,\"height\":800},{\"@type\":\"BreadcrumbList\",\"@id\":\"https:\\\/\\\/embreis.com\\\/no\\\/produkt\\\/polyetylen-hog-densitet\\\/#breadcrumb\",\"itemListElement\":[{\"@type\":\"ListItem\",\"position\":1,\"name\":\"Hem\",\"item\":\"https:\\\/\\\/embreis.com\\\/no\\\/\"},{\"@type\":\"ListItem\",\"position\":2,\"name\":\"Sortiment\",\"item\":\"https:\\\/\\\/embreis.com\\\/no\\\/sortiment\\\/\"},{\"@type\":\"ListItem\",\"position\":3,\"name\":\"Material\",\"item\":\"https:\\\/\\\/embreis.com\\\/no\\\/produktkategori\\\/material\\\/\"},{\"@type\":\"ListItem\",\"position\":4,\"name\":\"Polyetylen h\u00f6g densitet\"}]},{\"@type\":\"WebSite\",\"@id\":\"https:\\\/\\\/embreis.com\\\/no\\\/#website\",\"url\":\"https:\\\/\\\/embreis.com\\\/no\\\/\",\"name\":\"Embreis NO\",\"description\":\"Ortoser, proteser och material\",\"potentialAction\":[{\"@type\":\"SearchAction\",\"target\":{\"@type\":\"EntryPoint\",\"urlTemplate\":\"https:\\\/\\\/embreis.com\\\/no\\\/?s={search_term_string}\"},\"query-input\":{\"@type\":\"PropertyValueSpecification\",\"valueRequired\":true,\"valueName\":\"search_term_string\"}}],\"inLanguage\":\"sv-SE\"}]}<\/script>\n<!-- \/ Yoast SEO Premium plugin. -->","yoast_head_json":{"title":"Polyetylen h\u00f6g densitet - Embreis NO","robots":{"index":"index","follow":"follow","max-snippet":"max-snippet:-1","max-image-preview":"max-image-preview:large","max-video-preview":"max-video-preview:-1"},"canonical":"https:\/\/embreis.com\/no\/produkt\/polyetylen-hog-densitet\/","og_locale":"sv_SE","og_type":"article","og_title":"Polyetylen h\u00f6g densitet","og_description":"Denna h\u00f6gdensitetspolyeten har utm\u00e4rkta fysiska egenskaper och l\u00e4mpar sig v\u00e4l f\u00f6r ortoser d\u00e4r stabilitet och formbest\u00e4ndighet \u00e4r viktigt. Materialet k\u00e4nnetecknas [&hellip;]","og_url":"https:\/\/embreis.com\/no\/produkt\/polyetylen-hog-densitet\/","og_site_name":"Embreis NO","article_modified_time":"2026-03-25T13:15:02+00:00","og_image":[{"width":800,"height":800,"url":"https:\/\/embreis.com\/no\/wp-content\/uploads\/sites\/9\/2026\/03\/Polypropylene_homopolymer.png","type":"image\/png"}],"twitter_card":"summary_large_image","twitter_misc":{"Ber\u00e4knad l\u00e4stid":"1 minut"},"schema":{"@context":"https:\/\/schema.org","@graph":[{"@type":"WebPage","@id":"https:\/\/embreis.com\/no\/produkt\/polyetylen-hog-densitet\/","url":"https:\/\/embreis.com\/no\/produkt\/polyetylen-hog-densitet\/","name":"Polyetylen h\u00f6g densitet - Embreis NO","isPartOf":{"@id":"https:\/\/embreis.com\/no\/#website"},"primaryImageOfPage":{"@id":"https:\/\/embreis.com\/no\/produkt\/polyetylen-hog-densitet\/#primaryimage"},"image":{"@id":"https:\/\/embreis.com\/no\/produkt\/polyetylen-hog-densitet\/#primaryimage"},"thumbnailUrl":"https:\/\/embreis.com\/no\/wp-content\/uploads\/sites\/9\/2026\/03\/Polypropylene_homopolymer.png","datePublished":"2026-03-24T15:10:54+00:00","dateModified":"2026-03-25T13:15:02+00:00","breadcrumb":{"@id":"https:\/\/embreis.com\/no\/produkt\/polyetylen-hog-densitet\/#breadcrumb"},"inLanguage":"sv-SE","potentialAction":[{"@type":"ReadAction","target":["https:\/\/embreis.com\/no\/produkt\/polyetylen-hog-densitet\/"]}]},{"@type":"ImageObject","inLanguage":"sv-SE","@id":"https:\/\/embreis.com\/no\/produkt\/polyetylen-hog-densitet\/#primaryimage","url":"https:\/\/embreis.com\/no\/wp-content\/uploads\/sites\/9\/2026\/03\/Polypropylene_homopolymer.png","contentUrl":"https:\/\/embreis.com\/no\/wp-content\/uploads\/sites\/9\/2026\/03\/Polypropylene_homopolymer.png","width":800,"height":800},{"@type":"BreadcrumbList","@id":"https:\/\/embreis.com\/no\/produkt\/polyetylen-hog-densitet\/#breadcrumb","itemListElement":[{"@type":"ListItem","position":1,"name":"Hem","item":"https:\/\/embreis.com\/no\/"},{"@type":"ListItem","position":2,"name":"Sortiment","item":"https:\/\/embreis.com\/no\/sortiment\/"},{"@type":"ListItem","position":3,"name":"Material","item":"https:\/\/embreis.com\/no\/produktkategori\/material\/"},{"@type":"ListItem","position":4,"name":"Polyetylen h\u00f6g densitet"}]},{"@type":"WebSite","@id":"https:\/\/embreis.com\/no\/#website","url":"https:\/\/embreis.com\/no\/","name":"Embreis NO","description":"Ortoser, proteser och material","potentialAction":[{"@type":"SearchAction","target":{"@type":"EntryPoint","urlTemplate":"https:\/\/embreis.com\/no\/?s={search_term_string}"},"query-input":{"@type":"PropertyValueSpecification","valueRequired":true,"valueName":"search_term_string"}}],"inLanguage":"sv-SE"}]}},"_links":{"self":[{"href":"https:\/\/embreis.com\/no\/wp-json\/wp\/v2\/product\/13565","targetHints":{"allow":["GET"]}}],"collection":[{"href":"https:\/\/embreis.com\/no\/wp-json\/wp\/v2\/product"}],"about":[{"href":"https:\/\/embreis.com\/no\/wp-json\/wp\/v2\/types\/product"}],"wp:featuredmedia":[{"embeddable":true,"href":"https:\/\/embreis.com\/no\/wp-json\/wp\/v2\/media\/13570"}],"wp:attachment":[{"href":"https:\/\/embreis.com\/no\/wp-json\/wp\/v2\/media?parent=13565"}],"wp:term":[{"taxonomy":"product_brand","embeddable":true,"href":"https:\/\/embreis.com\/no\/wp-json\/wp\/v2\/product_brand?post=13565"},{"taxonomy":"product_cat","embeddable":true,"href":"https:\/\/embreis.com\/no\/wp-json\/wp\/v2\/product_cat?post=13565"},{"taxonomy":"product_tag","embeddable":true,"href":"https:\/\/embreis.com\/no\/wp-json\/wp\/v2\/product_tag?post=13565"}],"curies":[{"name":"wp","href":"https:\/\/api.w.org\/{rel}","templated":true}]}}