{"id":13327,"date":"2026-01-08T16:58:17","date_gmt":"2026-01-08T14:58:17","guid":{"rendered":"https:\/\/embreis.com\/no\/?post_type=product&#038;p=13327"},"modified":"2026-01-08T17:05:18","modified_gmt":"2026-01-08T15:05:18","slug":"levitate-forever-7-i","status":"publish","type":"product","link":"https:\/\/embreis.com\/no\/produkt\/levitate-forever-7-i\/","title":{"rendered":"Levitate Forever 7&#8221; (I)"},"content":{"rendered":"<p>Levitate Forever \u00e4r en ny sp\u00e4nnande protesfot designad f\u00f6r en mer r\u00f6rlig och aktivare livsstil.<\/p>\n<p>Tillverkad av l\u00e4ttviktsglasfiber \u00e4r den perfekt f\u00f6r dagliga aktiviteter samt sporter som tennis, basket och fotboll. Denna h\u00e5llbara och bekv\u00e4ma fot erbjuder exceptionell prestanda och s\u00e4kerst\u00e4ller att anv\u00e4ndaren kan njuta av en aktiv livsstil utan kompromisser.<\/p>\n<p>Du kan v\u00e4lja att f\u00e5 adaptern i Aluminium eller Titan<\/p>\n<p>Fotblad\/fj\u00e4der f\u00f6r aktiv anv\u00e4ndning: Perfekt kombination av effektiv st\u00f6td\u00e4mpning och h\u00f6g energi\u00e5tergivning.<br \/>\nDiskret design: Kan \u00e4ven b\u00e4ras med smalare byxor vid formella tillf\u00e4llen.<br \/>\nBekv\u00e4m och aktiv h\u00e4l: L\u00e4mplig f\u00f6r b\u00e5de intensiv aktivitet eller l\u00e5ngvarig vardaglig anv\u00e4ndning.<br \/>\nMjuk men dynamisk \u00f6verg\u00e5ng: Den aktiva fj\u00e4dern, i samspel med h\u00e4len, m\u00f6jligg\u00f6r en dynamisk men \u00e4nd\u00e5 mjuk \u00f6verg\u00e5ng, vilket s\u00e4kerst\u00e4ller en naturlig och effektiv g\u00e5ngupplevelse, fr\u00e5n h\u00e4lis\u00e4ttning till fr\u00e5nskjut.<\/p>\n","protected":false},"excerpt":{"rendered":"<p>Levitate Forever \u00e4r en ny sp\u00e4nnande protesfot designad f\u00f6r en mer r\u00f6rlig och aktivare livsstil. Tillverkad av l\u00e4ttviktsglasfiber \u00e4r den [&hellip;]<\/p>\n","protected":false},"featured_media":13336,"template":"","meta":[],"product_brand":[],"product_cat":[1380,1247,272,1142],"product_tag":[],"class_list":{"0":"post-13327","1":"product","2":"type-product","3":"status-publish","4":"has-post-thumbnail","6":"product_cat-nyheter","7":"product_cat-active","8":"product_cat-protes","9":"product_cat-fotter","10":"pa_varumarke-levitate","12":"first","13":"outofstock","14":"featured","15":"shipping-taxable","16":"product-type-variable"},"acf":[],"yoast_head":"<!-- This site is optimized with the Yoast SEO Premium plugin v27.3 (Yoast SEO v27.3) - https:\/\/yoast.com\/product\/yoast-seo-premium-wordpress\/ -->\n<title>Levitate Forever 7&#039;&#039; (I) - Embreis NO<\/title>\n<meta name=\"robots\" content=\"index, follow, max-snippet:-1, max-image-preview:large, max-video-preview:-1\" \/>\n<link rel=\"canonical\" href=\"https:\/\/embreis.com\/no\/produkt\/levitate-forever-7-i\/\" \/>\n<meta property=\"og:locale\" content=\"sv_SE\" \/>\n<meta property=\"og:type\" content=\"article\" \/>\n<meta property=\"og:title\" content=\"Levitate Forever 7&#039;&#039; (I)\" \/>\n<meta property=\"og:description\" content=\"Levitate Forever \u00e4r en ny sp\u00e4nnande protesfot designad f\u00f6r en mer r\u00f6rlig och aktivare livsstil. Tillverkad av l\u00e4ttviktsglasfiber \u00e4r den [&hellip;]\" \/>\n<meta property=\"og:url\" content=\"https:\/\/embreis.com\/no\/produkt\/levitate-forever-7-i\/\" \/>\n<meta property=\"og:site_name\" content=\"Embreis NO\" \/>\n<meta property=\"article:modified_time\" content=\"2026-01-08T15:05:18+00:00\" \/>\n<meta property=\"og:image\" content=\"https:\/\/embreis.com\/no\/wp-content\/uploads\/sites\/9\/2026\/01\/01__Levitate_Forever_7_I.png\" \/>\n\t<meta property=\"og:image:width\" content=\"850\" \/>\n\t<meta property=\"og:image:height\" content=\"850\" \/>\n\t<meta property=\"og:image:type\" content=\"image\/png\" \/>\n<meta name=\"twitter:card\" content=\"summary_large_image\" \/>\n<meta name=\"twitter:label1\" content=\"Ber\u00e4knad l\u00e4stid\" \/>\n\t<meta name=\"twitter:data1\" content=\"1 minut\" \/>\n<script type=\"application\/ld+json\" class=\"yoast-schema-graph\">{\"@context\":\"https:\\\/\\\/schema.org\",\"@graph\":[{\"@type\":\"WebPage\",\"@id\":\"https:\\\/\\\/embreis.com\\\/no\\\/produkt\\\/levitate-forever-7-i\\\/\",\"url\":\"https:\\\/\\\/embreis.com\\\/no\\\/produkt\\\/levitate-forever-7-i\\\/\",\"name\":\"Levitate Forever 7'' (I) - Embreis NO\",\"isPartOf\":{\"@id\":\"https:\\\/\\\/embreis.com\\\/no\\\/#website\"},\"primaryImageOfPage\":{\"@id\":\"https:\\\/\\\/embreis.com\\\/no\\\/produkt\\\/levitate-forever-7-i\\\/#primaryimage\"},\"image\":{\"@id\":\"https:\\\/\\\/embreis.com\\\/no\\\/produkt\\\/levitate-forever-7-i\\\/#primaryimage\"},\"thumbnailUrl\":\"https:\\\/\\\/embreis.com\\\/no\\\/wp-content\\\/uploads\\\/sites\\\/9\\\/2026\\\/01\\\/01__Levitate_Forever_7_I.png\",\"datePublished\":\"2026-01-08T14:58:17+00:00\",\"dateModified\":\"2026-01-08T15:05:18+00:00\",\"breadcrumb\":{\"@id\":\"https:\\\/\\\/embreis.com\\\/no\\\/produkt\\\/levitate-forever-7-i\\\/#breadcrumb\"},\"inLanguage\":\"sv-SE\",\"potentialAction\":[{\"@type\":\"ReadAction\",\"target\":[\"https:\\\/\\\/embreis.com\\\/no\\\/produkt\\\/levitate-forever-7-i\\\/\"]}]},{\"@type\":\"ImageObject\",\"inLanguage\":\"sv-SE\",\"@id\":\"https:\\\/\\\/embreis.com\\\/no\\\/produkt\\\/levitate-forever-7-i\\\/#primaryimage\",\"url\":\"https:\\\/\\\/embreis.com\\\/no\\\/wp-content\\\/uploads\\\/sites\\\/9\\\/2026\\\/01\\\/01__Levitate_Forever_7_I.png\",\"contentUrl\":\"https:\\\/\\\/embreis.com\\\/no\\\/wp-content\\\/uploads\\\/sites\\\/9\\\/2026\\\/01\\\/01__Levitate_Forever_7_I.png\",\"width\":850,\"height\":850},{\"@type\":\"BreadcrumbList\",\"@id\":\"https:\\\/\\\/embreis.com\\\/no\\\/produkt\\\/levitate-forever-7-i\\\/#breadcrumb\",\"itemListElement\":[{\"@type\":\"ListItem\",\"position\":1,\"name\":\"Hem\",\"item\":\"https:\\\/\\\/embreis.com\\\/no\\\/\"},{\"@type\":\"ListItem\",\"position\":2,\"name\":\"Sortiment\",\"item\":\"https:\\\/\\\/embreis.com\\\/no\\\/sortiment\\\/\"},{\"@type\":\"ListItem\",\"position\":3,\"name\":\"Protes\",\"item\":\"https:\\\/\\\/embreis.com\\\/no\\\/produktkategori\\\/protes\\\/\"},{\"@type\":\"ListItem\",\"position\":4,\"name\":\"F\u00f6tter\",\"item\":\"https:\\\/\\\/embreis.com\\\/no\\\/produktkategori\\\/protes\\\/fotter\\\/\"},{\"@type\":\"ListItem\",\"position\":5,\"name\":\"Protesfot - Active\",\"item\":\"https:\\\/\\\/embreis.com\\\/no\\\/produktkategori\\\/protes\\\/fotter\\\/active\\\/\"},{\"@type\":\"ListItem\",\"position\":6,\"name\":\"Levitate Forever 7&#8221; (I)\"}]},{\"@type\":\"WebSite\",\"@id\":\"https:\\\/\\\/embreis.com\\\/no\\\/#website\",\"url\":\"https:\\\/\\\/embreis.com\\\/no\\\/\",\"name\":\"Embreis NO\",\"description\":\"Ortoser, proteser och material\",\"potentialAction\":[{\"@type\":\"SearchAction\",\"target\":{\"@type\":\"EntryPoint\",\"urlTemplate\":\"https:\\\/\\\/embreis.com\\\/no\\\/?s={search_term_string}\"},\"query-input\":{\"@type\":\"PropertyValueSpecification\",\"valueRequired\":true,\"valueName\":\"search_term_string\"}}],\"inLanguage\":\"sv-SE\"}]}<\/script>\n<!-- \/ Yoast SEO Premium plugin. -->","yoast_head_json":{"title":"Levitate Forever 7'' (I) - Embreis NO","robots":{"index":"index","follow":"follow","max-snippet":"max-snippet:-1","max-image-preview":"max-image-preview:large","max-video-preview":"max-video-preview:-1"},"canonical":"https:\/\/embreis.com\/no\/produkt\/levitate-forever-7-i\/","og_locale":"sv_SE","og_type":"article","og_title":"Levitate Forever 7'' (I)","og_description":"Levitate Forever \u00e4r en ny sp\u00e4nnande protesfot designad f\u00f6r en mer r\u00f6rlig och aktivare livsstil. Tillverkad av l\u00e4ttviktsglasfiber \u00e4r den [&hellip;]","og_url":"https:\/\/embreis.com\/no\/produkt\/levitate-forever-7-i\/","og_site_name":"Embreis NO","article_modified_time":"2026-01-08T15:05:18+00:00","og_image":[{"width":850,"height":850,"url":"https:\/\/embreis.com\/no\/wp-content\/uploads\/sites\/9\/2026\/01\/01__Levitate_Forever_7_I.png","type":"image\/png"}],"twitter_card":"summary_large_image","twitter_misc":{"Ber\u00e4knad l\u00e4stid":"1 minut"},"schema":{"@context":"https:\/\/schema.org","@graph":[{"@type":"WebPage","@id":"https:\/\/embreis.com\/no\/produkt\/levitate-forever-7-i\/","url":"https:\/\/embreis.com\/no\/produkt\/levitate-forever-7-i\/","name":"Levitate Forever 7'' (I) - Embreis NO","isPartOf":{"@id":"https:\/\/embreis.com\/no\/#website"},"primaryImageOfPage":{"@id":"https:\/\/embreis.com\/no\/produkt\/levitate-forever-7-i\/#primaryimage"},"image":{"@id":"https:\/\/embreis.com\/no\/produkt\/levitate-forever-7-i\/#primaryimage"},"thumbnailUrl":"https:\/\/embreis.com\/no\/wp-content\/uploads\/sites\/9\/2026\/01\/01__Levitate_Forever_7_I.png","datePublished":"2026-01-08T14:58:17+00:00","dateModified":"2026-01-08T15:05:18+00:00","breadcrumb":{"@id":"https:\/\/embreis.com\/no\/produkt\/levitate-forever-7-i\/#breadcrumb"},"inLanguage":"sv-SE","potentialAction":[{"@type":"ReadAction","target":["https:\/\/embreis.com\/no\/produkt\/levitate-forever-7-i\/"]}]},{"@type":"ImageObject","inLanguage":"sv-SE","@id":"https:\/\/embreis.com\/no\/produkt\/levitate-forever-7-i\/#primaryimage","url":"https:\/\/embreis.com\/no\/wp-content\/uploads\/sites\/9\/2026\/01\/01__Levitate_Forever_7_I.png","contentUrl":"https:\/\/embreis.com\/no\/wp-content\/uploads\/sites\/9\/2026\/01\/01__Levitate_Forever_7_I.png","width":850,"height":850},{"@type":"BreadcrumbList","@id":"https:\/\/embreis.com\/no\/produkt\/levitate-forever-7-i\/#breadcrumb","itemListElement":[{"@type":"ListItem","position":1,"name":"Hem","item":"https:\/\/embreis.com\/no\/"},{"@type":"ListItem","position":2,"name":"Sortiment","item":"https:\/\/embreis.com\/no\/sortiment\/"},{"@type":"ListItem","position":3,"name":"Protes","item":"https:\/\/embreis.com\/no\/produktkategori\/protes\/"},{"@type":"ListItem","position":4,"name":"F\u00f6tter","item":"https:\/\/embreis.com\/no\/produktkategori\/protes\/fotter\/"},{"@type":"ListItem","position":5,"name":"Protesfot - Active","item":"https:\/\/embreis.com\/no\/produktkategori\/protes\/fotter\/active\/"},{"@type":"ListItem","position":6,"name":"Levitate Forever 7&#8221; (I)"}]},{"@type":"WebSite","@id":"https:\/\/embreis.com\/no\/#website","url":"https:\/\/embreis.com\/no\/","name":"Embreis NO","description":"Ortoser, proteser och material","potentialAction":[{"@type":"SearchAction","target":{"@type":"EntryPoint","urlTemplate":"https:\/\/embreis.com\/no\/?s={search_term_string}"},"query-input":{"@type":"PropertyValueSpecification","valueRequired":true,"valueName":"search_term_string"}}],"inLanguage":"sv-SE"}]}},"_links":{"self":[{"href":"https:\/\/embreis.com\/no\/wp-json\/wp\/v2\/product\/13327","targetHints":{"allow":["GET"]}}],"collection":[{"href":"https:\/\/embreis.com\/no\/wp-json\/wp\/v2\/product"}],"about":[{"href":"https:\/\/embreis.com\/no\/wp-json\/wp\/v2\/types\/product"}],"wp:featuredmedia":[{"embeddable":true,"href":"https:\/\/embreis.com\/no\/wp-json\/wp\/v2\/media\/13336"}],"wp:attachment":[{"href":"https:\/\/embreis.com\/no\/wp-json\/wp\/v2\/media?parent=13327"}],"wp:term":[{"taxonomy":"product_brand","embeddable":true,"href":"https:\/\/embreis.com\/no\/wp-json\/wp\/v2\/product_brand?post=13327"},{"taxonomy":"product_cat","embeddable":true,"href":"https:\/\/embreis.com\/no\/wp-json\/wp\/v2\/product_cat?post=13327"},{"taxonomy":"product_tag","embeddable":true,"href":"https:\/\/embreis.com\/no\/wp-json\/wp\/v2\/product_tag?post=13327"}],"curies":[{"name":"wp","href":"https:\/\/api.w.org\/{rel}","templated":true}]}}