{"id":13278,"date":"2026-01-08T16:20:18","date_gmt":"2026-01-08T14:20:18","guid":{"rendered":"https:\/\/embreis.com\/no\/?post_type=product&#038;p=13278"},"modified":"2026-01-08T16:29:30","modified_gmt":"2026-01-08T14:29:30","slug":"levitate-forever-lp","status":"publish","type":"product","link":"https:\/\/embreis.com\/no\/produkt\/levitate-forever-lp\/","title":{"rendered":"Levitate Forever LP"},"content":{"rendered":"<p>Forever LP \u00e4r en protesfot med l\u00e5g och diskret profil, utvecklad f\u00f6r att m\u00f6ta vardagens krav hos en bredare grupp anv\u00e4ndare (<span data-teams=\"true\">K2 &#8211; K4<\/span>-niv\u00e5). Den \u00e4r s\u00e4rskilt framtagen f\u00f6r personer med begr\u00e4nsad byggl\u00e4ngd och erbjuder samma k\u00e4rnteknologi och h\u00e5llbarhet som den omtyckta och erk\u00e4nda Forever-serien, men med extra fokus p\u00e5 komfort och stabilitet hela dagen.<\/p>\n<p>Tillverkad i l\u00e4tt glasfiber ger Forever LP ett mjukt och naturligt steg, responsiv h\u00e4lfunktion och skonsam st\u00f6td\u00e4mpning. Den ger p\u00e5litligt st\u00f6d oavsett om du g\u00e5r, tr\u00e4nar yoga eller r\u00f6r dig \u00f6ver varierat underlag.<\/p>\n<p>Tack vare den l\u00e5ga byggh\u00f6jden passar den anv\u00e4ndare med l\u00e5nga stumpar eller andra utrymmesbegr\u00e4nsningar, vilket g\u00f6r den till ett utm\u00e4rkt val f\u00f6r b\u00e5de underbens- och l\u00e5rbensamputerade.<\/p>\n<p>Forever LP kombinerar m\u00e5ngsidighet f\u00f6r vardagsbruk med flexibilitet f\u00f6r l\u00e4ttare fritidsaktiviteter \u2013 och hj\u00e4lper anv\u00e4ndaren att k\u00e4nna sig balanserad, trygg och stabil i varje steg.<\/p>\n","protected":false},"excerpt":{"rendered":"<p>Forever LP \u00e4r en protesfot med l\u00e5g och diskret profil, utvecklad f\u00f6r att m\u00f6ta vardagens krav hos en bredare grupp [&hellip;]<\/p>\n","protected":false},"featured_media":13287,"template":"","meta":[],"product_brand":[],"product_cat":[1380,1247,272,1142],"product_tag":[],"class_list":{"0":"post-13278","1":"product","2":"type-product","3":"status-publish","4":"has-post-thumbnail","6":"product_cat-nyheter","7":"product_cat-active","8":"product_cat-protes","9":"product_cat-fotter","10":"pa_varumarke-levitate","12":"first","13":"outofstock","14":"featured","15":"shipping-taxable","16":"product-type-variable"},"acf":[],"yoast_head":"<!-- This site is optimized with the Yoast SEO Premium plugin v27.3 (Yoast SEO v27.3) - https:\/\/yoast.com\/product\/yoast-seo-premium-wordpress\/ -->\n<title>Levitate Forever LP - Embreis NO<\/title>\n<meta name=\"robots\" content=\"index, follow, max-snippet:-1, max-image-preview:large, max-video-preview:-1\" \/>\n<link rel=\"canonical\" href=\"https:\/\/embreis.com\/no\/produkt\/levitate-forever-lp\/\" \/>\n<meta property=\"og:locale\" content=\"sv_SE\" \/>\n<meta property=\"og:type\" content=\"article\" \/>\n<meta property=\"og:title\" content=\"Levitate Forever LP\" \/>\n<meta property=\"og:description\" content=\"Forever LP \u00e4r en protesfot med l\u00e5g och diskret profil, utvecklad f\u00f6r att m\u00f6ta vardagens krav hos en bredare grupp [&hellip;]\" \/>\n<meta property=\"og:url\" content=\"https:\/\/embreis.com\/no\/produkt\/levitate-forever-lp\/\" \/>\n<meta property=\"og:site_name\" content=\"Embreis NO\" \/>\n<meta property=\"article:modified_time\" content=\"2026-01-08T14:29:30+00:00\" \/>\n<meta property=\"og:image\" content=\"https:\/\/embreis.com\/no\/wp-content\/uploads\/sites\/9\/2026\/01\/Levitate_Forever_LP_1.jpg\" \/>\n\t<meta property=\"og:image:width\" content=\"800\" \/>\n\t<meta property=\"og:image:height\" content=\"800\" \/>\n\t<meta property=\"og:image:type\" content=\"image\/jpeg\" \/>\n<meta name=\"twitter:card\" content=\"summary_large_image\" \/>\n<meta name=\"twitter:label1\" content=\"Ber\u00e4knad l\u00e4stid\" \/>\n\t<meta name=\"twitter:data1\" content=\"1 minut\" \/>\n<script type=\"application\/ld+json\" class=\"yoast-schema-graph\">{\"@context\":\"https:\\\/\\\/schema.org\",\"@graph\":[{\"@type\":\"WebPage\",\"@id\":\"https:\\\/\\\/embreis.com\\\/no\\\/produkt\\\/levitate-forever-lp\\\/\",\"url\":\"https:\\\/\\\/embreis.com\\\/no\\\/produkt\\\/levitate-forever-lp\\\/\",\"name\":\"Levitate Forever LP - Embreis NO\",\"isPartOf\":{\"@id\":\"https:\\\/\\\/embreis.com\\\/no\\\/#website\"},\"primaryImageOfPage\":{\"@id\":\"https:\\\/\\\/embreis.com\\\/no\\\/produkt\\\/levitate-forever-lp\\\/#primaryimage\"},\"image\":{\"@id\":\"https:\\\/\\\/embreis.com\\\/no\\\/produkt\\\/levitate-forever-lp\\\/#primaryimage\"},\"thumbnailUrl\":\"https:\\\/\\\/embreis.com\\\/no\\\/wp-content\\\/uploads\\\/sites\\\/9\\\/2026\\\/01\\\/Levitate_Forever_LP_1.jpg\",\"datePublished\":\"2026-01-08T14:20:18+00:00\",\"dateModified\":\"2026-01-08T14:29:30+00:00\",\"breadcrumb\":{\"@id\":\"https:\\\/\\\/embreis.com\\\/no\\\/produkt\\\/levitate-forever-lp\\\/#breadcrumb\"},\"inLanguage\":\"sv-SE\",\"potentialAction\":[{\"@type\":\"ReadAction\",\"target\":[\"https:\\\/\\\/embreis.com\\\/no\\\/produkt\\\/levitate-forever-lp\\\/\"]}]},{\"@type\":\"ImageObject\",\"inLanguage\":\"sv-SE\",\"@id\":\"https:\\\/\\\/embreis.com\\\/no\\\/produkt\\\/levitate-forever-lp\\\/#primaryimage\",\"url\":\"https:\\\/\\\/embreis.com\\\/no\\\/wp-content\\\/uploads\\\/sites\\\/9\\\/2026\\\/01\\\/Levitate_Forever_LP_1.jpg\",\"contentUrl\":\"https:\\\/\\\/embreis.com\\\/no\\\/wp-content\\\/uploads\\\/sites\\\/9\\\/2026\\\/01\\\/Levitate_Forever_LP_1.jpg\",\"width\":800,\"height\":800},{\"@type\":\"BreadcrumbList\",\"@id\":\"https:\\\/\\\/embreis.com\\\/no\\\/produkt\\\/levitate-forever-lp\\\/#breadcrumb\",\"itemListElement\":[{\"@type\":\"ListItem\",\"position\":1,\"name\":\"Hem\",\"item\":\"https:\\\/\\\/embreis.com\\\/no\\\/\"},{\"@type\":\"ListItem\",\"position\":2,\"name\":\"Sortiment\",\"item\":\"https:\\\/\\\/embreis.com\\\/no\\\/sortiment\\\/\"},{\"@type\":\"ListItem\",\"position\":3,\"name\":\"Protes\",\"item\":\"https:\\\/\\\/embreis.com\\\/no\\\/produktkategori\\\/protes\\\/\"},{\"@type\":\"ListItem\",\"position\":4,\"name\":\"F\u00f6tter\",\"item\":\"https:\\\/\\\/embreis.com\\\/no\\\/produktkategori\\\/protes\\\/fotter\\\/\"},{\"@type\":\"ListItem\",\"position\":5,\"name\":\"Protesfot - Active\",\"item\":\"https:\\\/\\\/embreis.com\\\/no\\\/produktkategori\\\/protes\\\/fotter\\\/active\\\/\"},{\"@type\":\"ListItem\",\"position\":6,\"name\":\"Levitate Forever LP\"}]},{\"@type\":\"WebSite\",\"@id\":\"https:\\\/\\\/embreis.com\\\/no\\\/#website\",\"url\":\"https:\\\/\\\/embreis.com\\\/no\\\/\",\"name\":\"Embreis NO\",\"description\":\"Ortoser, proteser och material\",\"potentialAction\":[{\"@type\":\"SearchAction\",\"target\":{\"@type\":\"EntryPoint\",\"urlTemplate\":\"https:\\\/\\\/embreis.com\\\/no\\\/?s={search_term_string}\"},\"query-input\":{\"@type\":\"PropertyValueSpecification\",\"valueRequired\":true,\"valueName\":\"search_term_string\"}}],\"inLanguage\":\"sv-SE\"}]}<\/script>\n<!-- \/ Yoast SEO Premium plugin. -->","yoast_head_json":{"title":"Levitate Forever LP - Embreis NO","robots":{"index":"index","follow":"follow","max-snippet":"max-snippet:-1","max-image-preview":"max-image-preview:large","max-video-preview":"max-video-preview:-1"},"canonical":"https:\/\/embreis.com\/no\/produkt\/levitate-forever-lp\/","og_locale":"sv_SE","og_type":"article","og_title":"Levitate Forever LP","og_description":"Forever LP \u00e4r en protesfot med l\u00e5g och diskret profil, utvecklad f\u00f6r att m\u00f6ta vardagens krav hos en bredare grupp [&hellip;]","og_url":"https:\/\/embreis.com\/no\/produkt\/levitate-forever-lp\/","og_site_name":"Embreis NO","article_modified_time":"2026-01-08T14:29:30+00:00","og_image":[{"width":800,"height":800,"url":"https:\/\/embreis.com\/no\/wp-content\/uploads\/sites\/9\/2026\/01\/Levitate_Forever_LP_1.jpg","type":"image\/jpeg"}],"twitter_card":"summary_large_image","twitter_misc":{"Ber\u00e4knad l\u00e4stid":"1 minut"},"schema":{"@context":"https:\/\/schema.org","@graph":[{"@type":"WebPage","@id":"https:\/\/embreis.com\/no\/produkt\/levitate-forever-lp\/","url":"https:\/\/embreis.com\/no\/produkt\/levitate-forever-lp\/","name":"Levitate Forever LP - Embreis NO","isPartOf":{"@id":"https:\/\/embreis.com\/no\/#website"},"primaryImageOfPage":{"@id":"https:\/\/embreis.com\/no\/produkt\/levitate-forever-lp\/#primaryimage"},"image":{"@id":"https:\/\/embreis.com\/no\/produkt\/levitate-forever-lp\/#primaryimage"},"thumbnailUrl":"https:\/\/embreis.com\/no\/wp-content\/uploads\/sites\/9\/2026\/01\/Levitate_Forever_LP_1.jpg","datePublished":"2026-01-08T14:20:18+00:00","dateModified":"2026-01-08T14:29:30+00:00","breadcrumb":{"@id":"https:\/\/embreis.com\/no\/produkt\/levitate-forever-lp\/#breadcrumb"},"inLanguage":"sv-SE","potentialAction":[{"@type":"ReadAction","target":["https:\/\/embreis.com\/no\/produkt\/levitate-forever-lp\/"]}]},{"@type":"ImageObject","inLanguage":"sv-SE","@id":"https:\/\/embreis.com\/no\/produkt\/levitate-forever-lp\/#primaryimage","url":"https:\/\/embreis.com\/no\/wp-content\/uploads\/sites\/9\/2026\/01\/Levitate_Forever_LP_1.jpg","contentUrl":"https:\/\/embreis.com\/no\/wp-content\/uploads\/sites\/9\/2026\/01\/Levitate_Forever_LP_1.jpg","width":800,"height":800},{"@type":"BreadcrumbList","@id":"https:\/\/embreis.com\/no\/produkt\/levitate-forever-lp\/#breadcrumb","itemListElement":[{"@type":"ListItem","position":1,"name":"Hem","item":"https:\/\/embreis.com\/no\/"},{"@type":"ListItem","position":2,"name":"Sortiment","item":"https:\/\/embreis.com\/no\/sortiment\/"},{"@type":"ListItem","position":3,"name":"Protes","item":"https:\/\/embreis.com\/no\/produktkategori\/protes\/"},{"@type":"ListItem","position":4,"name":"F\u00f6tter","item":"https:\/\/embreis.com\/no\/produktkategori\/protes\/fotter\/"},{"@type":"ListItem","position":5,"name":"Protesfot - Active","item":"https:\/\/embreis.com\/no\/produktkategori\/protes\/fotter\/active\/"},{"@type":"ListItem","position":6,"name":"Levitate Forever LP"}]},{"@type":"WebSite","@id":"https:\/\/embreis.com\/no\/#website","url":"https:\/\/embreis.com\/no\/","name":"Embreis NO","description":"Ortoser, proteser och material","potentialAction":[{"@type":"SearchAction","target":{"@type":"EntryPoint","urlTemplate":"https:\/\/embreis.com\/no\/?s={search_term_string}"},"query-input":{"@type":"PropertyValueSpecification","valueRequired":true,"valueName":"search_term_string"}}],"inLanguage":"sv-SE"}]}},"_links":{"self":[{"href":"https:\/\/embreis.com\/no\/wp-json\/wp\/v2\/product\/13278","targetHints":{"allow":["GET"]}}],"collection":[{"href":"https:\/\/embreis.com\/no\/wp-json\/wp\/v2\/product"}],"about":[{"href":"https:\/\/embreis.com\/no\/wp-json\/wp\/v2\/types\/product"}],"wp:featuredmedia":[{"embeddable":true,"href":"https:\/\/embreis.com\/no\/wp-json\/wp\/v2\/media\/13287"}],"wp:attachment":[{"href":"https:\/\/embreis.com\/no\/wp-json\/wp\/v2\/media?parent=13278"}],"wp:term":[{"taxonomy":"product_brand","embeddable":true,"href":"https:\/\/embreis.com\/no\/wp-json\/wp\/v2\/product_brand?post=13278"},{"taxonomy":"product_cat","embeddable":true,"href":"https:\/\/embreis.com\/no\/wp-json\/wp\/v2\/product_cat?post=13278"},{"taxonomy":"product_tag","embeddable":true,"href":"https:\/\/embreis.com\/no\/wp-json\/wp\/v2\/product_tag?post=13278"}],"curies":[{"name":"wp","href":"https:\/\/api.w.org\/{rel}","templated":true}]}}