{"id":13266,"date":"2025-10-17T11:56:09","date_gmt":"2025-10-17T09:56:09","guid":{"rendered":"https:\/\/embreis.com\/no\/?post_type=product&#038;p=13266"},"modified":"2025-10-20T15:49:02","modified_gmt":"2025-10-20T13:49:02","slug":"justerbart-ror-m-pyramidhane","status":"publish","type":"product","link":"https:\/\/embreis.com\/no\/produkt\/justerbart-ror-m-pyramidhane\/","title":{"rendered":"Justerbart r\u00f6r m. pyramidhane"},"content":{"rendered":"<p><span data-teams=\"true\">R\u00f6radapter fr\u00e5n Levitate som m\u00f6jligg\u00f6r precis justering i h\u00f6jdled mellan 60-85 mm samt rotationsjustering, vilket s\u00e4kerst\u00e4ller optimal anpassning och anv\u00e4ndarkomfort. Designad f\u00f6r h\u00e5llbarhet och stabilitet, st\u00f6der anv\u00e4ndare upp till 125 kg.<\/span><\/p>\n","protected":false},"excerpt":{"rendered":"<ul>\n<li>Rotationsjustering<\/li>\n<li>Aluminium<\/li>\n<li>Justerbar<\/li>\n<\/ul>\n","protected":false},"featured_media":13271,"template":"","meta":[],"product_brand":[],"product_cat":[1380,1244,272,273],"product_tag":[],"class_list":{"0":"post-13266","1":"product","2":"type-product","3":"status-publish","4":"has-post-thumbnail","6":"product_cat-nyheter","7":"product_cat-ror-med-adaptrar","8":"product_cat-protes","9":"product_cat-adaptrar","10":"pa_varumarke-levitate","12":"first","13":"outofstock","14":"featured","15":"shipping-taxable","16":"product-type-variable"},"acf":[],"yoast_head":"<!-- This site is optimized with the Yoast SEO Premium plugin v27.3 (Yoast SEO v27.3) - https:\/\/yoast.com\/product\/yoast-seo-premium-wordpress\/ -->\n<title>Justerbart r\u00f6r m. pyramidhane - Embreis NO<\/title>\n<meta name=\"robots\" content=\"index, follow, max-snippet:-1, max-image-preview:large, max-video-preview:-1\" \/>\n<link rel=\"canonical\" href=\"https:\/\/embreis.com\/no\/produkt\/justerbart-ror-m-pyramidhane\/\" \/>\n<meta property=\"og:locale\" content=\"sv_SE\" \/>\n<meta property=\"og:type\" content=\"article\" \/>\n<meta property=\"og:title\" content=\"Justerbart r\u00f6r m. pyramidhane\" \/>\n<meta property=\"og:description\" content=\"Rotationsjustering  Aluminium  Justerbar\" \/>\n<meta property=\"og:url\" content=\"https:\/\/embreis.com\/no\/produkt\/justerbart-ror-m-pyramidhane\/\" \/>\n<meta property=\"og:site_name\" content=\"Embreis NO\" \/>\n<meta property=\"article:modified_time\" content=\"2025-10-20T13:49:02+00:00\" \/>\n<meta property=\"og:image\" content=\"https:\/\/embreis.com\/no\/wp-content\/uploads\/sites\/9\/2025\/10\/Levitate-Adapter-Height-Adjustable-male.jpg\" \/>\n\t<meta property=\"og:image:width\" content=\"800\" \/>\n\t<meta property=\"og:image:height\" content=\"800\" \/>\n\t<meta property=\"og:image:type\" content=\"image\/jpeg\" \/>\n<meta name=\"twitter:card\" content=\"summary_large_image\" \/>\n<meta name=\"twitter:label1\" content=\"Ber\u00e4knad l\u00e4stid\" \/>\n\t<meta name=\"twitter:data1\" content=\"1 minut\" \/>\n<script type=\"application\/ld+json\" class=\"yoast-schema-graph\">{\"@context\":\"https:\\\/\\\/schema.org\",\"@graph\":[{\"@type\":\"WebPage\",\"@id\":\"https:\\\/\\\/embreis.com\\\/no\\\/produkt\\\/justerbart-ror-m-pyramidhane\\\/\",\"url\":\"https:\\\/\\\/embreis.com\\\/no\\\/produkt\\\/justerbart-ror-m-pyramidhane\\\/\",\"name\":\"Justerbart r\u00f6r m. pyramidhane - Embreis NO\",\"isPartOf\":{\"@id\":\"https:\\\/\\\/embreis.com\\\/no\\\/#website\"},\"primaryImageOfPage\":{\"@id\":\"https:\\\/\\\/embreis.com\\\/no\\\/produkt\\\/justerbart-ror-m-pyramidhane\\\/#primaryimage\"},\"image\":{\"@id\":\"https:\\\/\\\/embreis.com\\\/no\\\/produkt\\\/justerbart-ror-m-pyramidhane\\\/#primaryimage\"},\"thumbnailUrl\":\"https:\\\/\\\/embreis.com\\\/no\\\/wp-content\\\/uploads\\\/sites\\\/9\\\/2025\\\/10\\\/Levitate-Adapter-Height-Adjustable-male.jpg\",\"datePublished\":\"2025-10-17T09:56:09+00:00\",\"dateModified\":\"2025-10-20T13:49:02+00:00\",\"breadcrumb\":{\"@id\":\"https:\\\/\\\/embreis.com\\\/no\\\/produkt\\\/justerbart-ror-m-pyramidhane\\\/#breadcrumb\"},\"inLanguage\":\"sv-SE\",\"potentialAction\":[{\"@type\":\"ReadAction\",\"target\":[\"https:\\\/\\\/embreis.com\\\/no\\\/produkt\\\/justerbart-ror-m-pyramidhane\\\/\"]}]},{\"@type\":\"ImageObject\",\"inLanguage\":\"sv-SE\",\"@id\":\"https:\\\/\\\/embreis.com\\\/no\\\/produkt\\\/justerbart-ror-m-pyramidhane\\\/#primaryimage\",\"url\":\"https:\\\/\\\/embreis.com\\\/no\\\/wp-content\\\/uploads\\\/sites\\\/9\\\/2025\\\/10\\\/Levitate-Adapter-Height-Adjustable-male.jpg\",\"contentUrl\":\"https:\\\/\\\/embreis.com\\\/no\\\/wp-content\\\/uploads\\\/sites\\\/9\\\/2025\\\/10\\\/Levitate-Adapter-Height-Adjustable-male.jpg\",\"width\":800,\"height\":800},{\"@type\":\"BreadcrumbList\",\"@id\":\"https:\\\/\\\/embreis.com\\\/no\\\/produkt\\\/justerbart-ror-m-pyramidhane\\\/#breadcrumb\",\"itemListElement\":[{\"@type\":\"ListItem\",\"position\":1,\"name\":\"Hem\",\"item\":\"https:\\\/\\\/embreis.com\\\/no\\\/\"},{\"@type\":\"ListItem\",\"position\":2,\"name\":\"Sortiment\",\"item\":\"https:\\\/\\\/embreis.com\\\/no\\\/sortiment\\\/\"},{\"@type\":\"ListItem\",\"position\":3,\"name\":\"Protes\",\"item\":\"https:\\\/\\\/embreis.com\\\/no\\\/produktkategori\\\/protes\\\/\"},{\"@type\":\"ListItem\",\"position\":4,\"name\":\"Justerbart r\u00f6r m. pyramidhane\"}]},{\"@type\":\"WebSite\",\"@id\":\"https:\\\/\\\/embreis.com\\\/no\\\/#website\",\"url\":\"https:\\\/\\\/embreis.com\\\/no\\\/\",\"name\":\"Embreis NO\",\"description\":\"Ortoser, proteser och material\",\"potentialAction\":[{\"@type\":\"SearchAction\",\"target\":{\"@type\":\"EntryPoint\",\"urlTemplate\":\"https:\\\/\\\/embreis.com\\\/no\\\/?s={search_term_string}\"},\"query-input\":{\"@type\":\"PropertyValueSpecification\",\"valueRequired\":true,\"valueName\":\"search_term_string\"}}],\"inLanguage\":\"sv-SE\"}]}<\/script>\n<!-- \/ Yoast SEO Premium plugin. -->","yoast_head_json":{"title":"Justerbart r\u00f6r m. pyramidhane - Embreis NO","robots":{"index":"index","follow":"follow","max-snippet":"max-snippet:-1","max-image-preview":"max-image-preview:large","max-video-preview":"max-video-preview:-1"},"canonical":"https:\/\/embreis.com\/no\/produkt\/justerbart-ror-m-pyramidhane\/","og_locale":"sv_SE","og_type":"article","og_title":"Justerbart r\u00f6r m. pyramidhane","og_description":"Rotationsjustering  Aluminium  Justerbar","og_url":"https:\/\/embreis.com\/no\/produkt\/justerbart-ror-m-pyramidhane\/","og_site_name":"Embreis NO","article_modified_time":"2025-10-20T13:49:02+00:00","og_image":[{"width":800,"height":800,"url":"https:\/\/embreis.com\/no\/wp-content\/uploads\/sites\/9\/2025\/10\/Levitate-Adapter-Height-Adjustable-male.jpg","type":"image\/jpeg"}],"twitter_card":"summary_large_image","twitter_misc":{"Ber\u00e4knad l\u00e4stid":"1 minut"},"schema":{"@context":"https:\/\/schema.org","@graph":[{"@type":"WebPage","@id":"https:\/\/embreis.com\/no\/produkt\/justerbart-ror-m-pyramidhane\/","url":"https:\/\/embreis.com\/no\/produkt\/justerbart-ror-m-pyramidhane\/","name":"Justerbart r\u00f6r m. pyramidhane - Embreis NO","isPartOf":{"@id":"https:\/\/embreis.com\/no\/#website"},"primaryImageOfPage":{"@id":"https:\/\/embreis.com\/no\/produkt\/justerbart-ror-m-pyramidhane\/#primaryimage"},"image":{"@id":"https:\/\/embreis.com\/no\/produkt\/justerbart-ror-m-pyramidhane\/#primaryimage"},"thumbnailUrl":"https:\/\/embreis.com\/no\/wp-content\/uploads\/sites\/9\/2025\/10\/Levitate-Adapter-Height-Adjustable-male.jpg","datePublished":"2025-10-17T09:56:09+00:00","dateModified":"2025-10-20T13:49:02+00:00","breadcrumb":{"@id":"https:\/\/embreis.com\/no\/produkt\/justerbart-ror-m-pyramidhane\/#breadcrumb"},"inLanguage":"sv-SE","potentialAction":[{"@type":"ReadAction","target":["https:\/\/embreis.com\/no\/produkt\/justerbart-ror-m-pyramidhane\/"]}]},{"@type":"ImageObject","inLanguage":"sv-SE","@id":"https:\/\/embreis.com\/no\/produkt\/justerbart-ror-m-pyramidhane\/#primaryimage","url":"https:\/\/embreis.com\/no\/wp-content\/uploads\/sites\/9\/2025\/10\/Levitate-Adapter-Height-Adjustable-male.jpg","contentUrl":"https:\/\/embreis.com\/no\/wp-content\/uploads\/sites\/9\/2025\/10\/Levitate-Adapter-Height-Adjustable-male.jpg","width":800,"height":800},{"@type":"BreadcrumbList","@id":"https:\/\/embreis.com\/no\/produkt\/justerbart-ror-m-pyramidhane\/#breadcrumb","itemListElement":[{"@type":"ListItem","position":1,"name":"Hem","item":"https:\/\/embreis.com\/no\/"},{"@type":"ListItem","position":2,"name":"Sortiment","item":"https:\/\/embreis.com\/no\/sortiment\/"},{"@type":"ListItem","position":3,"name":"Protes","item":"https:\/\/embreis.com\/no\/produktkategori\/protes\/"},{"@type":"ListItem","position":4,"name":"Justerbart r\u00f6r m. pyramidhane"}]},{"@type":"WebSite","@id":"https:\/\/embreis.com\/no\/#website","url":"https:\/\/embreis.com\/no\/","name":"Embreis NO","description":"Ortoser, proteser och material","potentialAction":[{"@type":"SearchAction","target":{"@type":"EntryPoint","urlTemplate":"https:\/\/embreis.com\/no\/?s={search_term_string}"},"query-input":{"@type":"PropertyValueSpecification","valueRequired":true,"valueName":"search_term_string"}}],"inLanguage":"sv-SE"}]}},"_links":{"self":[{"href":"https:\/\/embreis.com\/no\/wp-json\/wp\/v2\/product\/13266","targetHints":{"allow":["GET"]}}],"collection":[{"href":"https:\/\/embreis.com\/no\/wp-json\/wp\/v2\/product"}],"about":[{"href":"https:\/\/embreis.com\/no\/wp-json\/wp\/v2\/types\/product"}],"wp:featuredmedia":[{"embeddable":true,"href":"https:\/\/embreis.com\/no\/wp-json\/wp\/v2\/media\/13271"}],"wp:attachment":[{"href":"https:\/\/embreis.com\/no\/wp-json\/wp\/v2\/media?parent=13266"}],"wp:term":[{"taxonomy":"product_brand","embeddable":true,"href":"https:\/\/embreis.com\/no\/wp-json\/wp\/v2\/product_brand?post=13266"},{"taxonomy":"product_cat","embeddable":true,"href":"https:\/\/embreis.com\/no\/wp-json\/wp\/v2\/product_cat?post=13266"},{"taxonomy":"product_tag","embeddable":true,"href":"https:\/\/embreis.com\/no\/wp-json\/wp\/v2\/product_tag?post=13266"}],"curies":[{"name":"wp","href":"https:\/\/api.w.org\/{rel}","templated":true}]}}