{"id":13209,"date":"2025-06-10T15:30:08","date_gmt":"2025-06-10T13:30:08","guid":{"rendered":"https:\/\/embreis.com\/no\/?post_type=product&#038;p=13209"},"modified":"2025-06-11T10:35:12","modified_gmt":"2025-06-11T08:35:12","slug":"polar-care-wave","status":"publish","type":"product","link":"https:\/\/embreis.com\/no\/produkt\/polar-care-wave\/","title":{"rendered":"Polar Care Wave"},"content":{"rendered":"<p>Polar Care Wave kombinerar motoriserad kylterapi med aktiv kompression i ett enkelt och kompakt system, vilket g\u00f6r den idealisk f\u00f6r b\u00e5de klinik- och hemmabruk.<br \/>\nEnheten \u00e4r l\u00e4tt att transportera fr\u00e5n sjukhus, fysioterapiklinik eller idrottsmedicinskt center till patientens hem, vilket f\u00f6rl\u00e4nger f\u00f6rdelarna med kyla och kompression.<\/p>\n<p>Polar Care Wave \u00e4r utvecklad f\u00f6r att minska sm\u00e4rta och svullnad f\u00f6r att optimera patientens \u00e5terh\u00e4mtning. Motoriserade kyl- och kompressionssystem som Polar Care Wave har dessutom visat sig kunna minska behovet av narkotikaklassade sm\u00e4rtstillande l\u00e4kemedel postoperativt.<\/p>\n","protected":false},"excerpt":{"rendered":"<ul>\n<li>Kombinerat kyl- och kompressionssystem<\/li>\n<li>H\u00e5ller kylan upp till 8 timmar<\/li>\n<li>Fylls med is och vatten<\/li>\n<\/ul>\n","protected":false},"featured_media":13210,"template":"","meta":[],"product_brand":[],"product_cat":[15],"product_tag":[],"class_list":{"0":"post-13209","1":"product","2":"type-product","3":"status-publish","4":"has-post-thumbnail","6":"product_cat-ovrigt","7":"pa_varumarke-breg","9":"first","10":"instock","11":"shipping-taxable","12":"product-type-simple"},"acf":[],"yoast_head":"<!-- This site is optimized with the Yoast SEO Premium plugin v27.3 (Yoast SEO v27.3) - https:\/\/yoast.com\/product\/yoast-seo-premium-wordpress\/ -->\n<title>Kylterapi - Polar Care Wave - Embreis NO<\/title>\n<meta name=\"description\" content=\"Kylterapi Polar Care Kodiak \u00e4r den mest praktiska och m\u00e5ngsidiga kylterapiprodukt\u00a0 i Polar Care sortimentet.\" \/>\n<meta name=\"robots\" content=\"index, follow, max-snippet:-1, max-image-preview:large, max-video-preview:-1\" \/>\n<link rel=\"canonical\" href=\"https:\/\/embreis.com\/no\/produkt\/polar-care-wave\/\" \/>\n<meta property=\"og:locale\" content=\"sv_SE\" \/>\n<meta property=\"og:type\" content=\"article\" \/>\n<meta property=\"og:title\" content=\"Polar Care Wave\" \/>\n<meta property=\"og:description\" content=\"Kylterapi Polar Care Kodiak \u00e4r den mest praktiska och m\u00e5ngsidiga kylterapiprodukt\u00a0 i Polar Care sortimentet.\" \/>\n<meta property=\"og:url\" content=\"https:\/\/embreis.com\/no\/produkt\/polar-care-wave\/\" \/>\n<meta property=\"og:site_name\" content=\"Embreis NO\" \/>\n<meta property=\"article:modified_time\" content=\"2025-06-11T08:35:12+00:00\" \/>\n<meta property=\"og:image\" content=\"https:\/\/embreis.com\/no\/wp-content\/uploads\/sites\/9\/2025\/06\/Breg-Polar-Care-Wave_1.png\" \/>\n\t<meta property=\"og:image:width\" content=\"850\" \/>\n\t<meta property=\"og:image:height\" content=\"850\" \/>\n\t<meta property=\"og:image:type\" content=\"image\/png\" \/>\n<meta name=\"twitter:card\" content=\"summary_large_image\" \/>\n<meta name=\"twitter:label1\" content=\"Ber\u00e4knad l\u00e4stid\" \/>\n\t<meta name=\"twitter:data1\" content=\"1 minut\" \/>\n<script type=\"application\/ld+json\" class=\"yoast-schema-graph\">{\"@context\":\"https:\\\/\\\/schema.org\",\"@graph\":[{\"@type\":\"WebPage\",\"@id\":\"https:\\\/\\\/embreis.com\\\/no\\\/produkt\\\/polar-care-wave\\\/\",\"url\":\"https:\\\/\\\/embreis.com\\\/no\\\/produkt\\\/polar-care-wave\\\/\",\"name\":\"Kylterapi - Polar Care Wave - Embreis NO\",\"isPartOf\":{\"@id\":\"https:\\\/\\\/embreis.com\\\/no\\\/#website\"},\"primaryImageOfPage\":{\"@id\":\"https:\\\/\\\/embreis.com\\\/no\\\/produkt\\\/polar-care-wave\\\/#primaryimage\"},\"image\":{\"@id\":\"https:\\\/\\\/embreis.com\\\/no\\\/produkt\\\/polar-care-wave\\\/#primaryimage\"},\"thumbnailUrl\":\"https:\\\/\\\/embreis.com\\\/no\\\/wp-content\\\/uploads\\\/sites\\\/9\\\/2025\\\/06\\\/Breg-Polar-Care-Wave_1.png\",\"datePublished\":\"2025-06-10T13:30:08+00:00\",\"dateModified\":\"2025-06-11T08:35:12+00:00\",\"description\":\"Kylterapi Polar Care Kodiak \u00e4r den mest praktiska och m\u00e5ngsidiga kylterapiprodukt\u00a0 i Polar Care sortimentet.\",\"breadcrumb\":{\"@id\":\"https:\\\/\\\/embreis.com\\\/no\\\/produkt\\\/polar-care-wave\\\/#breadcrumb\"},\"inLanguage\":\"sv-SE\",\"potentialAction\":[{\"@type\":\"ReadAction\",\"target\":[\"https:\\\/\\\/embreis.com\\\/no\\\/produkt\\\/polar-care-wave\\\/\"]}]},{\"@type\":\"ImageObject\",\"inLanguage\":\"sv-SE\",\"@id\":\"https:\\\/\\\/embreis.com\\\/no\\\/produkt\\\/polar-care-wave\\\/#primaryimage\",\"url\":\"https:\\\/\\\/embreis.com\\\/no\\\/wp-content\\\/uploads\\\/sites\\\/9\\\/2025\\\/06\\\/Breg-Polar-Care-Wave_1.png\",\"contentUrl\":\"https:\\\/\\\/embreis.com\\\/no\\\/wp-content\\\/uploads\\\/sites\\\/9\\\/2025\\\/06\\\/Breg-Polar-Care-Wave_1.png\",\"width\":850,\"height\":850},{\"@type\":\"BreadcrumbList\",\"@id\":\"https:\\\/\\\/embreis.com\\\/no\\\/produkt\\\/polar-care-wave\\\/#breadcrumb\",\"itemListElement\":[{\"@type\":\"ListItem\",\"position\":1,\"name\":\"Hem\",\"item\":\"https:\\\/\\\/embreis.com\\\/no\\\/\"},{\"@type\":\"ListItem\",\"position\":2,\"name\":\"Sortiment\",\"item\":\"https:\\\/\\\/embreis.com\\\/no\\\/sortiment\\\/\"},{\"@type\":\"ListItem\",\"position\":3,\"name\":\"\u00d6vrigt\",\"item\":\"https:\\\/\\\/embreis.com\\\/no\\\/produktkategori\\\/ovrigt\\\/\"},{\"@type\":\"ListItem\",\"position\":4,\"name\":\"Polar Care Wave\"}]},{\"@type\":\"WebSite\",\"@id\":\"https:\\\/\\\/embreis.com\\\/no\\\/#website\",\"url\":\"https:\\\/\\\/embreis.com\\\/no\\\/\",\"name\":\"Embreis NO\",\"description\":\"Ortoser, proteser och material\",\"potentialAction\":[{\"@type\":\"SearchAction\",\"target\":{\"@type\":\"EntryPoint\",\"urlTemplate\":\"https:\\\/\\\/embreis.com\\\/no\\\/?s={search_term_string}\"},\"query-input\":{\"@type\":\"PropertyValueSpecification\",\"valueRequired\":true,\"valueName\":\"search_term_string\"}}],\"inLanguage\":\"sv-SE\"}]}<\/script>\n<!-- \/ Yoast SEO Premium plugin. -->","yoast_head_json":{"title":"Kylterapi - Polar Care Wave - Embreis NO","description":"Kylterapi Polar Care Kodiak \u00e4r den mest praktiska och m\u00e5ngsidiga kylterapiprodukt\u00a0 i Polar Care sortimentet.","robots":{"index":"index","follow":"follow","max-snippet":"max-snippet:-1","max-image-preview":"max-image-preview:large","max-video-preview":"max-video-preview:-1"},"canonical":"https:\/\/embreis.com\/no\/produkt\/polar-care-wave\/","og_locale":"sv_SE","og_type":"article","og_title":"Polar Care Wave","og_description":"Kylterapi Polar Care Kodiak \u00e4r den mest praktiska och m\u00e5ngsidiga kylterapiprodukt\u00a0 i Polar Care sortimentet.","og_url":"https:\/\/embreis.com\/no\/produkt\/polar-care-wave\/","og_site_name":"Embreis NO","article_modified_time":"2025-06-11T08:35:12+00:00","og_image":[{"width":850,"height":850,"url":"https:\/\/embreis.com\/no\/wp-content\/uploads\/sites\/9\/2025\/06\/Breg-Polar-Care-Wave_1.png","type":"image\/png"}],"twitter_card":"summary_large_image","twitter_misc":{"Ber\u00e4knad l\u00e4stid":"1 minut"},"schema":{"@context":"https:\/\/schema.org","@graph":[{"@type":"WebPage","@id":"https:\/\/embreis.com\/no\/produkt\/polar-care-wave\/","url":"https:\/\/embreis.com\/no\/produkt\/polar-care-wave\/","name":"Kylterapi - Polar Care Wave - Embreis NO","isPartOf":{"@id":"https:\/\/embreis.com\/no\/#website"},"primaryImageOfPage":{"@id":"https:\/\/embreis.com\/no\/produkt\/polar-care-wave\/#primaryimage"},"image":{"@id":"https:\/\/embreis.com\/no\/produkt\/polar-care-wave\/#primaryimage"},"thumbnailUrl":"https:\/\/embreis.com\/no\/wp-content\/uploads\/sites\/9\/2025\/06\/Breg-Polar-Care-Wave_1.png","datePublished":"2025-06-10T13:30:08+00:00","dateModified":"2025-06-11T08:35:12+00:00","description":"Kylterapi Polar Care Kodiak \u00e4r den mest praktiska och m\u00e5ngsidiga kylterapiprodukt\u00a0 i Polar Care sortimentet.","breadcrumb":{"@id":"https:\/\/embreis.com\/no\/produkt\/polar-care-wave\/#breadcrumb"},"inLanguage":"sv-SE","potentialAction":[{"@type":"ReadAction","target":["https:\/\/embreis.com\/no\/produkt\/polar-care-wave\/"]}]},{"@type":"ImageObject","inLanguage":"sv-SE","@id":"https:\/\/embreis.com\/no\/produkt\/polar-care-wave\/#primaryimage","url":"https:\/\/embreis.com\/no\/wp-content\/uploads\/sites\/9\/2025\/06\/Breg-Polar-Care-Wave_1.png","contentUrl":"https:\/\/embreis.com\/no\/wp-content\/uploads\/sites\/9\/2025\/06\/Breg-Polar-Care-Wave_1.png","width":850,"height":850},{"@type":"BreadcrumbList","@id":"https:\/\/embreis.com\/no\/produkt\/polar-care-wave\/#breadcrumb","itemListElement":[{"@type":"ListItem","position":1,"name":"Hem","item":"https:\/\/embreis.com\/no\/"},{"@type":"ListItem","position":2,"name":"Sortiment","item":"https:\/\/embreis.com\/no\/sortiment\/"},{"@type":"ListItem","position":3,"name":"\u00d6vrigt","item":"https:\/\/embreis.com\/no\/produktkategori\/ovrigt\/"},{"@type":"ListItem","position":4,"name":"Polar Care Wave"}]},{"@type":"WebSite","@id":"https:\/\/embreis.com\/no\/#website","url":"https:\/\/embreis.com\/no\/","name":"Embreis NO","description":"Ortoser, proteser och material","potentialAction":[{"@type":"SearchAction","target":{"@type":"EntryPoint","urlTemplate":"https:\/\/embreis.com\/no\/?s={search_term_string}"},"query-input":{"@type":"PropertyValueSpecification","valueRequired":true,"valueName":"search_term_string"}}],"inLanguage":"sv-SE"}]}},"_links":{"self":[{"href":"https:\/\/embreis.com\/no\/wp-json\/wp\/v2\/product\/13209","targetHints":{"allow":["GET"]}}],"collection":[{"href":"https:\/\/embreis.com\/no\/wp-json\/wp\/v2\/product"}],"about":[{"href":"https:\/\/embreis.com\/no\/wp-json\/wp\/v2\/types\/product"}],"wp:featuredmedia":[{"embeddable":true,"href":"https:\/\/embreis.com\/no\/wp-json\/wp\/v2\/media\/13210"}],"wp:attachment":[{"href":"https:\/\/embreis.com\/no\/wp-json\/wp\/v2\/media?parent=13209"}],"wp:term":[{"taxonomy":"product_brand","embeddable":true,"href":"https:\/\/embreis.com\/no\/wp-json\/wp\/v2\/product_brand?post=13209"},{"taxonomy":"product_cat","embeddable":true,"href":"https:\/\/embreis.com\/no\/wp-json\/wp\/v2\/product_cat?post=13209"},{"taxonomy":"product_tag","embeddable":true,"href":"https:\/\/embreis.com\/no\/wp-json\/wp\/v2\/product_tag?post=13209"}],"curies":[{"name":"wp","href":"https:\/\/api.w.org\/{rel}","templated":true}]}}