{"id":13198,"date":"2025-05-08T08:19:21","date_gmt":"2025-05-08T06:19:21","guid":{"rendered":"https:\/\/embreis.com\/no\/?post_type=product&#038;p=13198"},"modified":"2025-05-08T08:34:02","modified_gmt":"2025-05-08T06:34:02","slug":"genux-2","status":"publish","type":"product","link":"https:\/\/embreis.com\/no\/produkt\/genux-2\/","title":{"rendered":"GENUX 2"},"content":{"rendered":"<p class=\"\" data-start=\"144\" data-end=\"568\">GENUX 2 \u00e4r utvecklad f\u00f6r att ge effektiv stabilisering vid varus- och valgusinstabilitet samt mild hyperextension. Ortosen \u00e4r s\u00e4rskilt l\u00e4mplig f\u00f6r patienter med artros, ligamentinstabilitet eller generell ledlaxitet. Med hj\u00e4lp av ett dynamiskt 4-punktssystem erbjuder GENUX 2 anpassat st\u00f6d i extension och h\u00f6g r\u00f6relsefrihet i flexion, vilket fr\u00e4mjar ett mer naturligt g\u00e5ngm\u00f6nster.<\/p>\n<p class=\"\" data-start=\"570\" data-end=\"856\">Ortosen \u00e4r designad f\u00f6r att b\u00e4ras under kl\u00e4der och tillverkas efter individuella m\u00e5tt med hj\u00e4lp av fotom\u00e4tning. Den kan konfigureras f\u00f6r medial eller lateral stabilisering beroende p\u00e5 vilken sida som beh\u00f6ver st\u00f6d. Ett integrerat extensionsstopp ger ytterligare skydd mot hyperextension.<\/p>\n","protected":false},"excerpt":{"rendered":"<p>GENUX 2 \u00e4r utvecklad f\u00f6r att ge effektiv stabilisering vid varus- och valgusinstabilitet samt mild hyperextension. Ortosen \u00e4r s\u00e4rskilt l\u00e4mplig [&hellip;]<\/p>\n","protected":false},"featured_media":13205,"template":"","meta":[],"product_brand":[],"product_cat":[1229,217,222],"product_tag":[],"class_list":{"0":"post-13198","1":"product","2":"type-product","3":"status-publish","4":"has-post-thumbnail","6":"product_cat-neuro-rehab-kna-ortos","7":"product_cat-ortos","8":"product_cat-kna","9":"pa_varumarke-ambroise","11":"first","12":"outofstock","13":"featured","14":"shipping-taxable","15":"product-type-variable"},"acf":[],"yoast_head":"<!-- This site is optimized with the Yoast SEO Premium plugin v25.3.1 (Yoast SEO v25.3.1) - https:\/\/yoast.com\/wordpress\/plugins\/seo\/ -->\n<title>GENUX 2 - Embreis NO<\/title>\n<meta name=\"robots\" content=\"index, follow, max-snippet:-1, max-image-preview:large, max-video-preview:-1\" \/>\n<link rel=\"canonical\" href=\"https:\/\/embreis.com\/no\/produkt\/genux-2\/\" \/>\n<meta property=\"og:locale\" content=\"sv_SE\" \/>\n<meta property=\"og:type\" content=\"article\" \/>\n<meta property=\"og:title\" content=\"GENUX 2\" \/>\n<meta property=\"og:description\" content=\"GENUX 2 \u00e4r utvecklad f\u00f6r att ge effektiv stabilisering vid varus- och valgusinstabilitet samt mild hyperextension. Ortosen \u00e4r s\u00e4rskilt l\u00e4mplig [&hellip;]\" \/>\n<meta property=\"og:url\" content=\"https:\/\/embreis.com\/no\/produkt\/genux-2\/\" \/>\n<meta property=\"og:site_name\" content=\"Embreis NO\" \/>\n<meta property=\"article:modified_time\" content=\"2025-05-08T06:34:02+00:00\" \/>\n<meta property=\"og:image\" content=\"https:\/\/embreis.com\/no\/wp-content\/uploads\/sites\/9\/2025\/05\/GENUX-2.png\" \/>\n\t<meta property=\"og:image:width\" content=\"850\" \/>\n\t<meta property=\"og:image:height\" content=\"850\" \/>\n\t<meta property=\"og:image:type\" content=\"image\/png\" \/>\n<meta name=\"twitter:card\" content=\"summary_large_image\" \/>\n<meta name=\"twitter:label1\" content=\"Ber\u00e4knad l\u00e4stid\" \/>\n\t<meta name=\"twitter:data1\" content=\"1 minut\" \/>\n<script type=\"application\/ld+json\" class=\"yoast-schema-graph\">{\"@context\":\"https:\/\/schema.org\",\"@graph\":[{\"@type\":\"WebPage\",\"@id\":\"https:\/\/embreis.com\/no\/produkt\/genux-2\/\",\"url\":\"https:\/\/embreis.com\/no\/produkt\/genux-2\/\",\"name\":\"GENUX 2 - Embreis NO\",\"isPartOf\":{\"@id\":\"https:\/\/embreis.com\/no\/#website\"},\"primaryImageOfPage\":{\"@id\":\"https:\/\/embreis.com\/no\/produkt\/genux-2\/#primaryimage\"},\"image\":{\"@id\":\"https:\/\/embreis.com\/no\/produkt\/genux-2\/#primaryimage\"},\"thumbnailUrl\":\"https:\/\/embreis.com\/no\/wp-content\/uploads\/sites\/9\/2025\/05\/GENUX-2.png\",\"datePublished\":\"2025-05-08T06:19:21+00:00\",\"dateModified\":\"2025-05-08T06:34:02+00:00\",\"breadcrumb\":{\"@id\":\"https:\/\/embreis.com\/no\/produkt\/genux-2\/#breadcrumb\"},\"inLanguage\":\"sv-SE\",\"potentialAction\":[{\"@type\":\"ReadAction\",\"target\":[\"https:\/\/embreis.com\/no\/produkt\/genux-2\/\"]}]},{\"@type\":\"ImageObject\",\"inLanguage\":\"sv-SE\",\"@id\":\"https:\/\/embreis.com\/no\/produkt\/genux-2\/#primaryimage\",\"url\":\"https:\/\/embreis.com\/no\/wp-content\/uploads\/sites\/9\/2025\/05\/GENUX-2.png\",\"contentUrl\":\"https:\/\/embreis.com\/no\/wp-content\/uploads\/sites\/9\/2025\/05\/GENUX-2.png\",\"width\":850,\"height\":850},{\"@type\":\"BreadcrumbList\",\"@id\":\"https:\/\/embreis.com\/no\/produkt\/genux-2\/#breadcrumb\",\"itemListElement\":[{\"@type\":\"ListItem\",\"position\":1,\"name\":\"Hem\",\"item\":\"https:\/\/embreis.com\/no\/\"},{\"@type\":\"ListItem\",\"position\":2,\"name\":\"Sortiment\",\"item\":\"https:\/\/embreis.com\/no\/sortiment\/\"},{\"@type\":\"ListItem\",\"position\":3,\"name\":\"Ortos\",\"item\":\"https:\/\/embreis.com\/no\/produktkategori\/ortos\/\"},{\"@type\":\"ListItem\",\"position\":4,\"name\":\"Kn\u00e4\",\"item\":\"https:\/\/embreis.com\/no\/produktkategori\/ortos\/kna\/\"},{\"@type\":\"ListItem\",\"position\":5,\"name\":\"Neuro Rehab\",\"item\":\"https:\/\/embreis.com\/no\/produktkategori\/ortos\/kna\/neuro-rehab-kna-ortos\/\"},{\"@type\":\"ListItem\",\"position\":6,\"name\":\"GENUX 2\"}]},{\"@type\":\"WebSite\",\"@id\":\"https:\/\/embreis.com\/no\/#website\",\"url\":\"https:\/\/embreis.com\/no\/\",\"name\":\"Embreis NO\",\"description\":\"Ortoser, proteser och material\",\"potentialAction\":[{\"@type\":\"SearchAction\",\"target\":{\"@type\":\"EntryPoint\",\"urlTemplate\":\"https:\/\/embreis.com\/no\/?s={search_term_string}\"},\"query-input\":{\"@type\":\"PropertyValueSpecification\",\"valueRequired\":true,\"valueName\":\"search_term_string\"}}],\"inLanguage\":\"sv-SE\"}]}<\/script>\n<!-- \/ Yoast SEO Premium plugin. -->","yoast_head_json":{"title":"GENUX 2 - Embreis NO","robots":{"index":"index","follow":"follow","max-snippet":"max-snippet:-1","max-image-preview":"max-image-preview:large","max-video-preview":"max-video-preview:-1"},"canonical":"https:\/\/embreis.com\/no\/produkt\/genux-2\/","og_locale":"sv_SE","og_type":"article","og_title":"GENUX 2","og_description":"GENUX 2 \u00e4r utvecklad f\u00f6r att ge effektiv stabilisering vid varus- och valgusinstabilitet samt mild hyperextension. Ortosen \u00e4r s\u00e4rskilt l\u00e4mplig [&hellip;]","og_url":"https:\/\/embreis.com\/no\/produkt\/genux-2\/","og_site_name":"Embreis NO","article_modified_time":"2025-05-08T06:34:02+00:00","og_image":[{"width":850,"height":850,"url":"https:\/\/embreis.com\/no\/wp-content\/uploads\/sites\/9\/2025\/05\/GENUX-2.png","type":"image\/png"}],"twitter_card":"summary_large_image","twitter_misc":{"Ber\u00e4knad l\u00e4stid":"1 minut"},"schema":{"@context":"https:\/\/schema.org","@graph":[{"@type":"WebPage","@id":"https:\/\/embreis.com\/no\/produkt\/genux-2\/","url":"https:\/\/embreis.com\/no\/produkt\/genux-2\/","name":"GENUX 2 - Embreis NO","isPartOf":{"@id":"https:\/\/embreis.com\/no\/#website"},"primaryImageOfPage":{"@id":"https:\/\/embreis.com\/no\/produkt\/genux-2\/#primaryimage"},"image":{"@id":"https:\/\/embreis.com\/no\/produkt\/genux-2\/#primaryimage"},"thumbnailUrl":"https:\/\/embreis.com\/no\/wp-content\/uploads\/sites\/9\/2025\/05\/GENUX-2.png","datePublished":"2025-05-08T06:19:21+00:00","dateModified":"2025-05-08T06:34:02+00:00","breadcrumb":{"@id":"https:\/\/embreis.com\/no\/produkt\/genux-2\/#breadcrumb"},"inLanguage":"sv-SE","potentialAction":[{"@type":"ReadAction","target":["https:\/\/embreis.com\/no\/produkt\/genux-2\/"]}]},{"@type":"ImageObject","inLanguage":"sv-SE","@id":"https:\/\/embreis.com\/no\/produkt\/genux-2\/#primaryimage","url":"https:\/\/embreis.com\/no\/wp-content\/uploads\/sites\/9\/2025\/05\/GENUX-2.png","contentUrl":"https:\/\/embreis.com\/no\/wp-content\/uploads\/sites\/9\/2025\/05\/GENUX-2.png","width":850,"height":850},{"@type":"BreadcrumbList","@id":"https:\/\/embreis.com\/no\/produkt\/genux-2\/#breadcrumb","itemListElement":[{"@type":"ListItem","position":1,"name":"Hem","item":"https:\/\/embreis.com\/no\/"},{"@type":"ListItem","position":2,"name":"Sortiment","item":"https:\/\/embreis.com\/no\/sortiment\/"},{"@type":"ListItem","position":3,"name":"Ortos","item":"https:\/\/embreis.com\/no\/produktkategori\/ortos\/"},{"@type":"ListItem","position":4,"name":"Kn\u00e4","item":"https:\/\/embreis.com\/no\/produktkategori\/ortos\/kna\/"},{"@type":"ListItem","position":5,"name":"Neuro Rehab","item":"https:\/\/embreis.com\/no\/produktkategori\/ortos\/kna\/neuro-rehab-kna-ortos\/"},{"@type":"ListItem","position":6,"name":"GENUX 2"}]},{"@type":"WebSite","@id":"https:\/\/embreis.com\/no\/#website","url":"https:\/\/embreis.com\/no\/","name":"Embreis NO","description":"Ortoser, proteser och material","potentialAction":[{"@type":"SearchAction","target":{"@type":"EntryPoint","urlTemplate":"https:\/\/embreis.com\/no\/?s={search_term_string}"},"query-input":{"@type":"PropertyValueSpecification","valueRequired":true,"valueName":"search_term_string"}}],"inLanguage":"sv-SE"}]}},"_links":{"self":[{"href":"https:\/\/embreis.com\/no\/wp-json\/wp\/v2\/product\/13198","targetHints":{"allow":["GET"]}}],"collection":[{"href":"https:\/\/embreis.com\/no\/wp-json\/wp\/v2\/product"}],"about":[{"href":"https:\/\/embreis.com\/no\/wp-json\/wp\/v2\/types\/product"}],"wp:featuredmedia":[{"embeddable":true,"href":"https:\/\/embreis.com\/no\/wp-json\/wp\/v2\/media\/13205"}],"wp:attachment":[{"href":"https:\/\/embreis.com\/no\/wp-json\/wp\/v2\/media?parent=13198"}],"wp:term":[{"taxonomy":"product_brand","embeddable":true,"href":"https:\/\/embreis.com\/no\/wp-json\/wp\/v2\/product_brand?post=13198"},{"taxonomy":"product_cat","embeddable":true,"href":"https:\/\/embreis.com\/no\/wp-json\/wp\/v2\/product_cat?post=13198"},{"taxonomy":"product_tag","embeddable":true,"href":"https:\/\/embreis.com\/no\/wp-json\/wp\/v2\/product_tag?post=13198"}],"curies":[{"name":"wp","href":"https:\/\/api.w.org\/{rel}","templated":true}]}}