{"id":12972,"date":"2025-01-07T12:26:33","date_gmt":"2025-01-07T10:26:33","guid":{"rendered":"https:\/\/embreis.com\/no\/?post_type=product&#038;p=12972"},"modified":"2025-02-26T11:16:57","modified_gmt":"2025-02-26T09:16:57","slug":"xtern-classic-2","status":"publish","type":"product","link":"https:\/\/embreis.com\/no\/produkt\/xtern-classic-2\/","title":{"rendered":"Xtern Classic+"},"content":{"rendered":"<div id=\"ctl00_cph1_rightCol\">\n<div id=\"ctl00_cph1_rightCol\">\n<div id=\"ctl00_cph1_rightCol\">\n<p>XTERN Classic+ fr\u00e5n Turbomed \u00e4r utvecklad f\u00f6r den aktiva patienten med droppfot som beh\u00f6ver en p\u00e5litlig och flexibel l\u00f6sning i sin vardag. Ortosen appliceras utanp\u00e5 skon och kommer inte i kontakt med foten, vilket g\u00f6r att brukaren slipper tryck och skav som annars kan uppst\u00e5.<\/p>\n<p>Med hj\u00e4lp av ett clipsf\u00e4ste, som enkelt monteras vid sn\u00f6rstycket, kan ortosen smidigt flyttas mellan olika skor. Den f\u00f6rb\u00e4ttrade konstruktionen s\u00e4kerst\u00e4ller stabilitet och komfort samtidigt som den passar med \u00e4nnu fler skotyper, inklusive tr\u00e4nings- och vardagsskor.<\/p>\n<p>Ortosen \u00e4r f\u00f6rsp\u00e4nd och ger ett effektivt lyft som underl\u00e4ttar g\u00e5ngf\u00f6rm\u00e5gan f\u00f6r de flesta patienter. Vid behov kan sp\u00e4nningen och d\u00e4rmed lyfteffekten justeras individuellt f\u00f6r att m\u00f6ta varje patients specifika behov.<\/p>\n<p>XTERN Classic+ \u00e4r s\u00e4rskilt l\u00e4mplig f\u00f6r aktiva anv\u00e4ndare d\u00e5 den \u00e4r extremt t\u00e5lig och fungerar i de flesta aktiviteter och r\u00f6relsemoment \u2013 fr\u00e5n promenader och vardagsaktiviteter till mer kr\u00e4vande sport och terr\u00e4ng.<\/p>\n<p>Med hj\u00e4lp av <a href=\"https:\/\/embreis.com\/se\/produkt\/extern-at-x-utprovning\/\">testortos Xtern AT-set<\/a> kan XTERN Classic+ provas ut f\u00f6r att s\u00e4kerst\u00e4lla optimal funktion och behov, innan den individuella ortosen best\u00e4lls och anpassas.<\/p>\n<p>Se g\u00e4rna v\u00e5ra informationsfilmer nedan f\u00f6r en tydligare bild av produkten och hur den enkelt anpassas efter dina behov. \u00c4r du patient rekommenderar vi att du bes\u00f6ker <a href=\"https:\/\/www.facebook.com\/groups\/1931055460454084\/\">Turbomed Foot Drop Club<\/a> p\u00e5 Facebook, d\u00e4r du kan hitta svar p\u00e5 fr\u00e5gor, dela erfarenheter och f\u00e5 st\u00f6d fr\u00e5n andra droppfotspatienter och kliniker.<\/p>\n<\/div>\n<\/div>\n<\/div>\n","protected":false},"excerpt":{"rendered":"<p>XTERN Classic+ fr\u00e5n Turbomed \u00e4r utvecklad f\u00f6r den aktiva patienten med droppfot som beh\u00f6ver en p\u00e5litlig och flexibel l\u00f6sning i [&hellip;]<\/p>\n","protected":false},"featured_media":12976,"template":"","meta":[],"product_brand":[],"product_cat":[1231,217,225],"product_tag":[],"class_list":{"0":"post-12972","1":"product","2":"type-product","3":"status-publish","4":"has-post-thumbnail","6":"product_cat-neuro-rehab-vrist-ortos","7":"product_cat-ortos","8":"product_cat-ankel","9":"pa_varumarke-turbomed","11":"first","12":"outofstock","13":"featured","14":"shipping-taxable","15":"product-type-variable"},"acf":[],"yoast_head":"<!-- This site is optimized with the Yoast SEO Premium plugin v25.3.1 (Yoast SEO v25.3.1) - https:\/\/yoast.com\/wordpress\/plugins\/seo\/ -->\n<title>Xtern Classic+ - Embreis NO<\/title>\n<meta name=\"robots\" content=\"index, follow, max-snippet:-1, max-image-preview:large, max-video-preview:-1\" \/>\n<link rel=\"canonical\" href=\"https:\/\/embreis.com\/no\/produkt\/xtern-classic-2\/\" \/>\n<meta property=\"og:locale\" content=\"sv_SE\" \/>\n<meta property=\"og:type\" content=\"article\" \/>\n<meta property=\"og:title\" content=\"Xtern Classic+\" \/>\n<meta property=\"og:description\" content=\"XTERN Classic+ fr\u00e5n Turbomed \u00e4r utvecklad f\u00f6r den aktiva patienten med droppfot som beh\u00f6ver en p\u00e5litlig och flexibel l\u00f6sning i [&hellip;]\" \/>\n<meta property=\"og:url\" content=\"https:\/\/embreis.com\/no\/produkt\/xtern-classic-2\/\" \/>\n<meta property=\"og:site_name\" content=\"Embreis NO\" \/>\n<meta property=\"article:modified_time\" content=\"2025-02-26T09:16:57+00:00\" \/>\n<meta property=\"og:image\" content=\"https:\/\/embreis.com\/no\/wp-content\/uploads\/sites\/9\/2025\/01\/Xtern-Classic_1.png\" \/>\n\t<meta property=\"og:image:width\" content=\"850\" \/>\n\t<meta property=\"og:image:height\" content=\"850\" \/>\n\t<meta property=\"og:image:type\" content=\"image\/png\" \/>\n<meta name=\"twitter:card\" content=\"summary_large_image\" \/>\n<meta name=\"twitter:label1\" content=\"Ber\u00e4knad l\u00e4stid\" \/>\n\t<meta name=\"twitter:data1\" content=\"2 minuter\" \/>\n<script type=\"application\/ld+json\" class=\"yoast-schema-graph\">{\"@context\":\"https:\/\/schema.org\",\"@graph\":[{\"@type\":\"WebPage\",\"@id\":\"https:\/\/embreis.com\/no\/produkt\/xtern-classic-2\/\",\"url\":\"https:\/\/embreis.com\/no\/produkt\/xtern-classic-2\/\",\"name\":\"Xtern Classic+ - Embreis NO\",\"isPartOf\":{\"@id\":\"https:\/\/embreis.com\/no\/#website\"},\"primaryImageOfPage\":{\"@id\":\"https:\/\/embreis.com\/no\/produkt\/xtern-classic-2\/#primaryimage\"},\"image\":{\"@id\":\"https:\/\/embreis.com\/no\/produkt\/xtern-classic-2\/#primaryimage\"},\"thumbnailUrl\":\"https:\/\/embreis.com\/no\/wp-content\/uploads\/sites\/9\/2025\/01\/Xtern-Classic_1.png\",\"datePublished\":\"2025-01-07T10:26:33+00:00\",\"dateModified\":\"2025-02-26T09:16:57+00:00\",\"breadcrumb\":{\"@id\":\"https:\/\/embreis.com\/no\/produkt\/xtern-classic-2\/#breadcrumb\"},\"inLanguage\":\"sv-SE\",\"potentialAction\":[{\"@type\":\"ReadAction\",\"target\":[\"https:\/\/embreis.com\/no\/produkt\/xtern-classic-2\/\"]}]},{\"@type\":\"ImageObject\",\"inLanguage\":\"sv-SE\",\"@id\":\"https:\/\/embreis.com\/no\/produkt\/xtern-classic-2\/#primaryimage\",\"url\":\"https:\/\/embreis.com\/no\/wp-content\/uploads\/sites\/9\/2025\/01\/Xtern-Classic_1.png\",\"contentUrl\":\"https:\/\/embreis.com\/no\/wp-content\/uploads\/sites\/9\/2025\/01\/Xtern-Classic_1.png\",\"width\":850,\"height\":850},{\"@type\":\"BreadcrumbList\",\"@id\":\"https:\/\/embreis.com\/no\/produkt\/xtern-classic-2\/#breadcrumb\",\"itemListElement\":[{\"@type\":\"ListItem\",\"position\":1,\"name\":\"Hem\",\"item\":\"https:\/\/embreis.com\/no\/\"},{\"@type\":\"ListItem\",\"position\":2,\"name\":\"Sortiment\",\"item\":\"https:\/\/embreis.com\/no\/sortiment\/\"},{\"@type\":\"ListItem\",\"position\":3,\"name\":\"Ortos\",\"item\":\"https:\/\/embreis.com\/no\/produktkategori\/ortos\/\"},{\"@type\":\"ListItem\",\"position\":4,\"name\":\"Ankel\",\"item\":\"https:\/\/embreis.com\/no\/produktkategori\/ortos\/ankel\/\"},{\"@type\":\"ListItem\",\"position\":5,\"name\":\"Neuro - Rehab\",\"item\":\"https:\/\/embreis.com\/no\/produktkategori\/ortos\/ankel\/neuro-rehab-vrist-ortos\/\"},{\"@type\":\"ListItem\",\"position\":6,\"name\":\"Xtern Classic+\"}]},{\"@type\":\"WebSite\",\"@id\":\"https:\/\/embreis.com\/no\/#website\",\"url\":\"https:\/\/embreis.com\/no\/\",\"name\":\"Embreis NO\",\"description\":\"Ortoser, proteser och material\",\"potentialAction\":[{\"@type\":\"SearchAction\",\"target\":{\"@type\":\"EntryPoint\",\"urlTemplate\":\"https:\/\/embreis.com\/no\/?s={search_term_string}\"},\"query-input\":{\"@type\":\"PropertyValueSpecification\",\"valueRequired\":true,\"valueName\":\"search_term_string\"}}],\"inLanguage\":\"sv-SE\"}]}<\/script>\n<!-- \/ Yoast SEO Premium plugin. -->","yoast_head_json":{"title":"Xtern Classic+ - Embreis NO","robots":{"index":"index","follow":"follow","max-snippet":"max-snippet:-1","max-image-preview":"max-image-preview:large","max-video-preview":"max-video-preview:-1"},"canonical":"https:\/\/embreis.com\/no\/produkt\/xtern-classic-2\/","og_locale":"sv_SE","og_type":"article","og_title":"Xtern Classic+","og_description":"XTERN Classic+ fr\u00e5n Turbomed \u00e4r utvecklad f\u00f6r den aktiva patienten med droppfot som beh\u00f6ver en p\u00e5litlig och flexibel l\u00f6sning i [&hellip;]","og_url":"https:\/\/embreis.com\/no\/produkt\/xtern-classic-2\/","og_site_name":"Embreis NO","article_modified_time":"2025-02-26T09:16:57+00:00","og_image":[{"width":850,"height":850,"url":"https:\/\/embreis.com\/no\/wp-content\/uploads\/sites\/9\/2025\/01\/Xtern-Classic_1.png","type":"image\/png"}],"twitter_card":"summary_large_image","twitter_misc":{"Ber\u00e4knad l\u00e4stid":"2 minuter"},"schema":{"@context":"https:\/\/schema.org","@graph":[{"@type":"WebPage","@id":"https:\/\/embreis.com\/no\/produkt\/xtern-classic-2\/","url":"https:\/\/embreis.com\/no\/produkt\/xtern-classic-2\/","name":"Xtern Classic+ - Embreis NO","isPartOf":{"@id":"https:\/\/embreis.com\/no\/#website"},"primaryImageOfPage":{"@id":"https:\/\/embreis.com\/no\/produkt\/xtern-classic-2\/#primaryimage"},"image":{"@id":"https:\/\/embreis.com\/no\/produkt\/xtern-classic-2\/#primaryimage"},"thumbnailUrl":"https:\/\/embreis.com\/no\/wp-content\/uploads\/sites\/9\/2025\/01\/Xtern-Classic_1.png","datePublished":"2025-01-07T10:26:33+00:00","dateModified":"2025-02-26T09:16:57+00:00","breadcrumb":{"@id":"https:\/\/embreis.com\/no\/produkt\/xtern-classic-2\/#breadcrumb"},"inLanguage":"sv-SE","potentialAction":[{"@type":"ReadAction","target":["https:\/\/embreis.com\/no\/produkt\/xtern-classic-2\/"]}]},{"@type":"ImageObject","inLanguage":"sv-SE","@id":"https:\/\/embreis.com\/no\/produkt\/xtern-classic-2\/#primaryimage","url":"https:\/\/embreis.com\/no\/wp-content\/uploads\/sites\/9\/2025\/01\/Xtern-Classic_1.png","contentUrl":"https:\/\/embreis.com\/no\/wp-content\/uploads\/sites\/9\/2025\/01\/Xtern-Classic_1.png","width":850,"height":850},{"@type":"BreadcrumbList","@id":"https:\/\/embreis.com\/no\/produkt\/xtern-classic-2\/#breadcrumb","itemListElement":[{"@type":"ListItem","position":1,"name":"Hem","item":"https:\/\/embreis.com\/no\/"},{"@type":"ListItem","position":2,"name":"Sortiment","item":"https:\/\/embreis.com\/no\/sortiment\/"},{"@type":"ListItem","position":3,"name":"Ortos","item":"https:\/\/embreis.com\/no\/produktkategori\/ortos\/"},{"@type":"ListItem","position":4,"name":"Ankel","item":"https:\/\/embreis.com\/no\/produktkategori\/ortos\/ankel\/"},{"@type":"ListItem","position":5,"name":"Neuro - Rehab","item":"https:\/\/embreis.com\/no\/produktkategori\/ortos\/ankel\/neuro-rehab-vrist-ortos\/"},{"@type":"ListItem","position":6,"name":"Xtern Classic+"}]},{"@type":"WebSite","@id":"https:\/\/embreis.com\/no\/#website","url":"https:\/\/embreis.com\/no\/","name":"Embreis NO","description":"Ortoser, proteser och material","potentialAction":[{"@type":"SearchAction","target":{"@type":"EntryPoint","urlTemplate":"https:\/\/embreis.com\/no\/?s={search_term_string}"},"query-input":{"@type":"PropertyValueSpecification","valueRequired":true,"valueName":"search_term_string"}}],"inLanguage":"sv-SE"}]}},"_links":{"self":[{"href":"https:\/\/embreis.com\/no\/wp-json\/wp\/v2\/product\/12972","targetHints":{"allow":["GET"]}}],"collection":[{"href":"https:\/\/embreis.com\/no\/wp-json\/wp\/v2\/product"}],"about":[{"href":"https:\/\/embreis.com\/no\/wp-json\/wp\/v2\/types\/product"}],"wp:featuredmedia":[{"embeddable":true,"href":"https:\/\/embreis.com\/no\/wp-json\/wp\/v2\/media\/12976"}],"wp:attachment":[{"href":"https:\/\/embreis.com\/no\/wp-json\/wp\/v2\/media?parent=12972"}],"wp:term":[{"taxonomy":"product_brand","embeddable":true,"href":"https:\/\/embreis.com\/no\/wp-json\/wp\/v2\/product_brand?post=12972"},{"taxonomy":"product_cat","embeddable":true,"href":"https:\/\/embreis.com\/no\/wp-json\/wp\/v2\/product_cat?post=12972"},{"taxonomy":"product_tag","embeddable":true,"href":"https:\/\/embreis.com\/no\/wp-json\/wp\/v2\/product_tag?post=12972"}],"curies":[{"name":"wp","href":"https:\/\/api.w.org\/{rel}","templated":true}]}}