{"id":12955,"date":"2024-11-29T15:09:00","date_gmt":"2024-11-29T13:09:00","guid":{"rendered":"https:\/\/embreis.com\/no\/?post_type=product&#038;p=12955"},"modified":"2025-03-28T09:11:12","modified_gmt":"2025-03-28T07:11:12","slug":"glide","status":"publish","type":"product","link":"https:\/\/embreis.com\/no\/produkt\/glide\/","title":{"rendered":"Glide"},"content":{"rendered":"<p><strong>Glide<\/strong> \u00e4r en droppfotsskena med Lateral-Anterior bygel, tillverkad i formpressad kolfiber.\u00a0 Framtagen f\u00f6r brukare med nedsatt kn\u00e4kontroll och droppfot. Den anteriort placerade bygeln ger f\u00f6rb\u00e4ttrad dynamisk kraft och stabiliserar kn\u00e4 och fot i varje steg. Med sin robusta kolfiberkonstruktion och vikt p\u00e5 387 gram erbjuder Glide h\u00f6g prestanda och h\u00e5llbarhet f\u00f6r aktiva brukare.<\/p>\n<p>Glide levereras i universalstorlek i h\u00f6ger och v\u00e4nster och kan anpassas f\u00f6r individuell passform. Att ortosen \u00e4r universell i storlek ger stora f\u00f6rdelar f\u00f6r utprovaren, med l\u00e4gre lagerh\u00e5llning och m\u00f6jlighet till individuella anpassningar.<\/p>\n<p>Glide levereras med det l\u00e4ttanv\u00e4nda Boa\u00ae Fit Systemet vilket ger brukaren m\u00f6jlighet att enkelt justera sin ortos, \u00e4ven f\u00f6r brukare med nedsatt funktion i hand och fingrar. Den anteriort placerade bygeln \u00e4r justerbar i h\u00f6jd mellan 28,5 \u2013 38 cm<\/p>\n<p>F\u00f6r extra stabilitet finns tillbeh\u00f6ret HelixBand som \u00e4r designat f\u00f6r att ge ett dynamiskt st\u00f6d vid varus- och valgusst\u00e4llningar. Med sina dubbla band kan HelixBand anpassas f\u00f6r att ge stabilitet och proprioception genom hela steget.<\/p>\n<p>Det \u00e4r l\u00e4tt att applicera med en hand och ger stabilitet f\u00f6r brukare som beh\u00f6ver korrigering av pronation eller supination utan behov av andra specialtillverkade l\u00f6sningar.<\/p>\n","protected":false},"excerpt":{"rendered":"<p>Glide \u00e4r en droppfotsskena med Lateral-Anterior bygel, tillverkad i formpressad kolfiber.\u00a0 Framtagen f\u00f6r brukare med nedsatt kn\u00e4kontroll och droppfot. Den [&hellip;]<\/p>\n","protected":false},"featured_media":12962,"template":"","meta":[],"product_brand":[],"product_cat":[1231,1380,217,225],"product_tag":[],"class_list":{"0":"post-12955","1":"product","2":"type-product","3":"status-publish","4":"has-post-thumbnail","6":"product_cat-neuro-rehab-vrist-ortos","7":"product_cat-nyheter","8":"product_cat-ortos","9":"product_cat-ankel","10":"pa_varumarke-elevate-movement","12":"first","13":"instock","14":"featured","15":"shipping-taxable","16":"product-type-simple"},"acf":[],"yoast_head":"<!-- This site is optimized with the Yoast SEO Premium plugin v25.3.1 (Yoast SEO v25.3.1) - https:\/\/yoast.com\/wordpress\/plugins\/seo\/ -->\n<title>Glide - Embreis NO<\/title>\n<meta name=\"robots\" content=\"index, follow, max-snippet:-1, max-image-preview:large, max-video-preview:-1\" \/>\n<link rel=\"canonical\" href=\"https:\/\/embreis.com\/no\/produkt\/glide\/\" \/>\n<meta property=\"og:locale\" content=\"sv_SE\" \/>\n<meta property=\"og:type\" content=\"article\" \/>\n<meta property=\"og:title\" content=\"Glide\" \/>\n<meta property=\"og:description\" content=\"Glide \u00e4r en droppfotsskena med Lateral-Anterior bygel, tillverkad i formpressad kolfiber.\u00a0 Framtagen f\u00f6r brukare med nedsatt kn\u00e4kontroll och droppfot. Den [&hellip;]\" \/>\n<meta property=\"og:url\" content=\"https:\/\/embreis.com\/no\/produkt\/glide\/\" \/>\n<meta property=\"og:site_name\" content=\"Embreis NO\" \/>\n<meta property=\"article:modified_time\" content=\"2025-03-28T07:11:12+00:00\" \/>\n<meta property=\"og:image\" content=\"https:\/\/embreis.com\/no\/wp-content\/uploads\/sites\/9\/2024\/11\/Elevate-Glide_3.jpg\" \/>\n\t<meta property=\"og:image:width\" content=\"850\" \/>\n\t<meta property=\"og:image:height\" content=\"850\" \/>\n\t<meta property=\"og:image:type\" content=\"image\/jpeg\" \/>\n<meta name=\"twitter:card\" content=\"summary_large_image\" \/>\n<meta name=\"twitter:label1\" content=\"Ber\u00e4knad l\u00e4stid\" \/>\n\t<meta name=\"twitter:data1\" content=\"2 minuter\" \/>\n<script type=\"application\/ld+json\" class=\"yoast-schema-graph\">{\"@context\":\"https:\/\/schema.org\",\"@graph\":[{\"@type\":\"WebPage\",\"@id\":\"https:\/\/embreis.com\/no\/produkt\/glide\/\",\"url\":\"https:\/\/embreis.com\/no\/produkt\/glide\/\",\"name\":\"Glide - Embreis NO\",\"isPartOf\":{\"@id\":\"https:\/\/embreis.com\/no\/#website\"},\"primaryImageOfPage\":{\"@id\":\"https:\/\/embreis.com\/no\/produkt\/glide\/#primaryimage\"},\"image\":{\"@id\":\"https:\/\/embreis.com\/no\/produkt\/glide\/#primaryimage\"},\"thumbnailUrl\":\"https:\/\/embreis.com\/no\/wp-content\/uploads\/sites\/9\/2024\/11\/Elevate-Glide_3.jpg\",\"datePublished\":\"2024-11-29T13:09:00+00:00\",\"dateModified\":\"2025-03-28T07:11:12+00:00\",\"breadcrumb\":{\"@id\":\"https:\/\/embreis.com\/no\/produkt\/glide\/#breadcrumb\"},\"inLanguage\":\"sv-SE\",\"potentialAction\":[{\"@type\":\"ReadAction\",\"target\":[\"https:\/\/embreis.com\/no\/produkt\/glide\/\"]}]},{\"@type\":\"ImageObject\",\"inLanguage\":\"sv-SE\",\"@id\":\"https:\/\/embreis.com\/no\/produkt\/glide\/#primaryimage\",\"url\":\"https:\/\/embreis.com\/no\/wp-content\/uploads\/sites\/9\/2024\/11\/Elevate-Glide_3.jpg\",\"contentUrl\":\"https:\/\/embreis.com\/no\/wp-content\/uploads\/sites\/9\/2024\/11\/Elevate-Glide_3.jpg\",\"width\":850,\"height\":850},{\"@type\":\"BreadcrumbList\",\"@id\":\"https:\/\/embreis.com\/no\/produkt\/glide\/#breadcrumb\",\"itemListElement\":[{\"@type\":\"ListItem\",\"position\":1,\"name\":\"Hem\",\"item\":\"https:\/\/embreis.com\/no\/\"},{\"@type\":\"ListItem\",\"position\":2,\"name\":\"Sortiment\",\"item\":\"https:\/\/embreis.com\/no\/sortiment\/\"},{\"@type\":\"ListItem\",\"position\":3,\"name\":\"Ortos\",\"item\":\"https:\/\/embreis.com\/no\/produktkategori\/ortos\/\"},{\"@type\":\"ListItem\",\"position\":4,\"name\":\"Ankel\",\"item\":\"https:\/\/embreis.com\/no\/produktkategori\/ortos\/ankel\/\"},{\"@type\":\"ListItem\",\"position\":5,\"name\":\"Neuro - Rehab\",\"item\":\"https:\/\/embreis.com\/no\/produktkategori\/ortos\/ankel\/neuro-rehab-vrist-ortos\/\"},{\"@type\":\"ListItem\",\"position\":6,\"name\":\"Glide\"}]},{\"@type\":\"WebSite\",\"@id\":\"https:\/\/embreis.com\/no\/#website\",\"url\":\"https:\/\/embreis.com\/no\/\",\"name\":\"Embreis NO\",\"description\":\"Ortoser, proteser och material\",\"potentialAction\":[{\"@type\":\"SearchAction\",\"target\":{\"@type\":\"EntryPoint\",\"urlTemplate\":\"https:\/\/embreis.com\/no\/?s={search_term_string}\"},\"query-input\":{\"@type\":\"PropertyValueSpecification\",\"valueRequired\":true,\"valueName\":\"search_term_string\"}}],\"inLanguage\":\"sv-SE\"}]}<\/script>\n<!-- \/ Yoast SEO Premium plugin. -->","yoast_head_json":{"title":"Glide - Embreis NO","robots":{"index":"index","follow":"follow","max-snippet":"max-snippet:-1","max-image-preview":"max-image-preview:large","max-video-preview":"max-video-preview:-1"},"canonical":"https:\/\/embreis.com\/no\/produkt\/glide\/","og_locale":"sv_SE","og_type":"article","og_title":"Glide","og_description":"Glide \u00e4r en droppfotsskena med Lateral-Anterior bygel, tillverkad i formpressad kolfiber.\u00a0 Framtagen f\u00f6r brukare med nedsatt kn\u00e4kontroll och droppfot. Den [&hellip;]","og_url":"https:\/\/embreis.com\/no\/produkt\/glide\/","og_site_name":"Embreis NO","article_modified_time":"2025-03-28T07:11:12+00:00","og_image":[{"width":850,"height":850,"url":"https:\/\/embreis.com\/no\/wp-content\/uploads\/sites\/9\/2024\/11\/Elevate-Glide_3.jpg","type":"image\/jpeg"}],"twitter_card":"summary_large_image","twitter_misc":{"Ber\u00e4knad l\u00e4stid":"2 minuter"},"schema":{"@context":"https:\/\/schema.org","@graph":[{"@type":"WebPage","@id":"https:\/\/embreis.com\/no\/produkt\/glide\/","url":"https:\/\/embreis.com\/no\/produkt\/glide\/","name":"Glide - Embreis NO","isPartOf":{"@id":"https:\/\/embreis.com\/no\/#website"},"primaryImageOfPage":{"@id":"https:\/\/embreis.com\/no\/produkt\/glide\/#primaryimage"},"image":{"@id":"https:\/\/embreis.com\/no\/produkt\/glide\/#primaryimage"},"thumbnailUrl":"https:\/\/embreis.com\/no\/wp-content\/uploads\/sites\/9\/2024\/11\/Elevate-Glide_3.jpg","datePublished":"2024-11-29T13:09:00+00:00","dateModified":"2025-03-28T07:11:12+00:00","breadcrumb":{"@id":"https:\/\/embreis.com\/no\/produkt\/glide\/#breadcrumb"},"inLanguage":"sv-SE","potentialAction":[{"@type":"ReadAction","target":["https:\/\/embreis.com\/no\/produkt\/glide\/"]}]},{"@type":"ImageObject","inLanguage":"sv-SE","@id":"https:\/\/embreis.com\/no\/produkt\/glide\/#primaryimage","url":"https:\/\/embreis.com\/no\/wp-content\/uploads\/sites\/9\/2024\/11\/Elevate-Glide_3.jpg","contentUrl":"https:\/\/embreis.com\/no\/wp-content\/uploads\/sites\/9\/2024\/11\/Elevate-Glide_3.jpg","width":850,"height":850},{"@type":"BreadcrumbList","@id":"https:\/\/embreis.com\/no\/produkt\/glide\/#breadcrumb","itemListElement":[{"@type":"ListItem","position":1,"name":"Hem","item":"https:\/\/embreis.com\/no\/"},{"@type":"ListItem","position":2,"name":"Sortiment","item":"https:\/\/embreis.com\/no\/sortiment\/"},{"@type":"ListItem","position":3,"name":"Ortos","item":"https:\/\/embreis.com\/no\/produktkategori\/ortos\/"},{"@type":"ListItem","position":4,"name":"Ankel","item":"https:\/\/embreis.com\/no\/produktkategori\/ortos\/ankel\/"},{"@type":"ListItem","position":5,"name":"Neuro - Rehab","item":"https:\/\/embreis.com\/no\/produktkategori\/ortos\/ankel\/neuro-rehab-vrist-ortos\/"},{"@type":"ListItem","position":6,"name":"Glide"}]},{"@type":"WebSite","@id":"https:\/\/embreis.com\/no\/#website","url":"https:\/\/embreis.com\/no\/","name":"Embreis NO","description":"Ortoser, proteser och material","potentialAction":[{"@type":"SearchAction","target":{"@type":"EntryPoint","urlTemplate":"https:\/\/embreis.com\/no\/?s={search_term_string}"},"query-input":{"@type":"PropertyValueSpecification","valueRequired":true,"valueName":"search_term_string"}}],"inLanguage":"sv-SE"}]}},"_links":{"self":[{"href":"https:\/\/embreis.com\/no\/wp-json\/wp\/v2\/product\/12955","targetHints":{"allow":["GET"]}}],"collection":[{"href":"https:\/\/embreis.com\/no\/wp-json\/wp\/v2\/product"}],"about":[{"href":"https:\/\/embreis.com\/no\/wp-json\/wp\/v2\/types\/product"}],"wp:featuredmedia":[{"embeddable":true,"href":"https:\/\/embreis.com\/no\/wp-json\/wp\/v2\/media\/12962"}],"wp:attachment":[{"href":"https:\/\/embreis.com\/no\/wp-json\/wp\/v2\/media?parent=12955"}],"wp:term":[{"taxonomy":"product_brand","embeddable":true,"href":"https:\/\/embreis.com\/no\/wp-json\/wp\/v2\/product_brand?post=12955"},{"taxonomy":"product_cat","embeddable":true,"href":"https:\/\/embreis.com\/no\/wp-json\/wp\/v2\/product_cat?post=12955"},{"taxonomy":"product_tag","embeddable":true,"href":"https:\/\/embreis.com\/no\/wp-json\/wp\/v2\/product_tag?post=12955"}],"curies":[{"name":"wp","href":"https:\/\/api.w.org\/{rel}","templated":true}]}}