{"id":12921,"date":"2024-11-27T17:24:24","date_gmt":"2024-11-27T15:24:24","guid":{"rendered":"https:\/\/embreis.com\/no\/?post_type=product&#038;p=12921"},"modified":"2024-11-28T10:25:07","modified_gmt":"2024-11-28T08:25:07","slug":"roradapter-titan-30mm-m-pyramidhona","status":"publish","type":"product","link":"https:\/\/embreis.com\/no\/produkt\/roradapter-titan-30mm-m-pyramidhona\/","title":{"rendered":"R\u00f6radapter Titan 30mm m. pyramidhona"},"content":{"rendered":"<p>ST&amp;G tillverkar h\u00f6gkvalitativa smidda titankomponenter. Med specialdesignade skruvar som erbjuder korrosionsskyddande egenskaper. Anv\u00e4nd denna adapter ihop med andra ST&amp;G titankomponenter f\u00f6r att skapa en komplett vattent\u00e4t l\u00f6sning.<\/p>\n","protected":false},"excerpt":{"rendered":"<ul>\n<li>Titan &#8211; 136 kg \/ 79 g<\/li>\n<li>Vattent\u00e4t<\/li>\n<\/ul>\n","protected":false},"featured_media":12942,"template":"","meta":[],"product_brand":[],"product_cat":[1380,1245,272,273],"product_tag":[],"class_list":{"0":"post-12921","1":"product","2":"type-product","3":"status-publish","4":"has-post-thumbnail","6":"product_cat-nyheter","7":"product_cat-roradaptrar","8":"product_cat-protes","9":"product_cat-adaptrar","10":"pa_varumarke-stg-corporation","12":"first","13":"outofstock","14":"featured","15":"shipping-taxable","16":"product-type-variable"},"acf":[],"yoast_head":"<!-- This site is optimized with the Yoast SEO Premium plugin v27.3 (Yoast SEO v27.3) - https:\/\/yoast.com\/product\/yoast-seo-premium-wordpress\/ -->\n<title>R\u00f6radapter Titan 30mm m. pyramidhona - Embreis NO<\/title>\n<meta name=\"robots\" content=\"index, follow, max-snippet:-1, max-image-preview:large, max-video-preview:-1\" \/>\n<link rel=\"canonical\" href=\"https:\/\/embreis.com\/no\/produkt\/roradapter-titan-30mm-m-pyramidhona\/\" \/>\n<meta property=\"og:locale\" content=\"sv_SE\" \/>\n<meta property=\"og:type\" content=\"article\" \/>\n<meta property=\"og:title\" content=\"R\u00f6radapter Titan 30mm m. pyramidhona\" \/>\n<meta property=\"og:description\" content=\"Titan - 136 kg \/ 79 g  Vattent\u00e4t\" \/>\n<meta property=\"og:url\" content=\"https:\/\/embreis.com\/no\/produkt\/roradapter-titan-30mm-m-pyramidhona\/\" \/>\n<meta property=\"og:site_name\" content=\"Embreis NO\" \/>\n<meta property=\"article:modified_time\" content=\"2024-11-28T08:25:07+00:00\" \/>\n<meta property=\"og:image\" content=\"https:\/\/embreis.com\/no\/wp-content\/uploads\/sites\/9\/2024\/11\/1212T-2.png\" \/>\n\t<meta property=\"og:image:width\" content=\"850\" \/>\n\t<meta property=\"og:image:height\" content=\"850\" \/>\n\t<meta property=\"og:image:type\" content=\"image\/png\" \/>\n<meta name=\"twitter:card\" content=\"summary_large_image\" \/>\n<meta name=\"twitter:label1\" content=\"Ber\u00e4knad l\u00e4stid\" \/>\n\t<meta name=\"twitter:data1\" content=\"1 minut\" \/>\n<script type=\"application\/ld+json\" class=\"yoast-schema-graph\">{\"@context\":\"https:\\\/\\\/schema.org\",\"@graph\":[{\"@type\":\"WebPage\",\"@id\":\"https:\\\/\\\/embreis.com\\\/no\\\/produkt\\\/roradapter-titan-30mm-m-pyramidhona\\\/\",\"url\":\"https:\\\/\\\/embreis.com\\\/no\\\/produkt\\\/roradapter-titan-30mm-m-pyramidhona\\\/\",\"name\":\"R\u00f6radapter Titan 30mm m. pyramidhona - Embreis NO\",\"isPartOf\":{\"@id\":\"https:\\\/\\\/embreis.com\\\/no\\\/#website\"},\"primaryImageOfPage\":{\"@id\":\"https:\\\/\\\/embreis.com\\\/no\\\/produkt\\\/roradapter-titan-30mm-m-pyramidhona\\\/#primaryimage\"},\"image\":{\"@id\":\"https:\\\/\\\/embreis.com\\\/no\\\/produkt\\\/roradapter-titan-30mm-m-pyramidhona\\\/#primaryimage\"},\"thumbnailUrl\":\"https:\\\/\\\/embreis.com\\\/no\\\/wp-content\\\/uploads\\\/sites\\\/9\\\/2024\\\/11\\\/1212T-2.png\",\"datePublished\":\"2024-11-27T15:24:24+00:00\",\"dateModified\":\"2024-11-28T08:25:07+00:00\",\"breadcrumb\":{\"@id\":\"https:\\\/\\\/embreis.com\\\/no\\\/produkt\\\/roradapter-titan-30mm-m-pyramidhona\\\/#breadcrumb\"},\"inLanguage\":\"sv-SE\",\"potentialAction\":[{\"@type\":\"ReadAction\",\"target\":[\"https:\\\/\\\/embreis.com\\\/no\\\/produkt\\\/roradapter-titan-30mm-m-pyramidhona\\\/\"]}]},{\"@type\":\"ImageObject\",\"inLanguage\":\"sv-SE\",\"@id\":\"https:\\\/\\\/embreis.com\\\/no\\\/produkt\\\/roradapter-titan-30mm-m-pyramidhona\\\/#primaryimage\",\"url\":\"https:\\\/\\\/embreis.com\\\/no\\\/wp-content\\\/uploads\\\/sites\\\/9\\\/2024\\\/11\\\/1212T-2.png\",\"contentUrl\":\"https:\\\/\\\/embreis.com\\\/no\\\/wp-content\\\/uploads\\\/sites\\\/9\\\/2024\\\/11\\\/1212T-2.png\",\"width\":850,\"height\":850},{\"@type\":\"BreadcrumbList\",\"@id\":\"https:\\\/\\\/embreis.com\\\/no\\\/produkt\\\/roradapter-titan-30mm-m-pyramidhona\\\/#breadcrumb\",\"itemListElement\":[{\"@type\":\"ListItem\",\"position\":1,\"name\":\"Hem\",\"item\":\"https:\\\/\\\/embreis.com\\\/no\\\/\"},{\"@type\":\"ListItem\",\"position\":2,\"name\":\"Sortiment\",\"item\":\"https:\\\/\\\/embreis.com\\\/no\\\/sortiment\\\/\"},{\"@type\":\"ListItem\",\"position\":3,\"name\":\"Nyheter\",\"item\":\"https:\\\/\\\/embreis.com\\\/no\\\/produktkategori\\\/nyheter\\\/\"},{\"@type\":\"ListItem\",\"position\":4,\"name\":\"R\u00f6radapter Titan 30mm m. pyramidhona\"}]},{\"@type\":\"WebSite\",\"@id\":\"https:\\\/\\\/embreis.com\\\/no\\\/#website\",\"url\":\"https:\\\/\\\/embreis.com\\\/no\\\/\",\"name\":\"Embreis NO\",\"description\":\"Ortoser, proteser och material\",\"potentialAction\":[{\"@type\":\"SearchAction\",\"target\":{\"@type\":\"EntryPoint\",\"urlTemplate\":\"https:\\\/\\\/embreis.com\\\/no\\\/?s={search_term_string}\"},\"query-input\":{\"@type\":\"PropertyValueSpecification\",\"valueRequired\":true,\"valueName\":\"search_term_string\"}}],\"inLanguage\":\"sv-SE\"}]}<\/script>\n<!-- \/ Yoast SEO Premium plugin. -->","yoast_head_json":{"title":"R\u00f6radapter Titan 30mm m. pyramidhona - Embreis NO","robots":{"index":"index","follow":"follow","max-snippet":"max-snippet:-1","max-image-preview":"max-image-preview:large","max-video-preview":"max-video-preview:-1"},"canonical":"https:\/\/embreis.com\/no\/produkt\/roradapter-titan-30mm-m-pyramidhona\/","og_locale":"sv_SE","og_type":"article","og_title":"R\u00f6radapter Titan 30mm m. pyramidhona","og_description":"Titan - 136 kg \/ 79 g  Vattent\u00e4t","og_url":"https:\/\/embreis.com\/no\/produkt\/roradapter-titan-30mm-m-pyramidhona\/","og_site_name":"Embreis NO","article_modified_time":"2024-11-28T08:25:07+00:00","og_image":[{"width":850,"height":850,"url":"https:\/\/embreis.com\/no\/wp-content\/uploads\/sites\/9\/2024\/11\/1212T-2.png","type":"image\/png"}],"twitter_card":"summary_large_image","twitter_misc":{"Ber\u00e4knad l\u00e4stid":"1 minut"},"schema":{"@context":"https:\/\/schema.org","@graph":[{"@type":"WebPage","@id":"https:\/\/embreis.com\/no\/produkt\/roradapter-titan-30mm-m-pyramidhona\/","url":"https:\/\/embreis.com\/no\/produkt\/roradapter-titan-30mm-m-pyramidhona\/","name":"R\u00f6radapter Titan 30mm m. pyramidhona - Embreis NO","isPartOf":{"@id":"https:\/\/embreis.com\/no\/#website"},"primaryImageOfPage":{"@id":"https:\/\/embreis.com\/no\/produkt\/roradapter-titan-30mm-m-pyramidhona\/#primaryimage"},"image":{"@id":"https:\/\/embreis.com\/no\/produkt\/roradapter-titan-30mm-m-pyramidhona\/#primaryimage"},"thumbnailUrl":"https:\/\/embreis.com\/no\/wp-content\/uploads\/sites\/9\/2024\/11\/1212T-2.png","datePublished":"2024-11-27T15:24:24+00:00","dateModified":"2024-11-28T08:25:07+00:00","breadcrumb":{"@id":"https:\/\/embreis.com\/no\/produkt\/roradapter-titan-30mm-m-pyramidhona\/#breadcrumb"},"inLanguage":"sv-SE","potentialAction":[{"@type":"ReadAction","target":["https:\/\/embreis.com\/no\/produkt\/roradapter-titan-30mm-m-pyramidhona\/"]}]},{"@type":"ImageObject","inLanguage":"sv-SE","@id":"https:\/\/embreis.com\/no\/produkt\/roradapter-titan-30mm-m-pyramidhona\/#primaryimage","url":"https:\/\/embreis.com\/no\/wp-content\/uploads\/sites\/9\/2024\/11\/1212T-2.png","contentUrl":"https:\/\/embreis.com\/no\/wp-content\/uploads\/sites\/9\/2024\/11\/1212T-2.png","width":850,"height":850},{"@type":"BreadcrumbList","@id":"https:\/\/embreis.com\/no\/produkt\/roradapter-titan-30mm-m-pyramidhona\/#breadcrumb","itemListElement":[{"@type":"ListItem","position":1,"name":"Hem","item":"https:\/\/embreis.com\/no\/"},{"@type":"ListItem","position":2,"name":"Sortiment","item":"https:\/\/embreis.com\/no\/sortiment\/"},{"@type":"ListItem","position":3,"name":"Nyheter","item":"https:\/\/embreis.com\/no\/produktkategori\/nyheter\/"},{"@type":"ListItem","position":4,"name":"R\u00f6radapter Titan 30mm m. pyramidhona"}]},{"@type":"WebSite","@id":"https:\/\/embreis.com\/no\/#website","url":"https:\/\/embreis.com\/no\/","name":"Embreis NO","description":"Ortoser, proteser och material","potentialAction":[{"@type":"SearchAction","target":{"@type":"EntryPoint","urlTemplate":"https:\/\/embreis.com\/no\/?s={search_term_string}"},"query-input":{"@type":"PropertyValueSpecification","valueRequired":true,"valueName":"search_term_string"}}],"inLanguage":"sv-SE"}]}},"_links":{"self":[{"href":"https:\/\/embreis.com\/no\/wp-json\/wp\/v2\/product\/12921","targetHints":{"allow":["GET"]}}],"collection":[{"href":"https:\/\/embreis.com\/no\/wp-json\/wp\/v2\/product"}],"about":[{"href":"https:\/\/embreis.com\/no\/wp-json\/wp\/v2\/types\/product"}],"wp:featuredmedia":[{"embeddable":true,"href":"https:\/\/embreis.com\/no\/wp-json\/wp\/v2\/media\/12942"}],"wp:attachment":[{"href":"https:\/\/embreis.com\/no\/wp-json\/wp\/v2\/media?parent=12921"}],"wp:term":[{"taxonomy":"product_brand","embeddable":true,"href":"https:\/\/embreis.com\/no\/wp-json\/wp\/v2\/product_brand?post=12921"},{"taxonomy":"product_cat","embeddable":true,"href":"https:\/\/embreis.com\/no\/wp-json\/wp\/v2\/product_cat?post=12921"},{"taxonomy":"product_tag","embeddable":true,"href":"https:\/\/embreis.com\/no\/wp-json\/wp\/v2\/product_tag?post=12921"}],"curies":[{"name":"wp","href":"https:\/\/api.w.org\/{rel}","templated":true}]}}