{"id":12832,"date":"2024-11-18T16:15:19","date_gmt":"2024-11-18T14:15:19","guid":{"rendered":"https:\/\/embreis.com\/no\/?post_type=product&#038;p=12832"},"modified":"2024-11-19T10:33:30","modified_gmt":"2024-11-19T08:33:30","slug":"fidlock-v-buckle","status":"publish","type":"product","link":"https:\/\/embreis.com\/no\/produkt\/fidlock-v-buckle\/","title":{"rendered":"FidLock V-Buckle"},"content":{"rendered":"<p>Utvecklad med fokus p\u00e5 sj\u00e4lvs\u00e4krande och enkel hantering har V-BUCKLE snabbt blivit en favorit. Funktionaliteten hos dessa magnetiska sp\u00e4nnen har mycket att erbjuda. Oavsett om det g\u00e4ller ortoser, b\u00e4rselar, v\u00e4skor eller skor. Den smarta designen, sj\u00e4lvs\u00e4krande funktionerna och bekv\u00e4ma anv\u00e4ndningen g\u00f6r \u00f6ppningen och st\u00e4ngningen av V-BUCKLE mycket enkel \u00e4ven med nedsatt handfunktion eller med bara en hand. Alla V-BUCKLE hondelar \u00e4r kompatibla med alla V-BUCKLE handelar. Skapa ditt perfekta sp\u00e4nne f\u00f6r optimal funktion!<\/p>\n<p>F\u00f6r ytterligare info klicka p\u00e5 denna l\u00e4nk <a href=\"https:\/\/www.fidlock.com\/components\/en\"><strong>FidLock<\/strong><\/a><\/p>\n","protected":false},"excerpt":{"rendered":"<p>Utvecklad med fokus p\u00e5 sj\u00e4lvs\u00e4krande och enkel hantering har V-BUCKLE snabbt blivit en favorit. Funktionaliteten hos dessa magnetiska sp\u00e4nnen har [&hellip;]<\/p>\n","protected":false},"featured_media":12833,"template":"","meta":[],"product_brand":[],"product_cat":[1279,1380,1281],"product_tag":[],"class_list":{"0":"post-12832","1":"product","2":"type-product","3":"status-publish","4":"has-post-thumbnail","6":"product_cat-material","7":"product_cat-nyheter","8":"product_cat-ovrigt-material","9":"pa_varumarke-fidlock","11":"first","12":"instock","13":"featured","14":"shipping-taxable","15":"product-type-simple"},"acf":[],"yoast_head":"<!-- This site is optimized with the Yoast SEO Premium plugin v27.3 (Yoast SEO v27.3) - https:\/\/yoast.com\/product\/yoast-seo-premium-wordpress\/ -->\n<title>FidLock V-Buckle - Embreis NO<\/title>\n<meta name=\"robots\" content=\"index, follow, max-snippet:-1, max-image-preview:large, max-video-preview:-1\" \/>\n<link rel=\"canonical\" href=\"https:\/\/embreis.com\/no\/produkt\/fidlock-v-buckle\/\" \/>\n<meta property=\"og:locale\" content=\"sv_SE\" \/>\n<meta property=\"og:type\" content=\"article\" \/>\n<meta property=\"og:title\" content=\"FidLock V-Buckle\" \/>\n<meta property=\"og:description\" content=\"Utvecklad med fokus p\u00e5 sj\u00e4lvs\u00e4krande och enkel hantering har V-BUCKLE snabbt blivit en favorit. Funktionaliteten hos dessa magnetiska sp\u00e4nnen har [&hellip;]\" \/>\n<meta property=\"og:url\" content=\"https:\/\/embreis.com\/no\/produkt\/fidlock-v-buckle\/\" \/>\n<meta property=\"og:site_name\" content=\"Embreis NO\" \/>\n<meta property=\"article:modified_time\" content=\"2024-11-19T08:33:30+00:00\" \/>\n<meta property=\"og:image\" content=\"https:\/\/embreis.com\/no\/wp-content\/uploads\/sites\/9\/2024\/11\/V-Buckle-FV14410-1.png\" \/>\n\t<meta property=\"og:image:width\" content=\"850\" \/>\n\t<meta property=\"og:image:height\" content=\"850\" \/>\n\t<meta property=\"og:image:type\" content=\"image\/png\" \/>\n<meta name=\"twitter:card\" content=\"summary_large_image\" \/>\n<meta name=\"twitter:label1\" content=\"Ber\u00e4knad l\u00e4stid\" \/>\n\t<meta name=\"twitter:data1\" content=\"1 minut\" \/>\n<script type=\"application\/ld+json\" class=\"yoast-schema-graph\">{\"@context\":\"https:\\\/\\\/schema.org\",\"@graph\":[{\"@type\":\"WebPage\",\"@id\":\"https:\\\/\\\/embreis.com\\\/no\\\/produkt\\\/fidlock-v-buckle\\\/\",\"url\":\"https:\\\/\\\/embreis.com\\\/no\\\/produkt\\\/fidlock-v-buckle\\\/\",\"name\":\"FidLock V-Buckle - Embreis NO\",\"isPartOf\":{\"@id\":\"https:\\\/\\\/embreis.com\\\/no\\\/#website\"},\"primaryImageOfPage\":{\"@id\":\"https:\\\/\\\/embreis.com\\\/no\\\/produkt\\\/fidlock-v-buckle\\\/#primaryimage\"},\"image\":{\"@id\":\"https:\\\/\\\/embreis.com\\\/no\\\/produkt\\\/fidlock-v-buckle\\\/#primaryimage\"},\"thumbnailUrl\":\"https:\\\/\\\/embreis.com\\\/no\\\/wp-content\\\/uploads\\\/sites\\\/9\\\/2024\\\/11\\\/V-Buckle-FV14410-1.png\",\"datePublished\":\"2024-11-18T14:15:19+00:00\",\"dateModified\":\"2024-11-19T08:33:30+00:00\",\"breadcrumb\":{\"@id\":\"https:\\\/\\\/embreis.com\\\/no\\\/produkt\\\/fidlock-v-buckle\\\/#breadcrumb\"},\"inLanguage\":\"sv-SE\",\"potentialAction\":[{\"@type\":\"ReadAction\",\"target\":[\"https:\\\/\\\/embreis.com\\\/no\\\/produkt\\\/fidlock-v-buckle\\\/\"]}]},{\"@type\":\"ImageObject\",\"inLanguage\":\"sv-SE\",\"@id\":\"https:\\\/\\\/embreis.com\\\/no\\\/produkt\\\/fidlock-v-buckle\\\/#primaryimage\",\"url\":\"https:\\\/\\\/embreis.com\\\/no\\\/wp-content\\\/uploads\\\/sites\\\/9\\\/2024\\\/11\\\/V-Buckle-FV14410-1.png\",\"contentUrl\":\"https:\\\/\\\/embreis.com\\\/no\\\/wp-content\\\/uploads\\\/sites\\\/9\\\/2024\\\/11\\\/V-Buckle-FV14410-1.png\",\"width\":850,\"height\":850},{\"@type\":\"BreadcrumbList\",\"@id\":\"https:\\\/\\\/embreis.com\\\/no\\\/produkt\\\/fidlock-v-buckle\\\/#breadcrumb\",\"itemListElement\":[{\"@type\":\"ListItem\",\"position\":1,\"name\":\"Hem\",\"item\":\"https:\\\/\\\/embreis.com\\\/no\\\/\"},{\"@type\":\"ListItem\",\"position\":2,\"name\":\"Sortiment\",\"item\":\"https:\\\/\\\/embreis.com\\\/no\\\/sortiment\\\/\"},{\"@type\":\"ListItem\",\"position\":3,\"name\":\"Material\",\"item\":\"https:\\\/\\\/embreis.com\\\/no\\\/produktkategori\\\/material\\\/\"},{\"@type\":\"ListItem\",\"position\":4,\"name\":\"\u00d6vrigt material\",\"item\":\"https:\\\/\\\/embreis.com\\\/no\\\/produktkategori\\\/material\\\/ovrigt-material\\\/\"},{\"@type\":\"ListItem\",\"position\":5,\"name\":\"FidLock V-Buckle\"}]},{\"@type\":\"WebSite\",\"@id\":\"https:\\\/\\\/embreis.com\\\/no\\\/#website\",\"url\":\"https:\\\/\\\/embreis.com\\\/no\\\/\",\"name\":\"Embreis NO\",\"description\":\"Ortoser, proteser och material\",\"potentialAction\":[{\"@type\":\"SearchAction\",\"target\":{\"@type\":\"EntryPoint\",\"urlTemplate\":\"https:\\\/\\\/embreis.com\\\/no\\\/?s={search_term_string}\"},\"query-input\":{\"@type\":\"PropertyValueSpecification\",\"valueRequired\":true,\"valueName\":\"search_term_string\"}}],\"inLanguage\":\"sv-SE\"}]}<\/script>\n<!-- \/ Yoast SEO Premium plugin. -->","yoast_head_json":{"title":"FidLock V-Buckle - Embreis NO","robots":{"index":"index","follow":"follow","max-snippet":"max-snippet:-1","max-image-preview":"max-image-preview:large","max-video-preview":"max-video-preview:-1"},"canonical":"https:\/\/embreis.com\/no\/produkt\/fidlock-v-buckle\/","og_locale":"sv_SE","og_type":"article","og_title":"FidLock V-Buckle","og_description":"Utvecklad med fokus p\u00e5 sj\u00e4lvs\u00e4krande och enkel hantering har V-BUCKLE snabbt blivit en favorit. Funktionaliteten hos dessa magnetiska sp\u00e4nnen har [&hellip;]","og_url":"https:\/\/embreis.com\/no\/produkt\/fidlock-v-buckle\/","og_site_name":"Embreis NO","article_modified_time":"2024-11-19T08:33:30+00:00","og_image":[{"width":850,"height":850,"url":"https:\/\/embreis.com\/no\/wp-content\/uploads\/sites\/9\/2024\/11\/V-Buckle-FV14410-1.png","type":"image\/png"}],"twitter_card":"summary_large_image","twitter_misc":{"Ber\u00e4knad l\u00e4stid":"1 minut"},"schema":{"@context":"https:\/\/schema.org","@graph":[{"@type":"WebPage","@id":"https:\/\/embreis.com\/no\/produkt\/fidlock-v-buckle\/","url":"https:\/\/embreis.com\/no\/produkt\/fidlock-v-buckle\/","name":"FidLock V-Buckle - Embreis NO","isPartOf":{"@id":"https:\/\/embreis.com\/no\/#website"},"primaryImageOfPage":{"@id":"https:\/\/embreis.com\/no\/produkt\/fidlock-v-buckle\/#primaryimage"},"image":{"@id":"https:\/\/embreis.com\/no\/produkt\/fidlock-v-buckle\/#primaryimage"},"thumbnailUrl":"https:\/\/embreis.com\/no\/wp-content\/uploads\/sites\/9\/2024\/11\/V-Buckle-FV14410-1.png","datePublished":"2024-11-18T14:15:19+00:00","dateModified":"2024-11-19T08:33:30+00:00","breadcrumb":{"@id":"https:\/\/embreis.com\/no\/produkt\/fidlock-v-buckle\/#breadcrumb"},"inLanguage":"sv-SE","potentialAction":[{"@type":"ReadAction","target":["https:\/\/embreis.com\/no\/produkt\/fidlock-v-buckle\/"]}]},{"@type":"ImageObject","inLanguage":"sv-SE","@id":"https:\/\/embreis.com\/no\/produkt\/fidlock-v-buckle\/#primaryimage","url":"https:\/\/embreis.com\/no\/wp-content\/uploads\/sites\/9\/2024\/11\/V-Buckle-FV14410-1.png","contentUrl":"https:\/\/embreis.com\/no\/wp-content\/uploads\/sites\/9\/2024\/11\/V-Buckle-FV14410-1.png","width":850,"height":850},{"@type":"BreadcrumbList","@id":"https:\/\/embreis.com\/no\/produkt\/fidlock-v-buckle\/#breadcrumb","itemListElement":[{"@type":"ListItem","position":1,"name":"Hem","item":"https:\/\/embreis.com\/no\/"},{"@type":"ListItem","position":2,"name":"Sortiment","item":"https:\/\/embreis.com\/no\/sortiment\/"},{"@type":"ListItem","position":3,"name":"Material","item":"https:\/\/embreis.com\/no\/produktkategori\/material\/"},{"@type":"ListItem","position":4,"name":"\u00d6vrigt material","item":"https:\/\/embreis.com\/no\/produktkategori\/material\/ovrigt-material\/"},{"@type":"ListItem","position":5,"name":"FidLock V-Buckle"}]},{"@type":"WebSite","@id":"https:\/\/embreis.com\/no\/#website","url":"https:\/\/embreis.com\/no\/","name":"Embreis NO","description":"Ortoser, proteser och material","potentialAction":[{"@type":"SearchAction","target":{"@type":"EntryPoint","urlTemplate":"https:\/\/embreis.com\/no\/?s={search_term_string}"},"query-input":{"@type":"PropertyValueSpecification","valueRequired":true,"valueName":"search_term_string"}}],"inLanguage":"sv-SE"}]}},"_links":{"self":[{"href":"https:\/\/embreis.com\/no\/wp-json\/wp\/v2\/product\/12832","targetHints":{"allow":["GET"]}}],"collection":[{"href":"https:\/\/embreis.com\/no\/wp-json\/wp\/v2\/product"}],"about":[{"href":"https:\/\/embreis.com\/no\/wp-json\/wp\/v2\/types\/product"}],"wp:featuredmedia":[{"embeddable":true,"href":"https:\/\/embreis.com\/no\/wp-json\/wp\/v2\/media\/12833"}],"wp:attachment":[{"href":"https:\/\/embreis.com\/no\/wp-json\/wp\/v2\/media?parent=12832"}],"wp:term":[{"taxonomy":"product_brand","embeddable":true,"href":"https:\/\/embreis.com\/no\/wp-json\/wp\/v2\/product_brand?post=12832"},{"taxonomy":"product_cat","embeddable":true,"href":"https:\/\/embreis.com\/no\/wp-json\/wp\/v2\/product_cat?post=12832"},{"taxonomy":"product_tag","embeddable":true,"href":"https:\/\/embreis.com\/no\/wp-json\/wp\/v2\/product_tag?post=12832"}],"curies":[{"name":"wp","href":"https:\/\/api.w.org\/{rel}","templated":true}]}}