{"id":12812,"date":"2024-10-28T21:32:04","date_gmt":"2024-10-28T19:32:04","guid":{"rendered":"https:\/\/embreis.com\/no\/?post_type=product&#038;p=12812"},"modified":"2024-10-28T21:38:05","modified_gmt":"2024-10-28T19:38:05","slug":"ascend-halskrage-foamset","status":"publish","type":"product","link":"https:\/\/embreis.com\/no\/produkt\/ascend-halskrage-foamset\/","title":{"rendered":"Ascend Halskrage Foamset"},"content":{"rendered":"<p>Polsringen till Ascend halskrage best\u00e5r av bomull och foam. Materialkombinationen har som egenskap att suga upp fukt fr\u00e5n huden och h\u00e5lla den torr, vilket \u00e4r en viktig egenskap f\u00f6r att motverka hudirritation och eventuella trycks\u00e5r. F\u00f6r att bibeh\u00e5lla god hygien samt materialets egenskaper rekommenderas att fodret byts och tv\u00e4ttas minst var 24 timme. Ett extra Foamset till varje halskrage \u00e4r d\u00e4rf\u00f6r att rekommendera.<\/p>\n","protected":false},"excerpt":{"rendered":"<ul>\n<li>Mjuk och behaglig mot huden<\/li>\n<li>Suger upp fukt och svett<\/li>\n<li>B\u00f6r tv\u00e4ttas och bytas var 24 timme<\/li>\n<\/ul>\n","protected":false},"featured_media":0,"template":"","meta":[],"product_brand":[],"product_cat":[1208,217,223,1194,1138],"product_tag":[],"class_list":{"0":"post-12812","1":"product","2":"type-product","3":"status-publish","5":"product_cat-tillbehor-nacke","6":"product_cat-ortos","7":"product_cat-nacke","8":"product_cat-halskrage-cervical-ortos","9":"product_cat-tillbehor","10":"pa_varumarke-breg","12":"first","13":"instock","14":"shipping-taxable","15":"product-type-simple"},"acf":[],"yoast_head":"<!-- This site is optimized with the Yoast SEO Premium plugin v27.3 (Yoast SEO v27.3) - https:\/\/yoast.com\/product\/yoast-seo-premium-wordpress\/ -->\n<title>Ascend Halskrage Foamset - Embreis NO<\/title>\n<meta name=\"robots\" content=\"index, follow, max-snippet:-1, max-image-preview:large, max-video-preview:-1\" \/>\n<link rel=\"canonical\" href=\"https:\/\/embreis.com\/no\/produkt\/ascend-halskrage-foamset\/\" \/>\n<meta property=\"og:locale\" content=\"sv_SE\" \/>\n<meta property=\"og:type\" content=\"article\" \/>\n<meta property=\"og:title\" content=\"Ascend Halskrage Foamset\" \/>\n<meta property=\"og:description\" content=\"Mjuk och behaglig mot huden  Suger upp fukt och svett  B\u00f6r tv\u00e4ttas och bytas var 24 timme\" \/>\n<meta property=\"og:url\" content=\"https:\/\/embreis.com\/no\/produkt\/ascend-halskrage-foamset\/\" \/>\n<meta property=\"og:site_name\" content=\"Embreis NO\" \/>\n<meta property=\"article:modified_time\" content=\"2024-10-28T19:38:05+00:00\" \/>\n<meta name=\"twitter:card\" content=\"summary_large_image\" \/>\n<meta name=\"twitter:label1\" content=\"Ber\u00e4knad l\u00e4stid\" \/>\n\t<meta name=\"twitter:data1\" content=\"1 minut\" \/>\n<script type=\"application\/ld+json\" class=\"yoast-schema-graph\">{\"@context\":\"https:\\\/\\\/schema.org\",\"@graph\":[{\"@type\":\"WebPage\",\"@id\":\"https:\\\/\\\/embreis.com\\\/no\\\/produkt\\\/ascend-halskrage-foamset\\\/\",\"url\":\"https:\\\/\\\/embreis.com\\\/no\\\/produkt\\\/ascend-halskrage-foamset\\\/\",\"name\":\"Ascend Halskrage Foamset - Embreis NO\",\"isPartOf\":{\"@id\":\"https:\\\/\\\/embreis.com\\\/no\\\/#website\"},\"datePublished\":\"2024-10-28T19:32:04+00:00\",\"dateModified\":\"2024-10-28T19:38:05+00:00\",\"breadcrumb\":{\"@id\":\"https:\\\/\\\/embreis.com\\\/no\\\/produkt\\\/ascend-halskrage-foamset\\\/#breadcrumb\"},\"inLanguage\":\"sv-SE\",\"potentialAction\":[{\"@type\":\"ReadAction\",\"target\":[\"https:\\\/\\\/embreis.com\\\/no\\\/produkt\\\/ascend-halskrage-foamset\\\/\"]}]},{\"@type\":\"BreadcrumbList\",\"@id\":\"https:\\\/\\\/embreis.com\\\/no\\\/produkt\\\/ascend-halskrage-foamset\\\/#breadcrumb\",\"itemListElement\":[{\"@type\":\"ListItem\",\"position\":1,\"name\":\"Hem\",\"item\":\"https:\\\/\\\/embreis.com\\\/no\\\/\"},{\"@type\":\"ListItem\",\"position\":2,\"name\":\"Sortiment\",\"item\":\"https:\\\/\\\/embreis.com\\\/no\\\/sortiment\\\/\"},{\"@type\":\"ListItem\",\"position\":3,\"name\":\"Ortos\",\"item\":\"https:\\\/\\\/embreis.com\\\/no\\\/produktkategori\\\/ortos\\\/\"},{\"@type\":\"ListItem\",\"position\":4,\"name\":\"Nacke\",\"item\":\"https:\\\/\\\/embreis.com\\\/no\\\/produktkategori\\\/ortos\\\/nacke\\\/\"},{\"@type\":\"ListItem\",\"position\":5,\"name\":\"Tillbeh\u00f6r Nacke\",\"item\":\"https:\\\/\\\/embreis.com\\\/no\\\/produktkategori\\\/ortos\\\/nacke\\\/tillbehor-nacke\\\/\"},{\"@type\":\"ListItem\",\"position\":6,\"name\":\"Ascend Halskrage Foamset\"}]},{\"@type\":\"WebSite\",\"@id\":\"https:\\\/\\\/embreis.com\\\/no\\\/#website\",\"url\":\"https:\\\/\\\/embreis.com\\\/no\\\/\",\"name\":\"Embreis NO\",\"description\":\"Ortoser, proteser och material\",\"potentialAction\":[{\"@type\":\"SearchAction\",\"target\":{\"@type\":\"EntryPoint\",\"urlTemplate\":\"https:\\\/\\\/embreis.com\\\/no\\\/?s={search_term_string}\"},\"query-input\":{\"@type\":\"PropertyValueSpecification\",\"valueRequired\":true,\"valueName\":\"search_term_string\"}}],\"inLanguage\":\"sv-SE\"}]}<\/script>\n<!-- \/ Yoast SEO Premium plugin. -->","yoast_head_json":{"title":"Ascend Halskrage Foamset - Embreis NO","robots":{"index":"index","follow":"follow","max-snippet":"max-snippet:-1","max-image-preview":"max-image-preview:large","max-video-preview":"max-video-preview:-1"},"canonical":"https:\/\/embreis.com\/no\/produkt\/ascend-halskrage-foamset\/","og_locale":"sv_SE","og_type":"article","og_title":"Ascend Halskrage Foamset","og_description":"Mjuk och behaglig mot huden  Suger upp fukt och svett  B\u00f6r tv\u00e4ttas och bytas var 24 timme","og_url":"https:\/\/embreis.com\/no\/produkt\/ascend-halskrage-foamset\/","og_site_name":"Embreis NO","article_modified_time":"2024-10-28T19:38:05+00:00","twitter_card":"summary_large_image","twitter_misc":{"Ber\u00e4knad l\u00e4stid":"1 minut"},"schema":{"@context":"https:\/\/schema.org","@graph":[{"@type":"WebPage","@id":"https:\/\/embreis.com\/no\/produkt\/ascend-halskrage-foamset\/","url":"https:\/\/embreis.com\/no\/produkt\/ascend-halskrage-foamset\/","name":"Ascend Halskrage Foamset - Embreis NO","isPartOf":{"@id":"https:\/\/embreis.com\/no\/#website"},"datePublished":"2024-10-28T19:32:04+00:00","dateModified":"2024-10-28T19:38:05+00:00","breadcrumb":{"@id":"https:\/\/embreis.com\/no\/produkt\/ascend-halskrage-foamset\/#breadcrumb"},"inLanguage":"sv-SE","potentialAction":[{"@type":"ReadAction","target":["https:\/\/embreis.com\/no\/produkt\/ascend-halskrage-foamset\/"]}]},{"@type":"BreadcrumbList","@id":"https:\/\/embreis.com\/no\/produkt\/ascend-halskrage-foamset\/#breadcrumb","itemListElement":[{"@type":"ListItem","position":1,"name":"Hem","item":"https:\/\/embreis.com\/no\/"},{"@type":"ListItem","position":2,"name":"Sortiment","item":"https:\/\/embreis.com\/no\/sortiment\/"},{"@type":"ListItem","position":3,"name":"Ortos","item":"https:\/\/embreis.com\/no\/produktkategori\/ortos\/"},{"@type":"ListItem","position":4,"name":"Nacke","item":"https:\/\/embreis.com\/no\/produktkategori\/ortos\/nacke\/"},{"@type":"ListItem","position":5,"name":"Tillbeh\u00f6r Nacke","item":"https:\/\/embreis.com\/no\/produktkategori\/ortos\/nacke\/tillbehor-nacke\/"},{"@type":"ListItem","position":6,"name":"Ascend Halskrage Foamset"}]},{"@type":"WebSite","@id":"https:\/\/embreis.com\/no\/#website","url":"https:\/\/embreis.com\/no\/","name":"Embreis NO","description":"Ortoser, proteser och material","potentialAction":[{"@type":"SearchAction","target":{"@type":"EntryPoint","urlTemplate":"https:\/\/embreis.com\/no\/?s={search_term_string}"},"query-input":{"@type":"PropertyValueSpecification","valueRequired":true,"valueName":"search_term_string"}}],"inLanguage":"sv-SE"}]}},"_links":{"self":[{"href":"https:\/\/embreis.com\/no\/wp-json\/wp\/v2\/product\/12812","targetHints":{"allow":["GET"]}}],"collection":[{"href":"https:\/\/embreis.com\/no\/wp-json\/wp\/v2\/product"}],"about":[{"href":"https:\/\/embreis.com\/no\/wp-json\/wp\/v2\/types\/product"}],"wp:attachment":[{"href":"https:\/\/embreis.com\/no\/wp-json\/wp\/v2\/media?parent=12812"}],"wp:term":[{"taxonomy":"product_brand","embeddable":true,"href":"https:\/\/embreis.com\/no\/wp-json\/wp\/v2\/product_brand?post=12812"},{"taxonomy":"product_cat","embeddable":true,"href":"https:\/\/embreis.com\/no\/wp-json\/wp\/v2\/product_cat?post=12812"},{"taxonomy":"product_tag","embeddable":true,"href":"https:\/\/embreis.com\/no\/wp-json\/wp\/v2\/product_tag?post=12812"}],"curies":[{"name":"wp","href":"https:\/\/api.w.org\/{rel}","templated":true}]}}