{"id":12796,"date":"2024-10-25T09:29:43","date_gmt":"2024-10-25T07:29:43","guid":{"rendered":"https:\/\/embreis.com\/no\/?post_type=product&#038;p=12796"},"modified":"2024-10-25T12:38:12","modified_gmt":"2024-10-25T10:38:12","slug":"cyclone-bike-foot","status":"publish","type":"product","link":"https:\/\/embreis.com\/no\/produkt\/cyclone-bike-foot\/","title":{"rendered":"Cyclone Bike Foot"},"content":{"rendered":"<p>Fotens korta design \u00f6kar effektiviteten i tramptaget.<\/p>\n<p>Den innovativa designen eliminerar energif\u00f6rlust orsakad av vikten fr\u00e5n fotskalet och en sko. Den eliminerar ocks\u00e5 energif\u00f6rlust som uppst\u00e5r p\u00e5 grund av den flex som ofta uppst\u00e5r i en vanlig protesfot och sko.<\/p>\n<p>Den justerbara pyramiden g\u00f6r att foten kan anv\u00e4ndas f\u00f6r b\u00e5de h\u00f6ger och v\u00e4nster. Klossf\u00e4stet \u00e4r kompatibelt med b\u00e5de SPD (tv\u00e5 h\u00e5l) och SPD SL klossar (tre h\u00e5l).<\/p>\n<p>Coyote Cyclone\u2122 Bike Foot (FB1) \u00e4r utvecklad f\u00f6r K3-K4 niv\u00e5 brukare som s\u00f6ker en l\u00e4tt, h\u00e5llbar och rigid fot. Den \u00e4r utformad f\u00f6r att ge optimal kraft\u00f6verf\u00f6ring, passform och anpassning f\u00f6r cykling.<\/p>\n","protected":false},"excerpt":{"rendered":"<p>Fotens korta design \u00f6kar effektiviteten i tramptaget. Den innovativa designen eliminerar energif\u00f6rlust orsakad av vikten fr\u00e5n fotskalet och en sko. [&hellip;]<\/p>\n","protected":false},"featured_media":12806,"template":"","meta":[],"product_brand":[],"product_cat":[1380,1247,272,1142],"product_tag":[],"class_list":{"0":"post-12796","1":"product","2":"type-product","3":"status-publish","4":"has-post-thumbnail","6":"product_cat-nyheter","7":"product_cat-active","8":"product_cat-protes","9":"product_cat-fotter","10":"pa_varumarke-coyote-prosthetic","12":"first","13":"outofstock","14":"featured","15":"shipping-taxable","16":"product-type-variable"},"acf":[],"yoast_head":"<!-- This site is optimized with the Yoast SEO Premium plugin v27.3 (Yoast SEO v27.3) - https:\/\/yoast.com\/product\/yoast-seo-premium-wordpress\/ -->\n<title>Cyclone Bike Foot - Embreis NO<\/title>\n<meta name=\"robots\" content=\"index, follow, max-snippet:-1, max-image-preview:large, max-video-preview:-1\" \/>\n<link rel=\"canonical\" href=\"https:\/\/embreis.com\/no\/produkt\/cyclone-bike-foot\/\" \/>\n<meta property=\"og:locale\" content=\"sv_SE\" \/>\n<meta property=\"og:type\" content=\"article\" \/>\n<meta property=\"og:title\" content=\"Cyclone Bike Foot\" \/>\n<meta property=\"og:description\" content=\"Fotens korta design \u00f6kar effektiviteten i tramptaget. Den innovativa designen eliminerar energif\u00f6rlust orsakad av vikten fr\u00e5n fotskalet och en sko. [&hellip;]\" \/>\n<meta property=\"og:url\" content=\"https:\/\/embreis.com\/no\/produkt\/cyclone-bike-foot\/\" \/>\n<meta property=\"og:site_name\" content=\"Embreis NO\" \/>\n<meta property=\"article:modified_time\" content=\"2024-10-25T10:38:12+00:00\" \/>\n<meta property=\"og:image\" content=\"https:\/\/embreis.com\/no\/wp-content\/uploads\/sites\/9\/2024\/10\/Cyclone-1.png\" \/>\n\t<meta property=\"og:image:width\" content=\"850\" \/>\n\t<meta property=\"og:image:height\" content=\"850\" \/>\n\t<meta property=\"og:image:type\" content=\"image\/png\" \/>\n<meta name=\"twitter:card\" content=\"summary_large_image\" \/>\n<meta name=\"twitter:label1\" content=\"Ber\u00e4knad l\u00e4stid\" \/>\n\t<meta name=\"twitter:data1\" content=\"1 minut\" \/>\n<script type=\"application\/ld+json\" class=\"yoast-schema-graph\">{\"@context\":\"https:\\\/\\\/schema.org\",\"@graph\":[{\"@type\":\"WebPage\",\"@id\":\"https:\\\/\\\/embreis.com\\\/no\\\/produkt\\\/cyclone-bike-foot\\\/\",\"url\":\"https:\\\/\\\/embreis.com\\\/no\\\/produkt\\\/cyclone-bike-foot\\\/\",\"name\":\"Cyclone Bike Foot - Embreis NO\",\"isPartOf\":{\"@id\":\"https:\\\/\\\/embreis.com\\\/no\\\/#website\"},\"primaryImageOfPage\":{\"@id\":\"https:\\\/\\\/embreis.com\\\/no\\\/produkt\\\/cyclone-bike-foot\\\/#primaryimage\"},\"image\":{\"@id\":\"https:\\\/\\\/embreis.com\\\/no\\\/produkt\\\/cyclone-bike-foot\\\/#primaryimage\"},\"thumbnailUrl\":\"https:\\\/\\\/embreis.com\\\/no\\\/wp-content\\\/uploads\\\/sites\\\/9\\\/2024\\\/10\\\/Cyclone-1.png\",\"datePublished\":\"2024-10-25T07:29:43+00:00\",\"dateModified\":\"2024-10-25T10:38:12+00:00\",\"breadcrumb\":{\"@id\":\"https:\\\/\\\/embreis.com\\\/no\\\/produkt\\\/cyclone-bike-foot\\\/#breadcrumb\"},\"inLanguage\":\"sv-SE\",\"potentialAction\":[{\"@type\":\"ReadAction\",\"target\":[\"https:\\\/\\\/embreis.com\\\/no\\\/produkt\\\/cyclone-bike-foot\\\/\"]}]},{\"@type\":\"ImageObject\",\"inLanguage\":\"sv-SE\",\"@id\":\"https:\\\/\\\/embreis.com\\\/no\\\/produkt\\\/cyclone-bike-foot\\\/#primaryimage\",\"url\":\"https:\\\/\\\/embreis.com\\\/no\\\/wp-content\\\/uploads\\\/sites\\\/9\\\/2024\\\/10\\\/Cyclone-1.png\",\"contentUrl\":\"https:\\\/\\\/embreis.com\\\/no\\\/wp-content\\\/uploads\\\/sites\\\/9\\\/2024\\\/10\\\/Cyclone-1.png\",\"width\":850,\"height\":850},{\"@type\":\"BreadcrumbList\",\"@id\":\"https:\\\/\\\/embreis.com\\\/no\\\/produkt\\\/cyclone-bike-foot\\\/#breadcrumb\",\"itemListElement\":[{\"@type\":\"ListItem\",\"position\":1,\"name\":\"Hem\",\"item\":\"https:\\\/\\\/embreis.com\\\/no\\\/\"},{\"@type\":\"ListItem\",\"position\":2,\"name\":\"Sortiment\",\"item\":\"https:\\\/\\\/embreis.com\\\/no\\\/sortiment\\\/\"},{\"@type\":\"ListItem\",\"position\":3,\"name\":\"Protes\",\"item\":\"https:\\\/\\\/embreis.com\\\/no\\\/produktkategori\\\/protes\\\/\"},{\"@type\":\"ListItem\",\"position\":4,\"name\":\"F\u00f6tter\",\"item\":\"https:\\\/\\\/embreis.com\\\/no\\\/produktkategori\\\/protes\\\/fotter\\\/\"},{\"@type\":\"ListItem\",\"position\":5,\"name\":\"Protesfot - Active\",\"item\":\"https:\\\/\\\/embreis.com\\\/no\\\/produktkategori\\\/protes\\\/fotter\\\/active\\\/\"},{\"@type\":\"ListItem\",\"position\":6,\"name\":\"Cyclone Bike Foot\"}]},{\"@type\":\"WebSite\",\"@id\":\"https:\\\/\\\/embreis.com\\\/no\\\/#website\",\"url\":\"https:\\\/\\\/embreis.com\\\/no\\\/\",\"name\":\"Embreis NO\",\"description\":\"Ortoser, proteser och material\",\"potentialAction\":[{\"@type\":\"SearchAction\",\"target\":{\"@type\":\"EntryPoint\",\"urlTemplate\":\"https:\\\/\\\/embreis.com\\\/no\\\/?s={search_term_string}\"},\"query-input\":{\"@type\":\"PropertyValueSpecification\",\"valueRequired\":true,\"valueName\":\"search_term_string\"}}],\"inLanguage\":\"sv-SE\"}]}<\/script>\n<!-- \/ Yoast SEO Premium plugin. -->","yoast_head_json":{"title":"Cyclone Bike Foot - Embreis NO","robots":{"index":"index","follow":"follow","max-snippet":"max-snippet:-1","max-image-preview":"max-image-preview:large","max-video-preview":"max-video-preview:-1"},"canonical":"https:\/\/embreis.com\/no\/produkt\/cyclone-bike-foot\/","og_locale":"sv_SE","og_type":"article","og_title":"Cyclone Bike Foot","og_description":"Fotens korta design \u00f6kar effektiviteten i tramptaget. Den innovativa designen eliminerar energif\u00f6rlust orsakad av vikten fr\u00e5n fotskalet och en sko. [&hellip;]","og_url":"https:\/\/embreis.com\/no\/produkt\/cyclone-bike-foot\/","og_site_name":"Embreis NO","article_modified_time":"2024-10-25T10:38:12+00:00","og_image":[{"width":850,"height":850,"url":"https:\/\/embreis.com\/no\/wp-content\/uploads\/sites\/9\/2024\/10\/Cyclone-1.png","type":"image\/png"}],"twitter_card":"summary_large_image","twitter_misc":{"Ber\u00e4knad l\u00e4stid":"1 minut"},"schema":{"@context":"https:\/\/schema.org","@graph":[{"@type":"WebPage","@id":"https:\/\/embreis.com\/no\/produkt\/cyclone-bike-foot\/","url":"https:\/\/embreis.com\/no\/produkt\/cyclone-bike-foot\/","name":"Cyclone Bike Foot - Embreis NO","isPartOf":{"@id":"https:\/\/embreis.com\/no\/#website"},"primaryImageOfPage":{"@id":"https:\/\/embreis.com\/no\/produkt\/cyclone-bike-foot\/#primaryimage"},"image":{"@id":"https:\/\/embreis.com\/no\/produkt\/cyclone-bike-foot\/#primaryimage"},"thumbnailUrl":"https:\/\/embreis.com\/no\/wp-content\/uploads\/sites\/9\/2024\/10\/Cyclone-1.png","datePublished":"2024-10-25T07:29:43+00:00","dateModified":"2024-10-25T10:38:12+00:00","breadcrumb":{"@id":"https:\/\/embreis.com\/no\/produkt\/cyclone-bike-foot\/#breadcrumb"},"inLanguage":"sv-SE","potentialAction":[{"@type":"ReadAction","target":["https:\/\/embreis.com\/no\/produkt\/cyclone-bike-foot\/"]}]},{"@type":"ImageObject","inLanguage":"sv-SE","@id":"https:\/\/embreis.com\/no\/produkt\/cyclone-bike-foot\/#primaryimage","url":"https:\/\/embreis.com\/no\/wp-content\/uploads\/sites\/9\/2024\/10\/Cyclone-1.png","contentUrl":"https:\/\/embreis.com\/no\/wp-content\/uploads\/sites\/9\/2024\/10\/Cyclone-1.png","width":850,"height":850},{"@type":"BreadcrumbList","@id":"https:\/\/embreis.com\/no\/produkt\/cyclone-bike-foot\/#breadcrumb","itemListElement":[{"@type":"ListItem","position":1,"name":"Hem","item":"https:\/\/embreis.com\/no\/"},{"@type":"ListItem","position":2,"name":"Sortiment","item":"https:\/\/embreis.com\/no\/sortiment\/"},{"@type":"ListItem","position":3,"name":"Protes","item":"https:\/\/embreis.com\/no\/produktkategori\/protes\/"},{"@type":"ListItem","position":4,"name":"F\u00f6tter","item":"https:\/\/embreis.com\/no\/produktkategori\/protes\/fotter\/"},{"@type":"ListItem","position":5,"name":"Protesfot - Active","item":"https:\/\/embreis.com\/no\/produktkategori\/protes\/fotter\/active\/"},{"@type":"ListItem","position":6,"name":"Cyclone Bike Foot"}]},{"@type":"WebSite","@id":"https:\/\/embreis.com\/no\/#website","url":"https:\/\/embreis.com\/no\/","name":"Embreis NO","description":"Ortoser, proteser och material","potentialAction":[{"@type":"SearchAction","target":{"@type":"EntryPoint","urlTemplate":"https:\/\/embreis.com\/no\/?s={search_term_string}"},"query-input":{"@type":"PropertyValueSpecification","valueRequired":true,"valueName":"search_term_string"}}],"inLanguage":"sv-SE"}]}},"_links":{"self":[{"href":"https:\/\/embreis.com\/no\/wp-json\/wp\/v2\/product\/12796","targetHints":{"allow":["GET"]}}],"collection":[{"href":"https:\/\/embreis.com\/no\/wp-json\/wp\/v2\/product"}],"about":[{"href":"https:\/\/embreis.com\/no\/wp-json\/wp\/v2\/types\/product"}],"wp:featuredmedia":[{"embeddable":true,"href":"https:\/\/embreis.com\/no\/wp-json\/wp\/v2\/media\/12806"}],"wp:attachment":[{"href":"https:\/\/embreis.com\/no\/wp-json\/wp\/v2\/media?parent=12796"}],"wp:term":[{"taxonomy":"product_brand","embeddable":true,"href":"https:\/\/embreis.com\/no\/wp-json\/wp\/v2\/product_brand?post=12796"},{"taxonomy":"product_cat","embeddable":true,"href":"https:\/\/embreis.com\/no\/wp-json\/wp\/v2\/product_cat?post=12796"},{"taxonomy":"product_tag","embeddable":true,"href":"https:\/\/embreis.com\/no\/wp-json\/wp\/v2\/product_tag?post=12796"}],"curies":[{"name":"wp","href":"https:\/\/api.w.org\/{rel}","templated":true}]}}