{"id":12734,"date":"2024-10-22T14:57:52","date_gmt":"2024-10-22T12:57:52","guid":{"rendered":"https:\/\/embreis.com\/no\/?post_type=product&#038;p=12734"},"modified":"2026-01-08T17:27:37","modified_gmt":"2026-01-08T15:27:37","slug":"levitate-running-blade","status":"publish","type":"product","link":"https:\/\/embreis.com\/no\/produkt\/levitate-running-blade\/","title":{"rendered":"Levitate Running Blade 8&#8243;"},"content":{"rendered":"<p data-start=\"0\" data-end=\"241\">Levitate Blade \u00e4r tillverkad av glasfiber, det nya f\u00f6rstahandsvalet f\u00f6r allroundl\u00f6pare. Glasfiber \u00e4r k\u00e4nt f\u00f6r sin kombination av flexibilitet och h\u00e5llbarhet, vilket ger effektiv st\u00f6td\u00e4mpning och h\u00f6g energi\u00e5tergivning f\u00f6r ett kraftfullt steg.<\/p>\n<p data-start=\"243\" data-end=\"420\">Detta m\u00e5ngsidiga material \u00e4r idealiskt f\u00f6r b\u00e5de motions- och t\u00e4vlingsl\u00f6pare, d\u00e5 det ger den styrka som kr\u00e4vs f\u00f6r olika aktiviteter samtidigt som komfort och prestanda bibeh\u00e5lls.<\/p>\n<p data-start=\"422\" data-end=\"643\" data-is-last-node=\"\" data-is-only-node=\"\">Levitate Blade \u00e4r kompatibel med b\u00e5de Levitate Forever Foot och Levitate Quick-Change Adapter, vilket m\u00f6jligg\u00f6r snabba och enkla justeringar av inst\u00e4llningen och s\u00e4kerst\u00e4ller m\u00e5ngsidighet f\u00f6r alla sporter och aktiviteter.<\/p>\n","protected":false},"excerpt":{"rendered":"<p>Levitate Blade \u00e4r tillverkad av glasfiber, det nya f\u00f6rstahandsvalet f\u00f6r allroundl\u00f6pare. Glasfiber \u00e4r k\u00e4nt f\u00f6r sin kombination av flexibilitet och [&hellip;]<\/p>\n","protected":false},"featured_media":13370,"template":"","meta":[],"product_brand":[],"product_cat":[1380,1247,272,1142],"product_tag":[],"class_list":{"0":"post-12734","1":"product","2":"type-product","3":"status-publish","4":"has-post-thumbnail","6":"product_cat-nyheter","7":"product_cat-active","8":"product_cat-protes","9":"product_cat-fotter","10":"pa_varumarke-levitate","12":"first","13":"outofstock","14":"featured","15":"shipping-taxable","16":"product-type-variable"},"acf":[],"yoast_head":"<!-- This site is optimized with the Yoast SEO Premium plugin v27.3 (Yoast SEO v27.3) - https:\/\/yoast.com\/product\/yoast-seo-premium-wordpress\/ -->\n<title>Levitate Running Blade 8&quot; - Embreis NO<\/title>\n<meta name=\"robots\" content=\"index, follow, max-snippet:-1, max-image-preview:large, max-video-preview:-1\" \/>\n<link rel=\"canonical\" href=\"https:\/\/embreis.com\/no\/produkt\/levitate-running-blade\/\" \/>\n<meta property=\"og:locale\" content=\"sv_SE\" \/>\n<meta property=\"og:type\" content=\"article\" \/>\n<meta property=\"og:title\" content=\"Levitate Running Blade 8&quot;\" \/>\n<meta property=\"og:description\" content=\"Levitate Blade \u00e4r tillverkad av glasfiber, det nya f\u00f6rstahandsvalet f\u00f6r allroundl\u00f6pare. Glasfiber \u00e4r k\u00e4nt f\u00f6r sin kombination av flexibilitet och [&hellip;]\" \/>\n<meta property=\"og:url\" content=\"https:\/\/embreis.com\/no\/produkt\/levitate-running-blade\/\" \/>\n<meta property=\"og:site_name\" content=\"Embreis NO\" \/>\n<meta property=\"article:modified_time\" content=\"2026-01-08T15:27:37+00:00\" \/>\n<meta property=\"og:image\" content=\"https:\/\/embreis.com\/no\/wp-content\/uploads\/sites\/9\/2024\/10\/01_Levitate_Blade_10.png\" \/>\n\t<meta property=\"og:image:width\" content=\"850\" \/>\n\t<meta property=\"og:image:height\" content=\"850\" \/>\n\t<meta property=\"og:image:type\" content=\"image\/png\" \/>\n<meta name=\"twitter:card\" content=\"summary_large_image\" \/>\n<meta name=\"twitter:label1\" content=\"Ber\u00e4knad l\u00e4stid\" \/>\n\t<meta name=\"twitter:data1\" content=\"1 minut\" \/>\n<script type=\"application\/ld+json\" class=\"yoast-schema-graph\">{\"@context\":\"https:\\\/\\\/schema.org\",\"@graph\":[{\"@type\":\"WebPage\",\"@id\":\"https:\\\/\\\/embreis.com\\\/no\\\/produkt\\\/levitate-running-blade\\\/\",\"url\":\"https:\\\/\\\/embreis.com\\\/no\\\/produkt\\\/levitate-running-blade\\\/\",\"name\":\"Levitate Running Blade 8\\\" - Embreis NO\",\"isPartOf\":{\"@id\":\"https:\\\/\\\/embreis.com\\\/no\\\/#website\"},\"primaryImageOfPage\":{\"@id\":\"https:\\\/\\\/embreis.com\\\/no\\\/produkt\\\/levitate-running-blade\\\/#primaryimage\"},\"image\":{\"@id\":\"https:\\\/\\\/embreis.com\\\/no\\\/produkt\\\/levitate-running-blade\\\/#primaryimage\"},\"thumbnailUrl\":\"https:\\\/\\\/embreis.com\\\/no\\\/wp-content\\\/uploads\\\/sites\\\/9\\\/2024\\\/10\\\/01_Levitate_Blade_10.png\",\"datePublished\":\"2024-10-22T12:57:52+00:00\",\"dateModified\":\"2026-01-08T15:27:37+00:00\",\"breadcrumb\":{\"@id\":\"https:\\\/\\\/embreis.com\\\/no\\\/produkt\\\/levitate-running-blade\\\/#breadcrumb\"},\"inLanguage\":\"sv-SE\",\"potentialAction\":[{\"@type\":\"ReadAction\",\"target\":[\"https:\\\/\\\/embreis.com\\\/no\\\/produkt\\\/levitate-running-blade\\\/\"]}]},{\"@type\":\"ImageObject\",\"inLanguage\":\"sv-SE\",\"@id\":\"https:\\\/\\\/embreis.com\\\/no\\\/produkt\\\/levitate-running-blade\\\/#primaryimage\",\"url\":\"https:\\\/\\\/embreis.com\\\/no\\\/wp-content\\\/uploads\\\/sites\\\/9\\\/2024\\\/10\\\/01_Levitate_Blade_10.png\",\"contentUrl\":\"https:\\\/\\\/embreis.com\\\/no\\\/wp-content\\\/uploads\\\/sites\\\/9\\\/2024\\\/10\\\/01_Levitate_Blade_10.png\",\"width\":850,\"height\":850},{\"@type\":\"BreadcrumbList\",\"@id\":\"https:\\\/\\\/embreis.com\\\/no\\\/produkt\\\/levitate-running-blade\\\/#breadcrumb\",\"itemListElement\":[{\"@type\":\"ListItem\",\"position\":1,\"name\":\"Hem\",\"item\":\"https:\\\/\\\/embreis.com\\\/no\\\/\"},{\"@type\":\"ListItem\",\"position\":2,\"name\":\"Sortiment\",\"item\":\"https:\\\/\\\/embreis.com\\\/no\\\/sortiment\\\/\"},{\"@type\":\"ListItem\",\"position\":3,\"name\":\"Protes\",\"item\":\"https:\\\/\\\/embreis.com\\\/no\\\/produktkategori\\\/protes\\\/\"},{\"@type\":\"ListItem\",\"position\":4,\"name\":\"F\u00f6tter\",\"item\":\"https:\\\/\\\/embreis.com\\\/no\\\/produktkategori\\\/protes\\\/fotter\\\/\"},{\"@type\":\"ListItem\",\"position\":5,\"name\":\"Protesfot - Active\",\"item\":\"https:\\\/\\\/embreis.com\\\/no\\\/produktkategori\\\/protes\\\/fotter\\\/active\\\/\"},{\"@type\":\"ListItem\",\"position\":6,\"name\":\"Levitate Running Blade 8&#8243;\"}]},{\"@type\":\"WebSite\",\"@id\":\"https:\\\/\\\/embreis.com\\\/no\\\/#website\",\"url\":\"https:\\\/\\\/embreis.com\\\/no\\\/\",\"name\":\"Embreis NO\",\"description\":\"Ortoser, proteser och material\",\"potentialAction\":[{\"@type\":\"SearchAction\",\"target\":{\"@type\":\"EntryPoint\",\"urlTemplate\":\"https:\\\/\\\/embreis.com\\\/no\\\/?s={search_term_string}\"},\"query-input\":{\"@type\":\"PropertyValueSpecification\",\"valueRequired\":true,\"valueName\":\"search_term_string\"}}],\"inLanguage\":\"sv-SE\"}]}<\/script>\n<!-- \/ Yoast SEO Premium plugin. -->","yoast_head_json":{"title":"Levitate Running Blade 8\" - Embreis NO","robots":{"index":"index","follow":"follow","max-snippet":"max-snippet:-1","max-image-preview":"max-image-preview:large","max-video-preview":"max-video-preview:-1"},"canonical":"https:\/\/embreis.com\/no\/produkt\/levitate-running-blade\/","og_locale":"sv_SE","og_type":"article","og_title":"Levitate Running Blade 8\"","og_description":"Levitate Blade \u00e4r tillverkad av glasfiber, det nya f\u00f6rstahandsvalet f\u00f6r allroundl\u00f6pare. Glasfiber \u00e4r k\u00e4nt f\u00f6r sin kombination av flexibilitet och [&hellip;]","og_url":"https:\/\/embreis.com\/no\/produkt\/levitate-running-blade\/","og_site_name":"Embreis NO","article_modified_time":"2026-01-08T15:27:37+00:00","og_image":[{"width":850,"height":850,"url":"https:\/\/embreis.com\/no\/wp-content\/uploads\/sites\/9\/2024\/10\/01_Levitate_Blade_10.png","type":"image\/png"}],"twitter_card":"summary_large_image","twitter_misc":{"Ber\u00e4knad l\u00e4stid":"1 minut"},"schema":{"@context":"https:\/\/schema.org","@graph":[{"@type":"WebPage","@id":"https:\/\/embreis.com\/no\/produkt\/levitate-running-blade\/","url":"https:\/\/embreis.com\/no\/produkt\/levitate-running-blade\/","name":"Levitate Running Blade 8\" - Embreis NO","isPartOf":{"@id":"https:\/\/embreis.com\/no\/#website"},"primaryImageOfPage":{"@id":"https:\/\/embreis.com\/no\/produkt\/levitate-running-blade\/#primaryimage"},"image":{"@id":"https:\/\/embreis.com\/no\/produkt\/levitate-running-blade\/#primaryimage"},"thumbnailUrl":"https:\/\/embreis.com\/no\/wp-content\/uploads\/sites\/9\/2024\/10\/01_Levitate_Blade_10.png","datePublished":"2024-10-22T12:57:52+00:00","dateModified":"2026-01-08T15:27:37+00:00","breadcrumb":{"@id":"https:\/\/embreis.com\/no\/produkt\/levitate-running-blade\/#breadcrumb"},"inLanguage":"sv-SE","potentialAction":[{"@type":"ReadAction","target":["https:\/\/embreis.com\/no\/produkt\/levitate-running-blade\/"]}]},{"@type":"ImageObject","inLanguage":"sv-SE","@id":"https:\/\/embreis.com\/no\/produkt\/levitate-running-blade\/#primaryimage","url":"https:\/\/embreis.com\/no\/wp-content\/uploads\/sites\/9\/2024\/10\/01_Levitate_Blade_10.png","contentUrl":"https:\/\/embreis.com\/no\/wp-content\/uploads\/sites\/9\/2024\/10\/01_Levitate_Blade_10.png","width":850,"height":850},{"@type":"BreadcrumbList","@id":"https:\/\/embreis.com\/no\/produkt\/levitate-running-blade\/#breadcrumb","itemListElement":[{"@type":"ListItem","position":1,"name":"Hem","item":"https:\/\/embreis.com\/no\/"},{"@type":"ListItem","position":2,"name":"Sortiment","item":"https:\/\/embreis.com\/no\/sortiment\/"},{"@type":"ListItem","position":3,"name":"Protes","item":"https:\/\/embreis.com\/no\/produktkategori\/protes\/"},{"@type":"ListItem","position":4,"name":"F\u00f6tter","item":"https:\/\/embreis.com\/no\/produktkategori\/protes\/fotter\/"},{"@type":"ListItem","position":5,"name":"Protesfot - Active","item":"https:\/\/embreis.com\/no\/produktkategori\/protes\/fotter\/active\/"},{"@type":"ListItem","position":6,"name":"Levitate Running Blade 8&#8243;"}]},{"@type":"WebSite","@id":"https:\/\/embreis.com\/no\/#website","url":"https:\/\/embreis.com\/no\/","name":"Embreis NO","description":"Ortoser, proteser och material","potentialAction":[{"@type":"SearchAction","target":{"@type":"EntryPoint","urlTemplate":"https:\/\/embreis.com\/no\/?s={search_term_string}"},"query-input":{"@type":"PropertyValueSpecification","valueRequired":true,"valueName":"search_term_string"}}],"inLanguage":"sv-SE"}]}},"_links":{"self":[{"href":"https:\/\/embreis.com\/no\/wp-json\/wp\/v2\/product\/12734","targetHints":{"allow":["GET"]}}],"collection":[{"href":"https:\/\/embreis.com\/no\/wp-json\/wp\/v2\/product"}],"about":[{"href":"https:\/\/embreis.com\/no\/wp-json\/wp\/v2\/types\/product"}],"wp:featuredmedia":[{"embeddable":true,"href":"https:\/\/embreis.com\/no\/wp-json\/wp\/v2\/media\/13370"}],"wp:attachment":[{"href":"https:\/\/embreis.com\/no\/wp-json\/wp\/v2\/media?parent=12734"}],"wp:term":[{"taxonomy":"product_brand","embeddable":true,"href":"https:\/\/embreis.com\/no\/wp-json\/wp\/v2\/product_brand?post=12734"},{"taxonomy":"product_cat","embeddable":true,"href":"https:\/\/embreis.com\/no\/wp-json\/wp\/v2\/product_cat?post=12734"},{"taxonomy":"product_tag","embeddable":true,"href":"https:\/\/embreis.com\/no\/wp-json\/wp\/v2\/product_tag?post=12734"}],"curies":[{"name":"wp","href":"https:\/\/api.w.org\/{rel}","templated":true}]}}