{"id":12728,"date":"2024-10-15T20:13:15","date_gmt":"2024-10-15T18:13:15","guid":{"rendered":"https:\/\/embreis.com\/no\/?post_type=product&#038;p=12728"},"modified":"2024-10-15T20:20:14","modified_gmt":"2024-10-15T18:20:14","slug":"pinnacle-halskrage-foamset","status":"publish","type":"product","link":"https:\/\/embreis.com\/no\/produkt\/pinnacle-halskrage-foamset\/","title":{"rendered":"Pinnacle\u00ae Halskrage Foamset"},"content":{"rendered":"<p>Polstringen till Pinnacle halskrage best\u00e5r av bomull och foam. Materialkombinationen har som egenskap att suga upp fukt fr\u00e5n huden och h\u00e5lla den torr, vilket \u00e4r en viktig egenskap f\u00f6r att motverka hudirritation och eventuella trycks\u00e5r. F\u00f6r att bibeh\u00e5lla god hygien samt materialets egenskaper rekommenderas att fodret byts och tv\u00e4ttas minst var 24 timme.<\/p>\n","protected":false},"excerpt":{"rendered":"<ul>\n<li>Mjuk och behaglig mot huden<\/li>\n<li>Suger upp fukt och svett<\/li>\n<li>B\u00f6r tv\u00e4ttas och bytas var 24 timme<\/li>\n<\/ul>\n","protected":false},"featured_media":12729,"template":"","meta":[],"product_brand":[],"product_cat":[1208,217,223,1194,1138],"product_tag":[],"class_list":{"0":"post-12728","1":"product","2":"type-product","3":"status-publish","4":"has-post-thumbnail","6":"product_cat-tillbehor-nacke","7":"product_cat-ortos","8":"product_cat-nacke","9":"product_cat-halskrage-cervical-ortos","10":"product_cat-tillbehor","11":"pa_varumarke-breg","12":"pa_varumarke-pinnacle","14":"first","15":"instock","16":"shipping-taxable","17":"product-type-simple"},"acf":[],"yoast_head":"<!-- This site is optimized with the Yoast SEO Premium plugin v27.3 (Yoast SEO v27.3) - https:\/\/yoast.com\/product\/yoast-seo-premium-wordpress\/ -->\n<title>Pinnacle\u00ae Halskrage Foamset - Embreis NO<\/title>\n<meta name=\"robots\" content=\"index, follow, max-snippet:-1, max-image-preview:large, max-video-preview:-1\" \/>\n<link rel=\"canonical\" href=\"https:\/\/embreis.com\/no\/produkt\/pinnacle-halskrage-foamset\/\" \/>\n<meta property=\"og:locale\" content=\"sv_SE\" \/>\n<meta property=\"og:type\" content=\"article\" \/>\n<meta property=\"og:title\" content=\"Pinnacle\u00ae Halskrage Foamset\" \/>\n<meta property=\"og:description\" content=\"Mjuk och behaglig mot huden  Suger upp fukt och svett  B\u00f6r tv\u00e4ttas och bytas var 24 timme\" \/>\n<meta property=\"og:url\" content=\"https:\/\/embreis.com\/no\/produkt\/pinnacle-halskrage-foamset\/\" \/>\n<meta property=\"og:site_name\" content=\"Embreis NO\" \/>\n<meta property=\"article:modified_time\" content=\"2024-10-15T18:20:14+00:00\" \/>\n<meta property=\"og:image\" content=\"https:\/\/embreis.com\/no\/wp-content\/uploads\/sites\/9\/2024\/10\/Foamset_Pinnacle_Collar_172.png\" \/>\n\t<meta property=\"og:image:width\" content=\"850\" \/>\n\t<meta property=\"og:image:height\" content=\"850\" \/>\n\t<meta property=\"og:image:type\" content=\"image\/png\" \/>\n<meta name=\"twitter:card\" content=\"summary_large_image\" \/>\n<meta name=\"twitter:label1\" content=\"Ber\u00e4knad l\u00e4stid\" \/>\n\t<meta name=\"twitter:data1\" content=\"1 minut\" \/>\n<script type=\"application\/ld+json\" class=\"yoast-schema-graph\">{\"@context\":\"https:\\\/\\\/schema.org\",\"@graph\":[{\"@type\":\"WebPage\",\"@id\":\"https:\\\/\\\/embreis.com\\\/no\\\/produkt\\\/pinnacle-halskrage-foamset\\\/\",\"url\":\"https:\\\/\\\/embreis.com\\\/no\\\/produkt\\\/pinnacle-halskrage-foamset\\\/\",\"name\":\"Pinnacle\u00ae Halskrage Foamset - Embreis NO\",\"isPartOf\":{\"@id\":\"https:\\\/\\\/embreis.com\\\/no\\\/#website\"},\"primaryImageOfPage\":{\"@id\":\"https:\\\/\\\/embreis.com\\\/no\\\/produkt\\\/pinnacle-halskrage-foamset\\\/#primaryimage\"},\"image\":{\"@id\":\"https:\\\/\\\/embreis.com\\\/no\\\/produkt\\\/pinnacle-halskrage-foamset\\\/#primaryimage\"},\"thumbnailUrl\":\"https:\\\/\\\/embreis.com\\\/no\\\/wp-content\\\/uploads\\\/sites\\\/9\\\/2024\\\/10\\\/Foamset_Pinnacle_Collar_172.png\",\"datePublished\":\"2024-10-15T18:13:15+00:00\",\"dateModified\":\"2024-10-15T18:20:14+00:00\",\"breadcrumb\":{\"@id\":\"https:\\\/\\\/embreis.com\\\/no\\\/produkt\\\/pinnacle-halskrage-foamset\\\/#breadcrumb\"},\"inLanguage\":\"sv-SE\",\"potentialAction\":[{\"@type\":\"ReadAction\",\"target\":[\"https:\\\/\\\/embreis.com\\\/no\\\/produkt\\\/pinnacle-halskrage-foamset\\\/\"]}]},{\"@type\":\"ImageObject\",\"inLanguage\":\"sv-SE\",\"@id\":\"https:\\\/\\\/embreis.com\\\/no\\\/produkt\\\/pinnacle-halskrage-foamset\\\/#primaryimage\",\"url\":\"https:\\\/\\\/embreis.com\\\/no\\\/wp-content\\\/uploads\\\/sites\\\/9\\\/2024\\\/10\\\/Foamset_Pinnacle_Collar_172.png\",\"contentUrl\":\"https:\\\/\\\/embreis.com\\\/no\\\/wp-content\\\/uploads\\\/sites\\\/9\\\/2024\\\/10\\\/Foamset_Pinnacle_Collar_172.png\",\"width\":850,\"height\":850},{\"@type\":\"BreadcrumbList\",\"@id\":\"https:\\\/\\\/embreis.com\\\/no\\\/produkt\\\/pinnacle-halskrage-foamset\\\/#breadcrumb\",\"itemListElement\":[{\"@type\":\"ListItem\",\"position\":1,\"name\":\"Hem\",\"item\":\"https:\\\/\\\/embreis.com\\\/no\\\/\"},{\"@type\":\"ListItem\",\"position\":2,\"name\":\"Sortiment\",\"item\":\"https:\\\/\\\/embreis.com\\\/no\\\/sortiment\\\/\"},{\"@type\":\"ListItem\",\"position\":3,\"name\":\"Ortos\",\"item\":\"https:\\\/\\\/embreis.com\\\/no\\\/produktkategori\\\/ortos\\\/\"},{\"@type\":\"ListItem\",\"position\":4,\"name\":\"Nacke\",\"item\":\"https:\\\/\\\/embreis.com\\\/no\\\/produktkategori\\\/ortos\\\/nacke\\\/\"},{\"@type\":\"ListItem\",\"position\":5,\"name\":\"Tillbeh\u00f6r Nacke\",\"item\":\"https:\\\/\\\/embreis.com\\\/no\\\/produktkategori\\\/ortos\\\/nacke\\\/tillbehor-nacke\\\/\"},{\"@type\":\"ListItem\",\"position\":6,\"name\":\"Pinnacle\u00ae Halskrage Foamset\"}]},{\"@type\":\"WebSite\",\"@id\":\"https:\\\/\\\/embreis.com\\\/no\\\/#website\",\"url\":\"https:\\\/\\\/embreis.com\\\/no\\\/\",\"name\":\"Embreis NO\",\"description\":\"Ortoser, proteser och material\",\"potentialAction\":[{\"@type\":\"SearchAction\",\"target\":{\"@type\":\"EntryPoint\",\"urlTemplate\":\"https:\\\/\\\/embreis.com\\\/no\\\/?s={search_term_string}\"},\"query-input\":{\"@type\":\"PropertyValueSpecification\",\"valueRequired\":true,\"valueName\":\"search_term_string\"}}],\"inLanguage\":\"sv-SE\"}]}<\/script>\n<!-- \/ Yoast SEO Premium plugin. -->","yoast_head_json":{"title":"Pinnacle\u00ae Halskrage Foamset - Embreis NO","robots":{"index":"index","follow":"follow","max-snippet":"max-snippet:-1","max-image-preview":"max-image-preview:large","max-video-preview":"max-video-preview:-1"},"canonical":"https:\/\/embreis.com\/no\/produkt\/pinnacle-halskrage-foamset\/","og_locale":"sv_SE","og_type":"article","og_title":"Pinnacle\u00ae Halskrage Foamset","og_description":"Mjuk och behaglig mot huden  Suger upp fukt och svett  B\u00f6r tv\u00e4ttas och bytas var 24 timme","og_url":"https:\/\/embreis.com\/no\/produkt\/pinnacle-halskrage-foamset\/","og_site_name":"Embreis NO","article_modified_time":"2024-10-15T18:20:14+00:00","og_image":[{"width":850,"height":850,"url":"https:\/\/embreis.com\/no\/wp-content\/uploads\/sites\/9\/2024\/10\/Foamset_Pinnacle_Collar_172.png","type":"image\/png"}],"twitter_card":"summary_large_image","twitter_misc":{"Ber\u00e4knad l\u00e4stid":"1 minut"},"schema":{"@context":"https:\/\/schema.org","@graph":[{"@type":"WebPage","@id":"https:\/\/embreis.com\/no\/produkt\/pinnacle-halskrage-foamset\/","url":"https:\/\/embreis.com\/no\/produkt\/pinnacle-halskrage-foamset\/","name":"Pinnacle\u00ae Halskrage Foamset - Embreis NO","isPartOf":{"@id":"https:\/\/embreis.com\/no\/#website"},"primaryImageOfPage":{"@id":"https:\/\/embreis.com\/no\/produkt\/pinnacle-halskrage-foamset\/#primaryimage"},"image":{"@id":"https:\/\/embreis.com\/no\/produkt\/pinnacle-halskrage-foamset\/#primaryimage"},"thumbnailUrl":"https:\/\/embreis.com\/no\/wp-content\/uploads\/sites\/9\/2024\/10\/Foamset_Pinnacle_Collar_172.png","datePublished":"2024-10-15T18:13:15+00:00","dateModified":"2024-10-15T18:20:14+00:00","breadcrumb":{"@id":"https:\/\/embreis.com\/no\/produkt\/pinnacle-halskrage-foamset\/#breadcrumb"},"inLanguage":"sv-SE","potentialAction":[{"@type":"ReadAction","target":["https:\/\/embreis.com\/no\/produkt\/pinnacle-halskrage-foamset\/"]}]},{"@type":"ImageObject","inLanguage":"sv-SE","@id":"https:\/\/embreis.com\/no\/produkt\/pinnacle-halskrage-foamset\/#primaryimage","url":"https:\/\/embreis.com\/no\/wp-content\/uploads\/sites\/9\/2024\/10\/Foamset_Pinnacle_Collar_172.png","contentUrl":"https:\/\/embreis.com\/no\/wp-content\/uploads\/sites\/9\/2024\/10\/Foamset_Pinnacle_Collar_172.png","width":850,"height":850},{"@type":"BreadcrumbList","@id":"https:\/\/embreis.com\/no\/produkt\/pinnacle-halskrage-foamset\/#breadcrumb","itemListElement":[{"@type":"ListItem","position":1,"name":"Hem","item":"https:\/\/embreis.com\/no\/"},{"@type":"ListItem","position":2,"name":"Sortiment","item":"https:\/\/embreis.com\/no\/sortiment\/"},{"@type":"ListItem","position":3,"name":"Ortos","item":"https:\/\/embreis.com\/no\/produktkategori\/ortos\/"},{"@type":"ListItem","position":4,"name":"Nacke","item":"https:\/\/embreis.com\/no\/produktkategori\/ortos\/nacke\/"},{"@type":"ListItem","position":5,"name":"Tillbeh\u00f6r Nacke","item":"https:\/\/embreis.com\/no\/produktkategori\/ortos\/nacke\/tillbehor-nacke\/"},{"@type":"ListItem","position":6,"name":"Pinnacle\u00ae Halskrage Foamset"}]},{"@type":"WebSite","@id":"https:\/\/embreis.com\/no\/#website","url":"https:\/\/embreis.com\/no\/","name":"Embreis NO","description":"Ortoser, proteser och material","potentialAction":[{"@type":"SearchAction","target":{"@type":"EntryPoint","urlTemplate":"https:\/\/embreis.com\/no\/?s={search_term_string}"},"query-input":{"@type":"PropertyValueSpecification","valueRequired":true,"valueName":"search_term_string"}}],"inLanguage":"sv-SE"}]}},"_links":{"self":[{"href":"https:\/\/embreis.com\/no\/wp-json\/wp\/v2\/product\/12728","targetHints":{"allow":["GET"]}}],"collection":[{"href":"https:\/\/embreis.com\/no\/wp-json\/wp\/v2\/product"}],"about":[{"href":"https:\/\/embreis.com\/no\/wp-json\/wp\/v2\/types\/product"}],"wp:featuredmedia":[{"embeddable":true,"href":"https:\/\/embreis.com\/no\/wp-json\/wp\/v2\/media\/12729"}],"wp:attachment":[{"href":"https:\/\/embreis.com\/no\/wp-json\/wp\/v2\/media?parent=12728"}],"wp:term":[{"taxonomy":"product_brand","embeddable":true,"href":"https:\/\/embreis.com\/no\/wp-json\/wp\/v2\/product_brand?post=12728"},{"taxonomy":"product_cat","embeddable":true,"href":"https:\/\/embreis.com\/no\/wp-json\/wp\/v2\/product_cat?post=12728"},{"taxonomy":"product_tag","embeddable":true,"href":"https:\/\/embreis.com\/no\/wp-json\/wp\/v2\/product_tag?post=12728"}],"curies":[{"name":"wp","href":"https:\/\/api.w.org\/{rel}","templated":true}]}}