{"id":12700,"date":"2024-10-10T11:46:37","date_gmt":"2024-10-10T09:46:37","guid":{"rendered":"https:\/\/embreis.com\/no\/?post_type=product&#038;p=12700"},"modified":"2024-11-22T13:40:21","modified_gmt":"2024-11-22T11:40:21","slug":"ascend-halskrage","status":"publish","type":"product","link":"https:\/\/embreis.com\/no\/produkt\/ascend-halskrage\/","title":{"rendered":"Ascend\u00ae Halskrage"},"content":{"rendered":"<p>Ascend Halskrage stabiliserar nacken efter trauma, operation eller vid kronisk sjukdom. Kragen \u00e4r utvecklad f\u00f6r l\u00e5ngtidsanv\u00e4ndning och ger brukaren mycket god komfort. Utformningen vid hakan, k\u00e4karna, br\u00f6st- och occipital benet avlastar o\u00f6nskat tryck och motverkar trycks\u00e5r. Det bomulls kl\u00e4dda skumfodret tar effektivt upp fukt och h\u00e5ller huden torr. Fodret kan enkelt bytas och tv\u00e4ttas f\u00f6r att bibeh\u00e5lla god hygien.<\/p>\n","protected":false},"excerpt":{"rendered":"<ul>\n<li>Utf\u00f6rande<\/li>\n<li>Separat fram och bakstycke<\/li>\n<li>Tracheotomi \u00f6ppning<\/li>\n<li>Foder av foam och bomull<\/li>\n<\/ul>\n","protected":false},"featured_media":12917,"template":"","meta":[],"product_brand":[],"product_cat":[1380,217,223,1194],"product_tag":[942,939,940],"class_list":{"0":"post-12700","1":"product","2":"type-product","3":"status-publish","4":"has-post-thumbnail","6":"product_cat-nyheter","7":"product_cat-ortos","8":"product_cat-nacke","9":"product_cat-halskrage-cervical-ortos","10":"product_tag-akuta-nackskador","11":"product_tag-cervikala-skador","12":"product_tag-degenerativa-nackskador","13":"pa_varumarke-breg","15":"first","16":"outofstock","17":"featured","18":"shipping-taxable","19":"product-type-variable"},"acf":[],"yoast_head":"<!-- This site is optimized with the Yoast SEO Premium plugin v27.3 (Yoast SEO v27.3) - https:\/\/yoast.com\/product\/yoast-seo-premium-wordpress\/ -->\n<title>Ascend\u00ae Halskrage - Embreis NO<\/title>\n<meta name=\"description\" content=\"Ascend Halskrage stabiliserar nacken efter trauma eller operation, med tryckavlastning och komfort f\u00f6r l\u00e5ngtidsanv\u00e4ndning. Tv\u00e4ttbart foder f\u00f6r god hygien.\" \/>\n<meta name=\"robots\" content=\"index, follow, max-snippet:-1, max-image-preview:large, max-video-preview:-1\" \/>\n<link rel=\"canonical\" href=\"https:\/\/embreis.com\/no\/produkt\/ascend-halskrage\/\" \/>\n<meta property=\"og:locale\" content=\"sv_SE\" \/>\n<meta property=\"og:type\" content=\"article\" \/>\n<meta property=\"og:title\" content=\"Ascend\u00ae Halskrage\" \/>\n<meta property=\"og:description\" content=\"Ascend Halskrage stabiliserar nacken efter trauma eller operation, med tryckavlastning och komfort f\u00f6r l\u00e5ngtidsanv\u00e4ndning. Tv\u00e4ttbart foder f\u00f6r god hygien.\" \/>\n<meta property=\"og:url\" content=\"https:\/\/embreis.com\/no\/produkt\/ascend-halskrage\/\" \/>\n<meta property=\"og:site_name\" content=\"Embreis NO\" \/>\n<meta property=\"article:modified_time\" content=\"2024-11-22T11:40:21+00:00\" \/>\n<meta property=\"og:image\" content=\"https:\/\/embreis.com\/no\/wp-content\/uploads\/sites\/9\/2024\/10\/Ascend-halskrage.png\" \/>\n\t<meta property=\"og:image:width\" content=\"850\" \/>\n\t<meta property=\"og:image:height\" content=\"850\" \/>\n\t<meta property=\"og:image:type\" content=\"image\/png\" \/>\n<meta name=\"twitter:card\" content=\"summary_large_image\" \/>\n<meta name=\"twitter:label1\" content=\"Ber\u00e4knad l\u00e4stid\" \/>\n\t<meta name=\"twitter:data1\" content=\"1 minut\" \/>\n<script type=\"application\/ld+json\" class=\"yoast-schema-graph\">{\"@context\":\"https:\\\/\\\/schema.org\",\"@graph\":[{\"@type\":\"WebPage\",\"@id\":\"https:\\\/\\\/embreis.com\\\/no\\\/produkt\\\/ascend-halskrage\\\/\",\"url\":\"https:\\\/\\\/embreis.com\\\/no\\\/produkt\\\/ascend-halskrage\\\/\",\"name\":\"Ascend\u00ae Halskrage - Embreis NO\",\"isPartOf\":{\"@id\":\"https:\\\/\\\/embreis.com\\\/no\\\/#website\"},\"primaryImageOfPage\":{\"@id\":\"https:\\\/\\\/embreis.com\\\/no\\\/produkt\\\/ascend-halskrage\\\/#primaryimage\"},\"image\":{\"@id\":\"https:\\\/\\\/embreis.com\\\/no\\\/produkt\\\/ascend-halskrage\\\/#primaryimage\"},\"thumbnailUrl\":\"https:\\\/\\\/embreis.com\\\/no\\\/wp-content\\\/uploads\\\/sites\\\/9\\\/2024\\\/10\\\/Ascend-halskrage.png\",\"datePublished\":\"2024-10-10T09:46:37+00:00\",\"dateModified\":\"2024-11-22T11:40:21+00:00\",\"description\":\"Ascend Halskrage stabiliserar nacken efter trauma eller operation, med tryckavlastning och komfort f\u00f6r l\u00e5ngtidsanv\u00e4ndning. Tv\u00e4ttbart foder f\u00f6r god hygien.\",\"breadcrumb\":{\"@id\":\"https:\\\/\\\/embreis.com\\\/no\\\/produkt\\\/ascend-halskrage\\\/#breadcrumb\"},\"inLanguage\":\"sv-SE\",\"potentialAction\":[{\"@type\":\"ReadAction\",\"target\":[\"https:\\\/\\\/embreis.com\\\/no\\\/produkt\\\/ascend-halskrage\\\/\"]}]},{\"@type\":\"ImageObject\",\"inLanguage\":\"sv-SE\",\"@id\":\"https:\\\/\\\/embreis.com\\\/no\\\/produkt\\\/ascend-halskrage\\\/#primaryimage\",\"url\":\"https:\\\/\\\/embreis.com\\\/no\\\/wp-content\\\/uploads\\\/sites\\\/9\\\/2024\\\/10\\\/Ascend-halskrage.png\",\"contentUrl\":\"https:\\\/\\\/embreis.com\\\/no\\\/wp-content\\\/uploads\\\/sites\\\/9\\\/2024\\\/10\\\/Ascend-halskrage.png\",\"width\":850,\"height\":850,\"caption\":\"Ascend Halskrage - Breg | Embreis.com\"},{\"@type\":\"BreadcrumbList\",\"@id\":\"https:\\\/\\\/embreis.com\\\/no\\\/produkt\\\/ascend-halskrage\\\/#breadcrumb\",\"itemListElement\":[{\"@type\":\"ListItem\",\"position\":1,\"name\":\"Hem\",\"item\":\"https:\\\/\\\/embreis.com\\\/no\\\/\"},{\"@type\":\"ListItem\",\"position\":2,\"name\":\"Sortiment\",\"item\":\"https:\\\/\\\/embreis.com\\\/no\\\/sortiment\\\/\"},{\"@type\":\"ListItem\",\"position\":3,\"name\":\"Ortos\",\"item\":\"https:\\\/\\\/embreis.com\\\/no\\\/produktkategori\\\/ortos\\\/\"},{\"@type\":\"ListItem\",\"position\":4,\"name\":\"Nacke\",\"item\":\"https:\\\/\\\/embreis.com\\\/no\\\/produktkategori\\\/ortos\\\/nacke\\\/\"},{\"@type\":\"ListItem\",\"position\":5,\"name\":\"Halskrage - Cervical ortos\",\"item\":\"https:\\\/\\\/embreis.com\\\/no\\\/produktkategori\\\/ortos\\\/nacke\\\/halskrage-cervical-ortos\\\/\"},{\"@type\":\"ListItem\",\"position\":6,\"name\":\"Ascend\u00ae Halskrage\"}]},{\"@type\":\"WebSite\",\"@id\":\"https:\\\/\\\/embreis.com\\\/no\\\/#website\",\"url\":\"https:\\\/\\\/embreis.com\\\/no\\\/\",\"name\":\"Embreis NO\",\"description\":\"Ortoser, proteser och material\",\"potentialAction\":[{\"@type\":\"SearchAction\",\"target\":{\"@type\":\"EntryPoint\",\"urlTemplate\":\"https:\\\/\\\/embreis.com\\\/no\\\/?s={search_term_string}\"},\"query-input\":{\"@type\":\"PropertyValueSpecification\",\"valueRequired\":true,\"valueName\":\"search_term_string\"}}],\"inLanguage\":\"sv-SE\"}]}<\/script>\n<!-- \/ Yoast SEO Premium plugin. -->","yoast_head_json":{"title":"Ascend\u00ae Halskrage - Embreis NO","description":"Ascend Halskrage stabiliserar nacken efter trauma eller operation, med tryckavlastning och komfort f\u00f6r l\u00e5ngtidsanv\u00e4ndning. Tv\u00e4ttbart foder f\u00f6r god hygien.","robots":{"index":"index","follow":"follow","max-snippet":"max-snippet:-1","max-image-preview":"max-image-preview:large","max-video-preview":"max-video-preview:-1"},"canonical":"https:\/\/embreis.com\/no\/produkt\/ascend-halskrage\/","og_locale":"sv_SE","og_type":"article","og_title":"Ascend\u00ae Halskrage","og_description":"Ascend Halskrage stabiliserar nacken efter trauma eller operation, med tryckavlastning och komfort f\u00f6r l\u00e5ngtidsanv\u00e4ndning. Tv\u00e4ttbart foder f\u00f6r god hygien.","og_url":"https:\/\/embreis.com\/no\/produkt\/ascend-halskrage\/","og_site_name":"Embreis NO","article_modified_time":"2024-11-22T11:40:21+00:00","og_image":[{"width":850,"height":850,"url":"https:\/\/embreis.com\/no\/wp-content\/uploads\/sites\/9\/2024\/10\/Ascend-halskrage.png","type":"image\/png"}],"twitter_card":"summary_large_image","twitter_misc":{"Ber\u00e4knad l\u00e4stid":"1 minut"},"schema":{"@context":"https:\/\/schema.org","@graph":[{"@type":"WebPage","@id":"https:\/\/embreis.com\/no\/produkt\/ascend-halskrage\/","url":"https:\/\/embreis.com\/no\/produkt\/ascend-halskrage\/","name":"Ascend\u00ae Halskrage - Embreis NO","isPartOf":{"@id":"https:\/\/embreis.com\/no\/#website"},"primaryImageOfPage":{"@id":"https:\/\/embreis.com\/no\/produkt\/ascend-halskrage\/#primaryimage"},"image":{"@id":"https:\/\/embreis.com\/no\/produkt\/ascend-halskrage\/#primaryimage"},"thumbnailUrl":"https:\/\/embreis.com\/no\/wp-content\/uploads\/sites\/9\/2024\/10\/Ascend-halskrage.png","datePublished":"2024-10-10T09:46:37+00:00","dateModified":"2024-11-22T11:40:21+00:00","description":"Ascend Halskrage stabiliserar nacken efter trauma eller operation, med tryckavlastning och komfort f\u00f6r l\u00e5ngtidsanv\u00e4ndning. Tv\u00e4ttbart foder f\u00f6r god hygien.","breadcrumb":{"@id":"https:\/\/embreis.com\/no\/produkt\/ascend-halskrage\/#breadcrumb"},"inLanguage":"sv-SE","potentialAction":[{"@type":"ReadAction","target":["https:\/\/embreis.com\/no\/produkt\/ascend-halskrage\/"]}]},{"@type":"ImageObject","inLanguage":"sv-SE","@id":"https:\/\/embreis.com\/no\/produkt\/ascend-halskrage\/#primaryimage","url":"https:\/\/embreis.com\/no\/wp-content\/uploads\/sites\/9\/2024\/10\/Ascend-halskrage.png","contentUrl":"https:\/\/embreis.com\/no\/wp-content\/uploads\/sites\/9\/2024\/10\/Ascend-halskrage.png","width":850,"height":850,"caption":"Ascend Halskrage - Breg | Embreis.com"},{"@type":"BreadcrumbList","@id":"https:\/\/embreis.com\/no\/produkt\/ascend-halskrage\/#breadcrumb","itemListElement":[{"@type":"ListItem","position":1,"name":"Hem","item":"https:\/\/embreis.com\/no\/"},{"@type":"ListItem","position":2,"name":"Sortiment","item":"https:\/\/embreis.com\/no\/sortiment\/"},{"@type":"ListItem","position":3,"name":"Ortos","item":"https:\/\/embreis.com\/no\/produktkategori\/ortos\/"},{"@type":"ListItem","position":4,"name":"Nacke","item":"https:\/\/embreis.com\/no\/produktkategori\/ortos\/nacke\/"},{"@type":"ListItem","position":5,"name":"Halskrage - Cervical ortos","item":"https:\/\/embreis.com\/no\/produktkategori\/ortos\/nacke\/halskrage-cervical-ortos\/"},{"@type":"ListItem","position":6,"name":"Ascend\u00ae Halskrage"}]},{"@type":"WebSite","@id":"https:\/\/embreis.com\/no\/#website","url":"https:\/\/embreis.com\/no\/","name":"Embreis NO","description":"Ortoser, proteser och material","potentialAction":[{"@type":"SearchAction","target":{"@type":"EntryPoint","urlTemplate":"https:\/\/embreis.com\/no\/?s={search_term_string}"},"query-input":{"@type":"PropertyValueSpecification","valueRequired":true,"valueName":"search_term_string"}}],"inLanguage":"sv-SE"}]}},"_links":{"self":[{"href":"https:\/\/embreis.com\/no\/wp-json\/wp\/v2\/product\/12700","targetHints":{"allow":["GET"]}}],"collection":[{"href":"https:\/\/embreis.com\/no\/wp-json\/wp\/v2\/product"}],"about":[{"href":"https:\/\/embreis.com\/no\/wp-json\/wp\/v2\/types\/product"}],"wp:featuredmedia":[{"embeddable":true,"href":"https:\/\/embreis.com\/no\/wp-json\/wp\/v2\/media\/12917"}],"wp:attachment":[{"href":"https:\/\/embreis.com\/no\/wp-json\/wp\/v2\/media?parent=12700"}],"wp:term":[{"taxonomy":"product_brand","embeddable":true,"href":"https:\/\/embreis.com\/no\/wp-json\/wp\/v2\/product_brand?post=12700"},{"taxonomy":"product_cat","embeddable":true,"href":"https:\/\/embreis.com\/no\/wp-json\/wp\/v2\/product_cat?post=12700"},{"taxonomy":"product_tag","embeddable":true,"href":"https:\/\/embreis.com\/no\/wp-json\/wp\/v2\/product_tag?post=12700"}],"curies":[{"name":"wp","href":"https:\/\/api.w.org\/{rel}","templated":true}]}}