{"id":12676,"date":"2024-10-09T15:39:46","date_gmt":"2024-10-09T13:39:46","guid":{"rendered":"https:\/\/embreis.com\/no\/?post_type=product&#038;p=12676"},"modified":"2024-11-21T16:28:28","modified_gmt":"2024-11-21T14:28:28","slug":"pinnacle-mp-halskrage","status":"publish","type":"product","link":"https:\/\/embreis.com\/no\/produkt\/pinnacle-mp-halskrage\/","title":{"rendered":"Pinnacle\u00ae MP Halskrage"},"content":{"rendered":"<p>Pinnacle MP Halskrage \u00e4r en utveckling av Pinnacle Cervical Collar. Skillnaden \u00e4r det s.k. MultiPost bakstycket som \u00e4r st\u00e4llbart f\u00f6r att ge en perfekt passform och avlastning av nacken. Framstycket \u00e4r st\u00e4llbart i 12 positioner. Utformningen vid k\u00e4kar, br\u00f6stben och occipital benet avlastar tryck och motverkar trycks\u00e5r. Kragen \u00e4r utvecklad f\u00f6r l\u00e5ngtidsanv\u00e4ndning och ger brukaren mycket god komfort. Den stora tracheotomi \u00f6ppningen f\u00f6renklar anv\u00e4ndande av trakealkanyl och ger samtidigt god ventilation. Det bomullskl\u00e4dda skumfodret tar effektivt upp fukt och h\u00e5ller huden torr. Fodret kan enkelt bytas och tv\u00e4ttas f\u00f6r att bibeh\u00e5lla god hygien.<\/p>\n","protected":false},"excerpt":{"rendered":"<ul>\n<li>St\u00e4llbar i 12 olika h\u00f6jder<\/li>\n<li>MultiPost bakstycke<\/li>\n<li>Utbytbara foder<\/li>\n<li>Kan uppgraderas till CTO<\/li>\n<\/ul>\n","protected":false},"featured_media":12915,"template":"","meta":[],"product_brand":[],"product_cat":[1380,217,223,1194],"product_tag":[],"class_list":{"0":"post-12676","1":"product","2":"type-product","3":"status-publish","4":"has-post-thumbnail","6":"product_cat-nyheter","7":"product_cat-ortos","8":"product_cat-nacke","9":"product_cat-halskrage-cervical-ortos","10":"pa_varumarke-breg","11":"pa_varumarke-pinnacle","13":"first","14":"instock","15":"featured","16":"shipping-taxable","17":"product-type-simple"},"acf":[],"yoast_head":"<!-- This site is optimized with the Yoast SEO Premium plugin v25.3.1 (Yoast SEO v25.3.1) - https:\/\/yoast.com\/wordpress\/plugins\/seo\/ -->\n<title>Pinnacle\u00ae MP Halskrage - Embreis NO<\/title>\n<meta name=\"description\" content=\"Pinnacle MP Halskrage har justerbart MultiPost bakstycke och 12 positioner fram f\u00f6r perfekt passform, tryckavlastning och komfort vid l\u00e5ngtidsanv\u00e4ndning.\" \/>\n<meta name=\"robots\" content=\"index, follow, max-snippet:-1, max-image-preview:large, max-video-preview:-1\" \/>\n<link rel=\"canonical\" href=\"https:\/\/embreis.com\/no\/produkt\/pinnacle-mp-halskrage\/\" \/>\n<meta property=\"og:locale\" content=\"sv_SE\" \/>\n<meta property=\"og:type\" content=\"article\" \/>\n<meta property=\"og:title\" content=\"Pinnacle\u00ae MP Halskrage\" \/>\n<meta property=\"og:description\" content=\"Pinnacle MP Halskrage har justerbart MultiPost bakstycke och 12 positioner fram f\u00f6r perfekt passform, tryckavlastning och komfort vid l\u00e5ngtidsanv\u00e4ndning.\" \/>\n<meta property=\"og:url\" content=\"https:\/\/embreis.com\/no\/produkt\/pinnacle-mp-halskrage\/\" \/>\n<meta property=\"og:site_name\" content=\"Embreis NO\" \/>\n<meta property=\"article:modified_time\" content=\"2024-11-21T14:28:28+00:00\" \/>\n<meta property=\"og:image\" content=\"https:\/\/embreis.com\/no\/wp-content\/uploads\/sites\/9\/2024\/11\/Pinnacle-Cervical-Collar-MP_1.png\" \/>\n\t<meta property=\"og:image:width\" content=\"850\" \/>\n\t<meta property=\"og:image:height\" content=\"850\" \/>\n\t<meta property=\"og:image:type\" content=\"image\/png\" \/>\n<meta name=\"twitter:card\" content=\"summary_large_image\" \/>\n<meta name=\"twitter:label1\" content=\"Ber\u00e4knad l\u00e4stid\" \/>\n\t<meta name=\"twitter:data1\" content=\"1 minut\" \/>\n<script type=\"application\/ld+json\" class=\"yoast-schema-graph\">{\"@context\":\"https:\/\/schema.org\",\"@graph\":[{\"@type\":\"WebPage\",\"@id\":\"https:\/\/embreis.com\/no\/produkt\/pinnacle-mp-halskrage\/\",\"url\":\"https:\/\/embreis.com\/no\/produkt\/pinnacle-mp-halskrage\/\",\"name\":\"Pinnacle\u00ae MP Halskrage - Embreis NO\",\"isPartOf\":{\"@id\":\"https:\/\/embreis.com\/no\/#website\"},\"primaryImageOfPage\":{\"@id\":\"https:\/\/embreis.com\/no\/produkt\/pinnacle-mp-halskrage\/#primaryimage\"},\"image\":{\"@id\":\"https:\/\/embreis.com\/no\/produkt\/pinnacle-mp-halskrage\/#primaryimage\"},\"thumbnailUrl\":\"https:\/\/embreis.com\/no\/wp-content\/uploads\/sites\/9\/2024\/11\/Pinnacle-Cervical-Collar-MP_1.png\",\"datePublished\":\"2024-10-09T13:39:46+00:00\",\"dateModified\":\"2024-11-21T14:28:28+00:00\",\"description\":\"Pinnacle MP Halskrage har justerbart MultiPost bakstycke och 12 positioner fram f\u00f6r perfekt passform, tryckavlastning och komfort vid l\u00e5ngtidsanv\u00e4ndning.\",\"breadcrumb\":{\"@id\":\"https:\/\/embreis.com\/no\/produkt\/pinnacle-mp-halskrage\/#breadcrumb\"},\"inLanguage\":\"sv-SE\",\"potentialAction\":[{\"@type\":\"ReadAction\",\"target\":[\"https:\/\/embreis.com\/no\/produkt\/pinnacle-mp-halskrage\/\"]}]},{\"@type\":\"ImageObject\",\"inLanguage\":\"sv-SE\",\"@id\":\"https:\/\/embreis.com\/no\/produkt\/pinnacle-mp-halskrage\/#primaryimage\",\"url\":\"https:\/\/embreis.com\/no\/wp-content\/uploads\/sites\/9\/2024\/11\/Pinnacle-Cervical-Collar-MP_1.png\",\"contentUrl\":\"https:\/\/embreis.com\/no\/wp-content\/uploads\/sites\/9\/2024\/11\/Pinnacle-Cervical-Collar-MP_1.png\",\"width\":850,\"height\":850,\"caption\":\"Halskrage - Pinnacle MP Breg | Embreis.com\"},{\"@type\":\"BreadcrumbList\",\"@id\":\"https:\/\/embreis.com\/no\/produkt\/pinnacle-mp-halskrage\/#breadcrumb\",\"itemListElement\":[{\"@type\":\"ListItem\",\"position\":1,\"name\":\"Hem\",\"item\":\"https:\/\/embreis.com\/no\/\"},{\"@type\":\"ListItem\",\"position\":2,\"name\":\"Sortiment\",\"item\":\"https:\/\/embreis.com\/no\/sortiment\/\"},{\"@type\":\"ListItem\",\"position\":3,\"name\":\"Ortos\",\"item\":\"https:\/\/embreis.com\/no\/produktkategori\/ortos\/\"},{\"@type\":\"ListItem\",\"position\":4,\"name\":\"Nacke\",\"item\":\"https:\/\/embreis.com\/no\/produktkategori\/ortos\/nacke\/\"},{\"@type\":\"ListItem\",\"position\":5,\"name\":\"Halskrage - Cervical ortos\",\"item\":\"https:\/\/embreis.com\/no\/produktkategori\/ortos\/nacke\/halskrage-cervical-ortos\/\"},{\"@type\":\"ListItem\",\"position\":6,\"name\":\"Pinnacle\u00ae MP Halskrage\"}]},{\"@type\":\"WebSite\",\"@id\":\"https:\/\/embreis.com\/no\/#website\",\"url\":\"https:\/\/embreis.com\/no\/\",\"name\":\"Embreis NO\",\"description\":\"Ortoser, proteser och material\",\"potentialAction\":[{\"@type\":\"SearchAction\",\"target\":{\"@type\":\"EntryPoint\",\"urlTemplate\":\"https:\/\/embreis.com\/no\/?s={search_term_string}\"},\"query-input\":{\"@type\":\"PropertyValueSpecification\",\"valueRequired\":true,\"valueName\":\"search_term_string\"}}],\"inLanguage\":\"sv-SE\"}]}<\/script>\n<!-- \/ Yoast SEO Premium plugin. -->","yoast_head_json":{"title":"Pinnacle\u00ae MP Halskrage - Embreis NO","description":"Pinnacle MP Halskrage har justerbart MultiPost bakstycke och 12 positioner fram f\u00f6r perfekt passform, tryckavlastning och komfort vid l\u00e5ngtidsanv\u00e4ndning.","robots":{"index":"index","follow":"follow","max-snippet":"max-snippet:-1","max-image-preview":"max-image-preview:large","max-video-preview":"max-video-preview:-1"},"canonical":"https:\/\/embreis.com\/no\/produkt\/pinnacle-mp-halskrage\/","og_locale":"sv_SE","og_type":"article","og_title":"Pinnacle\u00ae MP Halskrage","og_description":"Pinnacle MP Halskrage har justerbart MultiPost bakstycke och 12 positioner fram f\u00f6r perfekt passform, tryckavlastning och komfort vid l\u00e5ngtidsanv\u00e4ndning.","og_url":"https:\/\/embreis.com\/no\/produkt\/pinnacle-mp-halskrage\/","og_site_name":"Embreis NO","article_modified_time":"2024-11-21T14:28:28+00:00","og_image":[{"width":850,"height":850,"url":"https:\/\/embreis.com\/no\/wp-content\/uploads\/sites\/9\/2024\/11\/Pinnacle-Cervical-Collar-MP_1.png","type":"image\/png"}],"twitter_card":"summary_large_image","twitter_misc":{"Ber\u00e4knad l\u00e4stid":"1 minut"},"schema":{"@context":"https:\/\/schema.org","@graph":[{"@type":"WebPage","@id":"https:\/\/embreis.com\/no\/produkt\/pinnacle-mp-halskrage\/","url":"https:\/\/embreis.com\/no\/produkt\/pinnacle-mp-halskrage\/","name":"Pinnacle\u00ae MP Halskrage - Embreis NO","isPartOf":{"@id":"https:\/\/embreis.com\/no\/#website"},"primaryImageOfPage":{"@id":"https:\/\/embreis.com\/no\/produkt\/pinnacle-mp-halskrage\/#primaryimage"},"image":{"@id":"https:\/\/embreis.com\/no\/produkt\/pinnacle-mp-halskrage\/#primaryimage"},"thumbnailUrl":"https:\/\/embreis.com\/no\/wp-content\/uploads\/sites\/9\/2024\/11\/Pinnacle-Cervical-Collar-MP_1.png","datePublished":"2024-10-09T13:39:46+00:00","dateModified":"2024-11-21T14:28:28+00:00","description":"Pinnacle MP Halskrage har justerbart MultiPost bakstycke och 12 positioner fram f\u00f6r perfekt passform, tryckavlastning och komfort vid l\u00e5ngtidsanv\u00e4ndning.","breadcrumb":{"@id":"https:\/\/embreis.com\/no\/produkt\/pinnacle-mp-halskrage\/#breadcrumb"},"inLanguage":"sv-SE","potentialAction":[{"@type":"ReadAction","target":["https:\/\/embreis.com\/no\/produkt\/pinnacle-mp-halskrage\/"]}]},{"@type":"ImageObject","inLanguage":"sv-SE","@id":"https:\/\/embreis.com\/no\/produkt\/pinnacle-mp-halskrage\/#primaryimage","url":"https:\/\/embreis.com\/no\/wp-content\/uploads\/sites\/9\/2024\/11\/Pinnacle-Cervical-Collar-MP_1.png","contentUrl":"https:\/\/embreis.com\/no\/wp-content\/uploads\/sites\/9\/2024\/11\/Pinnacle-Cervical-Collar-MP_1.png","width":850,"height":850,"caption":"Halskrage - Pinnacle MP Breg | Embreis.com"},{"@type":"BreadcrumbList","@id":"https:\/\/embreis.com\/no\/produkt\/pinnacle-mp-halskrage\/#breadcrumb","itemListElement":[{"@type":"ListItem","position":1,"name":"Hem","item":"https:\/\/embreis.com\/no\/"},{"@type":"ListItem","position":2,"name":"Sortiment","item":"https:\/\/embreis.com\/no\/sortiment\/"},{"@type":"ListItem","position":3,"name":"Ortos","item":"https:\/\/embreis.com\/no\/produktkategori\/ortos\/"},{"@type":"ListItem","position":4,"name":"Nacke","item":"https:\/\/embreis.com\/no\/produktkategori\/ortos\/nacke\/"},{"@type":"ListItem","position":5,"name":"Halskrage - Cervical ortos","item":"https:\/\/embreis.com\/no\/produktkategori\/ortos\/nacke\/halskrage-cervical-ortos\/"},{"@type":"ListItem","position":6,"name":"Pinnacle\u00ae MP Halskrage"}]},{"@type":"WebSite","@id":"https:\/\/embreis.com\/no\/#website","url":"https:\/\/embreis.com\/no\/","name":"Embreis NO","description":"Ortoser, proteser och material","potentialAction":[{"@type":"SearchAction","target":{"@type":"EntryPoint","urlTemplate":"https:\/\/embreis.com\/no\/?s={search_term_string}"},"query-input":{"@type":"PropertyValueSpecification","valueRequired":true,"valueName":"search_term_string"}}],"inLanguage":"sv-SE"}]}},"_links":{"self":[{"href":"https:\/\/embreis.com\/no\/wp-json\/wp\/v2\/product\/12676","targetHints":{"allow":["GET"]}}],"collection":[{"href":"https:\/\/embreis.com\/no\/wp-json\/wp\/v2\/product"}],"about":[{"href":"https:\/\/embreis.com\/no\/wp-json\/wp\/v2\/types\/product"}],"wp:featuredmedia":[{"embeddable":true,"href":"https:\/\/embreis.com\/no\/wp-json\/wp\/v2\/media\/12915"}],"wp:attachment":[{"href":"https:\/\/embreis.com\/no\/wp-json\/wp\/v2\/media?parent=12676"}],"wp:term":[{"taxonomy":"product_brand","embeddable":true,"href":"https:\/\/embreis.com\/no\/wp-json\/wp\/v2\/product_brand?post=12676"},{"taxonomy":"product_cat","embeddable":true,"href":"https:\/\/embreis.com\/no\/wp-json\/wp\/v2\/product_cat?post=12676"},{"taxonomy":"product_tag","embeddable":true,"href":"https:\/\/embreis.com\/no\/wp-json\/wp\/v2\/product_tag?post=12676"}],"curies":[{"name":"wp","href":"https:\/\/api.w.org\/{rel}","templated":true}]}}