{"id":12623,"date":"2024-10-03T11:59:37","date_gmt":"2024-10-03T09:59:37","guid":{"rendered":"https:\/\/embreis.com\/no\/?post_type=product&#038;p=12623"},"modified":"2025-02-25T15:01:01","modified_gmt":"2025-02-25T13:01:01","slug":"flex-phantom-ak","status":"publish","type":"product","link":"https:\/\/embreis.com\/no\/produkt\/flex-phantom-ak\/","title":{"rendered":"Flex Phantom AK"},"content":{"rendered":"<p>Flex Phantom \u00e4r en 3D printad kosmetik fr\u00e5n Nextt, tillverkad efter skanning.<\/p>\n<p>Phantom \u00e4r designad f\u00f6r att s\u00e5 mycket som m\u00f6jligt likna det friska benet, med b\u00e5de en kosmetik f\u00f6r underbenet och en l\u00e5rdel som t\u00e4cker hylsan.<\/p>\n<p>Detta g\u00f6r att kosmetiken fyller ut en byxa fint vid t.ex. sittande. L\u00e5rdelen \u00e4r fixerad med en unik &#8221;knapp&#8221; lateralt p\u00e5 hylsan. Denna &#8221;knapp&#8221; i kombination med magnetl\u00e5sningen baktill p\u00e5 underbenet g\u00f6r att hela kosmetiken \u00e4r mycket enkel att ta p\u00e5 och av.<\/p>\n<p>G\u00e5r att best\u00e4llas i 18 olika f\u00e4rger och nyanser. I vissa av dessa finns m\u00f6jlighet att f\u00e5 en tatuering. Se orderformul\u00e4r under fliken <strong>Dokument<\/strong><\/p>\n<p>Kosmetiken designas individuellt efter skanning till varje brukare och protes oberoende av vilka komponenter som finns i protesen.<\/p>\n<p>Denna kosmetik \u00e4r tillverkad av ett material som \u00e4r mjukt och flexibelt.<\/p>\n<p>Kosmetiken \u00e4r mycket h\u00e5llbar och skyddar protesen effektivt fr\u00e5n yttre v\u00e5ld.<\/p>\n<p>Flex Phantom till\u00e5ter mycket flexion.\u00a0Den begr\u00e4nsas bara av den valda kn\u00e4ledens funktion.<\/p>\n<p><strong>F\u00f6r mer information, kontakta v\u00e5r kundsupport eller bes\u00f6k Nextt&#8217;s hemsida p\u00e5 <a href=\"http:\/\/nexttprosthetics.com\">nexttprosthetics.com<\/a><\/strong><\/p>\n<p>&nbsp;<\/p>\n","protected":false},"excerpt":{"rendered":"<p>Flex Phantom \u00e4r en 3D printad kosmetik fr\u00e5n Nextt, tillverkad efter skanning. Phantom \u00e4r designad f\u00f6r att s\u00e5 mycket som [&hellip;]<\/p>\n","protected":false},"featured_media":12625,"template":"","meta":[],"product_brand":[],"product_cat":[1257,1380,272,1144],"product_tag":[],"class_list":{"0":"post-12623","1":"product","2":"type-product","3":"status-publish","4":"has-post-thumbnail","6":"product_cat-ben-fotkosmetik","7":"product_cat-nyheter","8":"product_cat-protes","9":"product_cat-kna-ben","10":"pa_varumarke-nextt","12":"first","13":"outofstock","14":"featured","15":"shipping-taxable","16":"product-type-variable"},"acf":[],"yoast_head":"<!-- This site is optimized with the Yoast SEO Premium plugin v27.3 (Yoast SEO v27.3) - https:\/\/yoast.com\/product\/yoast-seo-premium-wordpress\/ -->\n<title>Flex Phantom AK - Embreis NO<\/title>\n<meta name=\"robots\" content=\"index, follow, max-snippet:-1, max-image-preview:large, max-video-preview:-1\" \/>\n<link rel=\"canonical\" href=\"https:\/\/embreis.com\/no\/produkt\/flex-phantom-ak\/\" \/>\n<meta property=\"og:locale\" content=\"sv_SE\" \/>\n<meta property=\"og:type\" content=\"article\" \/>\n<meta property=\"og:title\" content=\"Flex Phantom AK\" \/>\n<meta property=\"og:description\" content=\"Flex Phantom \u00e4r en 3D printad kosmetik fr\u00e5n Nextt, tillverkad efter skanning. Phantom \u00e4r designad f\u00f6r att s\u00e5 mycket som [&hellip;]\" \/>\n<meta property=\"og:url\" content=\"https:\/\/embreis.com\/no\/produkt\/flex-phantom-ak\/\" \/>\n<meta property=\"og:site_name\" content=\"Embreis NO\" \/>\n<meta property=\"article:modified_time\" content=\"2025-02-25T13:01:01+00:00\" \/>\n<meta property=\"og:image\" content=\"https:\/\/embreis.com\/no\/wp-content\/uploads\/sites\/9\/2024\/10\/Flex-Phantom-Botton-1.png\" \/>\n\t<meta property=\"og:image:width\" content=\"850\" \/>\n\t<meta property=\"og:image:height\" content=\"850\" \/>\n\t<meta property=\"og:image:type\" content=\"image\/png\" \/>\n<meta name=\"twitter:card\" content=\"summary_large_image\" \/>\n<meta name=\"twitter:label1\" content=\"Ber\u00e4knad l\u00e4stid\" \/>\n\t<meta name=\"twitter:data1\" content=\"2 minuter\" \/>\n<script type=\"application\/ld+json\" class=\"yoast-schema-graph\">{\"@context\":\"https:\\\/\\\/schema.org\",\"@graph\":[{\"@type\":\"WebPage\",\"@id\":\"https:\\\/\\\/embreis.com\\\/no\\\/produkt\\\/flex-phantom-ak\\\/\",\"url\":\"https:\\\/\\\/embreis.com\\\/no\\\/produkt\\\/flex-phantom-ak\\\/\",\"name\":\"Flex Phantom AK - Embreis NO\",\"isPartOf\":{\"@id\":\"https:\\\/\\\/embreis.com\\\/no\\\/#website\"},\"primaryImageOfPage\":{\"@id\":\"https:\\\/\\\/embreis.com\\\/no\\\/produkt\\\/flex-phantom-ak\\\/#primaryimage\"},\"image\":{\"@id\":\"https:\\\/\\\/embreis.com\\\/no\\\/produkt\\\/flex-phantom-ak\\\/#primaryimage\"},\"thumbnailUrl\":\"https:\\\/\\\/embreis.com\\\/no\\\/wp-content\\\/uploads\\\/sites\\\/9\\\/2024\\\/10\\\/Flex-Phantom-Botton-1.png\",\"datePublished\":\"2024-10-03T09:59:37+00:00\",\"dateModified\":\"2025-02-25T13:01:01+00:00\",\"breadcrumb\":{\"@id\":\"https:\\\/\\\/embreis.com\\\/no\\\/produkt\\\/flex-phantom-ak\\\/#breadcrumb\"},\"inLanguage\":\"sv-SE\",\"potentialAction\":[{\"@type\":\"ReadAction\",\"target\":[\"https:\\\/\\\/embreis.com\\\/no\\\/produkt\\\/flex-phantom-ak\\\/\"]}]},{\"@type\":\"ImageObject\",\"inLanguage\":\"sv-SE\",\"@id\":\"https:\\\/\\\/embreis.com\\\/no\\\/produkt\\\/flex-phantom-ak\\\/#primaryimage\",\"url\":\"https:\\\/\\\/embreis.com\\\/no\\\/wp-content\\\/uploads\\\/sites\\\/9\\\/2024\\\/10\\\/Flex-Phantom-Botton-1.png\",\"contentUrl\":\"https:\\\/\\\/embreis.com\\\/no\\\/wp-content\\\/uploads\\\/sites\\\/9\\\/2024\\\/10\\\/Flex-Phantom-Botton-1.png\",\"width\":850,\"height\":850},{\"@type\":\"BreadcrumbList\",\"@id\":\"https:\\\/\\\/embreis.com\\\/no\\\/produkt\\\/flex-phantom-ak\\\/#breadcrumb\",\"itemListElement\":[{\"@type\":\"ListItem\",\"position\":1,\"name\":\"Hem\",\"item\":\"https:\\\/\\\/embreis.com\\\/no\\\/\"},{\"@type\":\"ListItem\",\"position\":2,\"name\":\"Sortiment\",\"item\":\"https:\\\/\\\/embreis.com\\\/no\\\/sortiment\\\/\"},{\"@type\":\"ListItem\",\"position\":3,\"name\":\"Protes\",\"item\":\"https:\\\/\\\/embreis.com\\\/no\\\/produktkategori\\\/protes\\\/\"},{\"@type\":\"ListItem\",\"position\":4,\"name\":\"Kn\u00e4 &amp; Ben\",\"item\":\"https:\\\/\\\/embreis.com\\\/no\\\/produktkategori\\\/protes\\\/kna-ben\\\/\"},{\"@type\":\"ListItem\",\"position\":5,\"name\":\"Ben &amp; Fotkosmetik\",\"item\":\"https:\\\/\\\/embreis.com\\\/no\\\/produktkategori\\\/protes\\\/kna-ben\\\/ben-fotkosmetik\\\/\"},{\"@type\":\"ListItem\",\"position\":6,\"name\":\"Flex Phantom AK\"}]},{\"@type\":\"WebSite\",\"@id\":\"https:\\\/\\\/embreis.com\\\/no\\\/#website\",\"url\":\"https:\\\/\\\/embreis.com\\\/no\\\/\",\"name\":\"Embreis NO\",\"description\":\"Ortoser, proteser och material\",\"potentialAction\":[{\"@type\":\"SearchAction\",\"target\":{\"@type\":\"EntryPoint\",\"urlTemplate\":\"https:\\\/\\\/embreis.com\\\/no\\\/?s={search_term_string}\"},\"query-input\":{\"@type\":\"PropertyValueSpecification\",\"valueRequired\":true,\"valueName\":\"search_term_string\"}}],\"inLanguage\":\"sv-SE\"}]}<\/script>\n<!-- \/ Yoast SEO Premium plugin. -->","yoast_head_json":{"title":"Flex Phantom AK - Embreis NO","robots":{"index":"index","follow":"follow","max-snippet":"max-snippet:-1","max-image-preview":"max-image-preview:large","max-video-preview":"max-video-preview:-1"},"canonical":"https:\/\/embreis.com\/no\/produkt\/flex-phantom-ak\/","og_locale":"sv_SE","og_type":"article","og_title":"Flex Phantom AK","og_description":"Flex Phantom \u00e4r en 3D printad kosmetik fr\u00e5n Nextt, tillverkad efter skanning. Phantom \u00e4r designad f\u00f6r att s\u00e5 mycket som [&hellip;]","og_url":"https:\/\/embreis.com\/no\/produkt\/flex-phantom-ak\/","og_site_name":"Embreis NO","article_modified_time":"2025-02-25T13:01:01+00:00","og_image":[{"width":850,"height":850,"url":"https:\/\/embreis.com\/no\/wp-content\/uploads\/sites\/9\/2024\/10\/Flex-Phantom-Botton-1.png","type":"image\/png"}],"twitter_card":"summary_large_image","twitter_misc":{"Ber\u00e4knad l\u00e4stid":"2 minuter"},"schema":{"@context":"https:\/\/schema.org","@graph":[{"@type":"WebPage","@id":"https:\/\/embreis.com\/no\/produkt\/flex-phantom-ak\/","url":"https:\/\/embreis.com\/no\/produkt\/flex-phantom-ak\/","name":"Flex Phantom AK - Embreis NO","isPartOf":{"@id":"https:\/\/embreis.com\/no\/#website"},"primaryImageOfPage":{"@id":"https:\/\/embreis.com\/no\/produkt\/flex-phantom-ak\/#primaryimage"},"image":{"@id":"https:\/\/embreis.com\/no\/produkt\/flex-phantom-ak\/#primaryimage"},"thumbnailUrl":"https:\/\/embreis.com\/no\/wp-content\/uploads\/sites\/9\/2024\/10\/Flex-Phantom-Botton-1.png","datePublished":"2024-10-03T09:59:37+00:00","dateModified":"2025-02-25T13:01:01+00:00","breadcrumb":{"@id":"https:\/\/embreis.com\/no\/produkt\/flex-phantom-ak\/#breadcrumb"},"inLanguage":"sv-SE","potentialAction":[{"@type":"ReadAction","target":["https:\/\/embreis.com\/no\/produkt\/flex-phantom-ak\/"]}]},{"@type":"ImageObject","inLanguage":"sv-SE","@id":"https:\/\/embreis.com\/no\/produkt\/flex-phantom-ak\/#primaryimage","url":"https:\/\/embreis.com\/no\/wp-content\/uploads\/sites\/9\/2024\/10\/Flex-Phantom-Botton-1.png","contentUrl":"https:\/\/embreis.com\/no\/wp-content\/uploads\/sites\/9\/2024\/10\/Flex-Phantom-Botton-1.png","width":850,"height":850},{"@type":"BreadcrumbList","@id":"https:\/\/embreis.com\/no\/produkt\/flex-phantom-ak\/#breadcrumb","itemListElement":[{"@type":"ListItem","position":1,"name":"Hem","item":"https:\/\/embreis.com\/no\/"},{"@type":"ListItem","position":2,"name":"Sortiment","item":"https:\/\/embreis.com\/no\/sortiment\/"},{"@type":"ListItem","position":3,"name":"Protes","item":"https:\/\/embreis.com\/no\/produktkategori\/protes\/"},{"@type":"ListItem","position":4,"name":"Kn\u00e4 &amp; Ben","item":"https:\/\/embreis.com\/no\/produktkategori\/protes\/kna-ben\/"},{"@type":"ListItem","position":5,"name":"Ben &amp; Fotkosmetik","item":"https:\/\/embreis.com\/no\/produktkategori\/protes\/kna-ben\/ben-fotkosmetik\/"},{"@type":"ListItem","position":6,"name":"Flex Phantom AK"}]},{"@type":"WebSite","@id":"https:\/\/embreis.com\/no\/#website","url":"https:\/\/embreis.com\/no\/","name":"Embreis NO","description":"Ortoser, proteser och material","potentialAction":[{"@type":"SearchAction","target":{"@type":"EntryPoint","urlTemplate":"https:\/\/embreis.com\/no\/?s={search_term_string}"},"query-input":{"@type":"PropertyValueSpecification","valueRequired":true,"valueName":"search_term_string"}}],"inLanguage":"sv-SE"}]}},"_links":{"self":[{"href":"https:\/\/embreis.com\/no\/wp-json\/wp\/v2\/product\/12623","targetHints":{"allow":["GET"]}}],"collection":[{"href":"https:\/\/embreis.com\/no\/wp-json\/wp\/v2\/product"}],"about":[{"href":"https:\/\/embreis.com\/no\/wp-json\/wp\/v2\/types\/product"}],"wp:featuredmedia":[{"embeddable":true,"href":"https:\/\/embreis.com\/no\/wp-json\/wp\/v2\/media\/12625"}],"wp:attachment":[{"href":"https:\/\/embreis.com\/no\/wp-json\/wp\/v2\/media?parent=12623"}],"wp:term":[{"taxonomy":"product_brand","embeddable":true,"href":"https:\/\/embreis.com\/no\/wp-json\/wp\/v2\/product_brand?post=12623"},{"taxonomy":"product_cat","embeddable":true,"href":"https:\/\/embreis.com\/no\/wp-json\/wp\/v2\/product_cat?post=12623"},{"taxonomy":"product_tag","embeddable":true,"href":"https:\/\/embreis.com\/no\/wp-json\/wp\/v2\/product_tag?post=12623"}],"curies":[{"name":"wp","href":"https:\/\/api.w.org\/{rel}","templated":true}]}}