{"id":12400,"date":"2023-01-25T16:44:24","date_gmt":"2023-01-25T14:44:24","guid":{"rendered":"https:\/\/embreis.com\/no\/?post_type=product&#038;p=12400"},"modified":"2025-02-26T11:17:17","modified_gmt":"2025-02-26T09:17:17","slug":"xtern-summit","status":"publish","type":"product","link":"https:\/\/embreis.com\/no\/produkt\/xtern-summit\/","title":{"rendered":"Xtern Summit"},"content":{"rendered":"<div id=\"ctl00_cph1_rightCol\">\n<p><span data-contrast=\"none\">Xtern Summit \u00e4r en av Turbomed Orthotics senaste droppfotsortoser. Den bygger p\u00e5 samma unika funktion som Xtern Classic med mer l\u00e5gprofil och slimmad design. Xtern Summit \u00e4r ocks\u00e5 25% l\u00e4ttare \u00e4n Xtern Classic och har 18% mer dorsallyft.<\/span><span data-ccp-props=\"{&quot;134233117&quot;:true,&quot;134233118&quot;:true,&quot;201341983&quot;:0,&quot;335559739&quot;:160,&quot;335559740&quot;:240}\">\u00a0<\/span><\/p>\n<p><span data-contrast=\"none\">Ortosen appliceras utanp\u00e5 skon och kommer d\u00e4rmed inte i kontakt med foten. Det g\u00f6r att brukaren slipper eventuellt tryck och skav. Med hj\u00e4lp av Clips som enkelt monteras vid sn\u00f6rstycket p\u00e5 skon kan man l\u00e4tt flytta ortosen till olika skor. Det ing\u00e5r extra Clips med varje ortos och dessa kan best\u00e4llas separat. Summit kommer f\u00f6rsp\u00e4nd och ger ett aktivt dorsal lyft som passar de flesta patienter, som ocks\u00e5 kan justeras vid behov. Till den aktive patienten \u00e4r Xtern ortoserna extra l\u00e4mpliga d\u00e5 dom \u00e4r extremt t\u00e5liga och fungerar i de flesta aktiviteter och r\u00f6relsemoment.<\/span><span data-ccp-props=\"{&quot;134233117&quot;:true,&quot;134233118&quot;:true,&quot;201341983&quot;:0,&quot;335559739&quot;:160,&quot;335559740&quot;:240}\">\u00a0<\/span><\/p>\n<p><span data-contrast=\"none\">Med hj\u00e4lp av utv\u00e4rderingsortos <\/span><a href=\"https:\/\/embreis.com\/se\/produkt\/extern-at-x-utprovning\/\"><span data-contrast=\"none\">AT-Tool <\/span><\/a><span data-contrast=\"none\">kan Xtern ortoser enkelt testas p\u00e5 patient f\u00f6r att f\u00f6rst s\u00e4kerst\u00e4lla funktion och behov, innan ortosen best\u00e4lls och monteras ihop f\u00f6r den individuella patienten.<\/span><span data-ccp-props=\"{&quot;134233117&quot;:true,&quot;134233118&quot;:true,&quot;201341983&quot;:0,&quot;335559739&quot;:160,&quot;335559740&quot;:240}\">\u00a0<\/span><\/p>\n<p><span data-contrast=\"none\">\u00c4r du patient eller kliniker rekommenderar vi att du g\u00e5r in p\u00e5\u202f<\/span><a href=\"https:\/\/www.facebook.com\/groups\/1931055460454084\/\"><span data-contrast=\"none\">Turbomed Foot Drop Club<\/span><\/a><span data-contrast=\"none\">\u202fp\u00e5 Facebook, d\u00e4r du kan hitta fr\u00e5gor och svar om alla Turbomed\u00b4s modeller och \u00e4ven dela dina synpunkter och erfarenheter.<\/span><span data-ccp-props=\"{&quot;134233117&quot;:true,&quot;134233118&quot;:true,&quot;201341983&quot;:0,&quot;335559739&quot;:160,&quot;335559740&quot;:240}\">\u00a0<\/span><\/p>\n<\/div>\n","protected":false},"excerpt":{"rendered":"<p>Xtern Summit \u00e4r en av Turbomed Orthotics senaste droppfotsortoser. Den bygger p\u00e5 samma unika funktion som Xtern Classic med mer [&hellip;]<\/p>\n","protected":false},"featured_media":12408,"template":"","meta":[],"product_brand":[],"product_cat":[1231,217,225],"product_tag":[],"class_list":{"0":"post-12400","1":"product","2":"type-product","3":"status-publish","4":"has-post-thumbnail","6":"product_cat-neuro-rehab-vrist-ortos","7":"product_cat-ortos","8":"product_cat-ankel","9":"pa_varumarke-turbomed","11":"first","12":"outofstock","13":"shipping-taxable","14":"product-type-variable"},"acf":[],"yoast_head":"<!-- This site is optimized with the Yoast SEO Premium plugin v25.3.1 (Yoast SEO v25.3.1) - https:\/\/yoast.com\/wordpress\/plugins\/seo\/ -->\n<title>Xtern Summit - Embreis NO<\/title>\n<meta name=\"robots\" content=\"index, follow, max-snippet:-1, max-image-preview:large, max-video-preview:-1\" \/>\n<link rel=\"canonical\" href=\"https:\/\/embreis.com\/no\/produkt\/xtern-summit\/\" \/>\n<meta property=\"og:locale\" content=\"sv_SE\" \/>\n<meta property=\"og:type\" content=\"article\" \/>\n<meta property=\"og:title\" content=\"Xtern Summit\" \/>\n<meta property=\"og:description\" content=\"Xtern Summit \u00e4r en av Turbomed Orthotics senaste droppfotsortoser. Den bygger p\u00e5 samma unika funktion som Xtern Classic med mer [&hellip;]\" \/>\n<meta property=\"og:url\" content=\"https:\/\/embreis.com\/no\/produkt\/xtern-summit\/\" \/>\n<meta property=\"og:site_name\" content=\"Embreis NO\" \/>\n<meta property=\"article:modified_time\" content=\"2025-02-26T09:17:17+00:00\" \/>\n<meta property=\"og:image\" content=\"https:\/\/embreis.com\/no\/wp-content\/uploads\/sites\/9\/2023\/01\/Xtern_Summit_4.png\" \/>\n\t<meta property=\"og:image:width\" content=\"850\" \/>\n\t<meta property=\"og:image:height\" content=\"850\" \/>\n\t<meta property=\"og:image:type\" content=\"image\/png\" \/>\n<meta name=\"twitter:card\" content=\"summary_large_image\" \/>\n<meta name=\"twitter:label1\" content=\"Ber\u00e4knad l\u00e4stid\" \/>\n\t<meta name=\"twitter:data1\" content=\"2 minuter\" \/>\n<script type=\"application\/ld+json\" class=\"yoast-schema-graph\">{\"@context\":\"https:\/\/schema.org\",\"@graph\":[{\"@type\":\"WebPage\",\"@id\":\"https:\/\/embreis.com\/no\/produkt\/xtern-summit\/\",\"url\":\"https:\/\/embreis.com\/no\/produkt\/xtern-summit\/\",\"name\":\"Xtern Summit - Embreis NO\",\"isPartOf\":{\"@id\":\"https:\/\/embreis.com\/no\/#website\"},\"primaryImageOfPage\":{\"@id\":\"https:\/\/embreis.com\/no\/produkt\/xtern-summit\/#primaryimage\"},\"image\":{\"@id\":\"https:\/\/embreis.com\/no\/produkt\/xtern-summit\/#primaryimage\"},\"thumbnailUrl\":\"https:\/\/embreis.com\/no\/wp-content\/uploads\/sites\/9\/2023\/01\/Xtern_Summit_4.png\",\"datePublished\":\"2023-01-25T14:44:24+00:00\",\"dateModified\":\"2025-02-26T09:17:17+00:00\",\"breadcrumb\":{\"@id\":\"https:\/\/embreis.com\/no\/produkt\/xtern-summit\/#breadcrumb\"},\"inLanguage\":\"sv-SE\",\"potentialAction\":[{\"@type\":\"ReadAction\",\"target\":[\"https:\/\/embreis.com\/no\/produkt\/xtern-summit\/\"]}]},{\"@type\":\"ImageObject\",\"inLanguage\":\"sv-SE\",\"@id\":\"https:\/\/embreis.com\/no\/produkt\/xtern-summit\/#primaryimage\",\"url\":\"https:\/\/embreis.com\/no\/wp-content\/uploads\/sites\/9\/2023\/01\/Xtern_Summit_4.png\",\"contentUrl\":\"https:\/\/embreis.com\/no\/wp-content\/uploads\/sites\/9\/2023\/01\/Xtern_Summit_4.png\",\"width\":850,\"height\":850},{\"@type\":\"BreadcrumbList\",\"@id\":\"https:\/\/embreis.com\/no\/produkt\/xtern-summit\/#breadcrumb\",\"itemListElement\":[{\"@type\":\"ListItem\",\"position\":1,\"name\":\"Hem\",\"item\":\"https:\/\/embreis.com\/no\/\"},{\"@type\":\"ListItem\",\"position\":2,\"name\":\"Sortiment\",\"item\":\"https:\/\/embreis.com\/no\/sortiment\/\"},{\"@type\":\"ListItem\",\"position\":3,\"name\":\"Ortos\",\"item\":\"https:\/\/embreis.com\/no\/produktkategori\/ortos\/\"},{\"@type\":\"ListItem\",\"position\":4,\"name\":\"Ankel\",\"item\":\"https:\/\/embreis.com\/no\/produktkategori\/ortos\/ankel\/\"},{\"@type\":\"ListItem\",\"position\":5,\"name\":\"Neuro - Rehab\",\"item\":\"https:\/\/embreis.com\/no\/produktkategori\/ortos\/ankel\/neuro-rehab-vrist-ortos\/\"},{\"@type\":\"ListItem\",\"position\":6,\"name\":\"Xtern Summit\"}]},{\"@type\":\"WebSite\",\"@id\":\"https:\/\/embreis.com\/no\/#website\",\"url\":\"https:\/\/embreis.com\/no\/\",\"name\":\"Embreis NO\",\"description\":\"Ortoser, proteser och material\",\"potentialAction\":[{\"@type\":\"SearchAction\",\"target\":{\"@type\":\"EntryPoint\",\"urlTemplate\":\"https:\/\/embreis.com\/no\/?s={search_term_string}\"},\"query-input\":{\"@type\":\"PropertyValueSpecification\",\"valueRequired\":true,\"valueName\":\"search_term_string\"}}],\"inLanguage\":\"sv-SE\"}]}<\/script>\n<!-- \/ Yoast SEO Premium plugin. -->","yoast_head_json":{"title":"Xtern Summit - Embreis NO","robots":{"index":"index","follow":"follow","max-snippet":"max-snippet:-1","max-image-preview":"max-image-preview:large","max-video-preview":"max-video-preview:-1"},"canonical":"https:\/\/embreis.com\/no\/produkt\/xtern-summit\/","og_locale":"sv_SE","og_type":"article","og_title":"Xtern Summit","og_description":"Xtern Summit \u00e4r en av Turbomed Orthotics senaste droppfotsortoser. Den bygger p\u00e5 samma unika funktion som Xtern Classic med mer [&hellip;]","og_url":"https:\/\/embreis.com\/no\/produkt\/xtern-summit\/","og_site_name":"Embreis NO","article_modified_time":"2025-02-26T09:17:17+00:00","og_image":[{"width":850,"height":850,"url":"https:\/\/embreis.com\/no\/wp-content\/uploads\/sites\/9\/2023\/01\/Xtern_Summit_4.png","type":"image\/png"}],"twitter_card":"summary_large_image","twitter_misc":{"Ber\u00e4knad l\u00e4stid":"2 minuter"},"schema":{"@context":"https:\/\/schema.org","@graph":[{"@type":"WebPage","@id":"https:\/\/embreis.com\/no\/produkt\/xtern-summit\/","url":"https:\/\/embreis.com\/no\/produkt\/xtern-summit\/","name":"Xtern Summit - Embreis NO","isPartOf":{"@id":"https:\/\/embreis.com\/no\/#website"},"primaryImageOfPage":{"@id":"https:\/\/embreis.com\/no\/produkt\/xtern-summit\/#primaryimage"},"image":{"@id":"https:\/\/embreis.com\/no\/produkt\/xtern-summit\/#primaryimage"},"thumbnailUrl":"https:\/\/embreis.com\/no\/wp-content\/uploads\/sites\/9\/2023\/01\/Xtern_Summit_4.png","datePublished":"2023-01-25T14:44:24+00:00","dateModified":"2025-02-26T09:17:17+00:00","breadcrumb":{"@id":"https:\/\/embreis.com\/no\/produkt\/xtern-summit\/#breadcrumb"},"inLanguage":"sv-SE","potentialAction":[{"@type":"ReadAction","target":["https:\/\/embreis.com\/no\/produkt\/xtern-summit\/"]}]},{"@type":"ImageObject","inLanguage":"sv-SE","@id":"https:\/\/embreis.com\/no\/produkt\/xtern-summit\/#primaryimage","url":"https:\/\/embreis.com\/no\/wp-content\/uploads\/sites\/9\/2023\/01\/Xtern_Summit_4.png","contentUrl":"https:\/\/embreis.com\/no\/wp-content\/uploads\/sites\/9\/2023\/01\/Xtern_Summit_4.png","width":850,"height":850},{"@type":"BreadcrumbList","@id":"https:\/\/embreis.com\/no\/produkt\/xtern-summit\/#breadcrumb","itemListElement":[{"@type":"ListItem","position":1,"name":"Hem","item":"https:\/\/embreis.com\/no\/"},{"@type":"ListItem","position":2,"name":"Sortiment","item":"https:\/\/embreis.com\/no\/sortiment\/"},{"@type":"ListItem","position":3,"name":"Ortos","item":"https:\/\/embreis.com\/no\/produktkategori\/ortos\/"},{"@type":"ListItem","position":4,"name":"Ankel","item":"https:\/\/embreis.com\/no\/produktkategori\/ortos\/ankel\/"},{"@type":"ListItem","position":5,"name":"Neuro - Rehab","item":"https:\/\/embreis.com\/no\/produktkategori\/ortos\/ankel\/neuro-rehab-vrist-ortos\/"},{"@type":"ListItem","position":6,"name":"Xtern Summit"}]},{"@type":"WebSite","@id":"https:\/\/embreis.com\/no\/#website","url":"https:\/\/embreis.com\/no\/","name":"Embreis NO","description":"Ortoser, proteser och material","potentialAction":[{"@type":"SearchAction","target":{"@type":"EntryPoint","urlTemplate":"https:\/\/embreis.com\/no\/?s={search_term_string}"},"query-input":{"@type":"PropertyValueSpecification","valueRequired":true,"valueName":"search_term_string"}}],"inLanguage":"sv-SE"}]}},"_links":{"self":[{"href":"https:\/\/embreis.com\/no\/wp-json\/wp\/v2\/product\/12400","targetHints":{"allow":["GET"]}}],"collection":[{"href":"https:\/\/embreis.com\/no\/wp-json\/wp\/v2\/product"}],"about":[{"href":"https:\/\/embreis.com\/no\/wp-json\/wp\/v2\/types\/product"}],"wp:featuredmedia":[{"embeddable":true,"href":"https:\/\/embreis.com\/no\/wp-json\/wp\/v2\/media\/12408"}],"wp:attachment":[{"href":"https:\/\/embreis.com\/no\/wp-json\/wp\/v2\/media?parent=12400"}],"wp:term":[{"taxonomy":"product_brand","embeddable":true,"href":"https:\/\/embreis.com\/no\/wp-json\/wp\/v2\/product_brand?post=12400"},{"taxonomy":"product_cat","embeddable":true,"href":"https:\/\/embreis.com\/no\/wp-json\/wp\/v2\/product_cat?post=12400"},{"taxonomy":"product_tag","embeddable":true,"href":"https:\/\/embreis.com\/no\/wp-json\/wp\/v2\/product_tag?post=12400"}],"curies":[{"name":"wp","href":"https:\/\/api.w.org\/{rel}","templated":true}]}}