{"id":12339,"date":"2023-01-20T15:12:20","date_gmt":"2023-01-20T13:12:20","guid":{"rendered":"https:\/\/embreis.com\/no\/?post_type=product&#038;p=12339"},"modified":"2024-10-09T11:02:14","modified_gmt":"2024-10-09T09:02:14","slug":"regal-benkosmetik","status":"publish","type":"product","link":"https:\/\/embreis.com\/no\/produkt\/regal-benkosmetik\/","title":{"rendered":"Regal Benkosmetik"},"content":{"rendered":"<p>Regal Benkosmetik \u00e4r handgjord och framtagen i ett h\u00f6gkvalitativt silikon material som ger brukaren ett realistiskt utseende.<\/p>\n<p>Benkosmetiken finns i 36 olika hudtoner och varje sleeve \u00e4r utformad med naturtrogna detaljer. Dessutom finns ett stort utbud av tillval f\u00f6r att g\u00f6ra produkten s\u00e5 naturtrogen som m\u00f6jligt. Exempelvis h\u00e5r i b\u00e5de 2D och 3D utf\u00f6rande och Duo Color, dvs. m\u00f6jlighet till olika hudton p\u00e5 olika delar.<\/p>\n<p>Det g\u00e5r \u00e4ven att v\u00e4lja med eller utan dragkedja beroende p\u00e5 hur benkosmetiken ska anv\u00e4ndas. Det g\u00e5r \u00e4ven att v\u00e4lja till foam utfyllnad i de fall man vill ers\u00e4tta f\u00f6rlorad muskelv\u00e4vnad. H\u00e4r nedan kan du l\u00e4sa mer om de olika tillvalen.<\/p>\n<p>Produkten g\u00e5r att best\u00e4lla med Fasta M\u00e5tt, Semi custom eller som Full custom. Allt efter patientens behov.<\/p>\n<p><strong>F\u00f6r mer utf\u00f6rlig best\u00e4llningsinformation kontakta v\u00e5r kundsupport.<\/strong><\/p>\n","protected":false},"excerpt":{"rendered":"<p>Regal Benkosmetik \u00e4r handgjord och framtagen i ett h\u00f6gkvalitativt silikon material som ger brukaren ett realistiskt utseende. Benkosmetiken finns i [&hellip;]<\/p>\n","protected":false},"featured_media":12342,"template":"","meta":[],"product_brand":[],"product_cat":[1257,1380,272,1144],"product_tag":[],"class_list":{"0":"post-12339","1":"product","2":"type-product","3":"status-publish","4":"has-post-thumbnail","6":"product_cat-ben-fotkosmetik","7":"product_cat-nyheter","8":"product_cat-protes","9":"product_cat-kna-ben","10":"pa_varumarke-regal-prosthesis","12":"first","13":"outofstock","14":"featured","15":"shipping-taxable","16":"product-type-simple"},"acf":[],"yoast_head":"<!-- This site is optimized with the Yoast SEO Premium plugin v27.3 (Yoast SEO v27.3) - https:\/\/yoast.com\/product\/yoast-seo-premium-wordpress\/ -->\n<title>Regal Benkosmetik - Embreis NO<\/title>\n<meta name=\"robots\" content=\"index, follow, max-snippet:-1, max-image-preview:large, max-video-preview:-1\" \/>\n<link rel=\"canonical\" href=\"https:\/\/embreis.com\/no\/produkt\/regal-benkosmetik\/\" \/>\n<meta property=\"og:locale\" content=\"sv_SE\" \/>\n<meta property=\"og:type\" content=\"article\" \/>\n<meta property=\"og:title\" content=\"Regal Benkosmetik\" \/>\n<meta property=\"og:description\" content=\"Regal Benkosmetik \u00e4r handgjord och framtagen i ett h\u00f6gkvalitativt silikon material som ger brukaren ett realistiskt utseende. Benkosmetiken finns i [&hellip;]\" \/>\n<meta property=\"og:url\" content=\"https:\/\/embreis.com\/no\/produkt\/regal-benkosmetik\/\" \/>\n<meta property=\"og:site_name\" content=\"Embreis NO\" \/>\n<meta property=\"article:modified_time\" content=\"2024-10-09T09:02:14+00:00\" \/>\n<meta property=\"og:image\" content=\"https:\/\/embreis.com\/no\/wp-content\/uploads\/sites\/9\/2023\/01\/Regal-Benkosmetik.png\" \/>\n\t<meta property=\"og:image:width\" content=\"850\" \/>\n\t<meta property=\"og:image:height\" content=\"850\" \/>\n\t<meta property=\"og:image:type\" content=\"image\/png\" \/>\n<meta name=\"twitter:card\" content=\"summary_large_image\" \/>\n<meta name=\"twitter:label1\" content=\"Ber\u00e4knad l\u00e4stid\" \/>\n\t<meta name=\"twitter:data1\" content=\"1 minut\" \/>\n<script type=\"application\/ld+json\" class=\"yoast-schema-graph\">{\"@context\":\"https:\\\/\\\/schema.org\",\"@graph\":[{\"@type\":\"WebPage\",\"@id\":\"https:\\\/\\\/embreis.com\\\/no\\\/produkt\\\/regal-benkosmetik\\\/\",\"url\":\"https:\\\/\\\/embreis.com\\\/no\\\/produkt\\\/regal-benkosmetik\\\/\",\"name\":\"Regal Benkosmetik - Embreis NO\",\"isPartOf\":{\"@id\":\"https:\\\/\\\/embreis.com\\\/no\\\/#website\"},\"primaryImageOfPage\":{\"@id\":\"https:\\\/\\\/embreis.com\\\/no\\\/produkt\\\/regal-benkosmetik\\\/#primaryimage\"},\"image\":{\"@id\":\"https:\\\/\\\/embreis.com\\\/no\\\/produkt\\\/regal-benkosmetik\\\/#primaryimage\"},\"thumbnailUrl\":\"https:\\\/\\\/embreis.com\\\/no\\\/wp-content\\\/uploads\\\/sites\\\/9\\\/2023\\\/01\\\/Regal-Benkosmetik.png\",\"datePublished\":\"2023-01-20T13:12:20+00:00\",\"dateModified\":\"2024-10-09T09:02:14+00:00\",\"breadcrumb\":{\"@id\":\"https:\\\/\\\/embreis.com\\\/no\\\/produkt\\\/regal-benkosmetik\\\/#breadcrumb\"},\"inLanguage\":\"sv-SE\",\"potentialAction\":[{\"@type\":\"ReadAction\",\"target\":[\"https:\\\/\\\/embreis.com\\\/no\\\/produkt\\\/regal-benkosmetik\\\/\"]}]},{\"@type\":\"ImageObject\",\"inLanguage\":\"sv-SE\",\"@id\":\"https:\\\/\\\/embreis.com\\\/no\\\/produkt\\\/regal-benkosmetik\\\/#primaryimage\",\"url\":\"https:\\\/\\\/embreis.com\\\/no\\\/wp-content\\\/uploads\\\/sites\\\/9\\\/2023\\\/01\\\/Regal-Benkosmetik.png\",\"contentUrl\":\"https:\\\/\\\/embreis.com\\\/no\\\/wp-content\\\/uploads\\\/sites\\\/9\\\/2023\\\/01\\\/Regal-Benkosmetik.png\",\"width\":850,\"height\":850},{\"@type\":\"BreadcrumbList\",\"@id\":\"https:\\\/\\\/embreis.com\\\/no\\\/produkt\\\/regal-benkosmetik\\\/#breadcrumb\",\"itemListElement\":[{\"@type\":\"ListItem\",\"position\":1,\"name\":\"Hem\",\"item\":\"https:\\\/\\\/embreis.com\\\/no\\\/\"},{\"@type\":\"ListItem\",\"position\":2,\"name\":\"Sortiment\",\"item\":\"https:\\\/\\\/embreis.com\\\/no\\\/sortiment\\\/\"},{\"@type\":\"ListItem\",\"position\":3,\"name\":\"Protes\",\"item\":\"https:\\\/\\\/embreis.com\\\/no\\\/produktkategori\\\/protes\\\/\"},{\"@type\":\"ListItem\",\"position\":4,\"name\":\"Kn\u00e4 &amp; Ben\",\"item\":\"https:\\\/\\\/embreis.com\\\/no\\\/produktkategori\\\/protes\\\/kna-ben\\\/\"},{\"@type\":\"ListItem\",\"position\":5,\"name\":\"Ben &amp; Fotkosmetik\",\"item\":\"https:\\\/\\\/embreis.com\\\/no\\\/produktkategori\\\/protes\\\/kna-ben\\\/ben-fotkosmetik\\\/\"},{\"@type\":\"ListItem\",\"position\":6,\"name\":\"Regal Benkosmetik\"}]},{\"@type\":\"WebSite\",\"@id\":\"https:\\\/\\\/embreis.com\\\/no\\\/#website\",\"url\":\"https:\\\/\\\/embreis.com\\\/no\\\/\",\"name\":\"Embreis NO\",\"description\":\"Ortoser, proteser och material\",\"potentialAction\":[{\"@type\":\"SearchAction\",\"target\":{\"@type\":\"EntryPoint\",\"urlTemplate\":\"https:\\\/\\\/embreis.com\\\/no\\\/?s={search_term_string}\"},\"query-input\":{\"@type\":\"PropertyValueSpecification\",\"valueRequired\":true,\"valueName\":\"search_term_string\"}}],\"inLanguage\":\"sv-SE\"}]}<\/script>\n<!-- \/ Yoast SEO Premium plugin. -->","yoast_head_json":{"title":"Regal Benkosmetik - Embreis NO","robots":{"index":"index","follow":"follow","max-snippet":"max-snippet:-1","max-image-preview":"max-image-preview:large","max-video-preview":"max-video-preview:-1"},"canonical":"https:\/\/embreis.com\/no\/produkt\/regal-benkosmetik\/","og_locale":"sv_SE","og_type":"article","og_title":"Regal Benkosmetik","og_description":"Regal Benkosmetik \u00e4r handgjord och framtagen i ett h\u00f6gkvalitativt silikon material som ger brukaren ett realistiskt utseende. Benkosmetiken finns i [&hellip;]","og_url":"https:\/\/embreis.com\/no\/produkt\/regal-benkosmetik\/","og_site_name":"Embreis NO","article_modified_time":"2024-10-09T09:02:14+00:00","og_image":[{"width":850,"height":850,"url":"https:\/\/embreis.com\/no\/wp-content\/uploads\/sites\/9\/2023\/01\/Regal-Benkosmetik.png","type":"image\/png"}],"twitter_card":"summary_large_image","twitter_misc":{"Ber\u00e4knad l\u00e4stid":"1 minut"},"schema":{"@context":"https:\/\/schema.org","@graph":[{"@type":"WebPage","@id":"https:\/\/embreis.com\/no\/produkt\/regal-benkosmetik\/","url":"https:\/\/embreis.com\/no\/produkt\/regal-benkosmetik\/","name":"Regal Benkosmetik - Embreis NO","isPartOf":{"@id":"https:\/\/embreis.com\/no\/#website"},"primaryImageOfPage":{"@id":"https:\/\/embreis.com\/no\/produkt\/regal-benkosmetik\/#primaryimage"},"image":{"@id":"https:\/\/embreis.com\/no\/produkt\/regal-benkosmetik\/#primaryimage"},"thumbnailUrl":"https:\/\/embreis.com\/no\/wp-content\/uploads\/sites\/9\/2023\/01\/Regal-Benkosmetik.png","datePublished":"2023-01-20T13:12:20+00:00","dateModified":"2024-10-09T09:02:14+00:00","breadcrumb":{"@id":"https:\/\/embreis.com\/no\/produkt\/regal-benkosmetik\/#breadcrumb"},"inLanguage":"sv-SE","potentialAction":[{"@type":"ReadAction","target":["https:\/\/embreis.com\/no\/produkt\/regal-benkosmetik\/"]}]},{"@type":"ImageObject","inLanguage":"sv-SE","@id":"https:\/\/embreis.com\/no\/produkt\/regal-benkosmetik\/#primaryimage","url":"https:\/\/embreis.com\/no\/wp-content\/uploads\/sites\/9\/2023\/01\/Regal-Benkosmetik.png","contentUrl":"https:\/\/embreis.com\/no\/wp-content\/uploads\/sites\/9\/2023\/01\/Regal-Benkosmetik.png","width":850,"height":850},{"@type":"BreadcrumbList","@id":"https:\/\/embreis.com\/no\/produkt\/regal-benkosmetik\/#breadcrumb","itemListElement":[{"@type":"ListItem","position":1,"name":"Hem","item":"https:\/\/embreis.com\/no\/"},{"@type":"ListItem","position":2,"name":"Sortiment","item":"https:\/\/embreis.com\/no\/sortiment\/"},{"@type":"ListItem","position":3,"name":"Protes","item":"https:\/\/embreis.com\/no\/produktkategori\/protes\/"},{"@type":"ListItem","position":4,"name":"Kn\u00e4 &amp; Ben","item":"https:\/\/embreis.com\/no\/produktkategori\/protes\/kna-ben\/"},{"@type":"ListItem","position":5,"name":"Ben &amp; Fotkosmetik","item":"https:\/\/embreis.com\/no\/produktkategori\/protes\/kna-ben\/ben-fotkosmetik\/"},{"@type":"ListItem","position":6,"name":"Regal Benkosmetik"}]},{"@type":"WebSite","@id":"https:\/\/embreis.com\/no\/#website","url":"https:\/\/embreis.com\/no\/","name":"Embreis NO","description":"Ortoser, proteser och material","potentialAction":[{"@type":"SearchAction","target":{"@type":"EntryPoint","urlTemplate":"https:\/\/embreis.com\/no\/?s={search_term_string}"},"query-input":{"@type":"PropertyValueSpecification","valueRequired":true,"valueName":"search_term_string"}}],"inLanguage":"sv-SE"}]}},"_links":{"self":[{"href":"https:\/\/embreis.com\/no\/wp-json\/wp\/v2\/product\/12339","targetHints":{"allow":["GET"]}}],"collection":[{"href":"https:\/\/embreis.com\/no\/wp-json\/wp\/v2\/product"}],"about":[{"href":"https:\/\/embreis.com\/no\/wp-json\/wp\/v2\/types\/product"}],"wp:featuredmedia":[{"embeddable":true,"href":"https:\/\/embreis.com\/no\/wp-json\/wp\/v2\/media\/12342"}],"wp:attachment":[{"href":"https:\/\/embreis.com\/no\/wp-json\/wp\/v2\/media?parent=12339"}],"wp:term":[{"taxonomy":"product_brand","embeddable":true,"href":"https:\/\/embreis.com\/no\/wp-json\/wp\/v2\/product_brand?post=12339"},{"taxonomy":"product_cat","embeddable":true,"href":"https:\/\/embreis.com\/no\/wp-json\/wp\/v2\/product_cat?post=12339"},{"taxonomy":"product_tag","embeddable":true,"href":"https:\/\/embreis.com\/no\/wp-json\/wp\/v2\/product_tag?post=12339"}],"curies":[{"name":"wp","href":"https:\/\/api.w.org\/{rel}","templated":true}]}}