{"id":121,"date":"2019-08-26T08:51:13","date_gmt":"2019-08-26T06:51:13","guid":{"rendered":"http:\/\/embreiscom.wpengine.com\/?product=import-placeholder-for-19637"},"modified":"2022-01-31T15:43:03","modified_gmt":"2022-01-31T13:43:03","slug":"elock","status":"publish","type":"product","link":"https:\/\/embreis.com\/no\/produkt\/elock\/","title":{"rendered":"eLock"},"content":{"rendered":"<p>eLock \u00e4r ett s.k. axell\u00e5s \/ axelbandage som passar h\u00f6ger och v\u00e4nster sida och \u00e4r tillverkad i en universalstorlek. B\u00e5l och \u00f6verarmsdel \u00e4r tillverkade i mjukt och behagligt material och axelremmen \u00e4r oelastisk vilket s\u00e4kerst\u00e4ller armens l\u00e4ge. Arm och axel l\u00e5ses effektivt men till\u00e5ter att patienten enkelt kommer i och ur f\u00f6r r\u00f6relsetr\u00e4ning.\u00a0Fix-lock sp\u00e4nne, polstrad axelrem samt reglerbart tumgrepp \u00e4r detaljer som h\u00f6jer komfort och anv\u00e4ndarv\u00e4nlighet.<\/p>\n","protected":false},"excerpt":{"rendered":"<ul>\n<li>Universal storlek<\/li>\n<li>Passar h\u00f6ger och v\u00e4nster<\/li>\n<li>L\u00e4tt att komma i och ur<\/li>\n<li>Mjuk och bekv\u00e4m att b\u00e4ra<\/li>\n<li>Smidig och flexibelt axell\u00e5s<\/li>\n<\/ul>\n","protected":false},"featured_media":147,"template":"","meta":[],"product_brand":[],"product_cat":[1202,219],"product_tag":[],"class_list":{"0":"post-121","1":"product","2":"type-product","3":"status-publish","4":"has-post-thumbnail","6":"product_cat-post-op-trauma","7":"product_cat-axel","8":"pa_varumarke-embreis","10":"first","11":"instock","12":"shipping-taxable","13":"product-type-simple"},"acf":[],"yoast_head":"<!-- This site is optimized with the Yoast SEO Premium plugin v27.3 (Yoast SEO v27.3) - https:\/\/yoast.com\/product\/yoast-seo-premium-wordpress\/ -->\n<title>Axelbandage - eLock - Embreis NO<\/title>\n<meta name=\"robots\" content=\"index, follow, max-snippet:-1, max-image-preview:large, max-video-preview:-1\" \/>\n<link rel=\"canonical\" href=\"https:\/\/embreis.com\/no\/produkt\/elock\/\" \/>\n<meta property=\"og:locale\" content=\"sv_SE\" \/>\n<meta property=\"og:type\" content=\"article\" \/>\n<meta property=\"og:title\" content=\"eLock\" \/>\n<meta property=\"og:description\" content=\"Universal storlek  Passar h\u00f6ger och v\u00e4nster  L\u00e4tt att komma i och ur  Mjuk och bekv\u00e4m att b\u00e4ra  Smidig och flexibelt axell\u00e5s\" \/>\n<meta property=\"og:url\" content=\"https:\/\/embreis.com\/no\/produkt\/elock\/\" \/>\n<meta property=\"og:site_name\" content=\"Embreis NO\" \/>\n<meta property=\"article:modified_time\" content=\"2022-01-31T13:43:03+00:00\" \/>\n<meta property=\"og:image\" content=\"https:\/\/embreis.com\/no\/wp-content\/uploads\/sites\/9\/2019\/08\/eLock1.jpg\" \/>\n\t<meta property=\"og:image:width\" content=\"1181\" \/>\n\t<meta property=\"og:image:height\" content=\"1181\" \/>\n\t<meta property=\"og:image:type\" content=\"image\/jpeg\" \/>\n<meta name=\"twitter:card\" content=\"summary_large_image\" \/>\n<script type=\"application\/ld+json\" class=\"yoast-schema-graph\">{\"@context\":\"https:\\\/\\\/schema.org\",\"@graph\":[{\"@type\":\"WebPage\",\"@id\":\"https:\\\/\\\/embreis.com\\\/no\\\/produkt\\\/elock\\\/\",\"url\":\"https:\\\/\\\/embreis.com\\\/no\\\/produkt\\\/elock\\\/\",\"name\":\"Axelbandage - eLock - Embreis NO\",\"isPartOf\":{\"@id\":\"https:\\\/\\\/embreis.com\\\/no\\\/#website\"},\"primaryImageOfPage\":{\"@id\":\"https:\\\/\\\/embreis.com\\\/no\\\/produkt\\\/elock\\\/#primaryimage\"},\"image\":{\"@id\":\"https:\\\/\\\/embreis.com\\\/no\\\/produkt\\\/elock\\\/#primaryimage\"},\"thumbnailUrl\":\"https:\\\/\\\/embreis.com\\\/no\\\/wp-content\\\/uploads\\\/sites\\\/9\\\/2019\\\/08\\\/eLock1.jpg\",\"datePublished\":\"2019-08-26T06:51:13+00:00\",\"dateModified\":\"2022-01-31T13:43:03+00:00\",\"breadcrumb\":{\"@id\":\"https:\\\/\\\/embreis.com\\\/no\\\/produkt\\\/elock\\\/#breadcrumb\"},\"inLanguage\":\"sv-SE\",\"potentialAction\":[{\"@type\":\"ReadAction\",\"target\":[\"https:\\\/\\\/embreis.com\\\/no\\\/produkt\\\/elock\\\/\"]}]},{\"@type\":\"ImageObject\",\"inLanguage\":\"sv-SE\",\"@id\":\"https:\\\/\\\/embreis.com\\\/no\\\/produkt\\\/elock\\\/#primaryimage\",\"url\":\"https:\\\/\\\/embreis.com\\\/no\\\/wp-content\\\/uploads\\\/sites\\\/9\\\/2019\\\/08\\\/eLock1.jpg\",\"contentUrl\":\"https:\\\/\\\/embreis.com\\\/no\\\/wp-content\\\/uploads\\\/sites\\\/9\\\/2019\\\/08\\\/eLock1.jpg\",\"width\":1181,\"height\":1181},{\"@type\":\"BreadcrumbList\",\"@id\":\"https:\\\/\\\/embreis.com\\\/no\\\/produkt\\\/elock\\\/#breadcrumb\",\"itemListElement\":[{\"@type\":\"ListItem\",\"position\":1,\"name\":\"Hem\",\"item\":\"https:\\\/\\\/embreis.com\\\/no\\\/\"},{\"@type\":\"ListItem\",\"position\":2,\"name\":\"Sortiment\",\"item\":\"https:\\\/\\\/embreis.com\\\/no\\\/sortiment\\\/\"},{\"@type\":\"ListItem\",\"position\":3,\"name\":\"Ortos\",\"item\":\"https:\\\/\\\/embreis.com\\\/no\\\/produktkategori\\\/ortos\\\/\"},{\"@type\":\"ListItem\",\"position\":4,\"name\":\"Axel\",\"item\":\"https:\\\/\\\/embreis.com\\\/no\\\/produktkategori\\\/ortos\\\/axel\\\/\"},{\"@type\":\"ListItem\",\"position\":5,\"name\":\"Post-op - Trauma\",\"item\":\"https:\\\/\\\/embreis.com\\\/no\\\/produktkategori\\\/ortos\\\/axel\\\/post-op-trauma\\\/\"},{\"@type\":\"ListItem\",\"position\":6,\"name\":\"eLock\"}]},{\"@type\":\"WebSite\",\"@id\":\"https:\\\/\\\/embreis.com\\\/no\\\/#website\",\"url\":\"https:\\\/\\\/embreis.com\\\/no\\\/\",\"name\":\"Embreis NO\",\"description\":\"Ortoser, proteser och material\",\"potentialAction\":[{\"@type\":\"SearchAction\",\"target\":{\"@type\":\"EntryPoint\",\"urlTemplate\":\"https:\\\/\\\/embreis.com\\\/no\\\/?s={search_term_string}\"},\"query-input\":{\"@type\":\"PropertyValueSpecification\",\"valueRequired\":true,\"valueName\":\"search_term_string\"}}],\"inLanguage\":\"sv-SE\"}]}<\/script>\n<!-- \/ Yoast SEO Premium plugin. -->","yoast_head_json":{"title":"Axelbandage - eLock - Embreis NO","robots":{"index":"index","follow":"follow","max-snippet":"max-snippet:-1","max-image-preview":"max-image-preview:large","max-video-preview":"max-video-preview:-1"},"canonical":"https:\/\/embreis.com\/no\/produkt\/elock\/","og_locale":"sv_SE","og_type":"article","og_title":"eLock","og_description":"Universal storlek  Passar h\u00f6ger och v\u00e4nster  L\u00e4tt att komma i och ur  Mjuk och bekv\u00e4m att b\u00e4ra  Smidig och flexibelt axell\u00e5s","og_url":"https:\/\/embreis.com\/no\/produkt\/elock\/","og_site_name":"Embreis NO","article_modified_time":"2022-01-31T13:43:03+00:00","og_image":[{"width":1181,"height":1181,"url":"https:\/\/embreis.com\/no\/wp-content\/uploads\/sites\/9\/2019\/08\/eLock1.jpg","type":"image\/jpeg"}],"twitter_card":"summary_large_image","schema":{"@context":"https:\/\/schema.org","@graph":[{"@type":"WebPage","@id":"https:\/\/embreis.com\/no\/produkt\/elock\/","url":"https:\/\/embreis.com\/no\/produkt\/elock\/","name":"Axelbandage - eLock - Embreis NO","isPartOf":{"@id":"https:\/\/embreis.com\/no\/#website"},"primaryImageOfPage":{"@id":"https:\/\/embreis.com\/no\/produkt\/elock\/#primaryimage"},"image":{"@id":"https:\/\/embreis.com\/no\/produkt\/elock\/#primaryimage"},"thumbnailUrl":"https:\/\/embreis.com\/no\/wp-content\/uploads\/sites\/9\/2019\/08\/eLock1.jpg","datePublished":"2019-08-26T06:51:13+00:00","dateModified":"2022-01-31T13:43:03+00:00","breadcrumb":{"@id":"https:\/\/embreis.com\/no\/produkt\/elock\/#breadcrumb"},"inLanguage":"sv-SE","potentialAction":[{"@type":"ReadAction","target":["https:\/\/embreis.com\/no\/produkt\/elock\/"]}]},{"@type":"ImageObject","inLanguage":"sv-SE","@id":"https:\/\/embreis.com\/no\/produkt\/elock\/#primaryimage","url":"https:\/\/embreis.com\/no\/wp-content\/uploads\/sites\/9\/2019\/08\/eLock1.jpg","contentUrl":"https:\/\/embreis.com\/no\/wp-content\/uploads\/sites\/9\/2019\/08\/eLock1.jpg","width":1181,"height":1181},{"@type":"BreadcrumbList","@id":"https:\/\/embreis.com\/no\/produkt\/elock\/#breadcrumb","itemListElement":[{"@type":"ListItem","position":1,"name":"Hem","item":"https:\/\/embreis.com\/no\/"},{"@type":"ListItem","position":2,"name":"Sortiment","item":"https:\/\/embreis.com\/no\/sortiment\/"},{"@type":"ListItem","position":3,"name":"Ortos","item":"https:\/\/embreis.com\/no\/produktkategori\/ortos\/"},{"@type":"ListItem","position":4,"name":"Axel","item":"https:\/\/embreis.com\/no\/produktkategori\/ortos\/axel\/"},{"@type":"ListItem","position":5,"name":"Post-op - Trauma","item":"https:\/\/embreis.com\/no\/produktkategori\/ortos\/axel\/post-op-trauma\/"},{"@type":"ListItem","position":6,"name":"eLock"}]},{"@type":"WebSite","@id":"https:\/\/embreis.com\/no\/#website","url":"https:\/\/embreis.com\/no\/","name":"Embreis NO","description":"Ortoser, proteser och material","potentialAction":[{"@type":"SearchAction","target":{"@type":"EntryPoint","urlTemplate":"https:\/\/embreis.com\/no\/?s={search_term_string}"},"query-input":{"@type":"PropertyValueSpecification","valueRequired":true,"valueName":"search_term_string"}}],"inLanguage":"sv-SE"}]}},"_links":{"self":[{"href":"https:\/\/embreis.com\/no\/wp-json\/wp\/v2\/product\/121","targetHints":{"allow":["GET"]}}],"collection":[{"href":"https:\/\/embreis.com\/no\/wp-json\/wp\/v2\/product"}],"about":[{"href":"https:\/\/embreis.com\/no\/wp-json\/wp\/v2\/types\/product"}],"wp:featuredmedia":[{"embeddable":true,"href":"https:\/\/embreis.com\/no\/wp-json\/wp\/v2\/media\/147"}],"wp:attachment":[{"href":"https:\/\/embreis.com\/no\/wp-json\/wp\/v2\/media?parent=121"}],"wp:term":[{"taxonomy":"product_brand","embeddable":true,"href":"https:\/\/embreis.com\/no\/wp-json\/wp\/v2\/product_brand?post=121"},{"taxonomy":"product_cat","embeddable":true,"href":"https:\/\/embreis.com\/no\/wp-json\/wp\/v2\/product_cat?post=121"},{"taxonomy":"product_tag","embeddable":true,"href":"https:\/\/embreis.com\/no\/wp-json\/wp\/v2\/product_tag?post=121"}],"curies":[{"name":"wp","href":"https:\/\/api.w.org\/{rel}","templated":true}]}}