{"id":12036,"date":"2021-11-24T17:06:09","date_gmt":"2021-11-24T15:06:09","guid":{"rendered":"https:\/\/embreis.com\/no\/?post_type=product&#038;p=12036"},"modified":"2023-08-28T11:24:58","modified_gmt":"2023-08-28T09:24:58","slug":"ponseti-abduktionsskena","status":"publish","type":"product","link":"https:\/\/embreis.com\/no\/produkt\/ponseti-abduktionsskena\/","title":{"rendered":"Ponseti\u00ae Abduktionsskena"},"content":{"rendered":"<p id=\"tw-target-text\" class=\"tw-data-text tw-text-large tw-ta\" dir=\"ltr\" data-placeholder=\"\u00d6vers\u00e4ttning\"><span class=\"Y2IQFc\" lang=\"sv\">Ponseti\u00ae Abduktionsskena anv\u00e4nds f\u00f6r att st\u00e4lla in den f\u00f6reskrivna bredden och positionen av den korrigerade foten. Du tar enkelt av och p\u00e5 AFO-skorna med hj\u00e4lp av det patenterade &#8221;Quick Clip&#8221;-systemet, vilket ger en st\u00f6rre anv\u00e4ndarv\u00e4nlighet f\u00f6r f\u00f6r\u00e4ldern. &#8221;Quick Clip&#8221;-systemet g\u00f6r det enklare att byta kl\u00e4der, placera barnet exempelvis i en barnstol <span class=\"TextRun BCX0 SCXW160923480\" lang=\"SV-SE\" xml:lang=\"SV-SE\" data-contrast=\"none\"><span class=\"NormalTextRun BCX0 SCXW160923480\" data-ccp-charstyle=\"y2iqfc\" data-ccp-charstyle-defn=\"{&quot;ObjectId&quot;:&quot;d7133ef3-8491-4cb5-8a21-17e893ed04dd|57&quot;,&quot;ClassId&quot;:1073872969,&quot;Properties&quot;:[134233614,&quot;true&quot;,201340122,&quot;1&quot;,469775450,&quot;y2iqfc&quot;,469778129,&quot;y2iqfc&quot;,469778324,&quot;Default Paragraph Font&quot;]}\">och koppla p\u00e5 skenan.<\/span><\/span> Skenan finns i storlekarna Extra Short, Short och Long. Alla skenor kommer f\u00f6rinst\u00e4llda med 60\u00b0 abduktion, vilket enkelt kan \u00e4ndras och st\u00e4llas in efter behov. Ponseti\u00ae Abduktionsskena finns i\u00a0 10\u00b0 eller 15\u00b0 dorsal flexion. Skenan Extra Short kan vid behov kapas ner till 11 cm.<\/span><\/p>\n","protected":false},"excerpt":{"rendered":"<p>Ponseti\u00ae Abduktionsskena anv\u00e4nds f\u00f6r att st\u00e4lla in den f\u00f6reskrivna bredden och positionen av den korrigerade foten. Du tar enkelt av [&hellip;]<\/p>\n","protected":false},"featured_media":12018,"template":"","meta":[],"product_brand":[],"product_cat":[1362,217,220],"product_tag":[],"class_list":{"0":"post-12036","1":"product","2":"type-product","3":"status-publish","4":"has-post-thumbnail","6":"product_cat-peva-klumpfot","7":"product_cat-ortos","8":"product_cat-fot","9":"pa_varumarke-ponseti","11":"first","12":"instock","13":"featured","14":"shipping-taxable","15":"product-type-simple"},"acf":[],"yoast_head":"<!-- This site is optimized with the Yoast SEO Premium plugin v27.3 (Yoast SEO v27.3) - https:\/\/yoast.com\/product\/yoast-seo-premium-wordpress\/ -->\n<title>Ponseti\u00ae Abduktionsskena - Embreis NO<\/title>\n<meta name=\"robots\" content=\"index, follow, max-snippet:-1, max-image-preview:large, max-video-preview:-1\" \/>\n<link rel=\"canonical\" href=\"https:\/\/embreis.com\/no\/produkt\/ponseti-abduktionsskena\/\" \/>\n<meta property=\"og:locale\" content=\"sv_SE\" \/>\n<meta property=\"og:type\" content=\"article\" \/>\n<meta property=\"og:title\" content=\"Ponseti\u00ae Abduktionsskena\" \/>\n<meta property=\"og:description\" content=\"Ponseti\u00ae Abduktionsskena anv\u00e4nds f\u00f6r att st\u00e4lla in den f\u00f6reskrivna bredden och positionen av den korrigerade foten. Du tar enkelt av [&hellip;]\" \/>\n<meta property=\"og:url\" content=\"https:\/\/embreis.com\/no\/produkt\/ponseti-abduktionsskena\/\" \/>\n<meta property=\"og:site_name\" content=\"Embreis NO\" \/>\n<meta property=\"article:modified_time\" content=\"2023-08-28T09:24:58+00:00\" \/>\n<meta property=\"og:image\" content=\"https:\/\/embreis.com\/no\/wp-content\/uploads\/sites\/9\/2021\/11\/Ponseti_Bar.png\" \/>\n\t<meta property=\"og:image:width\" content=\"850\" \/>\n\t<meta property=\"og:image:height\" content=\"850\" \/>\n\t<meta property=\"og:image:type\" content=\"image\/png\" \/>\n<meta name=\"twitter:card\" content=\"summary_large_image\" \/>\n<meta name=\"twitter:label1\" content=\"Ber\u00e4knad l\u00e4stid\" \/>\n\t<meta name=\"twitter:data1\" content=\"1 minut\" \/>\n<script type=\"application\/ld+json\" class=\"yoast-schema-graph\">{\"@context\":\"https:\\\/\\\/schema.org\",\"@graph\":[{\"@type\":\"WebPage\",\"@id\":\"https:\\\/\\\/embreis.com\\\/no\\\/produkt\\\/ponseti-abduktionsskena\\\/\",\"url\":\"https:\\\/\\\/embreis.com\\\/no\\\/produkt\\\/ponseti-abduktionsskena\\\/\",\"name\":\"Ponseti\u00ae Abduktionsskena - Embreis NO\",\"isPartOf\":{\"@id\":\"https:\\\/\\\/embreis.com\\\/no\\\/#website\"},\"primaryImageOfPage\":{\"@id\":\"https:\\\/\\\/embreis.com\\\/no\\\/produkt\\\/ponseti-abduktionsskena\\\/#primaryimage\"},\"image\":{\"@id\":\"https:\\\/\\\/embreis.com\\\/no\\\/produkt\\\/ponseti-abduktionsskena\\\/#primaryimage\"},\"thumbnailUrl\":\"https:\\\/\\\/embreis.com\\\/no\\\/wp-content\\\/uploads\\\/sites\\\/9\\\/2021\\\/11\\\/Ponseti_Bar.png\",\"datePublished\":\"2021-11-24T15:06:09+00:00\",\"dateModified\":\"2023-08-28T09:24:58+00:00\",\"breadcrumb\":{\"@id\":\"https:\\\/\\\/embreis.com\\\/no\\\/produkt\\\/ponseti-abduktionsskena\\\/#breadcrumb\"},\"inLanguage\":\"sv-SE\",\"potentialAction\":[{\"@type\":\"ReadAction\",\"target\":[\"https:\\\/\\\/embreis.com\\\/no\\\/produkt\\\/ponseti-abduktionsskena\\\/\"]}]},{\"@type\":\"ImageObject\",\"inLanguage\":\"sv-SE\",\"@id\":\"https:\\\/\\\/embreis.com\\\/no\\\/produkt\\\/ponseti-abduktionsskena\\\/#primaryimage\",\"url\":\"https:\\\/\\\/embreis.com\\\/no\\\/wp-content\\\/uploads\\\/sites\\\/9\\\/2021\\\/11\\\/Ponseti_Bar.png\",\"contentUrl\":\"https:\\\/\\\/embreis.com\\\/no\\\/wp-content\\\/uploads\\\/sites\\\/9\\\/2021\\\/11\\\/Ponseti_Bar.png\",\"width\":850,\"height\":850},{\"@type\":\"BreadcrumbList\",\"@id\":\"https:\\\/\\\/embreis.com\\\/no\\\/produkt\\\/ponseti-abduktionsskena\\\/#breadcrumb\",\"itemListElement\":[{\"@type\":\"ListItem\",\"position\":1,\"name\":\"Hem\",\"item\":\"https:\\\/\\\/embreis.com\\\/no\\\/\"},{\"@type\":\"ListItem\",\"position\":2,\"name\":\"Sortiment\",\"item\":\"https:\\\/\\\/embreis.com\\\/no\\\/sortiment\\\/\"},{\"@type\":\"ListItem\",\"position\":3,\"name\":\"Ortos\",\"item\":\"https:\\\/\\\/embreis.com\\\/no\\\/produktkategori\\\/ortos\\\/\"},{\"@type\":\"ListItem\",\"position\":4,\"name\":\"Fot\",\"item\":\"https:\\\/\\\/embreis.com\\\/no\\\/produktkategori\\\/ortos\\\/fot\\\/\"},{\"@type\":\"ListItem\",\"position\":5,\"name\":\"PEVA - Klumpfot\",\"item\":\"https:\\\/\\\/embreis.com\\\/no\\\/produktkategori\\\/ortos\\\/fot\\\/peva-klumpfot\\\/\"},{\"@type\":\"ListItem\",\"position\":6,\"name\":\"Ponseti\u00ae Abduktionsskena\"}]},{\"@type\":\"WebSite\",\"@id\":\"https:\\\/\\\/embreis.com\\\/no\\\/#website\",\"url\":\"https:\\\/\\\/embreis.com\\\/no\\\/\",\"name\":\"Embreis NO\",\"description\":\"Ortoser, proteser och material\",\"potentialAction\":[{\"@type\":\"SearchAction\",\"target\":{\"@type\":\"EntryPoint\",\"urlTemplate\":\"https:\\\/\\\/embreis.com\\\/no\\\/?s={search_term_string}\"},\"query-input\":{\"@type\":\"PropertyValueSpecification\",\"valueRequired\":true,\"valueName\":\"search_term_string\"}}],\"inLanguage\":\"sv-SE\"}]}<\/script>\n<!-- \/ Yoast SEO Premium plugin. -->","yoast_head_json":{"title":"Ponseti\u00ae Abduktionsskena - Embreis NO","robots":{"index":"index","follow":"follow","max-snippet":"max-snippet:-1","max-image-preview":"max-image-preview:large","max-video-preview":"max-video-preview:-1"},"canonical":"https:\/\/embreis.com\/no\/produkt\/ponseti-abduktionsskena\/","og_locale":"sv_SE","og_type":"article","og_title":"Ponseti\u00ae Abduktionsskena","og_description":"Ponseti\u00ae Abduktionsskena anv\u00e4nds f\u00f6r att st\u00e4lla in den f\u00f6reskrivna bredden och positionen av den korrigerade foten. Du tar enkelt av [&hellip;]","og_url":"https:\/\/embreis.com\/no\/produkt\/ponseti-abduktionsskena\/","og_site_name":"Embreis NO","article_modified_time":"2023-08-28T09:24:58+00:00","og_image":[{"width":850,"height":850,"url":"https:\/\/embreis.com\/no\/wp-content\/uploads\/sites\/9\/2021\/11\/Ponseti_Bar.png","type":"image\/png"}],"twitter_card":"summary_large_image","twitter_misc":{"Ber\u00e4knad l\u00e4stid":"1 minut"},"schema":{"@context":"https:\/\/schema.org","@graph":[{"@type":"WebPage","@id":"https:\/\/embreis.com\/no\/produkt\/ponseti-abduktionsskena\/","url":"https:\/\/embreis.com\/no\/produkt\/ponseti-abduktionsskena\/","name":"Ponseti\u00ae Abduktionsskena - Embreis NO","isPartOf":{"@id":"https:\/\/embreis.com\/no\/#website"},"primaryImageOfPage":{"@id":"https:\/\/embreis.com\/no\/produkt\/ponseti-abduktionsskena\/#primaryimage"},"image":{"@id":"https:\/\/embreis.com\/no\/produkt\/ponseti-abduktionsskena\/#primaryimage"},"thumbnailUrl":"https:\/\/embreis.com\/no\/wp-content\/uploads\/sites\/9\/2021\/11\/Ponseti_Bar.png","datePublished":"2021-11-24T15:06:09+00:00","dateModified":"2023-08-28T09:24:58+00:00","breadcrumb":{"@id":"https:\/\/embreis.com\/no\/produkt\/ponseti-abduktionsskena\/#breadcrumb"},"inLanguage":"sv-SE","potentialAction":[{"@type":"ReadAction","target":["https:\/\/embreis.com\/no\/produkt\/ponseti-abduktionsskena\/"]}]},{"@type":"ImageObject","inLanguage":"sv-SE","@id":"https:\/\/embreis.com\/no\/produkt\/ponseti-abduktionsskena\/#primaryimage","url":"https:\/\/embreis.com\/no\/wp-content\/uploads\/sites\/9\/2021\/11\/Ponseti_Bar.png","contentUrl":"https:\/\/embreis.com\/no\/wp-content\/uploads\/sites\/9\/2021\/11\/Ponseti_Bar.png","width":850,"height":850},{"@type":"BreadcrumbList","@id":"https:\/\/embreis.com\/no\/produkt\/ponseti-abduktionsskena\/#breadcrumb","itemListElement":[{"@type":"ListItem","position":1,"name":"Hem","item":"https:\/\/embreis.com\/no\/"},{"@type":"ListItem","position":2,"name":"Sortiment","item":"https:\/\/embreis.com\/no\/sortiment\/"},{"@type":"ListItem","position":3,"name":"Ortos","item":"https:\/\/embreis.com\/no\/produktkategori\/ortos\/"},{"@type":"ListItem","position":4,"name":"Fot","item":"https:\/\/embreis.com\/no\/produktkategori\/ortos\/fot\/"},{"@type":"ListItem","position":5,"name":"PEVA - Klumpfot","item":"https:\/\/embreis.com\/no\/produktkategori\/ortos\/fot\/peva-klumpfot\/"},{"@type":"ListItem","position":6,"name":"Ponseti\u00ae Abduktionsskena"}]},{"@type":"WebSite","@id":"https:\/\/embreis.com\/no\/#website","url":"https:\/\/embreis.com\/no\/","name":"Embreis NO","description":"Ortoser, proteser och material","potentialAction":[{"@type":"SearchAction","target":{"@type":"EntryPoint","urlTemplate":"https:\/\/embreis.com\/no\/?s={search_term_string}"},"query-input":{"@type":"PropertyValueSpecification","valueRequired":true,"valueName":"search_term_string"}}],"inLanguage":"sv-SE"}]}},"_links":{"self":[{"href":"https:\/\/embreis.com\/no\/wp-json\/wp\/v2\/product\/12036","targetHints":{"allow":["GET"]}}],"collection":[{"href":"https:\/\/embreis.com\/no\/wp-json\/wp\/v2\/product"}],"about":[{"href":"https:\/\/embreis.com\/no\/wp-json\/wp\/v2\/types\/product"}],"wp:featuredmedia":[{"embeddable":true,"href":"https:\/\/embreis.com\/no\/wp-json\/wp\/v2\/media\/12018"}],"wp:attachment":[{"href":"https:\/\/embreis.com\/no\/wp-json\/wp\/v2\/media?parent=12036"}],"wp:term":[{"taxonomy":"product_brand","embeddable":true,"href":"https:\/\/embreis.com\/no\/wp-json\/wp\/v2\/product_brand?post=12036"},{"taxonomy":"product_cat","embeddable":true,"href":"https:\/\/embreis.com\/no\/wp-json\/wp\/v2\/product_cat?post=12036"},{"taxonomy":"product_tag","embeddable":true,"href":"https:\/\/embreis.com\/no\/wp-json\/wp\/v2\/product_tag?post=12036"}],"curies":[{"name":"wp","href":"https:\/\/api.w.org\/{rel}","templated":true}]}}