{"id":11974,"date":"2021-08-23T13:51:36","date_gmt":"2021-08-23T11:51:36","guid":{"rendered":"https:\/\/embreis.com\/no\/?post_type=product&#038;p=11974"},"modified":"2024-10-24T15:26:25","modified_gmt":"2024-10-24T13:26:25","slug":"pars","status":"publish","type":"product","link":"https:\/\/embreis.com\/no\/produkt\/pars\/","title":{"rendered":"Pars"},"content":{"rendered":"<p>V\u00e5r protes fot Pars m\u00f6jligg\u00f6r att brukaren kan g\u00e5 b\u00e5de l\u00e4ngre och snabbare trots att de kr\u00e4ver en l\u00e5g byggh\u00f6jd. Pars ger b\u00e5de flexibilitet och en utm\u00e4rkt energi\u00e5tergivning.<\/p>\n","protected":false},"excerpt":{"rendered":"<p>V\u00e5r protes fot Pars m\u00f6jligg\u00f6r att brukaren kan g\u00e5 b\u00e5de l\u00e4ngre och snabbare trots att de kr\u00e4ver en l\u00e5g byggh\u00f6jd. [&hellip;]<\/p>\n","protected":false},"featured_media":12781,"template":"","meta":[],"product_brand":[],"product_cat":[1248,272,1142],"product_tag":[],"class_list":{"0":"post-11974","1":"product","2":"type-product","3":"status-publish","4":"has-post-thumbnail","6":"product_cat-everyday","7":"product_cat-protes","8":"product_cat-fotter","10":"first","11":"outofstock","12":"shipping-taxable","13":"product-type-variable"},"acf":[],"yoast_head":"<!-- This site is optimized with the Yoast SEO Premium plugin v27.3 (Yoast SEO v27.3) - https:\/\/yoast.com\/product\/yoast-seo-premium-wordpress\/ -->\n<title>Pars - Embreis NO<\/title>\n<meta name=\"robots\" content=\"index, follow, max-snippet:-1, max-image-preview:large, max-video-preview:-1\" \/>\n<link rel=\"canonical\" href=\"https:\/\/embreis.com\/no\/produkt\/pars\/\" \/>\n<meta property=\"og:locale\" content=\"sv_SE\" \/>\n<meta property=\"og:type\" content=\"article\" \/>\n<meta property=\"og:title\" content=\"Pars\" \/>\n<meta property=\"og:description\" content=\"V\u00e5r protes fot Pars m\u00f6jligg\u00f6r att brukaren kan g\u00e5 b\u00e5de l\u00e4ngre och snabbare trots att de kr\u00e4ver en l\u00e5g byggh\u00f6jd. [&hellip;]\" \/>\n<meta property=\"og:url\" content=\"https:\/\/embreis.com\/no\/produkt\/pars\/\" \/>\n<meta property=\"og:site_name\" content=\"Embreis NO\" \/>\n<meta property=\"article:modified_time\" content=\"2024-10-24T13:26:25+00:00\" \/>\n<meta property=\"og:image\" content=\"https:\/\/embreis.com\/no\/wp-content\/uploads\/sites\/9\/2021\/08\/eLow_1-1.png\" \/>\n\t<meta property=\"og:image:width\" content=\"845\" \/>\n\t<meta property=\"og:image:height\" content=\"845\" \/>\n\t<meta property=\"og:image:type\" content=\"image\/png\" \/>\n<meta name=\"twitter:card\" content=\"summary_large_image\" \/>\n<meta name=\"twitter:label1\" content=\"Ber\u00e4knad l\u00e4stid\" \/>\n\t<meta name=\"twitter:data1\" content=\"1 minut\" \/>\n<script type=\"application\/ld+json\" class=\"yoast-schema-graph\">{\"@context\":\"https:\\\/\\\/schema.org\",\"@graph\":[{\"@type\":\"WebPage\",\"@id\":\"https:\\\/\\\/embreis.com\\\/no\\\/produkt\\\/pars\\\/\",\"url\":\"https:\\\/\\\/embreis.com\\\/no\\\/produkt\\\/pars\\\/\",\"name\":\"Pars - Embreis NO\",\"isPartOf\":{\"@id\":\"https:\\\/\\\/embreis.com\\\/no\\\/#website\"},\"primaryImageOfPage\":{\"@id\":\"https:\\\/\\\/embreis.com\\\/no\\\/produkt\\\/pars\\\/#primaryimage\"},\"image\":{\"@id\":\"https:\\\/\\\/embreis.com\\\/no\\\/produkt\\\/pars\\\/#primaryimage\"},\"thumbnailUrl\":\"https:\\\/\\\/embreis.com\\\/no\\\/wp-content\\\/uploads\\\/sites\\\/9\\\/2021\\\/08\\\/eLow_1-1.png\",\"datePublished\":\"2021-08-23T11:51:36+00:00\",\"dateModified\":\"2024-10-24T13:26:25+00:00\",\"breadcrumb\":{\"@id\":\"https:\\\/\\\/embreis.com\\\/no\\\/produkt\\\/pars\\\/#breadcrumb\"},\"inLanguage\":\"sv-SE\",\"potentialAction\":[{\"@type\":\"ReadAction\",\"target\":[\"https:\\\/\\\/embreis.com\\\/no\\\/produkt\\\/pars\\\/\"]}]},{\"@type\":\"ImageObject\",\"inLanguage\":\"sv-SE\",\"@id\":\"https:\\\/\\\/embreis.com\\\/no\\\/produkt\\\/pars\\\/#primaryimage\",\"url\":\"https:\\\/\\\/embreis.com\\\/no\\\/wp-content\\\/uploads\\\/sites\\\/9\\\/2021\\\/08\\\/eLow_1-1.png\",\"contentUrl\":\"https:\\\/\\\/embreis.com\\\/no\\\/wp-content\\\/uploads\\\/sites\\\/9\\\/2021\\\/08\\\/eLow_1-1.png\",\"width\":845,\"height\":845},{\"@type\":\"BreadcrumbList\",\"@id\":\"https:\\\/\\\/embreis.com\\\/no\\\/produkt\\\/pars\\\/#breadcrumb\",\"itemListElement\":[{\"@type\":\"ListItem\",\"position\":1,\"name\":\"Hem\",\"item\":\"https:\\\/\\\/embreis.com\\\/no\\\/\"},{\"@type\":\"ListItem\",\"position\":2,\"name\":\"Sortiment\",\"item\":\"https:\\\/\\\/embreis.com\\\/no\\\/sortiment\\\/\"},{\"@type\":\"ListItem\",\"position\":3,\"name\":\"Protes\",\"item\":\"https:\\\/\\\/embreis.com\\\/no\\\/produktkategori\\\/protes\\\/\"},{\"@type\":\"ListItem\",\"position\":4,\"name\":\"F\u00f6tter\",\"item\":\"https:\\\/\\\/embreis.com\\\/no\\\/produktkategori\\\/protes\\\/fotter\\\/\"},{\"@type\":\"ListItem\",\"position\":5,\"name\":\"Everyday\",\"item\":\"https:\\\/\\\/embreis.com\\\/no\\\/produktkategori\\\/protes\\\/fotter\\\/everyday\\\/\"},{\"@type\":\"ListItem\",\"position\":6,\"name\":\"Pars\"}]},{\"@type\":\"WebSite\",\"@id\":\"https:\\\/\\\/embreis.com\\\/no\\\/#website\",\"url\":\"https:\\\/\\\/embreis.com\\\/no\\\/\",\"name\":\"Embreis NO\",\"description\":\"Ortoser, proteser och material\",\"potentialAction\":[{\"@type\":\"SearchAction\",\"target\":{\"@type\":\"EntryPoint\",\"urlTemplate\":\"https:\\\/\\\/embreis.com\\\/no\\\/?s={search_term_string}\"},\"query-input\":{\"@type\":\"PropertyValueSpecification\",\"valueRequired\":true,\"valueName\":\"search_term_string\"}}],\"inLanguage\":\"sv-SE\"}]}<\/script>\n<!-- \/ Yoast SEO Premium plugin. -->","yoast_head_json":{"title":"Pars - Embreis NO","robots":{"index":"index","follow":"follow","max-snippet":"max-snippet:-1","max-image-preview":"max-image-preview:large","max-video-preview":"max-video-preview:-1"},"canonical":"https:\/\/embreis.com\/no\/produkt\/pars\/","og_locale":"sv_SE","og_type":"article","og_title":"Pars","og_description":"V\u00e5r protes fot Pars m\u00f6jligg\u00f6r att brukaren kan g\u00e5 b\u00e5de l\u00e4ngre och snabbare trots att de kr\u00e4ver en l\u00e5g byggh\u00f6jd. [&hellip;]","og_url":"https:\/\/embreis.com\/no\/produkt\/pars\/","og_site_name":"Embreis NO","article_modified_time":"2024-10-24T13:26:25+00:00","og_image":[{"width":845,"height":845,"url":"https:\/\/embreis.com\/no\/wp-content\/uploads\/sites\/9\/2021\/08\/eLow_1-1.png","type":"image\/png"}],"twitter_card":"summary_large_image","twitter_misc":{"Ber\u00e4knad l\u00e4stid":"1 minut"},"schema":{"@context":"https:\/\/schema.org","@graph":[{"@type":"WebPage","@id":"https:\/\/embreis.com\/no\/produkt\/pars\/","url":"https:\/\/embreis.com\/no\/produkt\/pars\/","name":"Pars - Embreis NO","isPartOf":{"@id":"https:\/\/embreis.com\/no\/#website"},"primaryImageOfPage":{"@id":"https:\/\/embreis.com\/no\/produkt\/pars\/#primaryimage"},"image":{"@id":"https:\/\/embreis.com\/no\/produkt\/pars\/#primaryimage"},"thumbnailUrl":"https:\/\/embreis.com\/no\/wp-content\/uploads\/sites\/9\/2021\/08\/eLow_1-1.png","datePublished":"2021-08-23T11:51:36+00:00","dateModified":"2024-10-24T13:26:25+00:00","breadcrumb":{"@id":"https:\/\/embreis.com\/no\/produkt\/pars\/#breadcrumb"},"inLanguage":"sv-SE","potentialAction":[{"@type":"ReadAction","target":["https:\/\/embreis.com\/no\/produkt\/pars\/"]}]},{"@type":"ImageObject","inLanguage":"sv-SE","@id":"https:\/\/embreis.com\/no\/produkt\/pars\/#primaryimage","url":"https:\/\/embreis.com\/no\/wp-content\/uploads\/sites\/9\/2021\/08\/eLow_1-1.png","contentUrl":"https:\/\/embreis.com\/no\/wp-content\/uploads\/sites\/9\/2021\/08\/eLow_1-1.png","width":845,"height":845},{"@type":"BreadcrumbList","@id":"https:\/\/embreis.com\/no\/produkt\/pars\/#breadcrumb","itemListElement":[{"@type":"ListItem","position":1,"name":"Hem","item":"https:\/\/embreis.com\/no\/"},{"@type":"ListItem","position":2,"name":"Sortiment","item":"https:\/\/embreis.com\/no\/sortiment\/"},{"@type":"ListItem","position":3,"name":"Protes","item":"https:\/\/embreis.com\/no\/produktkategori\/protes\/"},{"@type":"ListItem","position":4,"name":"F\u00f6tter","item":"https:\/\/embreis.com\/no\/produktkategori\/protes\/fotter\/"},{"@type":"ListItem","position":5,"name":"Everyday","item":"https:\/\/embreis.com\/no\/produktkategori\/protes\/fotter\/everyday\/"},{"@type":"ListItem","position":6,"name":"Pars"}]},{"@type":"WebSite","@id":"https:\/\/embreis.com\/no\/#website","url":"https:\/\/embreis.com\/no\/","name":"Embreis NO","description":"Ortoser, proteser och material","potentialAction":[{"@type":"SearchAction","target":{"@type":"EntryPoint","urlTemplate":"https:\/\/embreis.com\/no\/?s={search_term_string}"},"query-input":{"@type":"PropertyValueSpecification","valueRequired":true,"valueName":"search_term_string"}}],"inLanguage":"sv-SE"}]}},"_links":{"self":[{"href":"https:\/\/embreis.com\/no\/wp-json\/wp\/v2\/product\/11974","targetHints":{"allow":["GET"]}}],"collection":[{"href":"https:\/\/embreis.com\/no\/wp-json\/wp\/v2\/product"}],"about":[{"href":"https:\/\/embreis.com\/no\/wp-json\/wp\/v2\/types\/product"}],"wp:featuredmedia":[{"embeddable":true,"href":"https:\/\/embreis.com\/no\/wp-json\/wp\/v2\/media\/12781"}],"wp:attachment":[{"href":"https:\/\/embreis.com\/no\/wp-json\/wp\/v2\/media?parent=11974"}],"wp:term":[{"taxonomy":"product_brand","embeddable":true,"href":"https:\/\/embreis.com\/no\/wp-json\/wp\/v2\/product_brand?post=11974"},{"taxonomy":"product_cat","embeddable":true,"href":"https:\/\/embreis.com\/no\/wp-json\/wp\/v2\/product_cat?post=11974"},{"taxonomy":"product_tag","embeddable":true,"href":"https:\/\/embreis.com\/no\/wp-json\/wp\/v2\/product_tag?post=11974"}],"curies":[{"name":"wp","href":"https:\/\/api.w.org\/{rel}","templated":true}]}}