{"id":11938,"date":"2021-06-01T08:55:45","date_gmt":"2021-06-01T06:55:45","guid":{"rendered":"https:\/\/embreis.com\/no\/?post_type=product&#038;p=11938"},"modified":"2024-03-04T15:52:53","modified_gmt":"2024-03-04T13:52:53","slug":"modular-mono-knee-joint","status":"publish","type":"product","link":"https:\/\/embreis.com\/no\/produkt\/modular-mono-knee-joint\/","title":{"rendered":"Modular Mono knee joint"},"content":{"rendered":"<div id=\"ctl00_cph1_rightCol\">\n<p>Modular Mono knee joint \u00e4r det enkla kn\u00e4t f\u00f6r framf\u00f6rallt geriatriker. Det \u00e4r ett perfekt kn\u00e4 f\u00f6r brukare som skall b\u00f6rja l\u00e4ra sig st\u00e5 och g\u00e5. Kn\u00e4t har ett h\u00f6gt klickljud som hj\u00e4lper brukaren att h\u00f6ra n\u00e4r man st\u00e5r s\u00e4kert.<\/p>\n<\/div>\n","protected":false},"excerpt":{"rendered":"<ul>\n<li>Manuell l\u00e5sning<\/li>\n<li>H\u00f6gt klickljud<\/li>\n<li>L\u00e5g vikt<\/li>\n<\/ul>\n","protected":false},"featured_media":11881,"template":"","meta":[],"product_brand":[],"product_cat":[1254,272,1144],"product_tag":[],"class_list":{"0":"post-11938","1":"product","2":"type-product","3":"status-publish","4":"has-post-thumbnail","6":"product_cat-everyday-kna-ben","7":"product_cat-protes","8":"product_cat-kna-ben","10":"first","11":"outofstock","12":"shipping-taxable","13":"product-type-variable"},"acf":[],"yoast_head":"<!-- This site is optimized with the Yoast SEO Premium plugin v27.3 (Yoast SEO v27.3) - https:\/\/yoast.com\/product\/yoast-seo-premium-wordpress\/ -->\n<title>Modular Mono knee joint - Embreis NO<\/title>\n<meta name=\"robots\" content=\"index, follow, max-snippet:-1, max-image-preview:large, max-video-preview:-1\" \/>\n<link rel=\"canonical\" href=\"https:\/\/embreis.com\/no\/produkt\/modular-mono-knee-joint\/\" \/>\n<meta property=\"og:locale\" content=\"sv_SE\" \/>\n<meta property=\"og:type\" content=\"article\" \/>\n<meta property=\"og:title\" content=\"Modular Mono knee joint\" \/>\n<meta property=\"og:description\" content=\"Manuell l\u00e5sning  H\u00f6gt klickljud  L\u00e5g vikt\" \/>\n<meta property=\"og:url\" content=\"https:\/\/embreis.com\/no\/produkt\/modular-mono-knee-joint\/\" \/>\n<meta property=\"og:site_name\" content=\"Embreis NO\" \/>\n<meta property=\"article:modified_time\" content=\"2024-03-04T13:52:53+00:00\" \/>\n<meta property=\"og:image\" content=\"https:\/\/embreis.com\/no\/wp-content\/uploads\/sites\/9\/2021\/04\/EX601000.jpg\" \/>\n\t<meta property=\"og:image:width\" content=\"850\" \/>\n\t<meta property=\"og:image:height\" content=\"850\" \/>\n\t<meta property=\"og:image:type\" content=\"image\/jpeg\" \/>\n<meta name=\"twitter:card\" content=\"summary_large_image\" \/>\n<meta name=\"twitter:label1\" content=\"Ber\u00e4knad l\u00e4stid\" \/>\n\t<meta name=\"twitter:data1\" content=\"1 minut\" \/>\n<script type=\"application\/ld+json\" class=\"yoast-schema-graph\">{\"@context\":\"https:\\\/\\\/schema.org\",\"@graph\":[{\"@type\":\"WebPage\",\"@id\":\"https:\\\/\\\/embreis.com\\\/no\\\/produkt\\\/modular-mono-knee-joint\\\/\",\"url\":\"https:\\\/\\\/embreis.com\\\/no\\\/produkt\\\/modular-mono-knee-joint\\\/\",\"name\":\"Modular Mono knee joint - Embreis NO\",\"isPartOf\":{\"@id\":\"https:\\\/\\\/embreis.com\\\/no\\\/#website\"},\"primaryImageOfPage\":{\"@id\":\"https:\\\/\\\/embreis.com\\\/no\\\/produkt\\\/modular-mono-knee-joint\\\/#primaryimage\"},\"image\":{\"@id\":\"https:\\\/\\\/embreis.com\\\/no\\\/produkt\\\/modular-mono-knee-joint\\\/#primaryimage\"},\"thumbnailUrl\":\"https:\\\/\\\/embreis.com\\\/no\\\/wp-content\\\/uploads\\\/sites\\\/9\\\/2021\\\/04\\\/EX601000.jpg\",\"datePublished\":\"2021-06-01T06:55:45+00:00\",\"dateModified\":\"2024-03-04T13:52:53+00:00\",\"breadcrumb\":{\"@id\":\"https:\\\/\\\/embreis.com\\\/no\\\/produkt\\\/modular-mono-knee-joint\\\/#breadcrumb\"},\"inLanguage\":\"sv-SE\",\"potentialAction\":[{\"@type\":\"ReadAction\",\"target\":[\"https:\\\/\\\/embreis.com\\\/no\\\/produkt\\\/modular-mono-knee-joint\\\/\"]}]},{\"@type\":\"ImageObject\",\"inLanguage\":\"sv-SE\",\"@id\":\"https:\\\/\\\/embreis.com\\\/no\\\/produkt\\\/modular-mono-knee-joint\\\/#primaryimage\",\"url\":\"https:\\\/\\\/embreis.com\\\/no\\\/wp-content\\\/uploads\\\/sites\\\/9\\\/2021\\\/04\\\/EX601000.jpg\",\"contentUrl\":\"https:\\\/\\\/embreis.com\\\/no\\\/wp-content\\\/uploads\\\/sites\\\/9\\\/2021\\\/04\\\/EX601000.jpg\",\"width\":850,\"height\":850},{\"@type\":\"BreadcrumbList\",\"@id\":\"https:\\\/\\\/embreis.com\\\/no\\\/produkt\\\/modular-mono-knee-joint\\\/#breadcrumb\",\"itemListElement\":[{\"@type\":\"ListItem\",\"position\":1,\"name\":\"Hem\",\"item\":\"https:\\\/\\\/embreis.com\\\/no\\\/\"},{\"@type\":\"ListItem\",\"position\":2,\"name\":\"Sortiment\",\"item\":\"https:\\\/\\\/embreis.com\\\/no\\\/sortiment\\\/\"},{\"@type\":\"ListItem\",\"position\":3,\"name\":\"Protes\",\"item\":\"https:\\\/\\\/embreis.com\\\/no\\\/produktkategori\\\/protes\\\/\"},{\"@type\":\"ListItem\",\"position\":4,\"name\":\"Kn\u00e4 &amp; Ben\",\"item\":\"https:\\\/\\\/embreis.com\\\/no\\\/produktkategori\\\/protes\\\/kna-ben\\\/\"},{\"@type\":\"ListItem\",\"position\":5,\"name\":\"Kn\u00e4ledsprotes - Everyday\",\"item\":\"https:\\\/\\\/embreis.com\\\/no\\\/produktkategori\\\/protes\\\/kna-ben\\\/everyday-kna-ben\\\/\"},{\"@type\":\"ListItem\",\"position\":6,\"name\":\"Modular Mono knee joint\"}]},{\"@type\":\"WebSite\",\"@id\":\"https:\\\/\\\/embreis.com\\\/no\\\/#website\",\"url\":\"https:\\\/\\\/embreis.com\\\/no\\\/\",\"name\":\"Embreis NO\",\"description\":\"Ortoser, proteser och material\",\"potentialAction\":[{\"@type\":\"SearchAction\",\"target\":{\"@type\":\"EntryPoint\",\"urlTemplate\":\"https:\\\/\\\/embreis.com\\\/no\\\/?s={search_term_string}\"},\"query-input\":{\"@type\":\"PropertyValueSpecification\",\"valueRequired\":true,\"valueName\":\"search_term_string\"}}],\"inLanguage\":\"sv-SE\"}]}<\/script>\n<!-- \/ Yoast SEO Premium plugin. -->","yoast_head_json":{"title":"Modular Mono knee joint - Embreis NO","robots":{"index":"index","follow":"follow","max-snippet":"max-snippet:-1","max-image-preview":"max-image-preview:large","max-video-preview":"max-video-preview:-1"},"canonical":"https:\/\/embreis.com\/no\/produkt\/modular-mono-knee-joint\/","og_locale":"sv_SE","og_type":"article","og_title":"Modular Mono knee joint","og_description":"Manuell l\u00e5sning  H\u00f6gt klickljud  L\u00e5g vikt","og_url":"https:\/\/embreis.com\/no\/produkt\/modular-mono-knee-joint\/","og_site_name":"Embreis NO","article_modified_time":"2024-03-04T13:52:53+00:00","og_image":[{"width":850,"height":850,"url":"https:\/\/embreis.com\/no\/wp-content\/uploads\/sites\/9\/2021\/04\/EX601000.jpg","type":"image\/jpeg"}],"twitter_card":"summary_large_image","twitter_misc":{"Ber\u00e4knad l\u00e4stid":"1 minut"},"schema":{"@context":"https:\/\/schema.org","@graph":[{"@type":"WebPage","@id":"https:\/\/embreis.com\/no\/produkt\/modular-mono-knee-joint\/","url":"https:\/\/embreis.com\/no\/produkt\/modular-mono-knee-joint\/","name":"Modular Mono knee joint - Embreis NO","isPartOf":{"@id":"https:\/\/embreis.com\/no\/#website"},"primaryImageOfPage":{"@id":"https:\/\/embreis.com\/no\/produkt\/modular-mono-knee-joint\/#primaryimage"},"image":{"@id":"https:\/\/embreis.com\/no\/produkt\/modular-mono-knee-joint\/#primaryimage"},"thumbnailUrl":"https:\/\/embreis.com\/no\/wp-content\/uploads\/sites\/9\/2021\/04\/EX601000.jpg","datePublished":"2021-06-01T06:55:45+00:00","dateModified":"2024-03-04T13:52:53+00:00","breadcrumb":{"@id":"https:\/\/embreis.com\/no\/produkt\/modular-mono-knee-joint\/#breadcrumb"},"inLanguage":"sv-SE","potentialAction":[{"@type":"ReadAction","target":["https:\/\/embreis.com\/no\/produkt\/modular-mono-knee-joint\/"]}]},{"@type":"ImageObject","inLanguage":"sv-SE","@id":"https:\/\/embreis.com\/no\/produkt\/modular-mono-knee-joint\/#primaryimage","url":"https:\/\/embreis.com\/no\/wp-content\/uploads\/sites\/9\/2021\/04\/EX601000.jpg","contentUrl":"https:\/\/embreis.com\/no\/wp-content\/uploads\/sites\/9\/2021\/04\/EX601000.jpg","width":850,"height":850},{"@type":"BreadcrumbList","@id":"https:\/\/embreis.com\/no\/produkt\/modular-mono-knee-joint\/#breadcrumb","itemListElement":[{"@type":"ListItem","position":1,"name":"Hem","item":"https:\/\/embreis.com\/no\/"},{"@type":"ListItem","position":2,"name":"Sortiment","item":"https:\/\/embreis.com\/no\/sortiment\/"},{"@type":"ListItem","position":3,"name":"Protes","item":"https:\/\/embreis.com\/no\/produktkategori\/protes\/"},{"@type":"ListItem","position":4,"name":"Kn\u00e4 &amp; Ben","item":"https:\/\/embreis.com\/no\/produktkategori\/protes\/kna-ben\/"},{"@type":"ListItem","position":5,"name":"Kn\u00e4ledsprotes - Everyday","item":"https:\/\/embreis.com\/no\/produktkategori\/protes\/kna-ben\/everyday-kna-ben\/"},{"@type":"ListItem","position":6,"name":"Modular Mono knee joint"}]},{"@type":"WebSite","@id":"https:\/\/embreis.com\/no\/#website","url":"https:\/\/embreis.com\/no\/","name":"Embreis NO","description":"Ortoser, proteser och material","potentialAction":[{"@type":"SearchAction","target":{"@type":"EntryPoint","urlTemplate":"https:\/\/embreis.com\/no\/?s={search_term_string}"},"query-input":{"@type":"PropertyValueSpecification","valueRequired":true,"valueName":"search_term_string"}}],"inLanguage":"sv-SE"}]}},"_links":{"self":[{"href":"https:\/\/embreis.com\/no\/wp-json\/wp\/v2\/product\/11938","targetHints":{"allow":["GET"]}}],"collection":[{"href":"https:\/\/embreis.com\/no\/wp-json\/wp\/v2\/product"}],"about":[{"href":"https:\/\/embreis.com\/no\/wp-json\/wp\/v2\/types\/product"}],"wp:featuredmedia":[{"embeddable":true,"href":"https:\/\/embreis.com\/no\/wp-json\/wp\/v2\/media\/11881"}],"wp:attachment":[{"href":"https:\/\/embreis.com\/no\/wp-json\/wp\/v2\/media?parent=11938"}],"wp:term":[{"taxonomy":"product_brand","embeddable":true,"href":"https:\/\/embreis.com\/no\/wp-json\/wp\/v2\/product_brand?post=11938"},{"taxonomy":"product_cat","embeddable":true,"href":"https:\/\/embreis.com\/no\/wp-json\/wp\/v2\/product_cat?post=11938"},{"taxonomy":"product_tag","embeddable":true,"href":"https:\/\/embreis.com\/no\/wp-json\/wp\/v2\/product_tag?post=11938"}],"curies":[{"name":"wp","href":"https:\/\/api.w.org\/{rel}","templated":true}]}}