{"id":11761,"date":"2021-03-08T09:57:51","date_gmt":"2021-03-08T07:57:51","guid":{"rendered":"https:\/\/embreis.com\/no\/se\/?post_type=product&#038;p=11761"},"modified":"2023-02-15T14:35:53","modified_gmt":"2023-02-15T12:35:53","slug":"comfit-afo-strong","status":"publish","type":"product","link":"https:\/\/embreis.com\/no\/produkt\/comfit-afo-strong\/","title":{"rendered":"Comfit AFO X-Strong"},"content":{"rendered":"<p>Comfit AFO \u2013 Extra Strong har samma design och pass-form som Comfit AFO. Skillnaden \u00e4r materialkompositionen som \u00e4r Glasfiber f\u00f6r \u00f6kad flexibilitet och h\u00e5llbarhet. Modellen rekommenderas i f\u00f6rsta hand till brukare som sliter sin AFO extra mycket och framf\u00f6rallt f\u00f6r bilaterala behov. Ytan har kolfiber film f\u00f6r att f\u00e5 en sl\u00e4tare yta och b\u00e4ttre finish.<\/p>\n","protected":false},"excerpt":{"rendered":"<div id=\"ctl00_cph1_lTxt\">\n<ul>\n<li>Glasfiberskena<\/li>\n<li>Droppfotsortos<\/li>\n<li>Smidig design<\/li>\n<li>Lateral bygel<\/li>\n<\/ul>\n<\/div>\n","protected":false},"featured_media":12059,"template":"","meta":[],"product_brand":[],"product_cat":[1231,217,225],"product_tag":[],"class_list":{"0":"post-11761","1":"product","2":"type-product","3":"status-publish","4":"has-post-thumbnail","6":"product_cat-neuro-rehab-vrist-ortos","7":"product_cat-ortos","8":"product_cat-ankel","9":"pa_varumarke-comfit-afo","11":"first","12":"instock","13":"featured","14":"shipping-taxable","15":"product-type-variable"},"acf":[],"yoast_head":"<!-- This site is optimized with the Yoast SEO Premium plugin v25.3.1 (Yoast SEO v25.3.1) - https:\/\/yoast.com\/wordpress\/plugins\/seo\/ -->\n<title>Comfit AFO X-Strong - Embreis NO<\/title>\n<meta name=\"robots\" content=\"index, follow, max-snippet:-1, max-image-preview:large, max-video-preview:-1\" \/>\n<link rel=\"canonical\" href=\"https:\/\/embreis.com\/no\/produkt\/comfit-afo-strong\/\" \/>\n<meta property=\"og:locale\" content=\"sv_SE\" \/>\n<meta property=\"og:type\" content=\"article\" \/>\n<meta property=\"og:title\" content=\"Comfit AFO X-Strong\" \/>\n<meta property=\"og:description\" content=\"Glasfiberskena  Droppfotsortos  Smidig design  Lateral bygel\" \/>\n<meta property=\"og:url\" content=\"https:\/\/embreis.com\/no\/produkt\/comfit-afo-strong\/\" \/>\n<meta property=\"og:site_name\" content=\"Embreis NO\" \/>\n<meta property=\"article:modified_time\" content=\"2023-02-15T12:35:53+00:00\" \/>\n<meta property=\"og:image\" content=\"https:\/\/embreis.com\/no\/wp-content\/uploads\/sites\/9\/2021\/03\/Comfit-X-tra-Strong.png\" \/>\n\t<meta property=\"og:image:width\" content=\"850\" \/>\n\t<meta property=\"og:image:height\" content=\"850\" \/>\n\t<meta property=\"og:image:type\" content=\"image\/png\" \/>\n<meta name=\"twitter:card\" content=\"summary_large_image\" \/>\n<meta name=\"twitter:label1\" content=\"Ber\u00e4knad l\u00e4stid\" \/>\n\t<meta name=\"twitter:data1\" content=\"1 minut\" \/>\n<script type=\"application\/ld+json\" class=\"yoast-schema-graph\">{\"@context\":\"https:\/\/schema.org\",\"@graph\":[{\"@type\":\"WebPage\",\"@id\":\"https:\/\/embreis.com\/no\/produkt\/comfit-afo-strong\/\",\"url\":\"https:\/\/embreis.com\/no\/produkt\/comfit-afo-strong\/\",\"name\":\"Comfit AFO X-Strong - Embreis NO\",\"isPartOf\":{\"@id\":\"https:\/\/embreis.com\/no\/#website\"},\"primaryImageOfPage\":{\"@id\":\"https:\/\/embreis.com\/no\/produkt\/comfit-afo-strong\/#primaryimage\"},\"image\":{\"@id\":\"https:\/\/embreis.com\/no\/produkt\/comfit-afo-strong\/#primaryimage\"},\"thumbnailUrl\":\"https:\/\/embreis.com\/no\/wp-content\/uploads\/sites\/9\/2021\/03\/Comfit-X-tra-Strong.png\",\"datePublished\":\"2021-03-08T07:57:51+00:00\",\"dateModified\":\"2023-02-15T12:35:53+00:00\",\"breadcrumb\":{\"@id\":\"https:\/\/embreis.com\/no\/produkt\/comfit-afo-strong\/#breadcrumb\"},\"inLanguage\":\"sv-SE\",\"potentialAction\":[{\"@type\":\"ReadAction\",\"target\":[\"https:\/\/embreis.com\/no\/produkt\/comfit-afo-strong\/\"]}]},{\"@type\":\"ImageObject\",\"inLanguage\":\"sv-SE\",\"@id\":\"https:\/\/embreis.com\/no\/produkt\/comfit-afo-strong\/#primaryimage\",\"url\":\"https:\/\/embreis.com\/no\/wp-content\/uploads\/sites\/9\/2021\/03\/Comfit-X-tra-Strong.png\",\"contentUrl\":\"https:\/\/embreis.com\/no\/wp-content\/uploads\/sites\/9\/2021\/03\/Comfit-X-tra-Strong.png\",\"width\":850,\"height\":850},{\"@type\":\"BreadcrumbList\",\"@id\":\"https:\/\/embreis.com\/no\/produkt\/comfit-afo-strong\/#breadcrumb\",\"itemListElement\":[{\"@type\":\"ListItem\",\"position\":1,\"name\":\"Hem\",\"item\":\"https:\/\/embreis.com\/no\/\"},{\"@type\":\"ListItem\",\"position\":2,\"name\":\"Sortiment\",\"item\":\"https:\/\/embreis.com\/no\/sortiment\/\"},{\"@type\":\"ListItem\",\"position\":3,\"name\":\"Ortos\",\"item\":\"https:\/\/embreis.com\/no\/produktkategori\/ortos\/\"},{\"@type\":\"ListItem\",\"position\":4,\"name\":\"Ankel\",\"item\":\"https:\/\/embreis.com\/no\/produktkategori\/ortos\/ankel\/\"},{\"@type\":\"ListItem\",\"position\":5,\"name\":\"Neuro - Rehab\",\"item\":\"https:\/\/embreis.com\/no\/produktkategori\/ortos\/ankel\/neuro-rehab-vrist-ortos\/\"},{\"@type\":\"ListItem\",\"position\":6,\"name\":\"Comfit AFO X-Strong\"}]},{\"@type\":\"WebSite\",\"@id\":\"https:\/\/embreis.com\/no\/#website\",\"url\":\"https:\/\/embreis.com\/no\/\",\"name\":\"Embreis NO\",\"description\":\"Ortoser, proteser och material\",\"potentialAction\":[{\"@type\":\"SearchAction\",\"target\":{\"@type\":\"EntryPoint\",\"urlTemplate\":\"https:\/\/embreis.com\/no\/?s={search_term_string}\"},\"query-input\":{\"@type\":\"PropertyValueSpecification\",\"valueRequired\":true,\"valueName\":\"search_term_string\"}}],\"inLanguage\":\"sv-SE\"}]}<\/script>\n<!-- \/ Yoast SEO Premium plugin. -->","yoast_head_json":{"title":"Comfit AFO X-Strong - Embreis NO","robots":{"index":"index","follow":"follow","max-snippet":"max-snippet:-1","max-image-preview":"max-image-preview:large","max-video-preview":"max-video-preview:-1"},"canonical":"https:\/\/embreis.com\/no\/produkt\/comfit-afo-strong\/","og_locale":"sv_SE","og_type":"article","og_title":"Comfit AFO X-Strong","og_description":"Glasfiberskena  Droppfotsortos  Smidig design  Lateral bygel","og_url":"https:\/\/embreis.com\/no\/produkt\/comfit-afo-strong\/","og_site_name":"Embreis NO","article_modified_time":"2023-02-15T12:35:53+00:00","og_image":[{"width":850,"height":850,"url":"https:\/\/embreis.com\/no\/wp-content\/uploads\/sites\/9\/2021\/03\/Comfit-X-tra-Strong.png","type":"image\/png"}],"twitter_card":"summary_large_image","twitter_misc":{"Ber\u00e4knad l\u00e4stid":"1 minut"},"schema":{"@context":"https:\/\/schema.org","@graph":[{"@type":"WebPage","@id":"https:\/\/embreis.com\/no\/produkt\/comfit-afo-strong\/","url":"https:\/\/embreis.com\/no\/produkt\/comfit-afo-strong\/","name":"Comfit AFO X-Strong - Embreis NO","isPartOf":{"@id":"https:\/\/embreis.com\/no\/#website"},"primaryImageOfPage":{"@id":"https:\/\/embreis.com\/no\/produkt\/comfit-afo-strong\/#primaryimage"},"image":{"@id":"https:\/\/embreis.com\/no\/produkt\/comfit-afo-strong\/#primaryimage"},"thumbnailUrl":"https:\/\/embreis.com\/no\/wp-content\/uploads\/sites\/9\/2021\/03\/Comfit-X-tra-Strong.png","datePublished":"2021-03-08T07:57:51+00:00","dateModified":"2023-02-15T12:35:53+00:00","breadcrumb":{"@id":"https:\/\/embreis.com\/no\/produkt\/comfit-afo-strong\/#breadcrumb"},"inLanguage":"sv-SE","potentialAction":[{"@type":"ReadAction","target":["https:\/\/embreis.com\/no\/produkt\/comfit-afo-strong\/"]}]},{"@type":"ImageObject","inLanguage":"sv-SE","@id":"https:\/\/embreis.com\/no\/produkt\/comfit-afo-strong\/#primaryimage","url":"https:\/\/embreis.com\/no\/wp-content\/uploads\/sites\/9\/2021\/03\/Comfit-X-tra-Strong.png","contentUrl":"https:\/\/embreis.com\/no\/wp-content\/uploads\/sites\/9\/2021\/03\/Comfit-X-tra-Strong.png","width":850,"height":850},{"@type":"BreadcrumbList","@id":"https:\/\/embreis.com\/no\/produkt\/comfit-afo-strong\/#breadcrumb","itemListElement":[{"@type":"ListItem","position":1,"name":"Hem","item":"https:\/\/embreis.com\/no\/"},{"@type":"ListItem","position":2,"name":"Sortiment","item":"https:\/\/embreis.com\/no\/sortiment\/"},{"@type":"ListItem","position":3,"name":"Ortos","item":"https:\/\/embreis.com\/no\/produktkategori\/ortos\/"},{"@type":"ListItem","position":4,"name":"Ankel","item":"https:\/\/embreis.com\/no\/produktkategori\/ortos\/ankel\/"},{"@type":"ListItem","position":5,"name":"Neuro - Rehab","item":"https:\/\/embreis.com\/no\/produktkategori\/ortos\/ankel\/neuro-rehab-vrist-ortos\/"},{"@type":"ListItem","position":6,"name":"Comfit AFO X-Strong"}]},{"@type":"WebSite","@id":"https:\/\/embreis.com\/no\/#website","url":"https:\/\/embreis.com\/no\/","name":"Embreis NO","description":"Ortoser, proteser och material","potentialAction":[{"@type":"SearchAction","target":{"@type":"EntryPoint","urlTemplate":"https:\/\/embreis.com\/no\/?s={search_term_string}"},"query-input":{"@type":"PropertyValueSpecification","valueRequired":true,"valueName":"search_term_string"}}],"inLanguage":"sv-SE"}]}},"_links":{"self":[{"href":"https:\/\/embreis.com\/no\/wp-json\/wp\/v2\/product\/11761","targetHints":{"allow":["GET"]}}],"collection":[{"href":"https:\/\/embreis.com\/no\/wp-json\/wp\/v2\/product"}],"about":[{"href":"https:\/\/embreis.com\/no\/wp-json\/wp\/v2\/types\/product"}],"wp:featuredmedia":[{"embeddable":true,"href":"https:\/\/embreis.com\/no\/wp-json\/wp\/v2\/media\/12059"}],"wp:attachment":[{"href":"https:\/\/embreis.com\/no\/wp-json\/wp\/v2\/media?parent=11761"}],"wp:term":[{"taxonomy":"product_brand","embeddable":true,"href":"https:\/\/embreis.com\/no\/wp-json\/wp\/v2\/product_brand?post=11761"},{"taxonomy":"product_cat","embeddable":true,"href":"https:\/\/embreis.com\/no\/wp-json\/wp\/v2\/product_cat?post=11761"},{"taxonomy":"product_tag","embeddable":true,"href":"https:\/\/embreis.com\/no\/wp-json\/wp\/v2\/product_tag?post=11761"}],"curies":[{"name":"wp","href":"https:\/\/api.w.org\/{rel}","templated":true}]}}