{"id":11428,"date":"2021-02-08T19:58:08","date_gmt":"2021-02-08T17:58:08","guid":{"rendered":"http:\/\/embreiscom.wpengine.com\/?post_type=product&#038;p=11428"},"modified":"2021-02-15T17:50:59","modified_gmt":"2021-02-15T15:50:59","slug":"t-scope-hip","status":"publish","type":"product","link":"https:\/\/embreis.com\/no\/produkt\/t-scope-hip\/","title":{"rendered":"T-Scope Hip"},"content":{"rendered":"<p>T Scope Hip anv\u00e4nds vid operation eller trauma av h\u00f6ften och kringliggande ligament. Leden reglerar extension och flexion till \u00f6nskat l\u00e4ge och den har \u00e4ven snabbl\u00e5sfunktion f\u00f6r immobilisering. L\u00e4ngden justeras enkelt via teleskopskenan f\u00f6r komfort och optimal h\u00e4varm. H\u00f6ftdelen sitter bekv\u00e4mt och ger \u00e4ven ett stabilt st\u00f6d runt b\u00e5len. Abduktion kan justeras genom att bocka leden till \u00f6nskat l\u00e4ge.<\/p>\n","protected":false},"excerpt":{"rendered":"<ul>\n<li>Reglerar extension\/flexion<\/li>\n<li>Snabbl\u00e5sfunktion<\/li>\n<li>Teleskopinst\u00e4llning<\/li>\n<li>Enkel att applicera<\/li>\n<\/ul>\n","protected":false},"featured_media":11429,"template":"","meta":[],"product_brand":[],"product_cat":[1354,217,224],"product_tag":[],"class_list":{"0":"post-11428","1":"product","2":"type-product","3":"status-publish","4":"has-post-thumbnail","6":"product_cat-hoft","7":"product_cat-ortos","8":"product_cat-rygg","9":"pa_varumarke-breg","11":"first","12":"instock","13":"shipping-taxable","14":"product-type-simple"},"acf":[],"yoast_head":"<!-- This site is optimized with the Yoast SEO Premium plugin v27.3 (Yoast SEO v27.3) - https:\/\/yoast.com\/product\/yoast-seo-premium-wordpress\/ -->\n<title>T-Scope Hip - Embreis NO<\/title>\n<meta name=\"robots\" content=\"index, follow, max-snippet:-1, max-image-preview:large, max-video-preview:-1\" \/>\n<link rel=\"canonical\" href=\"https:\/\/embreis.com\/no\/produkt\/t-scope-hip\/\" \/>\n<meta property=\"og:locale\" content=\"sv_SE\" \/>\n<meta property=\"og:type\" content=\"article\" \/>\n<meta property=\"og:title\" content=\"T-Scope Hip\" \/>\n<meta property=\"og:description\" content=\"Reglerar extension\/flexion  Snabbl\u00e5sfunktion  Teleskopinst\u00e4llning  Enkel att applicera\" \/>\n<meta property=\"og:url\" content=\"https:\/\/embreis.com\/no\/produkt\/t-scope-hip\/\" \/>\n<meta property=\"og:site_name\" content=\"Embreis NO\" \/>\n<meta property=\"article:modified_time\" content=\"2021-02-15T15:50:59+00:00\" \/>\n<meta property=\"og:image\" content=\"https:\/\/embreis.com\/no\/wp-content\/uploads\/sites\/9\/2021\/02\/BREG.T-scope.hip1_.jpg\" \/>\n\t<meta property=\"og:image:width\" content=\"567\" \/>\n\t<meta property=\"og:image:height\" content=\"567\" \/>\n\t<meta property=\"og:image:type\" content=\"image\/jpeg\" \/>\n<meta name=\"twitter:card\" content=\"summary_large_image\" \/>\n<meta name=\"twitter:label1\" content=\"Ber\u00e4knad l\u00e4stid\" \/>\n\t<meta name=\"twitter:data1\" content=\"1 minut\" \/>\n<script type=\"application\/ld+json\" class=\"yoast-schema-graph\">{\"@context\":\"https:\\\/\\\/schema.org\",\"@graph\":[{\"@type\":\"WebPage\",\"@id\":\"https:\\\/\\\/embreis.com\\\/no\\\/produkt\\\/t-scope-hip\\\/\",\"url\":\"https:\\\/\\\/embreis.com\\\/no\\\/produkt\\\/t-scope-hip\\\/\",\"name\":\"T-Scope Hip - Embreis NO\",\"isPartOf\":{\"@id\":\"https:\\\/\\\/embreis.com\\\/no\\\/#website\"},\"primaryImageOfPage\":{\"@id\":\"https:\\\/\\\/embreis.com\\\/no\\\/produkt\\\/t-scope-hip\\\/#primaryimage\"},\"image\":{\"@id\":\"https:\\\/\\\/embreis.com\\\/no\\\/produkt\\\/t-scope-hip\\\/#primaryimage\"},\"thumbnailUrl\":\"https:\\\/\\\/embreis.com\\\/no\\\/wp-content\\\/uploads\\\/sites\\\/9\\\/2021\\\/02\\\/BREG.T-scope.hip1_.jpg\",\"datePublished\":\"2021-02-08T17:58:08+00:00\",\"dateModified\":\"2021-02-15T15:50:59+00:00\",\"breadcrumb\":{\"@id\":\"https:\\\/\\\/embreis.com\\\/no\\\/produkt\\\/t-scope-hip\\\/#breadcrumb\"},\"inLanguage\":\"sv-SE\",\"potentialAction\":[{\"@type\":\"ReadAction\",\"target\":[\"https:\\\/\\\/embreis.com\\\/no\\\/produkt\\\/t-scope-hip\\\/\"]}]},{\"@type\":\"ImageObject\",\"inLanguage\":\"sv-SE\",\"@id\":\"https:\\\/\\\/embreis.com\\\/no\\\/produkt\\\/t-scope-hip\\\/#primaryimage\",\"url\":\"https:\\\/\\\/embreis.com\\\/no\\\/wp-content\\\/uploads\\\/sites\\\/9\\\/2021\\\/02\\\/BREG.T-scope.hip1_.jpg\",\"contentUrl\":\"https:\\\/\\\/embreis.com\\\/no\\\/wp-content\\\/uploads\\\/sites\\\/9\\\/2021\\\/02\\\/BREG.T-scope.hip1_.jpg\",\"width\":567,\"height\":567},{\"@type\":\"BreadcrumbList\",\"@id\":\"https:\\\/\\\/embreis.com\\\/no\\\/produkt\\\/t-scope-hip\\\/#breadcrumb\",\"itemListElement\":[{\"@type\":\"ListItem\",\"position\":1,\"name\":\"Hem\",\"item\":\"https:\\\/\\\/embreis.com\\\/no\\\/\"},{\"@type\":\"ListItem\",\"position\":2,\"name\":\"Sortiment\",\"item\":\"https:\\\/\\\/embreis.com\\\/no\\\/sortiment\\\/\"},{\"@type\":\"ListItem\",\"position\":3,\"name\":\"Ortos\",\"item\":\"https:\\\/\\\/embreis.com\\\/no\\\/produktkategori\\\/ortos\\\/\"},{\"@type\":\"ListItem\",\"position\":4,\"name\":\"Rygg\",\"item\":\"https:\\\/\\\/embreis.com\\\/no\\\/produktkategori\\\/ortos\\\/rygg\\\/\"},{\"@type\":\"ListItem\",\"position\":5,\"name\":\"H\u00f6ft\",\"item\":\"https:\\\/\\\/embreis.com\\\/no\\\/produktkategori\\\/ortos\\\/rygg\\\/hoft\\\/\"},{\"@type\":\"ListItem\",\"position\":6,\"name\":\"T-Scope Hip\"}]},{\"@type\":\"WebSite\",\"@id\":\"https:\\\/\\\/embreis.com\\\/no\\\/#website\",\"url\":\"https:\\\/\\\/embreis.com\\\/no\\\/\",\"name\":\"Embreis NO\",\"description\":\"Ortoser, proteser och material\",\"potentialAction\":[{\"@type\":\"SearchAction\",\"target\":{\"@type\":\"EntryPoint\",\"urlTemplate\":\"https:\\\/\\\/embreis.com\\\/no\\\/?s={search_term_string}\"},\"query-input\":{\"@type\":\"PropertyValueSpecification\",\"valueRequired\":true,\"valueName\":\"search_term_string\"}}],\"inLanguage\":\"sv-SE\"}]}<\/script>\n<!-- \/ Yoast SEO Premium plugin. -->","yoast_head_json":{"title":"T-Scope Hip - Embreis NO","robots":{"index":"index","follow":"follow","max-snippet":"max-snippet:-1","max-image-preview":"max-image-preview:large","max-video-preview":"max-video-preview:-1"},"canonical":"https:\/\/embreis.com\/no\/produkt\/t-scope-hip\/","og_locale":"sv_SE","og_type":"article","og_title":"T-Scope Hip","og_description":"Reglerar extension\/flexion  Snabbl\u00e5sfunktion  Teleskopinst\u00e4llning  Enkel att applicera","og_url":"https:\/\/embreis.com\/no\/produkt\/t-scope-hip\/","og_site_name":"Embreis NO","article_modified_time":"2021-02-15T15:50:59+00:00","og_image":[{"width":567,"height":567,"url":"https:\/\/embreis.com\/no\/wp-content\/uploads\/sites\/9\/2021\/02\/BREG.T-scope.hip1_.jpg","type":"image\/jpeg"}],"twitter_card":"summary_large_image","twitter_misc":{"Ber\u00e4knad l\u00e4stid":"1 minut"},"schema":{"@context":"https:\/\/schema.org","@graph":[{"@type":"WebPage","@id":"https:\/\/embreis.com\/no\/produkt\/t-scope-hip\/","url":"https:\/\/embreis.com\/no\/produkt\/t-scope-hip\/","name":"T-Scope Hip - Embreis NO","isPartOf":{"@id":"https:\/\/embreis.com\/no\/#website"},"primaryImageOfPage":{"@id":"https:\/\/embreis.com\/no\/produkt\/t-scope-hip\/#primaryimage"},"image":{"@id":"https:\/\/embreis.com\/no\/produkt\/t-scope-hip\/#primaryimage"},"thumbnailUrl":"https:\/\/embreis.com\/no\/wp-content\/uploads\/sites\/9\/2021\/02\/BREG.T-scope.hip1_.jpg","datePublished":"2021-02-08T17:58:08+00:00","dateModified":"2021-02-15T15:50:59+00:00","breadcrumb":{"@id":"https:\/\/embreis.com\/no\/produkt\/t-scope-hip\/#breadcrumb"},"inLanguage":"sv-SE","potentialAction":[{"@type":"ReadAction","target":["https:\/\/embreis.com\/no\/produkt\/t-scope-hip\/"]}]},{"@type":"ImageObject","inLanguage":"sv-SE","@id":"https:\/\/embreis.com\/no\/produkt\/t-scope-hip\/#primaryimage","url":"https:\/\/embreis.com\/no\/wp-content\/uploads\/sites\/9\/2021\/02\/BREG.T-scope.hip1_.jpg","contentUrl":"https:\/\/embreis.com\/no\/wp-content\/uploads\/sites\/9\/2021\/02\/BREG.T-scope.hip1_.jpg","width":567,"height":567},{"@type":"BreadcrumbList","@id":"https:\/\/embreis.com\/no\/produkt\/t-scope-hip\/#breadcrumb","itemListElement":[{"@type":"ListItem","position":1,"name":"Hem","item":"https:\/\/embreis.com\/no\/"},{"@type":"ListItem","position":2,"name":"Sortiment","item":"https:\/\/embreis.com\/no\/sortiment\/"},{"@type":"ListItem","position":3,"name":"Ortos","item":"https:\/\/embreis.com\/no\/produktkategori\/ortos\/"},{"@type":"ListItem","position":4,"name":"Rygg","item":"https:\/\/embreis.com\/no\/produktkategori\/ortos\/rygg\/"},{"@type":"ListItem","position":5,"name":"H\u00f6ft","item":"https:\/\/embreis.com\/no\/produktkategori\/ortos\/rygg\/hoft\/"},{"@type":"ListItem","position":6,"name":"T-Scope Hip"}]},{"@type":"WebSite","@id":"https:\/\/embreis.com\/no\/#website","url":"https:\/\/embreis.com\/no\/","name":"Embreis NO","description":"Ortoser, proteser och material","potentialAction":[{"@type":"SearchAction","target":{"@type":"EntryPoint","urlTemplate":"https:\/\/embreis.com\/no\/?s={search_term_string}"},"query-input":{"@type":"PropertyValueSpecification","valueRequired":true,"valueName":"search_term_string"}}],"inLanguage":"sv-SE"}]}},"_links":{"self":[{"href":"https:\/\/embreis.com\/no\/wp-json\/wp\/v2\/product\/11428","targetHints":{"allow":["GET"]}}],"collection":[{"href":"https:\/\/embreis.com\/no\/wp-json\/wp\/v2\/product"}],"about":[{"href":"https:\/\/embreis.com\/no\/wp-json\/wp\/v2\/types\/product"}],"wp:featuredmedia":[{"embeddable":true,"href":"https:\/\/embreis.com\/no\/wp-json\/wp\/v2\/media\/11429"}],"wp:attachment":[{"href":"https:\/\/embreis.com\/no\/wp-json\/wp\/v2\/media?parent=11428"}],"wp:term":[{"taxonomy":"product_brand","embeddable":true,"href":"https:\/\/embreis.com\/no\/wp-json\/wp\/v2\/product_brand?post=11428"},{"taxonomy":"product_cat","embeddable":true,"href":"https:\/\/embreis.com\/no\/wp-json\/wp\/v2\/product_cat?post=11428"},{"taxonomy":"product_tag","embeddable":true,"href":"https:\/\/embreis.com\/no\/wp-json\/wp\/v2\/product_tag?post=11428"}],"curies":[{"name":"wp","href":"https:\/\/api.w.org\/{rel}","templated":true}]}}