{"id":11426,"date":"2021-02-08T19:41:59","date_gmt":"2021-02-08T17:41:59","guid":{"rendered":"http:\/\/embreiscom.wpengine.com\/?post_type=product&#038;p=11426"},"modified":"2026-03-18T10:54:08","modified_gmt":"2026-03-18T08:54:08","slug":"paceline-prosthetic-sock","status":"publish","type":"product","link":"https:\/\/embreis.com\/no\/produkt\/paceline-prosthetic-sock\/","title":{"rendered":"Paceline protesstrumpa"},"content":{"rendered":"<p>Paceline\u00ae protesstrumpa \u00e4r en s\u00e4rskilt l\u00e4tt och mjuk protesstrumpa som m\u00f6jligg\u00f6r b\u00e4ttre passform f\u00f6r protesen. Den finns i ett brett urval av storlekar och passar d\u00e4rf\u00f6r ett brett spektrum av patienter.<\/p>\n<p>Paceline\u00ae protesstrumpa \u00e4r tillg\u00e4nglig i tv\u00e5 l\u00e4ngder (kort och l\u00e5ng), tre bredder (narrow, regular och wide) samt tre tjocklekar (1, 3 och 5 ply) med eller utan h\u00e5l. Dessutom erbjuder vi denna protessocka i tv\u00e5 f\u00e4rger: vit och svart. Givetvis \u00e4r protesstrumporna m\u00e4rkta och f\u00e4rgkodade f\u00f6r enkel identifiering vid \u00e5terbest\u00e4llning.<\/p>\n<p>Vid best\u00e4llning av st\u00f6rre volymer erbjuder vi m\u00f6jlighet att trycka f\u00f6retagsnamn\/logotyp. Kontakta oss f\u00f6r mer information!<\/p>\n","protected":false},"excerpt":{"rendered":"<ul>\n<li>Will not unravel if cut from the proximal end<\/li>\n<li>No added thickness at the distal end<\/li>\n<li>With or without distal hole<\/li>\n<\/ul>\n","protected":false},"featured_media":11427,"template":"","meta":[],"product_brand":[],"product_cat":[1380,1333,272,304],"product_tag":[],"class_list":{"0":"post-11426","1":"product","2":"type-product","3":"status-publish","4":"has-post-thumbnail","6":"product_cat-nyheter","7":"product_cat-volymkontroll","8":"product_cat-protes","9":"product_cat-liners-sleevar","11":"first","12":"instock","13":"featured","14":"shipping-taxable","15":"product-type-simple"},"acf":[],"yoast_head":"<!-- This site is optimized with the Yoast SEO Premium plugin v27.3 (Yoast SEO v27.3) - https:\/\/yoast.com\/product\/yoast-seo-premium-wordpress\/ -->\n<title>Paceline protesstrumpa - Embreis NO<\/title>\n<meta name=\"robots\" content=\"index, follow, max-snippet:-1, max-image-preview:large, max-video-preview:-1\" \/>\n<link rel=\"canonical\" href=\"https:\/\/embreis.com\/no\/produkt\/paceline-prosthetic-sock\/\" \/>\n<meta property=\"og:locale\" content=\"sv_SE\" \/>\n<meta property=\"og:type\" content=\"article\" \/>\n<meta property=\"og:title\" content=\"Paceline protesstrumpa\" \/>\n<meta property=\"og:description\" content=\"Will not unravel if cut from the proximal end  No added thickness at the distal end  With or without distal hole\" \/>\n<meta property=\"og:url\" content=\"https:\/\/embreis.com\/no\/produkt\/paceline-prosthetic-sock\/\" \/>\n<meta property=\"og:site_name\" content=\"Embreis NO\" \/>\n<meta property=\"article:modified_time\" content=\"2026-03-18T08:54:08+00:00\" \/>\n<meta property=\"og:image\" content=\"https:\/\/embreis.com\/no\/wp-content\/uploads\/sites\/9\/2021\/02\/PacelineSocks_1.jpg\" \/>\n\t<meta property=\"og:image:width\" content=\"567\" \/>\n\t<meta property=\"og:image:height\" content=\"567\" \/>\n\t<meta property=\"og:image:type\" content=\"image\/jpeg\" \/>\n<meta name=\"twitter:card\" content=\"summary_large_image\" \/>\n<meta name=\"twitter:label1\" content=\"Ber\u00e4knad l\u00e4stid\" \/>\n\t<meta name=\"twitter:data1\" content=\"1 minut\" \/>\n<script type=\"application\/ld+json\" class=\"yoast-schema-graph\">{\"@context\":\"https:\\\/\\\/schema.org\",\"@graph\":[{\"@type\":\"WebPage\",\"@id\":\"https:\\\/\\\/embreis.com\\\/no\\\/produkt\\\/paceline-prosthetic-sock\\\/\",\"url\":\"https:\\\/\\\/embreis.com\\\/no\\\/produkt\\\/paceline-prosthetic-sock\\\/\",\"name\":\"Paceline protesstrumpa - Embreis NO\",\"isPartOf\":{\"@id\":\"https:\\\/\\\/embreis.com\\\/no\\\/#website\"},\"primaryImageOfPage\":{\"@id\":\"https:\\\/\\\/embreis.com\\\/no\\\/produkt\\\/paceline-prosthetic-sock\\\/#primaryimage\"},\"image\":{\"@id\":\"https:\\\/\\\/embreis.com\\\/no\\\/produkt\\\/paceline-prosthetic-sock\\\/#primaryimage\"},\"thumbnailUrl\":\"https:\\\/\\\/embreis.com\\\/no\\\/wp-content\\\/uploads\\\/sites\\\/9\\\/2021\\\/02\\\/PacelineSocks_1.jpg\",\"datePublished\":\"2021-02-08T17:41:59+00:00\",\"dateModified\":\"2026-03-18T08:54:08+00:00\",\"breadcrumb\":{\"@id\":\"https:\\\/\\\/embreis.com\\\/no\\\/produkt\\\/paceline-prosthetic-sock\\\/#breadcrumb\"},\"inLanguage\":\"sv-SE\",\"potentialAction\":[{\"@type\":\"ReadAction\",\"target\":[\"https:\\\/\\\/embreis.com\\\/no\\\/produkt\\\/paceline-prosthetic-sock\\\/\"]}]},{\"@type\":\"ImageObject\",\"inLanguage\":\"sv-SE\",\"@id\":\"https:\\\/\\\/embreis.com\\\/no\\\/produkt\\\/paceline-prosthetic-sock\\\/#primaryimage\",\"url\":\"https:\\\/\\\/embreis.com\\\/no\\\/wp-content\\\/uploads\\\/sites\\\/9\\\/2021\\\/02\\\/PacelineSocks_1.jpg\",\"contentUrl\":\"https:\\\/\\\/embreis.com\\\/no\\\/wp-content\\\/uploads\\\/sites\\\/9\\\/2021\\\/02\\\/PacelineSocks_1.jpg\",\"width\":567,\"height\":567},{\"@type\":\"BreadcrumbList\",\"@id\":\"https:\\\/\\\/embreis.com\\\/no\\\/produkt\\\/paceline-prosthetic-sock\\\/#breadcrumb\",\"itemListElement\":[{\"@type\":\"ListItem\",\"position\":1,\"name\":\"Hem\",\"item\":\"https:\\\/\\\/embreis.com\\\/no\\\/\"},{\"@type\":\"ListItem\",\"position\":2,\"name\":\"Sortiment\",\"item\":\"https:\\\/\\\/embreis.com\\\/no\\\/sortiment\\\/\"},{\"@type\":\"ListItem\",\"position\":3,\"name\":\"Protes\",\"item\":\"https:\\\/\\\/embreis.com\\\/no\\\/produktkategori\\\/protes\\\/\"},{\"@type\":\"ListItem\",\"position\":4,\"name\":\"Liners &amp; Sleevar\",\"item\":\"https:\\\/\\\/embreis.com\\\/no\\\/produktkategori\\\/protes\\\/liners-sleevar\\\/\"},{\"@type\":\"ListItem\",\"position\":5,\"name\":\"Volymkontroll\",\"item\":\"https:\\\/\\\/embreis.com\\\/no\\\/produktkategori\\\/protes\\\/liners-sleevar\\\/volymkontroll\\\/\"},{\"@type\":\"ListItem\",\"position\":6,\"name\":\"Paceline protesstrumpa\"}]},{\"@type\":\"WebSite\",\"@id\":\"https:\\\/\\\/embreis.com\\\/no\\\/#website\",\"url\":\"https:\\\/\\\/embreis.com\\\/no\\\/\",\"name\":\"Embreis NO\",\"description\":\"Ortoser, proteser och material\",\"potentialAction\":[{\"@type\":\"SearchAction\",\"target\":{\"@type\":\"EntryPoint\",\"urlTemplate\":\"https:\\\/\\\/embreis.com\\\/no\\\/?s={search_term_string}\"},\"query-input\":{\"@type\":\"PropertyValueSpecification\",\"valueRequired\":true,\"valueName\":\"search_term_string\"}}],\"inLanguage\":\"sv-SE\"}]}<\/script>\n<!-- \/ Yoast SEO Premium plugin. -->","yoast_head_json":{"title":"Paceline protesstrumpa - Embreis NO","robots":{"index":"index","follow":"follow","max-snippet":"max-snippet:-1","max-image-preview":"max-image-preview:large","max-video-preview":"max-video-preview:-1"},"canonical":"https:\/\/embreis.com\/no\/produkt\/paceline-prosthetic-sock\/","og_locale":"sv_SE","og_type":"article","og_title":"Paceline protesstrumpa","og_description":"Will not unravel if cut from the proximal end  No added thickness at the distal end  With or without distal hole","og_url":"https:\/\/embreis.com\/no\/produkt\/paceline-prosthetic-sock\/","og_site_name":"Embreis NO","article_modified_time":"2026-03-18T08:54:08+00:00","og_image":[{"width":567,"height":567,"url":"https:\/\/embreis.com\/no\/wp-content\/uploads\/sites\/9\/2021\/02\/PacelineSocks_1.jpg","type":"image\/jpeg"}],"twitter_card":"summary_large_image","twitter_misc":{"Ber\u00e4knad l\u00e4stid":"1 minut"},"schema":{"@context":"https:\/\/schema.org","@graph":[{"@type":"WebPage","@id":"https:\/\/embreis.com\/no\/produkt\/paceline-prosthetic-sock\/","url":"https:\/\/embreis.com\/no\/produkt\/paceline-prosthetic-sock\/","name":"Paceline protesstrumpa - Embreis NO","isPartOf":{"@id":"https:\/\/embreis.com\/no\/#website"},"primaryImageOfPage":{"@id":"https:\/\/embreis.com\/no\/produkt\/paceline-prosthetic-sock\/#primaryimage"},"image":{"@id":"https:\/\/embreis.com\/no\/produkt\/paceline-prosthetic-sock\/#primaryimage"},"thumbnailUrl":"https:\/\/embreis.com\/no\/wp-content\/uploads\/sites\/9\/2021\/02\/PacelineSocks_1.jpg","datePublished":"2021-02-08T17:41:59+00:00","dateModified":"2026-03-18T08:54:08+00:00","breadcrumb":{"@id":"https:\/\/embreis.com\/no\/produkt\/paceline-prosthetic-sock\/#breadcrumb"},"inLanguage":"sv-SE","potentialAction":[{"@type":"ReadAction","target":["https:\/\/embreis.com\/no\/produkt\/paceline-prosthetic-sock\/"]}]},{"@type":"ImageObject","inLanguage":"sv-SE","@id":"https:\/\/embreis.com\/no\/produkt\/paceline-prosthetic-sock\/#primaryimage","url":"https:\/\/embreis.com\/no\/wp-content\/uploads\/sites\/9\/2021\/02\/PacelineSocks_1.jpg","contentUrl":"https:\/\/embreis.com\/no\/wp-content\/uploads\/sites\/9\/2021\/02\/PacelineSocks_1.jpg","width":567,"height":567},{"@type":"BreadcrumbList","@id":"https:\/\/embreis.com\/no\/produkt\/paceline-prosthetic-sock\/#breadcrumb","itemListElement":[{"@type":"ListItem","position":1,"name":"Hem","item":"https:\/\/embreis.com\/no\/"},{"@type":"ListItem","position":2,"name":"Sortiment","item":"https:\/\/embreis.com\/no\/sortiment\/"},{"@type":"ListItem","position":3,"name":"Protes","item":"https:\/\/embreis.com\/no\/produktkategori\/protes\/"},{"@type":"ListItem","position":4,"name":"Liners &amp; Sleevar","item":"https:\/\/embreis.com\/no\/produktkategori\/protes\/liners-sleevar\/"},{"@type":"ListItem","position":5,"name":"Volymkontroll","item":"https:\/\/embreis.com\/no\/produktkategori\/protes\/liners-sleevar\/volymkontroll\/"},{"@type":"ListItem","position":6,"name":"Paceline protesstrumpa"}]},{"@type":"WebSite","@id":"https:\/\/embreis.com\/no\/#website","url":"https:\/\/embreis.com\/no\/","name":"Embreis NO","description":"Ortoser, proteser och material","potentialAction":[{"@type":"SearchAction","target":{"@type":"EntryPoint","urlTemplate":"https:\/\/embreis.com\/no\/?s={search_term_string}"},"query-input":{"@type":"PropertyValueSpecification","valueRequired":true,"valueName":"search_term_string"}}],"inLanguage":"sv-SE"}]}},"_links":{"self":[{"href":"https:\/\/embreis.com\/no\/wp-json\/wp\/v2\/product\/11426","targetHints":{"allow":["GET"]}}],"collection":[{"href":"https:\/\/embreis.com\/no\/wp-json\/wp\/v2\/product"}],"about":[{"href":"https:\/\/embreis.com\/no\/wp-json\/wp\/v2\/types\/product"}],"wp:featuredmedia":[{"embeddable":true,"href":"https:\/\/embreis.com\/no\/wp-json\/wp\/v2\/media\/11427"}],"wp:attachment":[{"href":"https:\/\/embreis.com\/no\/wp-json\/wp\/v2\/media?parent=11426"}],"wp:term":[{"taxonomy":"product_brand","embeddable":true,"href":"https:\/\/embreis.com\/no\/wp-json\/wp\/v2\/product_brand?post=11426"},{"taxonomy":"product_cat","embeddable":true,"href":"https:\/\/embreis.com\/no\/wp-json\/wp\/v2\/product_cat?post=11426"},{"taxonomy":"product_tag","embeddable":true,"href":"https:\/\/embreis.com\/no\/wp-json\/wp\/v2\/product_tag?post=11426"}],"curies":[{"name":"wp","href":"https:\/\/api.w.org\/{rel}","templated":true}]}}