{"id":11126,"date":"2021-01-28T15:52:21","date_gmt":"2021-01-28T13:52:21","guid":{"rendered":"http:\/\/embreiscom.wpengine.com\/?post_type=product&#038;p=11126"},"modified":"2021-02-09T16:20:53","modified_gmt":"2021-02-09T14:20:53","slug":"kosmetik-knaexartikulation","status":"publish","type":"product","link":"https:\/\/embreis.com\/no\/produkt\/kosmetik-knaexartikulation\/","title":{"rendered":"Kosmetik f\u00f6r kn\u00e4exartikulation"},"content":{"rendered":"","protected":false},"excerpt":{"rendered":"<ul>\n<li>Polyuretan<\/li>\n<li>Vadomkrets: 36-44 cm<\/li>\n<li>H\u00e5ldiameter: 60-30 mm<\/li>\n<li>L\u00e4ngd: 65 cm<\/li>\n<\/ul>\n","protected":false},"featured_media":11127,"template":"","meta":[],"product_brand":[],"product_cat":[1257,272,1144],"product_tag":[],"class_list":{"0":"post-11126","1":"product","2":"type-product","3":"status-publish","4":"has-post-thumbnail","6":"product_cat-ben-fotkosmetik","7":"product_cat-protes","8":"product_cat-kna-ben","9":"pa_varumarke-embreis","11":"first","12":"instock","13":"shipping-taxable","14":"product-type-simple"},"acf":[],"yoast_head":"<!-- This site is optimized with the Yoast SEO Premium plugin v27.3 (Yoast SEO v27.3) - https:\/\/yoast.com\/product\/yoast-seo-premium-wordpress\/ -->\n<title>Kosmetik f\u00f6r kn\u00e4exartikulation - Embreis NO<\/title>\n<meta name=\"robots\" content=\"index, follow, max-snippet:-1, max-image-preview:large, max-video-preview:-1\" \/>\n<link rel=\"canonical\" href=\"https:\/\/embreis.com\/no\/produkt\/kosmetik-knaexartikulation\/\" \/>\n<meta property=\"og:locale\" content=\"sv_SE\" \/>\n<meta property=\"og:type\" content=\"article\" \/>\n<meta property=\"og:title\" content=\"Kosmetik f\u00f6r kn\u00e4exartikulation\" \/>\n<meta property=\"og:description\" content=\"Polyuretan  Vadomkrets: 36-44 cm  H\u00e5ldiameter: 60-30 mm  L\u00e4ngd: 65 cm\" \/>\n<meta property=\"og:url\" content=\"https:\/\/embreis.com\/no\/produkt\/kosmetik-knaexartikulation\/\" \/>\n<meta property=\"og:site_name\" content=\"Embreis NO\" \/>\n<meta property=\"article:modified_time\" content=\"2021-02-09T14:20:53+00:00\" \/>\n<meta property=\"og:image\" content=\"https:\/\/embreis.com\/no\/wp-content\/uploads\/sites\/9\/2021\/01\/E038136.jpg\" \/>\n\t<meta property=\"og:image:width\" content=\"567\" \/>\n\t<meta property=\"og:image:height\" content=\"567\" \/>\n\t<meta property=\"og:image:type\" content=\"image\/jpeg\" \/>\n<meta name=\"twitter:card\" content=\"summary_large_image\" \/>\n<script type=\"application\/ld+json\" class=\"yoast-schema-graph\">{\"@context\":\"https:\\\/\\\/schema.org\",\"@graph\":[{\"@type\":\"WebPage\",\"@id\":\"https:\\\/\\\/embreis.com\\\/no\\\/produkt\\\/kosmetik-knaexartikulation\\\/\",\"url\":\"https:\\\/\\\/embreis.com\\\/no\\\/produkt\\\/kosmetik-knaexartikulation\\\/\",\"name\":\"Kosmetik f\u00f6r kn\u00e4exartikulation - Embreis NO\",\"isPartOf\":{\"@id\":\"https:\\\/\\\/embreis.com\\\/no\\\/#website\"},\"primaryImageOfPage\":{\"@id\":\"https:\\\/\\\/embreis.com\\\/no\\\/produkt\\\/kosmetik-knaexartikulation\\\/#primaryimage\"},\"image\":{\"@id\":\"https:\\\/\\\/embreis.com\\\/no\\\/produkt\\\/kosmetik-knaexartikulation\\\/#primaryimage\"},\"thumbnailUrl\":\"https:\\\/\\\/embreis.com\\\/no\\\/wp-content\\\/uploads\\\/sites\\\/9\\\/2021\\\/01\\\/E038136.jpg\",\"datePublished\":\"2021-01-28T13:52:21+00:00\",\"dateModified\":\"2021-02-09T14:20:53+00:00\",\"breadcrumb\":{\"@id\":\"https:\\\/\\\/embreis.com\\\/no\\\/produkt\\\/kosmetik-knaexartikulation\\\/#breadcrumb\"},\"inLanguage\":\"sv-SE\",\"potentialAction\":[{\"@type\":\"ReadAction\",\"target\":[\"https:\\\/\\\/embreis.com\\\/no\\\/produkt\\\/kosmetik-knaexartikulation\\\/\"]}]},{\"@type\":\"ImageObject\",\"inLanguage\":\"sv-SE\",\"@id\":\"https:\\\/\\\/embreis.com\\\/no\\\/produkt\\\/kosmetik-knaexartikulation\\\/#primaryimage\",\"url\":\"https:\\\/\\\/embreis.com\\\/no\\\/wp-content\\\/uploads\\\/sites\\\/9\\\/2021\\\/01\\\/E038136.jpg\",\"contentUrl\":\"https:\\\/\\\/embreis.com\\\/no\\\/wp-content\\\/uploads\\\/sites\\\/9\\\/2021\\\/01\\\/E038136.jpg\",\"width\":567,\"height\":567},{\"@type\":\"BreadcrumbList\",\"@id\":\"https:\\\/\\\/embreis.com\\\/no\\\/produkt\\\/kosmetik-knaexartikulation\\\/#breadcrumb\",\"itemListElement\":[{\"@type\":\"ListItem\",\"position\":1,\"name\":\"Hem\",\"item\":\"https:\\\/\\\/embreis.com\\\/no\\\/\"},{\"@type\":\"ListItem\",\"position\":2,\"name\":\"Sortiment\",\"item\":\"https:\\\/\\\/embreis.com\\\/no\\\/sortiment\\\/\"},{\"@type\":\"ListItem\",\"position\":3,\"name\":\"Protes\",\"item\":\"https:\\\/\\\/embreis.com\\\/no\\\/produktkategori\\\/protes\\\/\"},{\"@type\":\"ListItem\",\"position\":4,\"name\":\"Kn\u00e4 &amp; Ben\",\"item\":\"https:\\\/\\\/embreis.com\\\/no\\\/produktkategori\\\/protes\\\/kna-ben\\\/\"},{\"@type\":\"ListItem\",\"position\":5,\"name\":\"Ben &amp; Fotkosmetik\",\"item\":\"https:\\\/\\\/embreis.com\\\/no\\\/produktkategori\\\/protes\\\/kna-ben\\\/ben-fotkosmetik\\\/\"},{\"@type\":\"ListItem\",\"position\":6,\"name\":\"Kosmetik f\u00f6r kn\u00e4exartikulation\"}]},{\"@type\":\"WebSite\",\"@id\":\"https:\\\/\\\/embreis.com\\\/no\\\/#website\",\"url\":\"https:\\\/\\\/embreis.com\\\/no\\\/\",\"name\":\"Embreis NO\",\"description\":\"Ortoser, proteser och material\",\"potentialAction\":[{\"@type\":\"SearchAction\",\"target\":{\"@type\":\"EntryPoint\",\"urlTemplate\":\"https:\\\/\\\/embreis.com\\\/no\\\/?s={search_term_string}\"},\"query-input\":{\"@type\":\"PropertyValueSpecification\",\"valueRequired\":true,\"valueName\":\"search_term_string\"}}],\"inLanguage\":\"sv-SE\"}]}<\/script>\n<!-- \/ Yoast SEO Premium plugin. -->","yoast_head_json":{"title":"Kosmetik f\u00f6r kn\u00e4exartikulation - Embreis NO","robots":{"index":"index","follow":"follow","max-snippet":"max-snippet:-1","max-image-preview":"max-image-preview:large","max-video-preview":"max-video-preview:-1"},"canonical":"https:\/\/embreis.com\/no\/produkt\/kosmetik-knaexartikulation\/","og_locale":"sv_SE","og_type":"article","og_title":"Kosmetik f\u00f6r kn\u00e4exartikulation","og_description":"Polyuretan  Vadomkrets: 36-44 cm  H\u00e5ldiameter: 60-30 mm  L\u00e4ngd: 65 cm","og_url":"https:\/\/embreis.com\/no\/produkt\/kosmetik-knaexartikulation\/","og_site_name":"Embreis NO","article_modified_time":"2021-02-09T14:20:53+00:00","og_image":[{"width":567,"height":567,"url":"https:\/\/embreis.com\/no\/wp-content\/uploads\/sites\/9\/2021\/01\/E038136.jpg","type":"image\/jpeg"}],"twitter_card":"summary_large_image","schema":{"@context":"https:\/\/schema.org","@graph":[{"@type":"WebPage","@id":"https:\/\/embreis.com\/no\/produkt\/kosmetik-knaexartikulation\/","url":"https:\/\/embreis.com\/no\/produkt\/kosmetik-knaexartikulation\/","name":"Kosmetik f\u00f6r kn\u00e4exartikulation - Embreis NO","isPartOf":{"@id":"https:\/\/embreis.com\/no\/#website"},"primaryImageOfPage":{"@id":"https:\/\/embreis.com\/no\/produkt\/kosmetik-knaexartikulation\/#primaryimage"},"image":{"@id":"https:\/\/embreis.com\/no\/produkt\/kosmetik-knaexartikulation\/#primaryimage"},"thumbnailUrl":"https:\/\/embreis.com\/no\/wp-content\/uploads\/sites\/9\/2021\/01\/E038136.jpg","datePublished":"2021-01-28T13:52:21+00:00","dateModified":"2021-02-09T14:20:53+00:00","breadcrumb":{"@id":"https:\/\/embreis.com\/no\/produkt\/kosmetik-knaexartikulation\/#breadcrumb"},"inLanguage":"sv-SE","potentialAction":[{"@type":"ReadAction","target":["https:\/\/embreis.com\/no\/produkt\/kosmetik-knaexartikulation\/"]}]},{"@type":"ImageObject","inLanguage":"sv-SE","@id":"https:\/\/embreis.com\/no\/produkt\/kosmetik-knaexartikulation\/#primaryimage","url":"https:\/\/embreis.com\/no\/wp-content\/uploads\/sites\/9\/2021\/01\/E038136.jpg","contentUrl":"https:\/\/embreis.com\/no\/wp-content\/uploads\/sites\/9\/2021\/01\/E038136.jpg","width":567,"height":567},{"@type":"BreadcrumbList","@id":"https:\/\/embreis.com\/no\/produkt\/kosmetik-knaexartikulation\/#breadcrumb","itemListElement":[{"@type":"ListItem","position":1,"name":"Hem","item":"https:\/\/embreis.com\/no\/"},{"@type":"ListItem","position":2,"name":"Sortiment","item":"https:\/\/embreis.com\/no\/sortiment\/"},{"@type":"ListItem","position":3,"name":"Protes","item":"https:\/\/embreis.com\/no\/produktkategori\/protes\/"},{"@type":"ListItem","position":4,"name":"Kn\u00e4 &amp; Ben","item":"https:\/\/embreis.com\/no\/produktkategori\/protes\/kna-ben\/"},{"@type":"ListItem","position":5,"name":"Ben &amp; Fotkosmetik","item":"https:\/\/embreis.com\/no\/produktkategori\/protes\/kna-ben\/ben-fotkosmetik\/"},{"@type":"ListItem","position":6,"name":"Kosmetik f\u00f6r kn\u00e4exartikulation"}]},{"@type":"WebSite","@id":"https:\/\/embreis.com\/no\/#website","url":"https:\/\/embreis.com\/no\/","name":"Embreis NO","description":"Ortoser, proteser och material","potentialAction":[{"@type":"SearchAction","target":{"@type":"EntryPoint","urlTemplate":"https:\/\/embreis.com\/no\/?s={search_term_string}"},"query-input":{"@type":"PropertyValueSpecification","valueRequired":true,"valueName":"search_term_string"}}],"inLanguage":"sv-SE"}]}},"_links":{"self":[{"href":"https:\/\/embreis.com\/no\/wp-json\/wp\/v2\/product\/11126","targetHints":{"allow":["GET"]}}],"collection":[{"href":"https:\/\/embreis.com\/no\/wp-json\/wp\/v2\/product"}],"about":[{"href":"https:\/\/embreis.com\/no\/wp-json\/wp\/v2\/types\/product"}],"wp:featuredmedia":[{"embeddable":true,"href":"https:\/\/embreis.com\/no\/wp-json\/wp\/v2\/media\/11127"}],"wp:attachment":[{"href":"https:\/\/embreis.com\/no\/wp-json\/wp\/v2\/media?parent=11126"}],"wp:term":[{"taxonomy":"product_brand","embeddable":true,"href":"https:\/\/embreis.com\/no\/wp-json\/wp\/v2\/product_brand?post=11126"},{"taxonomy":"product_cat","embeddable":true,"href":"https:\/\/embreis.com\/no\/wp-json\/wp\/v2\/product_cat?post=11126"},{"taxonomy":"product_tag","embeddable":true,"href":"https:\/\/embreis.com\/no\/wp-json\/wp\/v2\/product_tag?post=11126"}],"curies":[{"name":"wp","href":"https:\/\/api.w.org\/{rel}","templated":true}]}}