{"id":1040,"date":"2019-08-26T09:06:38","date_gmt":"2019-08-26T07:06:38","guid":{"rendered":"http:\/\/embreiscom.wpengine.com\/?product=import-placeholder-for-22978"},"modified":"2021-02-10T18:48:42","modified_gmt":"2021-02-10T16:48:42","slug":"epicondylitspanne-cubidyn","status":"publish","type":"product","link":"https:\/\/embreis.com\/no\/produkt\/epicondylitspanne-cubidyn\/","title":{"rendered":"Cubidyn"},"content":{"rendered":"<p class=\"p1\">Cubidyn \u00e4r ett smidigt och effektivt epicondylitbandage i universalstorlek. Den anv\u00e4nds f\u00f6r att avlasta muskelf\u00e4sten i armb\u00e5gen vid sm\u00e4rta fr\u00e4mst orsakad av \u00f6verbelastning eller epicondylit s.k. tennisarm\/ musarm. Bandaget \u00e4r tunt och smidigt. Pelotten p\u00e5 insidan \u00e4r av silikon vilket ger extra tryck och avlastning samt ser till att h\u00e5lla bandaget p\u00e5 plats. Passar h\u00f6ger och v\u00e4nster sida.<\/p>\n","protected":false},"excerpt":{"rendered":"<ul class=\"ul1\">\n<li class=\"li1\">Universalstorlek<\/li>\n<li class=\"li1\">Silikonpelott<\/li>\n<li class=\"li1\">Tunn och smidig<\/li>\n<li class=\"li1\">Passar h\u00f6ger och v\u00e4nster<\/li>\n<\/ul>\n","protected":false},"featured_media":1055,"template":"","meta":[],"product_brand":[],"product_cat":[1266,217,218],"product_tag":[],"class_list":{"0":"post-1040","1":"product","2":"type-product","3":"status-publish","4":"has-post-thumbnail","6":"product_cat-epicondylitspanne","7":"product_cat-ortos","8":"product_cat-arm","9":"pa_varumarke-sporlastic","11":"first","12":"instock","13":"shipping-taxable","14":"product-type-variable"},"acf":[],"yoast_head":"<!-- This site is optimized with the Yoast SEO Premium plugin v25.3.1 (Yoast SEO v25.3.1) - https:\/\/yoast.com\/wordpress\/plugins\/seo\/ -->\n<title>Cubidyn - Embreis NO<\/title>\n<meta name=\"robots\" content=\"index, follow, max-snippet:-1, max-image-preview:large, max-video-preview:-1\" \/>\n<link rel=\"canonical\" href=\"https:\/\/embreis.com\/no\/produkt\/epicondylitspanne-cubidyn\/\" \/>\n<meta property=\"og:locale\" content=\"sv_SE\" \/>\n<meta property=\"og:type\" content=\"article\" \/>\n<meta property=\"og:title\" content=\"Cubidyn\" \/>\n<meta property=\"og:description\" content=\"Universalstorlek  Silikonpelott  Tunn och smidig  Passar h\u00f6ger och v\u00e4nster\" \/>\n<meta property=\"og:url\" content=\"https:\/\/embreis.com\/no\/produkt\/epicondylitspanne-cubidyn\/\" \/>\n<meta property=\"og:site_name\" content=\"Embreis NO\" \/>\n<meta property=\"article:modified_time\" content=\"2021-02-10T16:48:42+00:00\" \/>\n<meta property=\"og:image\" content=\"https:\/\/embreis.com\/no\/wp-content\/uploads\/sites\/9\/2019\/08\/cubidyn.jpg\" \/>\n\t<meta property=\"og:image:width\" content=\"850\" \/>\n\t<meta property=\"og:image:height\" content=\"850\" \/>\n\t<meta property=\"og:image:type\" content=\"image\/jpeg\" \/>\n<meta name=\"twitter:card\" content=\"summary_large_image\" \/>\n<script type=\"application\/ld+json\" class=\"yoast-schema-graph\">{\"@context\":\"https:\/\/schema.org\",\"@graph\":[{\"@type\":\"WebPage\",\"@id\":\"https:\/\/embreis.com\/no\/produkt\/epicondylitspanne-cubidyn\/\",\"url\":\"https:\/\/embreis.com\/no\/produkt\/epicondylitspanne-cubidyn\/\",\"name\":\"Cubidyn - Embreis NO\",\"isPartOf\":{\"@id\":\"https:\/\/embreis.com\/no\/#website\"},\"primaryImageOfPage\":{\"@id\":\"https:\/\/embreis.com\/no\/produkt\/epicondylitspanne-cubidyn\/#primaryimage\"},\"image\":{\"@id\":\"https:\/\/embreis.com\/no\/produkt\/epicondylitspanne-cubidyn\/#primaryimage\"},\"thumbnailUrl\":\"https:\/\/embreis.com\/no\/wp-content\/uploads\/sites\/9\/2019\/08\/cubidyn.jpg\",\"datePublished\":\"2019-08-26T07:06:38+00:00\",\"dateModified\":\"2021-02-10T16:48:42+00:00\",\"breadcrumb\":{\"@id\":\"https:\/\/embreis.com\/no\/produkt\/epicondylitspanne-cubidyn\/#breadcrumb\"},\"inLanguage\":\"sv-SE\",\"potentialAction\":[{\"@type\":\"ReadAction\",\"target\":[\"https:\/\/embreis.com\/no\/produkt\/epicondylitspanne-cubidyn\/\"]}]},{\"@type\":\"ImageObject\",\"inLanguage\":\"sv-SE\",\"@id\":\"https:\/\/embreis.com\/no\/produkt\/epicondylitspanne-cubidyn\/#primaryimage\",\"url\":\"https:\/\/embreis.com\/no\/wp-content\/uploads\/sites\/9\/2019\/08\/cubidyn.jpg\",\"contentUrl\":\"https:\/\/embreis.com\/no\/wp-content\/uploads\/sites\/9\/2019\/08\/cubidyn.jpg\",\"width\":850,\"height\":850},{\"@type\":\"BreadcrumbList\",\"@id\":\"https:\/\/embreis.com\/no\/produkt\/epicondylitspanne-cubidyn\/#breadcrumb\",\"itemListElement\":[{\"@type\":\"ListItem\",\"position\":1,\"name\":\"Hem\",\"item\":\"https:\/\/embreis.com\/no\/\"},{\"@type\":\"ListItem\",\"position\":2,\"name\":\"Sortiment\",\"item\":\"https:\/\/embreis.com\/no\/sortiment\/\"},{\"@type\":\"ListItem\",\"position\":3,\"name\":\"Ortos\",\"item\":\"https:\/\/embreis.com\/no\/produktkategori\/ortos\/\"},{\"@type\":\"ListItem\",\"position\":4,\"name\":\"Arm\",\"item\":\"https:\/\/embreis.com\/no\/produktkategori\/ortos\/arm\/\"},{\"@type\":\"ListItem\",\"position\":5,\"name\":\"Epicondylitsp\u00e4nne\",\"item\":\"https:\/\/embreis.com\/no\/produktkategori\/ortos\/arm\/epicondylitspanne\/\"},{\"@type\":\"ListItem\",\"position\":6,\"name\":\"Cubidyn\"}]},{\"@type\":\"WebSite\",\"@id\":\"https:\/\/embreis.com\/no\/#website\",\"url\":\"https:\/\/embreis.com\/no\/\",\"name\":\"Embreis NO\",\"description\":\"Ortoser, proteser och material\",\"potentialAction\":[{\"@type\":\"SearchAction\",\"target\":{\"@type\":\"EntryPoint\",\"urlTemplate\":\"https:\/\/embreis.com\/no\/?s={search_term_string}\"},\"query-input\":{\"@type\":\"PropertyValueSpecification\",\"valueRequired\":true,\"valueName\":\"search_term_string\"}}],\"inLanguage\":\"sv-SE\"}]}<\/script>\n<!-- \/ Yoast SEO Premium plugin. -->","yoast_head_json":{"title":"Cubidyn - Embreis NO","robots":{"index":"index","follow":"follow","max-snippet":"max-snippet:-1","max-image-preview":"max-image-preview:large","max-video-preview":"max-video-preview:-1"},"canonical":"https:\/\/embreis.com\/no\/produkt\/epicondylitspanne-cubidyn\/","og_locale":"sv_SE","og_type":"article","og_title":"Cubidyn","og_description":"Universalstorlek  Silikonpelott  Tunn och smidig  Passar h\u00f6ger och v\u00e4nster","og_url":"https:\/\/embreis.com\/no\/produkt\/epicondylitspanne-cubidyn\/","og_site_name":"Embreis NO","article_modified_time":"2021-02-10T16:48:42+00:00","og_image":[{"width":850,"height":850,"url":"https:\/\/embreis.com\/no\/wp-content\/uploads\/sites\/9\/2019\/08\/cubidyn.jpg","type":"image\/jpeg"}],"twitter_card":"summary_large_image","schema":{"@context":"https:\/\/schema.org","@graph":[{"@type":"WebPage","@id":"https:\/\/embreis.com\/no\/produkt\/epicondylitspanne-cubidyn\/","url":"https:\/\/embreis.com\/no\/produkt\/epicondylitspanne-cubidyn\/","name":"Cubidyn - Embreis NO","isPartOf":{"@id":"https:\/\/embreis.com\/no\/#website"},"primaryImageOfPage":{"@id":"https:\/\/embreis.com\/no\/produkt\/epicondylitspanne-cubidyn\/#primaryimage"},"image":{"@id":"https:\/\/embreis.com\/no\/produkt\/epicondylitspanne-cubidyn\/#primaryimage"},"thumbnailUrl":"https:\/\/embreis.com\/no\/wp-content\/uploads\/sites\/9\/2019\/08\/cubidyn.jpg","datePublished":"2019-08-26T07:06:38+00:00","dateModified":"2021-02-10T16:48:42+00:00","breadcrumb":{"@id":"https:\/\/embreis.com\/no\/produkt\/epicondylitspanne-cubidyn\/#breadcrumb"},"inLanguage":"sv-SE","potentialAction":[{"@type":"ReadAction","target":["https:\/\/embreis.com\/no\/produkt\/epicondylitspanne-cubidyn\/"]}]},{"@type":"ImageObject","inLanguage":"sv-SE","@id":"https:\/\/embreis.com\/no\/produkt\/epicondylitspanne-cubidyn\/#primaryimage","url":"https:\/\/embreis.com\/no\/wp-content\/uploads\/sites\/9\/2019\/08\/cubidyn.jpg","contentUrl":"https:\/\/embreis.com\/no\/wp-content\/uploads\/sites\/9\/2019\/08\/cubidyn.jpg","width":850,"height":850},{"@type":"BreadcrumbList","@id":"https:\/\/embreis.com\/no\/produkt\/epicondylitspanne-cubidyn\/#breadcrumb","itemListElement":[{"@type":"ListItem","position":1,"name":"Hem","item":"https:\/\/embreis.com\/no\/"},{"@type":"ListItem","position":2,"name":"Sortiment","item":"https:\/\/embreis.com\/no\/sortiment\/"},{"@type":"ListItem","position":3,"name":"Ortos","item":"https:\/\/embreis.com\/no\/produktkategori\/ortos\/"},{"@type":"ListItem","position":4,"name":"Arm","item":"https:\/\/embreis.com\/no\/produktkategori\/ortos\/arm\/"},{"@type":"ListItem","position":5,"name":"Epicondylitsp\u00e4nne","item":"https:\/\/embreis.com\/no\/produktkategori\/ortos\/arm\/epicondylitspanne\/"},{"@type":"ListItem","position":6,"name":"Cubidyn"}]},{"@type":"WebSite","@id":"https:\/\/embreis.com\/no\/#website","url":"https:\/\/embreis.com\/no\/","name":"Embreis NO","description":"Ortoser, proteser och material","potentialAction":[{"@type":"SearchAction","target":{"@type":"EntryPoint","urlTemplate":"https:\/\/embreis.com\/no\/?s={search_term_string}"},"query-input":{"@type":"PropertyValueSpecification","valueRequired":true,"valueName":"search_term_string"}}],"inLanguage":"sv-SE"}]}},"_links":{"self":[{"href":"https:\/\/embreis.com\/no\/wp-json\/wp\/v2\/product\/1040","targetHints":{"allow":["GET"]}}],"collection":[{"href":"https:\/\/embreis.com\/no\/wp-json\/wp\/v2\/product"}],"about":[{"href":"https:\/\/embreis.com\/no\/wp-json\/wp\/v2\/types\/product"}],"wp:featuredmedia":[{"embeddable":true,"href":"https:\/\/embreis.com\/no\/wp-json\/wp\/v2\/media\/1055"}],"wp:attachment":[{"href":"https:\/\/embreis.com\/no\/wp-json\/wp\/v2\/media?parent=1040"}],"wp:term":[{"taxonomy":"product_brand","embeddable":true,"href":"https:\/\/embreis.com\/no\/wp-json\/wp\/v2\/product_brand?post=1040"},{"taxonomy":"product_cat","embeddable":true,"href":"https:\/\/embreis.com\/no\/wp-json\/wp\/v2\/product_cat?post=1040"},{"taxonomy":"product_tag","embeddable":true,"href":"https:\/\/embreis.com\/no\/wp-json\/wp\/v2\/product_tag?post=1040"}],"curies":[{"name":"wp","href":"https:\/\/api.w.org\/{rel}","templated":true}]}}