{"id":10088,"date":"2020-12-09T16:36:14","date_gmt":"2020-12-09T14:36:14","guid":{"rendered":"http:\/\/embreiscom.wpengine.com\/product\/espint-humerus\/"},"modified":"2021-05-24T09:11:52","modified_gmt":"2021-05-24T07:11:52","slug":"esplint-humerus","status":"publish","type":"product","link":"https:\/\/embreis.com\/no\/produkt\/esplint-humerus\/","title":{"rendered":"eSplint Humerus"},"content":{"rendered":"<p>eSplint Humerus stabiliserar \u00f6verarmen efter humerus fraktur. Ortosens design g\u00f6r den enkel att applicera och anpassa runt \u00f6verarmen. Inv\u00e4ndiga plattor runtom armen ger tillsammans med dom cirkul\u00e4ra banden kompression och sm\u00e4rtlindring. Plattorna \u00e4r stabila och f\u00f6ljsamma f\u00f6r god passform och kan anpassas med sax vid behov eller delvis avl\u00e4gsnas om mindre stabilitet \u00f6nskas. Om ortosen \u00e4r stor i omf\u00e5ng kan dom smala plattorna avl\u00e4gsnas f\u00f6r att ge mindre omf\u00e5ng runt armen. Ortosen \u00e4r behaglig att b\u00e4ra och b\u00e5de arm och br\u00f6stband \u00e4r justerbara. Produkten \u00e4r MR kompatibel.<\/p>\n","protected":false},"excerpt":{"rendered":"<div id=\"ctl00_cph1_lTxt\">\n<ul>\n<li>Sm\u00e4rtlindrande \u00f6verarmsortos<\/li>\n<li>Inv\u00e4ndiga plattor f\u00f6r stabilitet<\/li>\n<li>Cirkul\u00e4ra band f\u00f6r kompression<\/li>\n<li>Mjukt och behagligt material<\/li>\n<\/ul>\n<\/div>\n<div id=\"ctl00_cph1_prodInfo\"><\/div>\n","protected":false},"featured_media":10346,"template":"","meta":[],"product_brand":[],"product_cat":[1206,218],"product_tag":[],"class_list":{"0":"post-10088","1":"product","2":"type-product","3":"status-publish","4":"has-post-thumbnail","6":"product_cat-post-op-trauma-arm-ortos","7":"product_cat-arm","8":"pa_varumarke-embreis","10":"first","11":"instock","12":"shipping-taxable","13":"product-type-variable"},"acf":[],"yoast_head":"<!-- This site is optimized with the Yoast SEO Premium plugin v27.3 (Yoast SEO v27.3) - https:\/\/yoast.com\/product\/yoast-seo-premium-wordpress\/ -->\n<title>eSplint Humerus - Embreis NO<\/title>\n<meta name=\"robots\" content=\"index, follow, max-snippet:-1, max-image-preview:large, max-video-preview:-1\" \/>\n<link rel=\"canonical\" href=\"https:\/\/embreis.com\/no\/produkt\/esplint-humerus\/\" \/>\n<meta property=\"og:locale\" content=\"sv_SE\" \/>\n<meta property=\"og:type\" content=\"article\" \/>\n<meta property=\"og:title\" content=\"eSplint Humerus\" \/>\n<meta property=\"og:description\" content=\"Sm\u00e4rtlindrande \u00f6verarmsortos  Inv\u00e4ndiga plattor f\u00f6r stabilitet  Cirkul\u00e4ra band f\u00f6r kompression  Mjukt och behagligt material\" \/>\n<meta property=\"og:url\" content=\"https:\/\/embreis.com\/no\/produkt\/esplint-humerus\/\" \/>\n<meta property=\"og:site_name\" content=\"Embreis NO\" \/>\n<meta property=\"article:modified_time\" content=\"2021-05-24T07:11:52+00:00\" \/>\n<meta property=\"og:image\" content=\"https:\/\/embreis.com\/no\/wp-content\/uploads\/sites\/9\/2020\/12\/E31510X_1.jpg\" \/>\n\t<meta property=\"og:image:width\" content=\"567\" \/>\n\t<meta property=\"og:image:height\" content=\"567\" \/>\n\t<meta property=\"og:image:type\" content=\"image\/jpeg\" \/>\n<meta name=\"twitter:card\" content=\"summary_large_image\" \/>\n<meta name=\"twitter:label1\" content=\"Ber\u00e4knad l\u00e4stid\" \/>\n\t<meta name=\"twitter:data1\" content=\"1 minut\" \/>\n<script type=\"application\/ld+json\" class=\"yoast-schema-graph\">{\"@context\":\"https:\\\/\\\/schema.org\",\"@graph\":[{\"@type\":\"WebPage\",\"@id\":\"https:\\\/\\\/embreis.com\\\/no\\\/produkt\\\/esplint-humerus\\\/\",\"url\":\"https:\\\/\\\/embreis.com\\\/no\\\/produkt\\\/esplint-humerus\\\/\",\"name\":\"eSplint Humerus - Embreis NO\",\"isPartOf\":{\"@id\":\"https:\\\/\\\/embreis.com\\\/no\\\/#website\"},\"primaryImageOfPage\":{\"@id\":\"https:\\\/\\\/embreis.com\\\/no\\\/produkt\\\/esplint-humerus\\\/#primaryimage\"},\"image\":{\"@id\":\"https:\\\/\\\/embreis.com\\\/no\\\/produkt\\\/esplint-humerus\\\/#primaryimage\"},\"thumbnailUrl\":\"https:\\\/\\\/embreis.com\\\/no\\\/wp-content\\\/uploads\\\/sites\\\/9\\\/2020\\\/12\\\/E31510X_1.jpg\",\"datePublished\":\"2020-12-09T14:36:14+00:00\",\"dateModified\":\"2021-05-24T07:11:52+00:00\",\"breadcrumb\":{\"@id\":\"https:\\\/\\\/embreis.com\\\/no\\\/produkt\\\/esplint-humerus\\\/#breadcrumb\"},\"inLanguage\":\"sv-SE\",\"potentialAction\":[{\"@type\":\"ReadAction\",\"target\":[\"https:\\\/\\\/embreis.com\\\/no\\\/produkt\\\/esplint-humerus\\\/\"]}]},{\"@type\":\"ImageObject\",\"inLanguage\":\"sv-SE\",\"@id\":\"https:\\\/\\\/embreis.com\\\/no\\\/produkt\\\/esplint-humerus\\\/#primaryimage\",\"url\":\"https:\\\/\\\/embreis.com\\\/no\\\/wp-content\\\/uploads\\\/sites\\\/9\\\/2020\\\/12\\\/E31510X_1.jpg\",\"contentUrl\":\"https:\\\/\\\/embreis.com\\\/no\\\/wp-content\\\/uploads\\\/sites\\\/9\\\/2020\\\/12\\\/E31510X_1.jpg\",\"width\":567,\"height\":567},{\"@type\":\"BreadcrumbList\",\"@id\":\"https:\\\/\\\/embreis.com\\\/no\\\/produkt\\\/esplint-humerus\\\/#breadcrumb\",\"itemListElement\":[{\"@type\":\"ListItem\",\"position\":1,\"name\":\"Hem\",\"item\":\"https:\\\/\\\/embreis.com\\\/no\\\/\"},{\"@type\":\"ListItem\",\"position\":2,\"name\":\"Sortiment\",\"item\":\"https:\\\/\\\/embreis.com\\\/no\\\/sortiment\\\/\"},{\"@type\":\"ListItem\",\"position\":3,\"name\":\"Ortos\",\"item\":\"https:\\\/\\\/embreis.com\\\/no\\\/produktkategori\\\/ortos\\\/\"},{\"@type\":\"ListItem\",\"position\":4,\"name\":\"Arm\",\"item\":\"https:\\\/\\\/embreis.com\\\/no\\\/produktkategori\\\/ortos\\\/arm\\\/\"},{\"@type\":\"ListItem\",\"position\":5,\"name\":\"Post-op - Trauma\",\"item\":\"https:\\\/\\\/embreis.com\\\/no\\\/produktkategori\\\/ortos\\\/arm\\\/post-op-trauma-arm-ortos\\\/\"},{\"@type\":\"ListItem\",\"position\":6,\"name\":\"eSplint Humerus\"}]},{\"@type\":\"WebSite\",\"@id\":\"https:\\\/\\\/embreis.com\\\/no\\\/#website\",\"url\":\"https:\\\/\\\/embreis.com\\\/no\\\/\",\"name\":\"Embreis NO\",\"description\":\"Ortoser, proteser och material\",\"potentialAction\":[{\"@type\":\"SearchAction\",\"target\":{\"@type\":\"EntryPoint\",\"urlTemplate\":\"https:\\\/\\\/embreis.com\\\/no\\\/?s={search_term_string}\"},\"query-input\":{\"@type\":\"PropertyValueSpecification\",\"valueRequired\":true,\"valueName\":\"search_term_string\"}}],\"inLanguage\":\"sv-SE\"}]}<\/script>\n<!-- \/ Yoast SEO Premium plugin. -->","yoast_head_json":{"title":"eSplint Humerus - Embreis NO","robots":{"index":"index","follow":"follow","max-snippet":"max-snippet:-1","max-image-preview":"max-image-preview:large","max-video-preview":"max-video-preview:-1"},"canonical":"https:\/\/embreis.com\/no\/produkt\/esplint-humerus\/","og_locale":"sv_SE","og_type":"article","og_title":"eSplint Humerus","og_description":"Sm\u00e4rtlindrande \u00f6verarmsortos  Inv\u00e4ndiga plattor f\u00f6r stabilitet  Cirkul\u00e4ra band f\u00f6r kompression  Mjukt och behagligt material","og_url":"https:\/\/embreis.com\/no\/produkt\/esplint-humerus\/","og_site_name":"Embreis NO","article_modified_time":"2021-05-24T07:11:52+00:00","og_image":[{"width":567,"height":567,"url":"https:\/\/embreis.com\/no\/wp-content\/uploads\/sites\/9\/2020\/12\/E31510X_1.jpg","type":"image\/jpeg"}],"twitter_card":"summary_large_image","twitter_misc":{"Ber\u00e4knad l\u00e4stid":"1 minut"},"schema":{"@context":"https:\/\/schema.org","@graph":[{"@type":"WebPage","@id":"https:\/\/embreis.com\/no\/produkt\/esplint-humerus\/","url":"https:\/\/embreis.com\/no\/produkt\/esplint-humerus\/","name":"eSplint Humerus - Embreis NO","isPartOf":{"@id":"https:\/\/embreis.com\/no\/#website"},"primaryImageOfPage":{"@id":"https:\/\/embreis.com\/no\/produkt\/esplint-humerus\/#primaryimage"},"image":{"@id":"https:\/\/embreis.com\/no\/produkt\/esplint-humerus\/#primaryimage"},"thumbnailUrl":"https:\/\/embreis.com\/no\/wp-content\/uploads\/sites\/9\/2020\/12\/E31510X_1.jpg","datePublished":"2020-12-09T14:36:14+00:00","dateModified":"2021-05-24T07:11:52+00:00","breadcrumb":{"@id":"https:\/\/embreis.com\/no\/produkt\/esplint-humerus\/#breadcrumb"},"inLanguage":"sv-SE","potentialAction":[{"@type":"ReadAction","target":["https:\/\/embreis.com\/no\/produkt\/esplint-humerus\/"]}]},{"@type":"ImageObject","inLanguage":"sv-SE","@id":"https:\/\/embreis.com\/no\/produkt\/esplint-humerus\/#primaryimage","url":"https:\/\/embreis.com\/no\/wp-content\/uploads\/sites\/9\/2020\/12\/E31510X_1.jpg","contentUrl":"https:\/\/embreis.com\/no\/wp-content\/uploads\/sites\/9\/2020\/12\/E31510X_1.jpg","width":567,"height":567},{"@type":"BreadcrumbList","@id":"https:\/\/embreis.com\/no\/produkt\/esplint-humerus\/#breadcrumb","itemListElement":[{"@type":"ListItem","position":1,"name":"Hem","item":"https:\/\/embreis.com\/no\/"},{"@type":"ListItem","position":2,"name":"Sortiment","item":"https:\/\/embreis.com\/no\/sortiment\/"},{"@type":"ListItem","position":3,"name":"Ortos","item":"https:\/\/embreis.com\/no\/produktkategori\/ortos\/"},{"@type":"ListItem","position":4,"name":"Arm","item":"https:\/\/embreis.com\/no\/produktkategori\/ortos\/arm\/"},{"@type":"ListItem","position":5,"name":"Post-op - Trauma","item":"https:\/\/embreis.com\/no\/produktkategori\/ortos\/arm\/post-op-trauma-arm-ortos\/"},{"@type":"ListItem","position":6,"name":"eSplint Humerus"}]},{"@type":"WebSite","@id":"https:\/\/embreis.com\/no\/#website","url":"https:\/\/embreis.com\/no\/","name":"Embreis NO","description":"Ortoser, proteser och material","potentialAction":[{"@type":"SearchAction","target":{"@type":"EntryPoint","urlTemplate":"https:\/\/embreis.com\/no\/?s={search_term_string}"},"query-input":{"@type":"PropertyValueSpecification","valueRequired":true,"valueName":"search_term_string"}}],"inLanguage":"sv-SE"}]}},"_links":{"self":[{"href":"https:\/\/embreis.com\/no\/wp-json\/wp\/v2\/product\/10088","targetHints":{"allow":["GET"]}}],"collection":[{"href":"https:\/\/embreis.com\/no\/wp-json\/wp\/v2\/product"}],"about":[{"href":"https:\/\/embreis.com\/no\/wp-json\/wp\/v2\/types\/product"}],"wp:featuredmedia":[{"embeddable":true,"href":"https:\/\/embreis.com\/no\/wp-json\/wp\/v2\/media\/10346"}],"wp:attachment":[{"href":"https:\/\/embreis.com\/no\/wp-json\/wp\/v2\/media?parent=10088"}],"wp:term":[{"taxonomy":"product_brand","embeddable":true,"href":"https:\/\/embreis.com\/no\/wp-json\/wp\/v2\/product_brand?post=10088"},{"taxonomy":"product_cat","embeddable":true,"href":"https:\/\/embreis.com\/no\/wp-json\/wp\/v2\/product_cat?post=10088"},{"taxonomy":"product_tag","embeddable":true,"href":"https:\/\/embreis.com\/no\/wp-json\/wp\/v2\/product_tag?post=10088"}],"curies":[{"name":"wp","href":"https:\/\/api.w.org\/{rel}","templated":true}]}}