{"id":1649,"date":"2019-09-25T07:42:40","date_gmt":"2019-09-25T05:42:40","guid":{"rendered":"http:\/\/embreiscom.wpengine.com\/?page_id=1649"},"modified":"2022-03-18T12:42:30","modified_gmt":"2022-03-18T10:42:30","slug":"vardegrund","status":"publish","type":"page","link":"https:\/\/embreis.com\/no\/vardegrund\/","title":{"rendered":"V\u00e4rdegrund"},"content":{"rendered":"<div class=\"fusion-fullwidth fullwidth-box fusion-builder-row-1 nonhundred-percent-fullwidth non-hundred-percent-height-scrolling\" style=\"--awb-border-radius-top-left:0px;--awb-border-radius-top-right:0px;--awb-border-radius-bottom-right:0px;--awb-border-radius-bottom-left:0px;\" ><div class=\"fusion-builder-row fusion-row\"><div class=\"fusion-layout-column fusion_builder_column fusion-builder-column-0 fusion_builder_column_1_1 1_1 fusion-one-full fusion-column-first fusion-column-last\" style=\"--awb-bg-size:cover;\"><div class=\"fusion-column-wrapper fusion-column-has-shadow fusion-flex-column-wrapper-legacy\"><div class=\"fusion-title title fusion-title-1 fusion-sep-none fusion-title-text fusion-title-size-one\"><h1 class=\"title-heading-left\" style=\"margin:0;\">V\u00e4rdegrund<\/h1><\/div><div class=\"fusion-text fusion-text-1\"><p>V\u00e5r verksamhet best\u00e5r av\u00a0utveckling, import och\u00a0f\u00f6rs\u00e4ljning av Ortopediska produkter inom Norden. Vi samarbetar med etablerade producerande f\u00f6retag\u00a0fr\u00e5n olika delar\u00a0av v\u00e4rlden och str\u00e4var efter att kunna erbjuda ett\u00a0kvalitativt och funktionellt sortiment f\u00f6r ortopediska skador och sjukdomar.\u00a0V\u00e5r ambition \u00e4r att\u00a0vara en\u00a0kompetent och seri\u00f6s leverant\u00f6r\u00a0dit du som kund och brukare\u00a0alltid kan v\u00e4nda dig med fr\u00e5gor och ide\u00e9r.\u00a0Fr\u00e5n oss kan\u00a0du alltid f\u00f6rv\u00e4nta dig ett positivt bem\u00f6tande och exceptionell service.<\/p>\n<\/div><div class=\"fusion-title title fusion-title-2 fusion-sep-none fusion-title-text fusion-title-size-two\"><h2 class=\"title-heading-left\" style=\"margin:0;\">Aff\u00e4rsid\u00e9<\/h2><\/div><div class=\"fusion-text fusion-text-2\"><p>Embreis ska med service och kompetens erbjuda funktionella ortos- och protesl\u00f6sningar med h\u00f6g kvalitet till utprovare och ordinat\u00f6rer av ortopedtekniska hj\u00e4lpmedel.<\/p>\n<\/div><div class=\"fusion-title title fusion-title-3 fusion-sep-none fusion-title-text fusion-title-size-two\"><h2 class=\"title-heading-left\" style=\"margin:0;\">Vision<\/h2><\/div><div class=\"fusion-text fusion-text-3\"><p>Embreis vision \u00e4r att erbjuda optimala ortos- protesl\u00f6sningar som underl\u00e4ttar vardagen f\u00f6r m\u00e4nniskor med handikapp eller sjukdom, och som bidrar till att skadade m\u00e4nniskor kan \u00e5terg\u00e5 till idrott, arbete och ett vardagligt liv.<\/p>\n<\/div><div class=\"fusion-title title fusion-title-4 fusion-sep-none fusion-title-text fusion-title-size-two\"><h2 class=\"title-heading-left\" style=\"margin:0;\">Mission<\/h2><\/div><div class=\"fusion-text fusion-text-4\"><p>Embreis mission \u00e4r att genom en kontinuerlig dialog med utprovare, ordinat\u00f6rer och brukare erbjuda kvalitativa och anv\u00e4ndarv\u00e4nliga ortos- och protesl\u00f6sningar. Detta ska tillsammans med kunskap, service och trevligt bem\u00f6tande g\u00f6ra oss till det naturliga valet av leverant\u00f6r.<\/p>\n<\/div><div class=\"fusion-title title fusion-title-5 fusion-sep-none fusion-title-text fusion-title-size-two\"><h2 class=\"title-heading-left\" style=\"margin:0;\">V\u00e4rderingar<\/h2><\/div><div class=\"fusion-text fusion-text-5\"><p>V\u00e5ra v\u00e4rderingar st\u00f6djer arbetet att f\u00f6rverkliga v\u00e5r mission och vision och genomsyrar d\u00e4rf\u00f6r hela verksamheten.<\/p>\n<p>F\u00f6r detta kr\u00e4vs professionella medarbetare, som med djup kunskap och stor integritet arbetar tillsammans f\u00f6r att leverera nytta och v\u00e4rde till v\u00e5ra kunder.<\/p>\n<p>Vi arbetar utifr\u00e5n en gemensam v\u00e4rdegrund, och ger v\u00e5ra kunder en enhetlig upplevelse av vad Embreis st\u00e5r f\u00f6r och levererar.<\/p>\n<p>V\u00e5ra v\u00e4rderingar \u00e4r:<\/p>\n<\/div><div class=\"fusion-title title fusion-title-6 fusion-sep-none fusion-title-text fusion-title-size-three\"><h3 class=\"title-heading-left\" style=\"margin:0;\">Service<\/h3><\/div><div class=\"fusion-text fusion-text-6\"><p>Vi g\u00f6r alltid v\u00e5rt b\u00e4sta f\u00f6r att tillgodose v\u00e5ra kunders \u00f6nskem\u00e5l och behov. Vi genomf\u00f6r det vi har \u00e5tagit oss p\u00e5 ett noggrant s\u00e4tt och ser kunden som v\u00e5r viktigaste medarbetare. Vi str\u00e4var efter l\u00e5ngsiktiga relationer med v\u00e5ra kunder och leverant\u00f6rer.<\/p>\n<\/div><div class=\"fusion-title title fusion-title-7 fusion-sep-none fusion-title-text fusion-title-size-three\"><h3 class=\"title-heading-left\" style=\"margin:0;\">Kompetens<\/h3><\/div><div class=\"fusion-text fusion-text-7\"><p>V\u00e5r personliga kunskap ska l\u00f6pande underh\u00e5llas och utvecklas s\u00e5 att vi, individuellt och i teamet, kan uppfylla uppsatta m\u00e5l.<\/p>\n<\/div><div class=\"fusion-title title fusion-title-8 fusion-sep-none fusion-title-text fusion-title-size-three\"><h3 class=\"title-heading-left\" style=\"margin:0;\">Kvalitet<\/h3><\/div><div class=\"fusion-text fusion-text-8\"><p>Kvalitet p\u00e5 produkter, service och f\u00f6rs\u00e4ljning \u00e4r alltid i fokus.<\/p>\n<\/div><div class=\"fusion-title title fusion-title-9 fusion-sep-none fusion-title-text fusion-title-size-three\"><h3 class=\"title-heading-left\" style=\"margin:0;\">God aff\u00e4rsetik<\/h3><\/div><div class=\"fusion-text fusion-text-9\"><p>God aff\u00e4rsetik g\u00e4ller alltid i v\u00e5ra kontakter med leverant\u00f6rer och kunder och vi bem\u00f6ter alla med \u00f6dmjukhet, respekt och \u00e4rlighet. Detta \u00e4r en ledstj\u00e4rna f\u00f6r oss b\u00e5de internt och externt.<\/p>\n<\/div><div class=\"fusion-title title fusion-title-10 fusion-sep-none fusion-title-text fusion-title-size-three\"><h3 class=\"title-heading-left\" style=\"margin:0;\">Engagemang<\/h3><\/div><div class=\"fusion-text fusion-text-10\"><p>P\u00e5 Embreis arbetar engagerade medarbetare \u2013 alla bidrar med sin kunskap och med sina id\u00e9er \u2013 det ger f\u00f6retaget drivkraft och m\u00f6jlighet att hela tiden utvecklas.<\/p>\n<\/div><div class=\"fusion-title title fusion-title-11 fusion-sep-none fusion-title-text fusion-title-size-three\"><h3 class=\"title-heading-left\" style=\"margin:0;\">L\u00f6nsamhet<\/h3><\/div><div class=\"fusion-text fusion-text-11\"><p>Vi \u00e4r kostnadsmedvetna med fokus p\u00e5 l\u00f6nsamhet utan att f\u00f6r den skull kompromissa med kvalitet p\u00e5 n\u00e5got omr\u00e5de.<\/p>\n<\/div><div class=\"fusion-clearfix\"><\/div><\/div><\/div><\/div><\/div>\n","protected":false},"excerpt":{"rendered":"","protected":false},"author":3,"featured_media":0,"parent":0,"menu_order":0,"comment_status":"closed","ping_status":"closed","template":"","meta":{"footnotes":""},"class_list":["post-1649","page","type-page","status-publish","hentry"],"acf":[],"yoast_head":"<!-- This site is optimized with the Yoast SEO Premium plugin v27.3 (Yoast SEO v27.3) - https:\/\/yoast.com\/product\/yoast-seo-premium-wordpress\/ -->\n<title>V\u00e4rdegrund - Embreis NO<\/title>\n<meta name=\"robots\" content=\"index, follow, max-snippet:-1, max-image-preview:large, max-video-preview:-1\" \/>\n<link rel=\"canonical\" href=\"https:\/\/embreis.com\/no\/vardegrund\/\" \/>\n<meta property=\"og:locale\" content=\"sv_SE\" \/>\n<meta property=\"og:type\" content=\"article\" \/>\n<meta property=\"og:title\" content=\"V\u00e4rdegrund\" \/>\n<meta property=\"og:url\" content=\"https:\/\/embreis.com\/no\/vardegrund\/\" \/>\n<meta property=\"og:site_name\" content=\"Embreis NO\" \/>\n<meta property=\"article:modified_time\" content=\"2022-03-18T10:42:30+00:00\" \/>\n<meta name=\"twitter:card\" content=\"summary_large_image\" \/>\n<meta name=\"twitter:label1\" content=\"Ber\u00e4knad l\u00e4stid\" \/>\n\t<meta name=\"twitter:data1\" content=\"10 minuter\" \/>\n<script type=\"application\/ld+json\" class=\"yoast-schema-graph\">{\"@context\":\"https:\\\/\\\/schema.org\",\"@graph\":[{\"@type\":\"WebPage\",\"@id\":\"https:\\\/\\\/embreis.com\\\/no\\\/vardegrund\\\/\",\"url\":\"https:\\\/\\\/embreis.com\\\/no\\\/vardegrund\\\/\",\"name\":\"V\u00e4rdegrund - Embreis NO\",\"isPartOf\":{\"@id\":\"https:\\\/\\\/embreis.com\\\/no\\\/#website\"},\"datePublished\":\"2019-09-25T05:42:40+00:00\",\"dateModified\":\"2022-03-18T10:42:30+00:00\",\"breadcrumb\":{\"@id\":\"https:\\\/\\\/embreis.com\\\/no\\\/vardegrund\\\/#breadcrumb\"},\"inLanguage\":\"sv-SE\",\"potentialAction\":[{\"@type\":\"ReadAction\",\"target\":[\"https:\\\/\\\/embreis.com\\\/no\\\/vardegrund\\\/\"]}]},{\"@type\":\"BreadcrumbList\",\"@id\":\"https:\\\/\\\/embreis.com\\\/no\\\/vardegrund\\\/#breadcrumb\",\"itemListElement\":[{\"@type\":\"ListItem\",\"position\":1,\"name\":\"Hem\",\"item\":\"https:\\\/\\\/embreis.com\\\/no\\\/\"},{\"@type\":\"ListItem\",\"position\":2,\"name\":\"V\u00e4rdegrund\"}]},{\"@type\":\"WebSite\",\"@id\":\"https:\\\/\\\/embreis.com\\\/no\\\/#website\",\"url\":\"https:\\\/\\\/embreis.com\\\/no\\\/\",\"name\":\"Embreis NO\",\"description\":\"Ortoser, proteser och material\",\"potentialAction\":[{\"@type\":\"SearchAction\",\"target\":{\"@type\":\"EntryPoint\",\"urlTemplate\":\"https:\\\/\\\/embreis.com\\\/no\\\/?s={search_term_string}\"},\"query-input\":{\"@type\":\"PropertyValueSpecification\",\"valueRequired\":true,\"valueName\":\"search_term_string\"}}],\"inLanguage\":\"sv-SE\"}]}<\/script>\n<!-- \/ Yoast SEO Premium plugin. -->","yoast_head_json":{"title":"V\u00e4rdegrund - Embreis NO","robots":{"index":"index","follow":"follow","max-snippet":"max-snippet:-1","max-image-preview":"max-image-preview:large","max-video-preview":"max-video-preview:-1"},"canonical":"https:\/\/embreis.com\/no\/vardegrund\/","og_locale":"sv_SE","og_type":"article","og_title":"V\u00e4rdegrund","og_url":"https:\/\/embreis.com\/no\/vardegrund\/","og_site_name":"Embreis NO","article_modified_time":"2022-03-18T10:42:30+00:00","twitter_card":"summary_large_image","twitter_misc":{"Ber\u00e4knad l\u00e4stid":"10 minuter"},"schema":{"@context":"https:\/\/schema.org","@graph":[{"@type":"WebPage","@id":"https:\/\/embreis.com\/no\/vardegrund\/","url":"https:\/\/embreis.com\/no\/vardegrund\/","name":"V\u00e4rdegrund - Embreis NO","isPartOf":{"@id":"https:\/\/embreis.com\/no\/#website"},"datePublished":"2019-09-25T05:42:40+00:00","dateModified":"2022-03-18T10:42:30+00:00","breadcrumb":{"@id":"https:\/\/embreis.com\/no\/vardegrund\/#breadcrumb"},"inLanguage":"sv-SE","potentialAction":[{"@type":"ReadAction","target":["https:\/\/embreis.com\/no\/vardegrund\/"]}]},{"@type":"BreadcrumbList","@id":"https:\/\/embreis.com\/no\/vardegrund\/#breadcrumb","itemListElement":[{"@type":"ListItem","position":1,"name":"Hem","item":"https:\/\/embreis.com\/no\/"},{"@type":"ListItem","position":2,"name":"V\u00e4rdegrund"}]},{"@type":"WebSite","@id":"https:\/\/embreis.com\/no\/#website","url":"https:\/\/embreis.com\/no\/","name":"Embreis NO","description":"Ortoser, proteser och material","potentialAction":[{"@type":"SearchAction","target":{"@type":"EntryPoint","urlTemplate":"https:\/\/embreis.com\/no\/?s={search_term_string}"},"query-input":{"@type":"PropertyValueSpecification","valueRequired":true,"valueName":"search_term_string"}}],"inLanguage":"sv-SE"}]}},"_links":{"self":[{"href":"https:\/\/embreis.com\/no\/wp-json\/wp\/v2\/pages\/1649","targetHints":{"allow":["GET"]}}],"collection":[{"href":"https:\/\/embreis.com\/no\/wp-json\/wp\/v2\/pages"}],"about":[{"href":"https:\/\/embreis.com\/no\/wp-json\/wp\/v2\/types\/page"}],"author":[{"embeddable":true,"href":"https:\/\/embreis.com\/no\/wp-json\/wp\/v2\/users\/3"}],"replies":[{"embeddable":true,"href":"https:\/\/embreis.com\/no\/wp-json\/wp\/v2\/comments?post=1649"}],"version-history":[{"count":0,"href":"https:\/\/embreis.com\/no\/wp-json\/wp\/v2\/pages\/1649\/revisions"}],"wp:attachment":[{"href":"https:\/\/embreis.com\/no\/wp-json\/wp\/v2\/media?parent=1649"}],"curies":[{"name":"wp","href":"https:\/\/api.w.org\/{rel}","templated":true}]}}