{"id":9724,"date":"2020-12-03T19:42:48","date_gmt":"2020-12-03T17:42:48","guid":{"rendered":"http:\/\/embreiscom.wpengine.com\/product\/xtern-barn\/"},"modified":"2023-02-07T17:46:01","modified_gmt":"2023-02-07T15:46:01","slug":"xtern-barn","status":"publish","type":"product","link":"https:\/\/embreis.com\/dk\/produkt\/xtern-barn\/","title":{"rendered":"Xtern, Barn"},"content":{"rendered":"<p>Turbomed Xtern\u00a0fr\u00e5n \u00e4r utvecklad f\u00f6r den aktiva patienten med droppfots problem och har utvecklats vidare till en specifik barnmodell. Ortosen appliceras utanp\u00e5 skon och kommer inte i kontakt med foten vilket g\u00f6r att brukaren slipper eventuellt tryck och skav. Med hj\u00e4lp av ett clips som enkelt monteras l\u00e4mpligast vid sn\u00f6rstycket kan man l\u00e4tt flytta ortosen till olika skor. Ortosen kommer f\u00f6rsp\u00e4nd och ger ett lyft som passar dom flesta patienter men sp\u00e4nningen och d\u00e4rmed lyfteffekten kan justeras individuellt vid behov. Till barn \u00e4r Turbomed Xtern extra l\u00e4mplig d\u00e5 den \u00e4r extremt t\u00e5lig och fungerar i dom flesta aktiviteter och r\u00f6relsemoment. Med hj\u00e4lp av testortosen &#8221;AT Tool&#8221; kan Turbomed Xtern provas ut f\u00f6r att s\u00e4kerst\u00e4lla funktion och behov och d\u00e4refter kan den individuella ortosen best\u00e4llas och anpassas. Ortosen finns \u00e4ven i st\u00f6rre storlekar f\u00f6r \u00e4ldre barn och ungdomar, se\u00a0Turbomed Xtern vuxenmodell.<\/p>\n","protected":false},"excerpt":{"rendered":"<ul>\n<li>Dynamisk droppfotsortos<\/li>\n<li>Appliceras utanp\u00e5 skor<\/li>\n<li>L\u00e4tt att flytta till olika skor<\/li>\n<li>L\u00e4mplig f\u00f6r aktiva patienter<\/li>\n<\/ul>\n","protected":false},"featured_media":10460,"template":"","meta":[],"product_brand":[],"product_cat":[217,225,1231],"product_tag":[],"class_list":{"0":"post-9724","1":"product","2":"type-product","3":"status-publish","4":"has-post-thumbnail","6":"product_cat-ortos","7":"product_cat-ankel","8":"product_cat-neuro-rehab-vrist-ortos","9":"pa_varumarke-turbomed","11":"first","12":"instock","13":"shipping-taxable","14":"product-type-simple"},"acf":[],"yoast_head":"<!-- This site is optimized with the Yoast SEO Premium plugin v25.3.1 (Yoast SEO v25.3.1) - https:\/\/yoast.com\/wordpress\/plugins\/seo\/ -->\n<title>Xtern, Barn - Embreis DK<\/title>\n<meta name=\"robots\" content=\"index, follow, max-snippet:-1, max-image-preview:large, max-video-preview:-1\" \/>\n<link rel=\"canonical\" href=\"https:\/\/embreis.com\/dk\/produkt\/xtern-barn\/\" \/>\n<meta property=\"og:locale\" content=\"sv_SE\" \/>\n<meta property=\"og:type\" content=\"article\" \/>\n<meta property=\"og:title\" content=\"Xtern, Barn\" \/>\n<meta property=\"og:description\" content=\"Dynamisk droppfotsortos  Appliceras utanp\u00e5 skor  L\u00e4tt att flytta till olika skor  L\u00e4mplig f\u00f6r aktiva patienter\" \/>\n<meta property=\"og:url\" content=\"https:\/\/embreis.com\/dk\/produkt\/xtern-barn\/\" \/>\n<meta property=\"og:site_name\" content=\"Embreis DK\" \/>\n<meta property=\"article:modified_time\" content=\"2023-02-07T15:46:01+00:00\" \/>\n<meta property=\"og:image\" content=\"https:\/\/embreis.com\/dk\/wp-content\/uploads\/sites\/8\/2020\/12\/Turbomed_Barn.png\" \/>\n\t<meta property=\"og:image:width\" content=\"567\" \/>\n\t<meta property=\"og:image:height\" content=\"567\" \/>\n\t<meta property=\"og:image:type\" content=\"image\/png\" \/>\n<meta name=\"twitter:card\" content=\"summary_large_image\" \/>\n<meta name=\"twitter:label1\" content=\"Ber\u00e4knad l\u00e4stid\" \/>\n\t<meta name=\"twitter:data1\" content=\"1 minut\" \/>\n<script type=\"application\/ld+json\" class=\"yoast-schema-graph\">{\"@context\":\"https:\/\/schema.org\",\"@graph\":[{\"@type\":\"WebPage\",\"@id\":\"https:\/\/embreis.com\/dk\/produkt\/xtern-barn\/\",\"url\":\"https:\/\/embreis.com\/dk\/produkt\/xtern-barn\/\",\"name\":\"Xtern, Barn - Embreis DK\",\"isPartOf\":{\"@id\":\"https:\/\/embreis.com\/dk\/#website\"},\"primaryImageOfPage\":{\"@id\":\"https:\/\/embreis.com\/dk\/produkt\/xtern-barn\/#primaryimage\"},\"image\":{\"@id\":\"https:\/\/embreis.com\/dk\/produkt\/xtern-barn\/#primaryimage\"},\"thumbnailUrl\":\"https:\/\/embreis.com\/dk\/wp-content\/uploads\/sites\/8\/2020\/12\/Turbomed_Barn.png\",\"datePublished\":\"2020-12-03T17:42:48+00:00\",\"dateModified\":\"2023-02-07T15:46:01+00:00\",\"breadcrumb\":{\"@id\":\"https:\/\/embreis.com\/dk\/produkt\/xtern-barn\/#breadcrumb\"},\"inLanguage\":\"sv-SE\",\"potentialAction\":[{\"@type\":\"ReadAction\",\"target\":[\"https:\/\/embreis.com\/dk\/produkt\/xtern-barn\/\"]}]},{\"@type\":\"ImageObject\",\"inLanguage\":\"sv-SE\",\"@id\":\"https:\/\/embreis.com\/dk\/produkt\/xtern-barn\/#primaryimage\",\"url\":\"https:\/\/embreis.com\/dk\/wp-content\/uploads\/sites\/8\/2020\/12\/Turbomed_Barn.png\",\"contentUrl\":\"https:\/\/embreis.com\/dk\/wp-content\/uploads\/sites\/8\/2020\/12\/Turbomed_Barn.png\",\"width\":567,\"height\":567},{\"@type\":\"BreadcrumbList\",\"@id\":\"https:\/\/embreis.com\/dk\/produkt\/xtern-barn\/#breadcrumb\",\"itemListElement\":[{\"@type\":\"ListItem\",\"position\":1,\"name\":\"Hem\",\"item\":\"https:\/\/embreis.com\/dk\/\"},{\"@type\":\"ListItem\",\"position\":2,\"name\":\"Sortiment\",\"item\":\"https:\/\/embreis.com\/dk\/sortiment\/\"},{\"@type\":\"ListItem\",\"position\":3,\"name\":\"Ortos\",\"item\":\"https:\/\/embreis.com\/dk\/produktkategori\/ortos\/\"},{\"@type\":\"ListItem\",\"position\":4,\"name\":\"Ankel\",\"item\":\"https:\/\/embreis.com\/dk\/produktkategori\/ortos\/ankel\/\"},{\"@type\":\"ListItem\",\"position\":5,\"name\":\"Neuro - Rehab\",\"item\":\"https:\/\/embreis.com\/dk\/produktkategori\/ortos\/ankel\/neuro-rehab-vrist-ortos\/\"},{\"@type\":\"ListItem\",\"position\":6,\"name\":\"Xtern, Barn\"}]},{\"@type\":\"WebSite\",\"@id\":\"https:\/\/embreis.com\/dk\/#website\",\"url\":\"https:\/\/embreis.com\/dk\/\",\"name\":\"Embreis DK\",\"description\":\"Ortoser, proteser och material\",\"potentialAction\":[{\"@type\":\"SearchAction\",\"target\":{\"@type\":\"EntryPoint\",\"urlTemplate\":\"https:\/\/embreis.com\/dk\/?s={search_term_string}\"},\"query-input\":{\"@type\":\"PropertyValueSpecification\",\"valueRequired\":true,\"valueName\":\"search_term_string\"}}],\"inLanguage\":\"sv-SE\"}]}<\/script>\n<!-- \/ Yoast SEO Premium plugin. -->","yoast_head_json":{"title":"Xtern, Barn - Embreis DK","robots":{"index":"index","follow":"follow","max-snippet":"max-snippet:-1","max-image-preview":"max-image-preview:large","max-video-preview":"max-video-preview:-1"},"canonical":"https:\/\/embreis.com\/dk\/produkt\/xtern-barn\/","og_locale":"sv_SE","og_type":"article","og_title":"Xtern, Barn","og_description":"Dynamisk droppfotsortos  Appliceras utanp\u00e5 skor  L\u00e4tt att flytta till olika skor  L\u00e4mplig f\u00f6r aktiva patienter","og_url":"https:\/\/embreis.com\/dk\/produkt\/xtern-barn\/","og_site_name":"Embreis DK","article_modified_time":"2023-02-07T15:46:01+00:00","og_image":[{"width":567,"height":567,"url":"https:\/\/embreis.com\/dk\/wp-content\/uploads\/sites\/8\/2020\/12\/Turbomed_Barn.png","type":"image\/png"}],"twitter_card":"summary_large_image","twitter_misc":{"Ber\u00e4knad l\u00e4stid":"1 minut"},"schema":{"@context":"https:\/\/schema.org","@graph":[{"@type":"WebPage","@id":"https:\/\/embreis.com\/dk\/produkt\/xtern-barn\/","url":"https:\/\/embreis.com\/dk\/produkt\/xtern-barn\/","name":"Xtern, Barn - Embreis DK","isPartOf":{"@id":"https:\/\/embreis.com\/dk\/#website"},"primaryImageOfPage":{"@id":"https:\/\/embreis.com\/dk\/produkt\/xtern-barn\/#primaryimage"},"image":{"@id":"https:\/\/embreis.com\/dk\/produkt\/xtern-barn\/#primaryimage"},"thumbnailUrl":"https:\/\/embreis.com\/dk\/wp-content\/uploads\/sites\/8\/2020\/12\/Turbomed_Barn.png","datePublished":"2020-12-03T17:42:48+00:00","dateModified":"2023-02-07T15:46:01+00:00","breadcrumb":{"@id":"https:\/\/embreis.com\/dk\/produkt\/xtern-barn\/#breadcrumb"},"inLanguage":"sv-SE","potentialAction":[{"@type":"ReadAction","target":["https:\/\/embreis.com\/dk\/produkt\/xtern-barn\/"]}]},{"@type":"ImageObject","inLanguage":"sv-SE","@id":"https:\/\/embreis.com\/dk\/produkt\/xtern-barn\/#primaryimage","url":"https:\/\/embreis.com\/dk\/wp-content\/uploads\/sites\/8\/2020\/12\/Turbomed_Barn.png","contentUrl":"https:\/\/embreis.com\/dk\/wp-content\/uploads\/sites\/8\/2020\/12\/Turbomed_Barn.png","width":567,"height":567},{"@type":"BreadcrumbList","@id":"https:\/\/embreis.com\/dk\/produkt\/xtern-barn\/#breadcrumb","itemListElement":[{"@type":"ListItem","position":1,"name":"Hem","item":"https:\/\/embreis.com\/dk\/"},{"@type":"ListItem","position":2,"name":"Sortiment","item":"https:\/\/embreis.com\/dk\/sortiment\/"},{"@type":"ListItem","position":3,"name":"Ortos","item":"https:\/\/embreis.com\/dk\/produktkategori\/ortos\/"},{"@type":"ListItem","position":4,"name":"Ankel","item":"https:\/\/embreis.com\/dk\/produktkategori\/ortos\/ankel\/"},{"@type":"ListItem","position":5,"name":"Neuro - Rehab","item":"https:\/\/embreis.com\/dk\/produktkategori\/ortos\/ankel\/neuro-rehab-vrist-ortos\/"},{"@type":"ListItem","position":6,"name":"Xtern, Barn"}]},{"@type":"WebSite","@id":"https:\/\/embreis.com\/dk\/#website","url":"https:\/\/embreis.com\/dk\/","name":"Embreis DK","description":"Ortoser, proteser och material","potentialAction":[{"@type":"SearchAction","target":{"@type":"EntryPoint","urlTemplate":"https:\/\/embreis.com\/dk\/?s={search_term_string}"},"query-input":{"@type":"PropertyValueSpecification","valueRequired":true,"valueName":"search_term_string"}}],"inLanguage":"sv-SE"}]}},"_links":{"self":[{"href":"https:\/\/embreis.com\/dk\/wp-json\/wp\/v2\/product\/9724","targetHints":{"allow":["GET"]}}],"collection":[{"href":"https:\/\/embreis.com\/dk\/wp-json\/wp\/v2\/product"}],"about":[{"href":"https:\/\/embreis.com\/dk\/wp-json\/wp\/v2\/types\/product"}],"wp:featuredmedia":[{"embeddable":true,"href":"https:\/\/embreis.com\/dk\/wp-json\/wp\/v2\/media\/10460"}],"wp:attachment":[{"href":"https:\/\/embreis.com\/dk\/wp-json\/wp\/v2\/media?parent=9724"}],"wp:term":[{"taxonomy":"product_brand","embeddable":true,"href":"https:\/\/embreis.com\/dk\/wp-json\/wp\/v2\/product_brand?post=9724"},{"taxonomy":"product_cat","embeddable":true,"href":"https:\/\/embreis.com\/dk\/wp-json\/wp\/v2\/product_cat?post=9724"},{"taxonomy":"product_tag","embeddable":true,"href":"https:\/\/embreis.com\/dk\/wp-json\/wp\/v2\/product_tag?post=9724"}],"curies":[{"name":"wp","href":"https:\/\/api.w.org\/{rel}","templated":true}]}}