{"id":9486,"date":"2020-12-03T19:09:54","date_gmt":"2020-12-03T17:09:54","guid":{"rendered":"http:\/\/embreiscom.wpengine.com\/product\/extern-at-x-utprovning\/"},"modified":"2023-02-07T17:48:26","modified_gmt":"2023-02-07T15:48:26","slug":"extern-at-x-utprovning","status":"publish","type":"product","link":"https:\/\/embreis.com\/dk\/produkt\/extern-at-x-utprovning\/","title":{"rendered":"Xtern AT-X Utprovning"},"content":{"rendered":"<div id=\"ctl00_cph1_rightCol\">\n<p>Xtern AT-set \u00e4r ett set med tre strycken &#8221;testortoser&#8221; som fr\u00e4mst anv\u00e4nds f\u00f6r att utv\u00e4rdera om en Xtern \u00e4r r\u00e4tt ortos f\u00f6r patienter med droppfot. Den kan \u00e4ven med f\u00f6rdel anv\u00e4ndas som tr\u00e4ningsortos p\u00e5 rehabenheter. Testortosen \u00e4r identiskt med Xtern undantaget sidoblocken som g\u00f6r det m\u00f6jligt att byta och justera framfotsbygeln. P\u00e5 den f\u00e4rdiga modellen \u00e4r sidoblocken mer integrerade i ortosen. Med hj\u00e4lp av dom l\u00e4ngd och h\u00f6jdm\u00e5tt som testortosen st\u00e4lls in p\u00e5 underl\u00e4ttas sen individuell montering av Xtern. Testortosen monteras enkelt med plastl\u00e5s direkt p\u00e5 l\u00e4mplig sn\u00f6rsko, man kan \u00e4ven montera tillh\u00f6rande clips f\u00f6r enkel av och p\u00e5tagning.<\/p>\n<\/div>\n","protected":false},"excerpt":{"rendered":"<ul>\n<li>Utv\u00e4rdering\/test ortoser<\/li>\n<li>Dorsallyft f\u00f6r droppfot<\/li>\n<li>Anger m\u00e5tt f\u00f6r montering av Xtern<\/li>\n<\/ul>\n","protected":false},"featured_media":11659,"template":"","meta":[],"product_brand":[],"product_cat":[217,225,1231],"product_tag":[],"class_list":{"0":"post-9486","1":"product","2":"type-product","3":"status-publish","4":"has-post-thumbnail","6":"product_cat-ortos","7":"product_cat-ankel","8":"product_cat-neuro-rehab-vrist-ortos","9":"pa_varumarke-turbomed","11":"first","12":"instock","13":"shipping-taxable","14":"product-type-variable"},"acf":[],"yoast_head":"<!-- This site is optimized with the Yoast SEO Premium plugin v25.3.1 (Yoast SEO v25.3.1) - https:\/\/yoast.com\/wordpress\/plugins\/seo\/ -->\n<title>Xtern AT-X Utprovning - Embreis DK<\/title>\n<meta name=\"robots\" content=\"index, follow, max-snippet:-1, max-image-preview:large, max-video-preview:-1\" \/>\n<link rel=\"canonical\" href=\"https:\/\/embreis.com\/dk\/produkt\/extern-at-x-utprovning\/\" \/>\n<meta property=\"og:locale\" content=\"sv_SE\" \/>\n<meta property=\"og:type\" content=\"article\" \/>\n<meta property=\"og:title\" content=\"Xtern AT-X Utprovning\" \/>\n<meta property=\"og:description\" content=\"Utv\u00e4rdering\/test ortoser  Dorsallyft f\u00f6r droppfot  Anger m\u00e5tt f\u00f6r montering av Xtern\" \/>\n<meta property=\"og:url\" content=\"https:\/\/embreis.com\/dk\/produkt\/extern-at-x-utprovning\/\" \/>\n<meta property=\"og:site_name\" content=\"Embreis DK\" \/>\n<meta property=\"article:modified_time\" content=\"2023-02-07T15:48:26+00:00\" \/>\n<meta property=\"og:image\" content=\"https:\/\/embreis.com\/dk\/wp-content\/uploads\/sites\/8\/2020\/12\/XTERN-ATX.png\" \/>\n\t<meta property=\"og:image:width\" content=\"567\" \/>\n\t<meta property=\"og:image:height\" content=\"567\" \/>\n\t<meta property=\"og:image:type\" content=\"image\/png\" \/>\n<meta name=\"twitter:card\" content=\"summary_large_image\" \/>\n<meta name=\"twitter:label1\" content=\"Ber\u00e4knad l\u00e4stid\" \/>\n\t<meta name=\"twitter:data1\" content=\"1 minut\" \/>\n<script type=\"application\/ld+json\" class=\"yoast-schema-graph\">{\"@context\":\"https:\/\/schema.org\",\"@graph\":[{\"@type\":\"WebPage\",\"@id\":\"https:\/\/embreis.com\/dk\/produkt\/extern-at-x-utprovning\/\",\"url\":\"https:\/\/embreis.com\/dk\/produkt\/extern-at-x-utprovning\/\",\"name\":\"Xtern AT-X Utprovning - Embreis DK\",\"isPartOf\":{\"@id\":\"https:\/\/embreis.com\/dk\/#website\"},\"primaryImageOfPage\":{\"@id\":\"https:\/\/embreis.com\/dk\/produkt\/extern-at-x-utprovning\/#primaryimage\"},\"image\":{\"@id\":\"https:\/\/embreis.com\/dk\/produkt\/extern-at-x-utprovning\/#primaryimage\"},\"thumbnailUrl\":\"https:\/\/embreis.com\/dk\/wp-content\/uploads\/sites\/8\/2020\/12\/XTERN-ATX.png\",\"datePublished\":\"2020-12-03T17:09:54+00:00\",\"dateModified\":\"2023-02-07T15:48:26+00:00\",\"breadcrumb\":{\"@id\":\"https:\/\/embreis.com\/dk\/produkt\/extern-at-x-utprovning\/#breadcrumb\"},\"inLanguage\":\"sv-SE\",\"potentialAction\":[{\"@type\":\"ReadAction\",\"target\":[\"https:\/\/embreis.com\/dk\/produkt\/extern-at-x-utprovning\/\"]}]},{\"@type\":\"ImageObject\",\"inLanguage\":\"sv-SE\",\"@id\":\"https:\/\/embreis.com\/dk\/produkt\/extern-at-x-utprovning\/#primaryimage\",\"url\":\"https:\/\/embreis.com\/dk\/wp-content\/uploads\/sites\/8\/2020\/12\/XTERN-ATX.png\",\"contentUrl\":\"https:\/\/embreis.com\/dk\/wp-content\/uploads\/sites\/8\/2020\/12\/XTERN-ATX.png\",\"width\":567,\"height\":567},{\"@type\":\"BreadcrumbList\",\"@id\":\"https:\/\/embreis.com\/dk\/produkt\/extern-at-x-utprovning\/#breadcrumb\",\"itemListElement\":[{\"@type\":\"ListItem\",\"position\":1,\"name\":\"Hem\",\"item\":\"https:\/\/embreis.com\/dk\/\"},{\"@type\":\"ListItem\",\"position\":2,\"name\":\"Sortiment\",\"item\":\"https:\/\/embreis.com\/dk\/sortiment\/\"},{\"@type\":\"ListItem\",\"position\":3,\"name\":\"Ortos\",\"item\":\"https:\/\/embreis.com\/dk\/produktkategori\/ortos\/\"},{\"@type\":\"ListItem\",\"position\":4,\"name\":\"Ankel\",\"item\":\"https:\/\/embreis.com\/dk\/produktkategori\/ortos\/ankel\/\"},{\"@type\":\"ListItem\",\"position\":5,\"name\":\"Neuro - Rehab\",\"item\":\"https:\/\/embreis.com\/dk\/produktkategori\/ortos\/ankel\/neuro-rehab-vrist-ortos\/\"},{\"@type\":\"ListItem\",\"position\":6,\"name\":\"Xtern AT-X Utprovning\"}]},{\"@type\":\"WebSite\",\"@id\":\"https:\/\/embreis.com\/dk\/#website\",\"url\":\"https:\/\/embreis.com\/dk\/\",\"name\":\"Embreis DK\",\"description\":\"Ortoser, proteser och material\",\"potentialAction\":[{\"@type\":\"SearchAction\",\"target\":{\"@type\":\"EntryPoint\",\"urlTemplate\":\"https:\/\/embreis.com\/dk\/?s={search_term_string}\"},\"query-input\":{\"@type\":\"PropertyValueSpecification\",\"valueRequired\":true,\"valueName\":\"search_term_string\"}}],\"inLanguage\":\"sv-SE\"}]}<\/script>\n<!-- \/ Yoast SEO Premium plugin. -->","yoast_head_json":{"title":"Xtern AT-X Utprovning - Embreis DK","robots":{"index":"index","follow":"follow","max-snippet":"max-snippet:-1","max-image-preview":"max-image-preview:large","max-video-preview":"max-video-preview:-1"},"canonical":"https:\/\/embreis.com\/dk\/produkt\/extern-at-x-utprovning\/","og_locale":"sv_SE","og_type":"article","og_title":"Xtern AT-X Utprovning","og_description":"Utv\u00e4rdering\/test ortoser  Dorsallyft f\u00f6r droppfot  Anger m\u00e5tt f\u00f6r montering av Xtern","og_url":"https:\/\/embreis.com\/dk\/produkt\/extern-at-x-utprovning\/","og_site_name":"Embreis DK","article_modified_time":"2023-02-07T15:48:26+00:00","og_image":[{"width":567,"height":567,"url":"https:\/\/embreis.com\/dk\/wp-content\/uploads\/sites\/8\/2020\/12\/XTERN-ATX.png","type":"image\/png"}],"twitter_card":"summary_large_image","twitter_misc":{"Ber\u00e4knad l\u00e4stid":"1 minut"},"schema":{"@context":"https:\/\/schema.org","@graph":[{"@type":"WebPage","@id":"https:\/\/embreis.com\/dk\/produkt\/extern-at-x-utprovning\/","url":"https:\/\/embreis.com\/dk\/produkt\/extern-at-x-utprovning\/","name":"Xtern AT-X Utprovning - Embreis DK","isPartOf":{"@id":"https:\/\/embreis.com\/dk\/#website"},"primaryImageOfPage":{"@id":"https:\/\/embreis.com\/dk\/produkt\/extern-at-x-utprovning\/#primaryimage"},"image":{"@id":"https:\/\/embreis.com\/dk\/produkt\/extern-at-x-utprovning\/#primaryimage"},"thumbnailUrl":"https:\/\/embreis.com\/dk\/wp-content\/uploads\/sites\/8\/2020\/12\/XTERN-ATX.png","datePublished":"2020-12-03T17:09:54+00:00","dateModified":"2023-02-07T15:48:26+00:00","breadcrumb":{"@id":"https:\/\/embreis.com\/dk\/produkt\/extern-at-x-utprovning\/#breadcrumb"},"inLanguage":"sv-SE","potentialAction":[{"@type":"ReadAction","target":["https:\/\/embreis.com\/dk\/produkt\/extern-at-x-utprovning\/"]}]},{"@type":"ImageObject","inLanguage":"sv-SE","@id":"https:\/\/embreis.com\/dk\/produkt\/extern-at-x-utprovning\/#primaryimage","url":"https:\/\/embreis.com\/dk\/wp-content\/uploads\/sites\/8\/2020\/12\/XTERN-ATX.png","contentUrl":"https:\/\/embreis.com\/dk\/wp-content\/uploads\/sites\/8\/2020\/12\/XTERN-ATX.png","width":567,"height":567},{"@type":"BreadcrumbList","@id":"https:\/\/embreis.com\/dk\/produkt\/extern-at-x-utprovning\/#breadcrumb","itemListElement":[{"@type":"ListItem","position":1,"name":"Hem","item":"https:\/\/embreis.com\/dk\/"},{"@type":"ListItem","position":2,"name":"Sortiment","item":"https:\/\/embreis.com\/dk\/sortiment\/"},{"@type":"ListItem","position":3,"name":"Ortos","item":"https:\/\/embreis.com\/dk\/produktkategori\/ortos\/"},{"@type":"ListItem","position":4,"name":"Ankel","item":"https:\/\/embreis.com\/dk\/produktkategori\/ortos\/ankel\/"},{"@type":"ListItem","position":5,"name":"Neuro - Rehab","item":"https:\/\/embreis.com\/dk\/produktkategori\/ortos\/ankel\/neuro-rehab-vrist-ortos\/"},{"@type":"ListItem","position":6,"name":"Xtern AT-X Utprovning"}]},{"@type":"WebSite","@id":"https:\/\/embreis.com\/dk\/#website","url":"https:\/\/embreis.com\/dk\/","name":"Embreis DK","description":"Ortoser, proteser och material","potentialAction":[{"@type":"SearchAction","target":{"@type":"EntryPoint","urlTemplate":"https:\/\/embreis.com\/dk\/?s={search_term_string}"},"query-input":{"@type":"PropertyValueSpecification","valueRequired":true,"valueName":"search_term_string"}}],"inLanguage":"sv-SE"}]}},"_links":{"self":[{"href":"https:\/\/embreis.com\/dk\/wp-json\/wp\/v2\/product\/9486","targetHints":{"allow":["GET"]}}],"collection":[{"href":"https:\/\/embreis.com\/dk\/wp-json\/wp\/v2\/product"}],"about":[{"href":"https:\/\/embreis.com\/dk\/wp-json\/wp\/v2\/types\/product"}],"wp:featuredmedia":[{"embeddable":true,"href":"https:\/\/embreis.com\/dk\/wp-json\/wp\/v2\/media\/11659"}],"wp:attachment":[{"href":"https:\/\/embreis.com\/dk\/wp-json\/wp\/v2\/media?parent=9486"}],"wp:term":[{"taxonomy":"product_brand","embeddable":true,"href":"https:\/\/embreis.com\/dk\/wp-json\/wp\/v2\/product_brand?post=9486"},{"taxonomy":"product_cat","embeddable":true,"href":"https:\/\/embreis.com\/dk\/wp-json\/wp\/v2\/product_cat?post=9486"},{"taxonomy":"product_tag","embeddable":true,"href":"https:\/\/embreis.com\/dk\/wp-json\/wp\/v2\/product_tag?post=9486"}],"curies":[{"name":"wp","href":"https:\/\/api.w.org\/{rel}","templated":true}]}}