{"id":8319,"date":"2020-11-30T17:31:58","date_gmt":"2020-11-30T15:31:58","guid":{"rendered":"http:\/\/embreiscom.wpengine.com\/product\/boston-night-shift\/"},"modified":"2025-03-13T09:27:50","modified_gmt":"2025-03-13T07:27:50","slug":"boston-night-shift","status":"publish","type":"product","link":"https:\/\/embreis.com\/dk\/produkt\/boston-night-shift\/","title":{"rendered":"Boston Night Shift"},"content":{"rendered":"<p>Boston\u00a0Night\u00a0Shift\u00a0\u00e4r en\u00a0sk.\u00a0Nattkorsett f\u00f6r behandling av icke-operativ idiopatisk skolios. F\u00f6r unga patienter som har sv\u00e5rt att b\u00e4ra sin korsett dagligen under l\u00e4ngre tid kan nattkorsett vara ett bra\u00a0alternativ. Acceptansen \u00e4r ofta st\u00f6rre och kan \u00f6ka motivationen att anv\u00e4nda korsetten i den utstr\u00e4ckning som kr\u00e4vs.\u00a0Night\u00a0Shift\u00a0tillverkas efter den senaste tekniken d\u00e4r man anv\u00e4nder kroppsscanning, analys av r\u00f6ntgenbild samt orderformul\u00e4r f\u00f6r att tillverka en helt individuellt producerad korsett. Passformen blir perfekt och vid behov kan\u00a0pelotterna\u00a0avl\u00e4gsnas och justeras.<\/p>\n<p>Korsetterna kan kompletteras med en\u00a0sk.\u00a0iButton\u00a0f\u00f6r att kunna registrera och f\u00f6lja upp patientens anv\u00e4ndande och \u00f6ka motivation.<\/p>\n<p>Boston\u00a0Night\u00a0Shift\u00a0tillverkas i en m\u00e4ngd olika f\u00e4rger och m\u00f6nster f\u00f6r att p\u00e5 b\u00e4sta s\u00e4tt f\u00e5 patienten att uppleva sitt hj\u00e4lpmedel s\u00e5 tilltalande som m\u00f6jligt.\u00a0Du hittar l\u00e4nk till valbara m\u00f6nster h\u00e4r nedanf\u00f6r.<\/p>\n","protected":false},"excerpt":{"rendered":"<ul>\n<li>Anv\u00e4nds endast nattetid<\/li>\n<li>Smidig design och perfekt passform<\/li>\n<li>Producerad efter kroppskanning<\/li>\n<li>100% individuellt tillverkad<\/li>\n<\/ul>\n","protected":false},"featured_media":10366,"template":"","meta":[],"product_brand":[],"product_cat":[217,224,1217],"product_tag":[],"class_list":{"0":"post-8319","1":"product","2":"type-product","3":"status-publish","4":"has-post-thumbnail","6":"product_cat-ortos","7":"product_cat-rygg","8":"product_cat-skolios","9":"pa_varumarke-boston","11":"first","12":"instock","13":"featured","14":"shipping-taxable","15":"product-type-simple"},"acf":[],"yoast_head":"<!-- This site is optimized with the Yoast SEO Premium plugin v27.3 (Yoast SEO v27.3) - https:\/\/yoast.com\/product\/yoast-seo-premium-wordpress\/ -->\n<title>Boston Night Shift - Embreis DK<\/title>\n<meta name=\"robots\" content=\"index, follow, max-snippet:-1, max-image-preview:large, max-video-preview:-1\" \/>\n<link rel=\"canonical\" href=\"https:\/\/embreis.com\/dk\/produkt\/boston-night-shift\/\" \/>\n<meta property=\"og:locale\" content=\"sv_SE\" \/>\n<meta property=\"og:type\" content=\"article\" \/>\n<meta property=\"og:title\" content=\"Boston Night Shift\" \/>\n<meta property=\"og:description\" content=\"Anv\u00e4nds endast nattetid  Smidig design och perfekt passform  Producerad efter kroppskanning  100% individuellt tillverkad\" \/>\n<meta property=\"og:url\" content=\"https:\/\/embreis.com\/dk\/produkt\/boston-night-shift\/\" \/>\n<meta property=\"og:site_name\" content=\"Embreis DK\" \/>\n<meta property=\"article:modified_time\" content=\"2025-03-13T07:27:50+00:00\" \/>\n<meta property=\"og:image\" content=\"https:\/\/embreis.com\/dk\/wp-content\/uploads\/sites\/8\/2020\/11\/Boston_Nightshift_1_850.jpg\" \/>\n\t<meta property=\"og:image:width\" content=\"850\" \/>\n\t<meta property=\"og:image:height\" content=\"850\" \/>\n\t<meta property=\"og:image:type\" content=\"image\/jpeg\" \/>\n<meta name=\"twitter:card\" content=\"summary_large_image\" \/>\n<meta name=\"twitter:label1\" content=\"Ber\u00e4knad l\u00e4stid\" \/>\n\t<meta name=\"twitter:data1\" content=\"1 minut\" \/>\n<script type=\"application\/ld+json\" class=\"yoast-schema-graph\">{\"@context\":\"https:\\\/\\\/schema.org\",\"@graph\":[{\"@type\":\"WebPage\",\"@id\":\"https:\\\/\\\/embreis.com\\\/dk\\\/produkt\\\/boston-night-shift\\\/\",\"url\":\"https:\\\/\\\/embreis.com\\\/dk\\\/produkt\\\/boston-night-shift\\\/\",\"name\":\"Boston Night Shift - Embreis DK\",\"isPartOf\":{\"@id\":\"https:\\\/\\\/embreis.com\\\/dk\\\/#website\"},\"primaryImageOfPage\":{\"@id\":\"https:\\\/\\\/embreis.com\\\/dk\\\/produkt\\\/boston-night-shift\\\/#primaryimage\"},\"image\":{\"@id\":\"https:\\\/\\\/embreis.com\\\/dk\\\/produkt\\\/boston-night-shift\\\/#primaryimage\"},\"thumbnailUrl\":\"https:\\\/\\\/embreis.com\\\/dk\\\/wp-content\\\/uploads\\\/sites\\\/8\\\/2020\\\/11\\\/Boston_Nightshift_1_850.jpg\",\"datePublished\":\"2020-11-30T15:31:58+00:00\",\"dateModified\":\"2025-03-13T07:27:50+00:00\",\"breadcrumb\":{\"@id\":\"https:\\\/\\\/embreis.com\\\/dk\\\/produkt\\\/boston-night-shift\\\/#breadcrumb\"},\"inLanguage\":\"sv-SE\",\"potentialAction\":[{\"@type\":\"ReadAction\",\"target\":[\"https:\\\/\\\/embreis.com\\\/dk\\\/produkt\\\/boston-night-shift\\\/\"]}]},{\"@type\":\"ImageObject\",\"inLanguage\":\"sv-SE\",\"@id\":\"https:\\\/\\\/embreis.com\\\/dk\\\/produkt\\\/boston-night-shift\\\/#primaryimage\",\"url\":\"https:\\\/\\\/embreis.com\\\/dk\\\/wp-content\\\/uploads\\\/sites\\\/8\\\/2020\\\/11\\\/Boston_Nightshift_1_850.jpg\",\"contentUrl\":\"https:\\\/\\\/embreis.com\\\/dk\\\/wp-content\\\/uploads\\\/sites\\\/8\\\/2020\\\/11\\\/Boston_Nightshift_1_850.jpg\",\"width\":850,\"height\":850},{\"@type\":\"BreadcrumbList\",\"@id\":\"https:\\\/\\\/embreis.com\\\/dk\\\/produkt\\\/boston-night-shift\\\/#breadcrumb\",\"itemListElement\":[{\"@type\":\"ListItem\",\"position\":1,\"name\":\"Hem\",\"item\":\"https:\\\/\\\/embreis.com\\\/dk\\\/\"},{\"@type\":\"ListItem\",\"position\":2,\"name\":\"Sortiment\",\"item\":\"https:\\\/\\\/embreis.com\\\/dk\\\/sortiment\\\/\"},{\"@type\":\"ListItem\",\"position\":3,\"name\":\"Ortos\",\"item\":\"https:\\\/\\\/embreis.com\\\/dk\\\/produktkategori\\\/ortos\\\/\"},{\"@type\":\"ListItem\",\"position\":4,\"name\":\"Rygg\",\"item\":\"https:\\\/\\\/embreis.com\\\/dk\\\/produktkategori\\\/ortos\\\/rygg\\\/\"},{\"@type\":\"ListItem\",\"position\":5,\"name\":\"Skolios\",\"item\":\"https:\\\/\\\/embreis.com\\\/dk\\\/produktkategori\\\/ortos\\\/rygg\\\/skolios\\\/\"},{\"@type\":\"ListItem\",\"position\":6,\"name\":\"Boston Night Shift\"}]},{\"@type\":\"WebSite\",\"@id\":\"https:\\\/\\\/embreis.com\\\/dk\\\/#website\",\"url\":\"https:\\\/\\\/embreis.com\\\/dk\\\/\",\"name\":\"Embreis DK\",\"description\":\"Ortoser, proteser och material\",\"potentialAction\":[{\"@type\":\"SearchAction\",\"target\":{\"@type\":\"EntryPoint\",\"urlTemplate\":\"https:\\\/\\\/embreis.com\\\/dk\\\/?s={search_term_string}\"},\"query-input\":{\"@type\":\"PropertyValueSpecification\",\"valueRequired\":true,\"valueName\":\"search_term_string\"}}],\"inLanguage\":\"sv-SE\"}]}<\/script>\n<!-- \/ Yoast SEO Premium plugin. -->","yoast_head_json":{"title":"Boston Night Shift - Embreis DK","robots":{"index":"index","follow":"follow","max-snippet":"max-snippet:-1","max-image-preview":"max-image-preview:large","max-video-preview":"max-video-preview:-1"},"canonical":"https:\/\/embreis.com\/dk\/produkt\/boston-night-shift\/","og_locale":"sv_SE","og_type":"article","og_title":"Boston Night Shift","og_description":"Anv\u00e4nds endast nattetid  Smidig design och perfekt passform  Producerad efter kroppskanning  100% individuellt tillverkad","og_url":"https:\/\/embreis.com\/dk\/produkt\/boston-night-shift\/","og_site_name":"Embreis DK","article_modified_time":"2025-03-13T07:27:50+00:00","og_image":[{"width":850,"height":850,"url":"https:\/\/embreis.com\/dk\/wp-content\/uploads\/sites\/8\/2020\/11\/Boston_Nightshift_1_850.jpg","type":"image\/jpeg"}],"twitter_card":"summary_large_image","twitter_misc":{"Ber\u00e4knad l\u00e4stid":"1 minut"},"schema":{"@context":"https:\/\/schema.org","@graph":[{"@type":"WebPage","@id":"https:\/\/embreis.com\/dk\/produkt\/boston-night-shift\/","url":"https:\/\/embreis.com\/dk\/produkt\/boston-night-shift\/","name":"Boston Night Shift - Embreis DK","isPartOf":{"@id":"https:\/\/embreis.com\/dk\/#website"},"primaryImageOfPage":{"@id":"https:\/\/embreis.com\/dk\/produkt\/boston-night-shift\/#primaryimage"},"image":{"@id":"https:\/\/embreis.com\/dk\/produkt\/boston-night-shift\/#primaryimage"},"thumbnailUrl":"https:\/\/embreis.com\/dk\/wp-content\/uploads\/sites\/8\/2020\/11\/Boston_Nightshift_1_850.jpg","datePublished":"2020-11-30T15:31:58+00:00","dateModified":"2025-03-13T07:27:50+00:00","breadcrumb":{"@id":"https:\/\/embreis.com\/dk\/produkt\/boston-night-shift\/#breadcrumb"},"inLanguage":"sv-SE","potentialAction":[{"@type":"ReadAction","target":["https:\/\/embreis.com\/dk\/produkt\/boston-night-shift\/"]}]},{"@type":"ImageObject","inLanguage":"sv-SE","@id":"https:\/\/embreis.com\/dk\/produkt\/boston-night-shift\/#primaryimage","url":"https:\/\/embreis.com\/dk\/wp-content\/uploads\/sites\/8\/2020\/11\/Boston_Nightshift_1_850.jpg","contentUrl":"https:\/\/embreis.com\/dk\/wp-content\/uploads\/sites\/8\/2020\/11\/Boston_Nightshift_1_850.jpg","width":850,"height":850},{"@type":"BreadcrumbList","@id":"https:\/\/embreis.com\/dk\/produkt\/boston-night-shift\/#breadcrumb","itemListElement":[{"@type":"ListItem","position":1,"name":"Hem","item":"https:\/\/embreis.com\/dk\/"},{"@type":"ListItem","position":2,"name":"Sortiment","item":"https:\/\/embreis.com\/dk\/sortiment\/"},{"@type":"ListItem","position":3,"name":"Ortos","item":"https:\/\/embreis.com\/dk\/produktkategori\/ortos\/"},{"@type":"ListItem","position":4,"name":"Rygg","item":"https:\/\/embreis.com\/dk\/produktkategori\/ortos\/rygg\/"},{"@type":"ListItem","position":5,"name":"Skolios","item":"https:\/\/embreis.com\/dk\/produktkategori\/ortos\/rygg\/skolios\/"},{"@type":"ListItem","position":6,"name":"Boston Night Shift"}]},{"@type":"WebSite","@id":"https:\/\/embreis.com\/dk\/#website","url":"https:\/\/embreis.com\/dk\/","name":"Embreis DK","description":"Ortoser, proteser och material","potentialAction":[{"@type":"SearchAction","target":{"@type":"EntryPoint","urlTemplate":"https:\/\/embreis.com\/dk\/?s={search_term_string}"},"query-input":{"@type":"PropertyValueSpecification","valueRequired":true,"valueName":"search_term_string"}}],"inLanguage":"sv-SE"}]}},"_links":{"self":[{"href":"https:\/\/embreis.com\/dk\/wp-json\/wp\/v2\/product\/8319","targetHints":{"allow":["GET"]}}],"collection":[{"href":"https:\/\/embreis.com\/dk\/wp-json\/wp\/v2\/product"}],"about":[{"href":"https:\/\/embreis.com\/dk\/wp-json\/wp\/v2\/types\/product"}],"wp:featuredmedia":[{"embeddable":true,"href":"https:\/\/embreis.com\/dk\/wp-json\/wp\/v2\/media\/10366"}],"wp:attachment":[{"href":"https:\/\/embreis.com\/dk\/wp-json\/wp\/v2\/media?parent=8319"}],"wp:term":[{"taxonomy":"product_brand","embeddable":true,"href":"https:\/\/embreis.com\/dk\/wp-json\/wp\/v2\/product_brand?post=8319"},{"taxonomy":"product_cat","embeddable":true,"href":"https:\/\/embreis.com\/dk\/wp-json\/wp\/v2\/product_cat?post=8319"},{"taxonomy":"product_tag","embeddable":true,"href":"https:\/\/embreis.com\/dk\/wp-json\/wp\/v2\/product_tag?post=8319"}],"curies":[{"name":"wp","href":"https:\/\/api.w.org\/{rel}","templated":true}]}}