{"id":8316,"date":"2020-11-30T17:31:57","date_gmt":"2020-11-30T15:31:57","guid":{"rendered":"http:\/\/embreiscom.wpengine.com\/product\/thoratex-03\/"},"modified":"2021-02-18T13:38:32","modified_gmt":"2021-02-18T11:38:32","slug":"thoratex-03","status":"publish","type":"product","link":"https:\/\/embreis.com\/dk\/produkt\/thoratex-03\/","title":{"rendered":"Thoratex 03"},"content":{"rendered":"<p class=\"p2\">Thoratex \u00e4r tillverkad av f\u00f6ljsam res\u00e5r, f\u00f6rsedd med 2 l\u00e4ngsg\u00e5ende formbara skenor och axelremmar. Ortosen ger st\u00f6d och fr\u00e4mjar en uppr\u00e4tt h\u00e5llning genom dragkraften. Axelremmarna \u00e4r polstrade och framtill f\u00f6rsluts ortosen med h\u00e5llbar kardborre. Tunn, luftig och smidig modell som l\u00e4mpligast b\u00e4rs utanp\u00e5 tunt linne eller T-shirt.<\/p>\n","protected":false},"excerpt":{"rendered":"<ul>\n<li>H\u00e5llningskorrigerande<\/li>\n<li>St\u00f6djer br\u00f6strygg<\/li>\n<li>Avlastar br\u00f6strygg och nacke<\/li>\n<li>Reglerbara axelremmar<\/li>\n<\/ul>\n","protected":false},"featured_media":11688,"template":"","meta":[],"product_brand":[],"product_cat":[217,224,1219],"product_tag":[],"class_list":{"0":"post-8316","1":"product","2":"type-product","3":"status-publish","4":"has-post-thumbnail","6":"product_cat-ortos","7":"product_cat-rygg","8":"product_cat-stod-kompression-rygg-ortos","10":"first","11":"instock","12":"featured","13":"shipping-taxable","14":"product-type-variable"},"acf":[],"yoast_head":"<!-- This site is optimized with the Yoast SEO Premium plugin v25.3.1 (Yoast SEO v25.3.1) - https:\/\/yoast.com\/wordpress\/plugins\/seo\/ -->\n<title>Thoratex 03 - Embreis DK<\/title>\n<meta name=\"robots\" content=\"index, follow, max-snippet:-1, max-image-preview:large, max-video-preview:-1\" \/>\n<link rel=\"canonical\" href=\"https:\/\/embreis.com\/dk\/produkt\/thoratex-03\/\" \/>\n<meta property=\"og:locale\" content=\"sv_SE\" \/>\n<meta property=\"og:type\" content=\"article\" \/>\n<meta property=\"og:title\" content=\"Thoratex 03\" \/>\n<meta property=\"og:description\" content=\"H\u00e5llningskorrigerande  St\u00f6djer br\u00f6strygg  Avlastar br\u00f6strygg och nacke  Reglerbara axelremmar\" \/>\n<meta property=\"og:url\" content=\"https:\/\/embreis.com\/dk\/produkt\/thoratex-03\/\" \/>\n<meta property=\"og:site_name\" content=\"Embreis DK\" \/>\n<meta property=\"article:modified_time\" content=\"2021-02-18T11:38:32+00:00\" \/>\n<meta property=\"og:image\" content=\"https:\/\/embreis.com\/dk\/wp-content\/uploads\/sites\/8\/2020\/11\/Thoratex03_emb.logo_.1.jpg\" \/>\n\t<meta property=\"og:image:width\" content=\"834\" \/>\n\t<meta property=\"og:image:height\" content=\"834\" \/>\n\t<meta property=\"og:image:type\" content=\"image\/jpeg\" \/>\n<meta name=\"twitter:card\" content=\"summary_large_image\" \/>\n<script type=\"application\/ld+json\" class=\"yoast-schema-graph\">{\"@context\":\"https:\/\/schema.org\",\"@graph\":[{\"@type\":\"WebPage\",\"@id\":\"https:\/\/embreis.com\/dk\/produkt\/thoratex-03\/\",\"url\":\"https:\/\/embreis.com\/dk\/produkt\/thoratex-03\/\",\"name\":\"Thoratex 03 - Embreis DK\",\"isPartOf\":{\"@id\":\"https:\/\/embreis.com\/dk\/#website\"},\"primaryImageOfPage\":{\"@id\":\"https:\/\/embreis.com\/dk\/produkt\/thoratex-03\/#primaryimage\"},\"image\":{\"@id\":\"https:\/\/embreis.com\/dk\/produkt\/thoratex-03\/#primaryimage\"},\"thumbnailUrl\":\"https:\/\/embreis.com\/dk\/wp-content\/uploads\/sites\/8\/2020\/11\/Thoratex03_emb.logo_.1.jpg\",\"datePublished\":\"2020-11-30T15:31:57+00:00\",\"dateModified\":\"2021-02-18T11:38:32+00:00\",\"breadcrumb\":{\"@id\":\"https:\/\/embreis.com\/dk\/produkt\/thoratex-03\/#breadcrumb\"},\"inLanguage\":\"sv-SE\",\"potentialAction\":[{\"@type\":\"ReadAction\",\"target\":[\"https:\/\/embreis.com\/dk\/produkt\/thoratex-03\/\"]}]},{\"@type\":\"ImageObject\",\"inLanguage\":\"sv-SE\",\"@id\":\"https:\/\/embreis.com\/dk\/produkt\/thoratex-03\/#primaryimage\",\"url\":\"https:\/\/embreis.com\/dk\/wp-content\/uploads\/sites\/8\/2020\/11\/Thoratex03_emb.logo_.1.jpg\",\"contentUrl\":\"https:\/\/embreis.com\/dk\/wp-content\/uploads\/sites\/8\/2020\/11\/Thoratex03_emb.logo_.1.jpg\",\"width\":834,\"height\":834},{\"@type\":\"BreadcrumbList\",\"@id\":\"https:\/\/embreis.com\/dk\/produkt\/thoratex-03\/#breadcrumb\",\"itemListElement\":[{\"@type\":\"ListItem\",\"position\":1,\"name\":\"Hem\",\"item\":\"https:\/\/embreis.com\/dk\/\"},{\"@type\":\"ListItem\",\"position\":2,\"name\":\"Sortiment\",\"item\":\"https:\/\/embreis.com\/dk\/sortiment\/\"},{\"@type\":\"ListItem\",\"position\":3,\"name\":\"Ortos\",\"item\":\"https:\/\/embreis.com\/dk\/produktkategori\/ortos\/\"},{\"@type\":\"ListItem\",\"position\":4,\"name\":\"Rygg\",\"item\":\"https:\/\/embreis.com\/dk\/produktkategori\/ortos\/rygg\/\"},{\"@type\":\"ListItem\",\"position\":5,\"name\":\"St\u00f6d\/Kompression\",\"item\":\"https:\/\/embreis.com\/dk\/produktkategori\/ortos\/rygg\/stod-kompression-rygg-ortos\/\"},{\"@type\":\"ListItem\",\"position\":6,\"name\":\"Thoratex 03\"}]},{\"@type\":\"WebSite\",\"@id\":\"https:\/\/embreis.com\/dk\/#website\",\"url\":\"https:\/\/embreis.com\/dk\/\",\"name\":\"Embreis DK\",\"description\":\"Ortoser, proteser och material\",\"potentialAction\":[{\"@type\":\"SearchAction\",\"target\":{\"@type\":\"EntryPoint\",\"urlTemplate\":\"https:\/\/embreis.com\/dk\/?s={search_term_string}\"},\"query-input\":{\"@type\":\"PropertyValueSpecification\",\"valueRequired\":true,\"valueName\":\"search_term_string\"}}],\"inLanguage\":\"sv-SE\"}]}<\/script>\n<!-- \/ Yoast SEO Premium plugin. -->","yoast_head_json":{"title":"Thoratex 03 - Embreis DK","robots":{"index":"index","follow":"follow","max-snippet":"max-snippet:-1","max-image-preview":"max-image-preview:large","max-video-preview":"max-video-preview:-1"},"canonical":"https:\/\/embreis.com\/dk\/produkt\/thoratex-03\/","og_locale":"sv_SE","og_type":"article","og_title":"Thoratex 03","og_description":"H\u00e5llningskorrigerande  St\u00f6djer br\u00f6strygg  Avlastar br\u00f6strygg och nacke  Reglerbara axelremmar","og_url":"https:\/\/embreis.com\/dk\/produkt\/thoratex-03\/","og_site_name":"Embreis DK","article_modified_time":"2021-02-18T11:38:32+00:00","og_image":[{"width":834,"height":834,"url":"https:\/\/embreis.com\/dk\/wp-content\/uploads\/sites\/8\/2020\/11\/Thoratex03_emb.logo_.1.jpg","type":"image\/jpeg"}],"twitter_card":"summary_large_image","schema":{"@context":"https:\/\/schema.org","@graph":[{"@type":"WebPage","@id":"https:\/\/embreis.com\/dk\/produkt\/thoratex-03\/","url":"https:\/\/embreis.com\/dk\/produkt\/thoratex-03\/","name":"Thoratex 03 - Embreis DK","isPartOf":{"@id":"https:\/\/embreis.com\/dk\/#website"},"primaryImageOfPage":{"@id":"https:\/\/embreis.com\/dk\/produkt\/thoratex-03\/#primaryimage"},"image":{"@id":"https:\/\/embreis.com\/dk\/produkt\/thoratex-03\/#primaryimage"},"thumbnailUrl":"https:\/\/embreis.com\/dk\/wp-content\/uploads\/sites\/8\/2020\/11\/Thoratex03_emb.logo_.1.jpg","datePublished":"2020-11-30T15:31:57+00:00","dateModified":"2021-02-18T11:38:32+00:00","breadcrumb":{"@id":"https:\/\/embreis.com\/dk\/produkt\/thoratex-03\/#breadcrumb"},"inLanguage":"sv-SE","potentialAction":[{"@type":"ReadAction","target":["https:\/\/embreis.com\/dk\/produkt\/thoratex-03\/"]}]},{"@type":"ImageObject","inLanguage":"sv-SE","@id":"https:\/\/embreis.com\/dk\/produkt\/thoratex-03\/#primaryimage","url":"https:\/\/embreis.com\/dk\/wp-content\/uploads\/sites\/8\/2020\/11\/Thoratex03_emb.logo_.1.jpg","contentUrl":"https:\/\/embreis.com\/dk\/wp-content\/uploads\/sites\/8\/2020\/11\/Thoratex03_emb.logo_.1.jpg","width":834,"height":834},{"@type":"BreadcrumbList","@id":"https:\/\/embreis.com\/dk\/produkt\/thoratex-03\/#breadcrumb","itemListElement":[{"@type":"ListItem","position":1,"name":"Hem","item":"https:\/\/embreis.com\/dk\/"},{"@type":"ListItem","position":2,"name":"Sortiment","item":"https:\/\/embreis.com\/dk\/sortiment\/"},{"@type":"ListItem","position":3,"name":"Ortos","item":"https:\/\/embreis.com\/dk\/produktkategori\/ortos\/"},{"@type":"ListItem","position":4,"name":"Rygg","item":"https:\/\/embreis.com\/dk\/produktkategori\/ortos\/rygg\/"},{"@type":"ListItem","position":5,"name":"St\u00f6d\/Kompression","item":"https:\/\/embreis.com\/dk\/produktkategori\/ortos\/rygg\/stod-kompression-rygg-ortos\/"},{"@type":"ListItem","position":6,"name":"Thoratex 03"}]},{"@type":"WebSite","@id":"https:\/\/embreis.com\/dk\/#website","url":"https:\/\/embreis.com\/dk\/","name":"Embreis DK","description":"Ortoser, proteser och material","potentialAction":[{"@type":"SearchAction","target":{"@type":"EntryPoint","urlTemplate":"https:\/\/embreis.com\/dk\/?s={search_term_string}"},"query-input":{"@type":"PropertyValueSpecification","valueRequired":true,"valueName":"search_term_string"}}],"inLanguage":"sv-SE"}]}},"_links":{"self":[{"href":"https:\/\/embreis.com\/dk\/wp-json\/wp\/v2\/product\/8316","targetHints":{"allow":["GET"]}}],"collection":[{"href":"https:\/\/embreis.com\/dk\/wp-json\/wp\/v2\/product"}],"about":[{"href":"https:\/\/embreis.com\/dk\/wp-json\/wp\/v2\/types\/product"}],"wp:featuredmedia":[{"embeddable":true,"href":"https:\/\/embreis.com\/dk\/wp-json\/wp\/v2\/media\/11688"}],"wp:attachment":[{"href":"https:\/\/embreis.com\/dk\/wp-json\/wp\/v2\/media?parent=8316"}],"wp:term":[{"taxonomy":"product_brand","embeddable":true,"href":"https:\/\/embreis.com\/dk\/wp-json\/wp\/v2\/product_brand?post=8316"},{"taxonomy":"product_cat","embeddable":true,"href":"https:\/\/embreis.com\/dk\/wp-json\/wp\/v2\/product_cat?post=8316"},{"taxonomy":"product_tag","embeddable":true,"href":"https:\/\/embreis.com\/dk\/wp-json\/wp\/v2\/product_tag?post=8316"}],"curies":[{"name":"wp","href":"https:\/\/api.w.org\/{rel}","templated":true}]}}