{"id":8315,"date":"2020-11-30T17:31:56","date_gmt":"2020-11-30T15:31:56","guid":{"rendered":"http:\/\/embreiscom.wpengine.com\/product\/espine-tx\/"},"modified":"2021-02-16T11:55:40","modified_gmt":"2021-02-16T09:55:40","slug":"espine-tx","status":"publish","type":"product","link":"https:\/\/embreis.com\/dk\/produkt\/espine-tx\/","title":{"rendered":"eSpine TX"},"content":{"rendered":"<p>eSpine\u00a0TX \u00e4r ett h\u00e5llningsbandage f\u00f6r st\u00f6d och l\u00e4tt korrigering av br\u00f6stryggen och anv\u00e4nds vid d\u00e5lig h\u00e5llning,\u00a0kyfos, osteoporos och andra tillst\u00e5nd d\u00e4r br\u00f6stryggen beh\u00f6ver f\u00e5 st\u00f6d. Bandaget \u00e4r tillverkat i en kombination av oelastiskt och elastiskt material f\u00f6r att f\u00e5 en fast effekt men samtidigt l\u00e4tt elastisk och flexibel. Rygg delen \u00e4r av andningsaktiv\u00a0Airmesh\u00a0f\u00f6r att vara luftig och behaglig.\u00a0Magdelen\u00a0\u00e4r oelastisk f\u00f6r bra moth\u00e5ll och abdominalt st\u00f6d. Axelremmarnas l\u00e4ngd kan justeras med dom l\u00f6stagbara kardborre \u00e4ndarna som f\u00e4ster effektivt mot\u00a0bukdelen.\u00a0eSpine\u00a0TX \u00e4r l\u00e4tt och smidig att anv\u00e4nda och b\u00e4rs l\u00e4mpligast utanp\u00e5 ett tunt linne f\u00f6r b\u00e4sta komfort. Ortosen\u00a0passar b\u00e5de m\u00e4n och kvinnor oavsett \u00e5lder.<\/p>\n","protected":false},"excerpt":{"rendered":"<ul>\n<li>H\u00e5llningskorrigerande<\/li>\n<li>St\u00f6djer br\u00f6strygg<\/li>\n<li>Avlastar br\u00f6strygg och nacke<\/li>\n<li>Reglerbara axelremmar<\/li>\n<\/ul>\n","protected":false},"featured_media":8602,"template":"","meta":[],"product_brand":[],"product_cat":[217,224,1219],"product_tag":[],"class_list":{"0":"post-8315","1":"product","2":"type-product","3":"status-publish","4":"has-post-thumbnail","6":"product_cat-ortos","7":"product_cat-rygg","8":"product_cat-stod-kompression-rygg-ortos","9":"pa_varumarke-embreis","11":"first","12":"instock","13":"featured","14":"shipping-taxable","15":"product-type-variable"},"acf":[],"yoast_head":"<!-- This site is optimized with the Yoast SEO Premium plugin v25.3.1 (Yoast SEO v25.3.1) - https:\/\/yoast.com\/wordpress\/plugins\/seo\/ -->\n<title>eSpine TX - Embreis DK<\/title>\n<meta name=\"robots\" content=\"index, follow, max-snippet:-1, max-image-preview:large, max-video-preview:-1\" \/>\n<link rel=\"canonical\" href=\"https:\/\/embreis.com\/dk\/produkt\/espine-tx\/\" \/>\n<meta property=\"og:locale\" content=\"sv_SE\" \/>\n<meta property=\"og:type\" content=\"article\" \/>\n<meta property=\"og:title\" content=\"eSpine TX\" \/>\n<meta property=\"og:description\" content=\"H\u00e5llningskorrigerande  St\u00f6djer br\u00f6strygg  Avlastar br\u00f6strygg och nacke  Reglerbara axelremmar\" \/>\n<meta property=\"og:url\" content=\"https:\/\/embreis.com\/dk\/produkt\/espine-tx\/\" \/>\n<meta property=\"og:site_name\" content=\"Embreis DK\" \/>\n<meta property=\"article:modified_time\" content=\"2021-02-16T09:55:40+00:00\" \/>\n<meta property=\"og:image\" content=\"https:\/\/embreis.com\/dk\/wp-content\/uploads\/sites\/8\/2020\/11\/E50510X_850_1.jpg\" \/>\n\t<meta property=\"og:image:width\" content=\"850\" \/>\n\t<meta property=\"og:image:height\" content=\"850\" \/>\n\t<meta property=\"og:image:type\" content=\"image\/jpeg\" \/>\n<meta name=\"twitter:card\" content=\"summary_large_image\" \/>\n<meta name=\"twitter:label1\" content=\"Ber\u00e4knad l\u00e4stid\" \/>\n\t<meta name=\"twitter:data1\" content=\"1 minut\" \/>\n<script type=\"application\/ld+json\" class=\"yoast-schema-graph\">{\"@context\":\"https:\/\/schema.org\",\"@graph\":[{\"@type\":\"WebPage\",\"@id\":\"https:\/\/embreis.com\/dk\/produkt\/espine-tx\/\",\"url\":\"https:\/\/embreis.com\/dk\/produkt\/espine-tx\/\",\"name\":\"eSpine TX - Embreis DK\",\"isPartOf\":{\"@id\":\"https:\/\/embreis.com\/dk\/#website\"},\"primaryImageOfPage\":{\"@id\":\"https:\/\/embreis.com\/dk\/produkt\/espine-tx\/#primaryimage\"},\"image\":{\"@id\":\"https:\/\/embreis.com\/dk\/produkt\/espine-tx\/#primaryimage\"},\"thumbnailUrl\":\"https:\/\/embreis.com\/dk\/wp-content\/uploads\/sites\/8\/2020\/11\/E50510X_850_1.jpg\",\"datePublished\":\"2020-11-30T15:31:56+00:00\",\"dateModified\":\"2021-02-16T09:55:40+00:00\",\"breadcrumb\":{\"@id\":\"https:\/\/embreis.com\/dk\/produkt\/espine-tx\/#breadcrumb\"},\"inLanguage\":\"sv-SE\",\"potentialAction\":[{\"@type\":\"ReadAction\",\"target\":[\"https:\/\/embreis.com\/dk\/produkt\/espine-tx\/\"]}]},{\"@type\":\"ImageObject\",\"inLanguage\":\"sv-SE\",\"@id\":\"https:\/\/embreis.com\/dk\/produkt\/espine-tx\/#primaryimage\",\"url\":\"https:\/\/embreis.com\/dk\/wp-content\/uploads\/sites\/8\/2020\/11\/E50510X_850_1.jpg\",\"contentUrl\":\"https:\/\/embreis.com\/dk\/wp-content\/uploads\/sites\/8\/2020\/11\/E50510X_850_1.jpg\",\"width\":850,\"height\":850},{\"@type\":\"BreadcrumbList\",\"@id\":\"https:\/\/embreis.com\/dk\/produkt\/espine-tx\/#breadcrumb\",\"itemListElement\":[{\"@type\":\"ListItem\",\"position\":1,\"name\":\"Hem\",\"item\":\"https:\/\/embreis.com\/dk\/\"},{\"@type\":\"ListItem\",\"position\":2,\"name\":\"Sortiment\",\"item\":\"https:\/\/embreis.com\/dk\/sortiment\/\"},{\"@type\":\"ListItem\",\"position\":3,\"name\":\"Ortos\",\"item\":\"https:\/\/embreis.com\/dk\/produktkategori\/ortos\/\"},{\"@type\":\"ListItem\",\"position\":4,\"name\":\"Rygg\",\"item\":\"https:\/\/embreis.com\/dk\/produktkategori\/ortos\/rygg\/\"},{\"@type\":\"ListItem\",\"position\":5,\"name\":\"St\u00f6d\/Kompression\",\"item\":\"https:\/\/embreis.com\/dk\/produktkategori\/ortos\/rygg\/stod-kompression-rygg-ortos\/\"},{\"@type\":\"ListItem\",\"position\":6,\"name\":\"eSpine TX\"}]},{\"@type\":\"WebSite\",\"@id\":\"https:\/\/embreis.com\/dk\/#website\",\"url\":\"https:\/\/embreis.com\/dk\/\",\"name\":\"Embreis DK\",\"description\":\"Ortoser, proteser och material\",\"potentialAction\":[{\"@type\":\"SearchAction\",\"target\":{\"@type\":\"EntryPoint\",\"urlTemplate\":\"https:\/\/embreis.com\/dk\/?s={search_term_string}\"},\"query-input\":{\"@type\":\"PropertyValueSpecification\",\"valueRequired\":true,\"valueName\":\"search_term_string\"}}],\"inLanguage\":\"sv-SE\"}]}<\/script>\n<!-- \/ Yoast SEO Premium plugin. -->","yoast_head_json":{"title":"eSpine TX - Embreis DK","robots":{"index":"index","follow":"follow","max-snippet":"max-snippet:-1","max-image-preview":"max-image-preview:large","max-video-preview":"max-video-preview:-1"},"canonical":"https:\/\/embreis.com\/dk\/produkt\/espine-tx\/","og_locale":"sv_SE","og_type":"article","og_title":"eSpine TX","og_description":"H\u00e5llningskorrigerande  St\u00f6djer br\u00f6strygg  Avlastar br\u00f6strygg och nacke  Reglerbara axelremmar","og_url":"https:\/\/embreis.com\/dk\/produkt\/espine-tx\/","og_site_name":"Embreis DK","article_modified_time":"2021-02-16T09:55:40+00:00","og_image":[{"width":850,"height":850,"url":"https:\/\/embreis.com\/dk\/wp-content\/uploads\/sites\/8\/2020\/11\/E50510X_850_1.jpg","type":"image\/jpeg"}],"twitter_card":"summary_large_image","twitter_misc":{"Ber\u00e4knad l\u00e4stid":"1 minut"},"schema":{"@context":"https:\/\/schema.org","@graph":[{"@type":"WebPage","@id":"https:\/\/embreis.com\/dk\/produkt\/espine-tx\/","url":"https:\/\/embreis.com\/dk\/produkt\/espine-tx\/","name":"eSpine TX - Embreis DK","isPartOf":{"@id":"https:\/\/embreis.com\/dk\/#website"},"primaryImageOfPage":{"@id":"https:\/\/embreis.com\/dk\/produkt\/espine-tx\/#primaryimage"},"image":{"@id":"https:\/\/embreis.com\/dk\/produkt\/espine-tx\/#primaryimage"},"thumbnailUrl":"https:\/\/embreis.com\/dk\/wp-content\/uploads\/sites\/8\/2020\/11\/E50510X_850_1.jpg","datePublished":"2020-11-30T15:31:56+00:00","dateModified":"2021-02-16T09:55:40+00:00","breadcrumb":{"@id":"https:\/\/embreis.com\/dk\/produkt\/espine-tx\/#breadcrumb"},"inLanguage":"sv-SE","potentialAction":[{"@type":"ReadAction","target":["https:\/\/embreis.com\/dk\/produkt\/espine-tx\/"]}]},{"@type":"ImageObject","inLanguage":"sv-SE","@id":"https:\/\/embreis.com\/dk\/produkt\/espine-tx\/#primaryimage","url":"https:\/\/embreis.com\/dk\/wp-content\/uploads\/sites\/8\/2020\/11\/E50510X_850_1.jpg","contentUrl":"https:\/\/embreis.com\/dk\/wp-content\/uploads\/sites\/8\/2020\/11\/E50510X_850_1.jpg","width":850,"height":850},{"@type":"BreadcrumbList","@id":"https:\/\/embreis.com\/dk\/produkt\/espine-tx\/#breadcrumb","itemListElement":[{"@type":"ListItem","position":1,"name":"Hem","item":"https:\/\/embreis.com\/dk\/"},{"@type":"ListItem","position":2,"name":"Sortiment","item":"https:\/\/embreis.com\/dk\/sortiment\/"},{"@type":"ListItem","position":3,"name":"Ortos","item":"https:\/\/embreis.com\/dk\/produktkategori\/ortos\/"},{"@type":"ListItem","position":4,"name":"Rygg","item":"https:\/\/embreis.com\/dk\/produktkategori\/ortos\/rygg\/"},{"@type":"ListItem","position":5,"name":"St\u00f6d\/Kompression","item":"https:\/\/embreis.com\/dk\/produktkategori\/ortos\/rygg\/stod-kompression-rygg-ortos\/"},{"@type":"ListItem","position":6,"name":"eSpine TX"}]},{"@type":"WebSite","@id":"https:\/\/embreis.com\/dk\/#website","url":"https:\/\/embreis.com\/dk\/","name":"Embreis DK","description":"Ortoser, proteser och material","potentialAction":[{"@type":"SearchAction","target":{"@type":"EntryPoint","urlTemplate":"https:\/\/embreis.com\/dk\/?s={search_term_string}"},"query-input":{"@type":"PropertyValueSpecification","valueRequired":true,"valueName":"search_term_string"}}],"inLanguage":"sv-SE"}]}},"_links":{"self":[{"href":"https:\/\/embreis.com\/dk\/wp-json\/wp\/v2\/product\/8315","targetHints":{"allow":["GET"]}}],"collection":[{"href":"https:\/\/embreis.com\/dk\/wp-json\/wp\/v2\/product"}],"about":[{"href":"https:\/\/embreis.com\/dk\/wp-json\/wp\/v2\/types\/product"}],"wp:featuredmedia":[{"embeddable":true,"href":"https:\/\/embreis.com\/dk\/wp-json\/wp\/v2\/media\/8602"}],"wp:attachment":[{"href":"https:\/\/embreis.com\/dk\/wp-json\/wp\/v2\/media?parent=8315"}],"wp:term":[{"taxonomy":"product_brand","embeddable":true,"href":"https:\/\/embreis.com\/dk\/wp-json\/wp\/v2\/product_brand?post=8315"},{"taxonomy":"product_cat","embeddable":true,"href":"https:\/\/embreis.com\/dk\/wp-json\/wp\/v2\/product_cat?post=8315"},{"taxonomy":"product_tag","embeddable":true,"href":"https:\/\/embreis.com\/dk\/wp-json\/wp\/v2\/product_tag?post=8315"}],"curies":[{"name":"wp","href":"https:\/\/api.w.org\/{rel}","templated":true}]}}