{"id":6457,"date":"2020-07-30T19:10:28","date_gmt":"2020-07-30T17:10:28","guid":{"rendered":"http:\/\/embreiscom.wpengine.com\/product\/kasseler-patella-strap-2\/"},"modified":"2021-02-10T19:08:58","modified_gmt":"2021-02-10T17:08:58","slug":"kasseler-patella-strap","status":"publish","type":"product","link":"https:\/\/embreis.com\/dk\/produkt\/kasseler-patella-strap\/","title":{"rendered":"Kasseler Patella Strap"},"content":{"rendered":"<p>Kasseler Patella Strap anv\u00e4nd f\u00f6r att avlasta patelarsenan och ge st\u00f6d och lyft av kn\u00e4sk\u00e5len. Bandet g\u00e5r cirkul\u00e4rt under kn\u00e4sk\u00e5len och har en kfraftig pelott f\u00f6r \u00f6kat tryck. Mjukt och bekv\u00e4mt material. St\u00f6d och omf\u00e5ng regleras enkelt med kardborre. L\u00e4tt och smidig. Passar h\u00f6ger och v\u00e4nster sida.<\/p>\n","protected":false},"excerpt":{"rendered":"<ul>\n<li>Cirkul\u00e4rt st\u00f6d under patella<\/li>\n<li>Kraftig pelott<\/li>\n<li>Slitstark neoprene<\/li>\n<li>Mjuk och behaglig<\/li>\n<\/ul>\n","protected":false},"featured_media":167,"template":"","meta":[],"product_brand":[],"product_cat":[217,222,1228],"product_tag":[],"class_list":{"0":"post-6457","1":"product","2":"type-product","3":"status-publish","4":"has-post-thumbnail","6":"product_cat-ortos","7":"product_cat-kna","8":"product_cat-patellaortos","9":"pa_varumarke-sporlastic","11":"first","12":"instock","13":"shipping-taxable","14":"product-type-variable"},"acf":[],"yoast_head":"<!-- This site is optimized with the Yoast SEO Premium plugin v27.3 (Yoast SEO v27.3) - https:\/\/yoast.com\/product\/yoast-seo-premium-wordpress\/ -->\n<title>Kasseler Patella Strap - Embreis DK<\/title>\n<meta name=\"robots\" content=\"index, follow, max-snippet:-1, max-image-preview:large, max-video-preview:-1\" \/>\n<link rel=\"canonical\" href=\"https:\/\/embreis.com\/dk\/produkt\/kasseler-patella-strap\/\" \/>\n<meta property=\"og:locale\" content=\"sv_SE\" \/>\n<meta property=\"og:type\" content=\"article\" \/>\n<meta property=\"og:title\" content=\"Kasseler Patella Strap\" \/>\n<meta property=\"og:description\" content=\"Cirkul\u00e4rt st\u00f6d under patella  Kraftig pelott  Slitstark neoprene  Mjuk och behaglig\" \/>\n<meta property=\"og:url\" content=\"https:\/\/embreis.com\/dk\/produkt\/kasseler-patella-strap\/\" \/>\n<meta property=\"og:site_name\" content=\"Embreis DK\" \/>\n<meta property=\"article:modified_time\" content=\"2021-02-10T17:08:58+00:00\" \/>\n<meta property=\"og:image\" content=\"https:\/\/embreis.com\/dk\/wp-content\/uploads\/sites\/8\/2019\/08\/kasseler.jpg\" \/>\n\t<meta property=\"og:image:width\" content=\"850\" \/>\n\t<meta property=\"og:image:height\" content=\"850\" \/>\n\t<meta property=\"og:image:type\" content=\"image\/jpeg\" \/>\n<meta name=\"twitter:card\" content=\"summary_large_image\" \/>\n<script type=\"application\/ld+json\" class=\"yoast-schema-graph\">{\"@context\":\"https:\\\/\\\/schema.org\",\"@graph\":[{\"@type\":\"WebPage\",\"@id\":\"https:\\\/\\\/embreis.com\\\/dk\\\/produkt\\\/kasseler-patella-strap\\\/\",\"url\":\"https:\\\/\\\/embreis.com\\\/dk\\\/produkt\\\/kasseler-patella-strap\\\/\",\"name\":\"Kasseler Patella Strap - Embreis DK\",\"isPartOf\":{\"@id\":\"https:\\\/\\\/embreis.com\\\/dk\\\/#website\"},\"primaryImageOfPage\":{\"@id\":\"https:\\\/\\\/embreis.com\\\/dk\\\/produkt\\\/kasseler-patella-strap\\\/#primaryimage\"},\"image\":{\"@id\":\"https:\\\/\\\/embreis.com\\\/dk\\\/produkt\\\/kasseler-patella-strap\\\/#primaryimage\"},\"thumbnailUrl\":\"https:\\\/\\\/embreis.com\\\/dk\\\/wp-content\\\/uploads\\\/sites\\\/8\\\/2019\\\/08\\\/kasseler.jpg\",\"datePublished\":\"2020-07-30T17:10:28+00:00\",\"dateModified\":\"2021-02-10T17:08:58+00:00\",\"breadcrumb\":{\"@id\":\"https:\\\/\\\/embreis.com\\\/dk\\\/produkt\\\/kasseler-patella-strap\\\/#breadcrumb\"},\"inLanguage\":\"sv-SE\",\"potentialAction\":[{\"@type\":\"ReadAction\",\"target\":[\"https:\\\/\\\/embreis.com\\\/dk\\\/produkt\\\/kasseler-patella-strap\\\/\"]}]},{\"@type\":\"ImageObject\",\"inLanguage\":\"sv-SE\",\"@id\":\"https:\\\/\\\/embreis.com\\\/dk\\\/produkt\\\/kasseler-patella-strap\\\/#primaryimage\",\"url\":\"https:\\\/\\\/embreis.com\\\/dk\\\/wp-content\\\/uploads\\\/sites\\\/8\\\/2019\\\/08\\\/kasseler.jpg\",\"contentUrl\":\"https:\\\/\\\/embreis.com\\\/dk\\\/wp-content\\\/uploads\\\/sites\\\/8\\\/2019\\\/08\\\/kasseler.jpg\",\"width\":850,\"height\":850},{\"@type\":\"BreadcrumbList\",\"@id\":\"https:\\\/\\\/embreis.com\\\/dk\\\/produkt\\\/kasseler-patella-strap\\\/#breadcrumb\",\"itemListElement\":[{\"@type\":\"ListItem\",\"position\":1,\"name\":\"Hem\",\"item\":\"https:\\\/\\\/embreis.com\\\/dk\\\/\"},{\"@type\":\"ListItem\",\"position\":2,\"name\":\"Sortiment\",\"item\":\"https:\\\/\\\/embreis.com\\\/dk\\\/sortiment\\\/\"},{\"@type\":\"ListItem\",\"position\":3,\"name\":\"Ortos\",\"item\":\"https:\\\/\\\/embreis.com\\\/dk\\\/produktkategori\\\/ortos\\\/\"},{\"@type\":\"ListItem\",\"position\":4,\"name\":\"Kn\u00e4\",\"item\":\"https:\\\/\\\/embreis.com\\\/dk\\\/produktkategori\\\/ortos\\\/kna\\\/\"},{\"@type\":\"ListItem\",\"position\":5,\"name\":\"Patellaortos\",\"item\":\"https:\\\/\\\/embreis.com\\\/dk\\\/produktkategori\\\/ortos\\\/kna\\\/patellaortos\\\/\"},{\"@type\":\"ListItem\",\"position\":6,\"name\":\"Kasseler Patella Strap\"}]},{\"@type\":\"WebSite\",\"@id\":\"https:\\\/\\\/embreis.com\\\/dk\\\/#website\",\"url\":\"https:\\\/\\\/embreis.com\\\/dk\\\/\",\"name\":\"Embreis DK\",\"description\":\"Ortoser, proteser och material\",\"potentialAction\":[{\"@type\":\"SearchAction\",\"target\":{\"@type\":\"EntryPoint\",\"urlTemplate\":\"https:\\\/\\\/embreis.com\\\/dk\\\/?s={search_term_string}\"},\"query-input\":{\"@type\":\"PropertyValueSpecification\",\"valueRequired\":true,\"valueName\":\"search_term_string\"}}],\"inLanguage\":\"sv-SE\"}]}<\/script>\n<!-- \/ Yoast SEO Premium plugin. -->","yoast_head_json":{"title":"Kasseler Patella Strap - Embreis DK","robots":{"index":"index","follow":"follow","max-snippet":"max-snippet:-1","max-image-preview":"max-image-preview:large","max-video-preview":"max-video-preview:-1"},"canonical":"https:\/\/embreis.com\/dk\/produkt\/kasseler-patella-strap\/","og_locale":"sv_SE","og_type":"article","og_title":"Kasseler Patella Strap","og_description":"Cirkul\u00e4rt st\u00f6d under patella  Kraftig pelott  Slitstark neoprene  Mjuk och behaglig","og_url":"https:\/\/embreis.com\/dk\/produkt\/kasseler-patella-strap\/","og_site_name":"Embreis DK","article_modified_time":"2021-02-10T17:08:58+00:00","og_image":[{"width":850,"height":850,"url":"https:\/\/embreis.com\/dk\/wp-content\/uploads\/sites\/8\/2019\/08\/kasseler.jpg","type":"image\/jpeg"}],"twitter_card":"summary_large_image","schema":{"@context":"https:\/\/schema.org","@graph":[{"@type":"WebPage","@id":"https:\/\/embreis.com\/dk\/produkt\/kasseler-patella-strap\/","url":"https:\/\/embreis.com\/dk\/produkt\/kasseler-patella-strap\/","name":"Kasseler Patella Strap - Embreis DK","isPartOf":{"@id":"https:\/\/embreis.com\/dk\/#website"},"primaryImageOfPage":{"@id":"https:\/\/embreis.com\/dk\/produkt\/kasseler-patella-strap\/#primaryimage"},"image":{"@id":"https:\/\/embreis.com\/dk\/produkt\/kasseler-patella-strap\/#primaryimage"},"thumbnailUrl":"https:\/\/embreis.com\/dk\/wp-content\/uploads\/sites\/8\/2019\/08\/kasseler.jpg","datePublished":"2020-07-30T17:10:28+00:00","dateModified":"2021-02-10T17:08:58+00:00","breadcrumb":{"@id":"https:\/\/embreis.com\/dk\/produkt\/kasseler-patella-strap\/#breadcrumb"},"inLanguage":"sv-SE","potentialAction":[{"@type":"ReadAction","target":["https:\/\/embreis.com\/dk\/produkt\/kasseler-patella-strap\/"]}]},{"@type":"ImageObject","inLanguage":"sv-SE","@id":"https:\/\/embreis.com\/dk\/produkt\/kasseler-patella-strap\/#primaryimage","url":"https:\/\/embreis.com\/dk\/wp-content\/uploads\/sites\/8\/2019\/08\/kasseler.jpg","contentUrl":"https:\/\/embreis.com\/dk\/wp-content\/uploads\/sites\/8\/2019\/08\/kasseler.jpg","width":850,"height":850},{"@type":"BreadcrumbList","@id":"https:\/\/embreis.com\/dk\/produkt\/kasseler-patella-strap\/#breadcrumb","itemListElement":[{"@type":"ListItem","position":1,"name":"Hem","item":"https:\/\/embreis.com\/dk\/"},{"@type":"ListItem","position":2,"name":"Sortiment","item":"https:\/\/embreis.com\/dk\/sortiment\/"},{"@type":"ListItem","position":3,"name":"Ortos","item":"https:\/\/embreis.com\/dk\/produktkategori\/ortos\/"},{"@type":"ListItem","position":4,"name":"Kn\u00e4","item":"https:\/\/embreis.com\/dk\/produktkategori\/ortos\/kna\/"},{"@type":"ListItem","position":5,"name":"Patellaortos","item":"https:\/\/embreis.com\/dk\/produktkategori\/ortos\/kna\/patellaortos\/"},{"@type":"ListItem","position":6,"name":"Kasseler Patella Strap"}]},{"@type":"WebSite","@id":"https:\/\/embreis.com\/dk\/#website","url":"https:\/\/embreis.com\/dk\/","name":"Embreis DK","description":"Ortoser, proteser och material","potentialAction":[{"@type":"SearchAction","target":{"@type":"EntryPoint","urlTemplate":"https:\/\/embreis.com\/dk\/?s={search_term_string}"},"query-input":{"@type":"PropertyValueSpecification","valueRequired":true,"valueName":"search_term_string"}}],"inLanguage":"sv-SE"}]}},"_links":{"self":[{"href":"https:\/\/embreis.com\/dk\/wp-json\/wp\/v2\/product\/6457","targetHints":{"allow":["GET"]}}],"collection":[{"href":"https:\/\/embreis.com\/dk\/wp-json\/wp\/v2\/product"}],"about":[{"href":"https:\/\/embreis.com\/dk\/wp-json\/wp\/v2\/types\/product"}],"wp:featuredmedia":[{"embeddable":true,"href":"https:\/\/embreis.com\/dk\/wp-json\/wp\/v2\/media\/167"}],"wp:attachment":[{"href":"https:\/\/embreis.com\/dk\/wp-json\/wp\/v2\/media?parent=6457"}],"wp:term":[{"taxonomy":"product_brand","embeddable":true,"href":"https:\/\/embreis.com\/dk\/wp-json\/wp\/v2\/product_brand?post=6457"},{"taxonomy":"product_cat","embeddable":true,"href":"https:\/\/embreis.com\/dk\/wp-json\/wp\/v2\/product_cat?post=6457"},{"taxonomy":"product_tag","embeddable":true,"href":"https:\/\/embreis.com\/dk\/wp-json\/wp\/v2\/product_tag?post=6457"}],"curies":[{"name":"wp","href":"https:\/\/api.w.org\/{rel}","templated":true}]}}