{"id":407,"date":"2019-08-26T08:57:40","date_gmt":"2019-08-26T06:57:40","guid":{"rendered":"http:\/\/embreiscom.wpengine.com\/?product=import-placeholder-for-20014"},"modified":"2021-02-16T12:21:05","modified_gmt":"2021-02-16T10:21:05","slug":"epicondylitbandage-epi-hit","status":"publish","type":"product","link":"https:\/\/embreis.com\/dk\/produkt\/epicondylitbandage-epi-hit\/","title":{"rendered":"Epi-Hit"},"content":{"rendered":"<p>Epi-Hit \u00e4r ett avlastande skydd f\u00f6r tennisarmb\u00e5ge och f\u00f6ljer ett koncept f\u00f6r behandling av epicondylit eller s\u00e5 kallad tennisarm \/ musarm best\u00e5ende av tv\u00e5 bandage, epicondylitsp\u00e4nne och handledsbandage. Epicondylitsp\u00e4nnet \u00e4r universal i omf\u00e5ng f\u00f6r att passa alla typer av underarmar och ger effektivt tryck och avlastning av det \u00f6veranstr\u00e4ngda eller inflammerade omr\u00e5det kring armb\u00e5gens muskelf\u00e4sten. Handledsbandaget ger st\u00f6d och p\u00e5minnelse att begr\u00e4nsa handledens ytterl\u00e4gen vilket \u00e4ven p\u00e5verkar muskelf\u00e4stet i armb\u00e5gen. B\u00e5da bandagen kan \u00e4ven anv\u00e4ndas var f\u00f6r sig. Passar h\u00f6ger och v\u00e4nster.<\/p>\n","protected":false},"excerpt":{"rendered":"<ul>\n<li>Effektivt epicondylitsp\u00e4nne<\/li>\n<li>Universalstorlek<\/li>\n<li>Arm och handbandage<\/li>\n<li>Passar h\u00f6ger och v\u00e4nster<\/li>\n<\/ul>\n","protected":false},"featured_media":441,"template":"","meta":[],"product_brand":[],"product_cat":[217,218,1266],"product_tag":[],"class_list":{"0":"post-407","1":"product","2":"type-product","3":"status-publish","4":"has-post-thumbnail","6":"product_cat-ortos","7":"product_cat-arm","8":"product_cat-epicondylitspanne","9":"pa_varumarke-sporlastic","11":"first","12":"outofstock","13":"shipping-taxable","14":"product-type-variable"},"acf":[],"yoast_head":"<!-- This site is optimized with the Yoast SEO Premium plugin v25.3.1 (Yoast SEO v25.3.1) - https:\/\/yoast.com\/wordpress\/plugins\/seo\/ -->\n<title>Epi-Hit avlastande skydd f\u00f6r Tennisarmb\u00e5ge | REHABgrossisten<\/title>\n<meta name=\"description\" content=\"Avlastande skydd f\u00f6r Tennisarmb\u00e5ge, Epi-Hit \u00e4r ett koncept f\u00f6r behandling av epicondylit eller s.k. tennisarm \/ musarm och best\u00e5r av tv\u00e5 bandage, epicondylitsp\u00e4nne och handledsbandage f\u00f6r avlastning av senf\u00e4ste armb\u00e5gen samt stabilisering av handled.\" \/>\n<meta name=\"robots\" content=\"index, follow, max-snippet:-1, max-image-preview:large, max-video-preview:-1\" \/>\n<link rel=\"canonical\" href=\"https:\/\/embreis.com\/dk\/produkt\/epicondylitbandage-epi-hit\/\" \/>\n<meta property=\"og:locale\" content=\"sv_SE\" \/>\n<meta property=\"og:type\" content=\"article\" \/>\n<meta property=\"og:title\" content=\"Avlastande skydd vid Tennisarmb\u00e5ge | REHABgrossisten\" \/>\n<meta property=\"og:description\" content=\"Vid tennisarm g\u00f6r det ont p\u00e5 armb\u00e5gens utsida. Ofta str\u00e5lar sm\u00e4rtan ner i underarmen mot handen och handens funktion f\u00f6rs\u00e4mras. Tennisarmb\u00e5ge brukar l\u00e4ka av sig sj\u00e4lv, med r\u00e4tt skydd, vila och sm\u00e4rtstillande l\u00e4kemedel kan det g\u00e5 snabbare att komma till sm\u00e4rtfrihet. Kontakta oss om du vill ha hj\u00e4lp.\" \/>\n<meta property=\"og:url\" content=\"https:\/\/embreis.com\/dk\/produkt\/epicondylitbandage-epi-hit\/\" \/>\n<meta property=\"og:site_name\" content=\"Embreis DK\" \/>\n<meta property=\"article:modified_time\" content=\"2021-02-16T10:21:05+00:00\" \/>\n<meta name=\"twitter:card\" content=\"summary_large_image\" \/>\n<meta name=\"twitter:title\" content=\"Avlastande skydd vid Tennisarmb\u00e5ge | REHABgrossisten\" \/>\n<meta name=\"twitter:description\" content=\"Vid tennisarm g\u00f6r det ont p\u00e5 armb\u00e5gens utsida, ofta str\u00e5lar sm\u00e4rtan ner i underarmen mot handen. Kontakta oss du beh\u00f6ver hj\u00e4lp.\" \/>\n<meta name=\"twitter:image\" content=\"https:\/\/embreis.com\/dk\/wp-content\/uploads\/sites\/8\/2019\/08\/epi-hit.jpg\" \/>\n<meta name=\"twitter:label1\" content=\"Ber\u00e4knad l\u00e4stid\" \/>\n\t<meta name=\"twitter:data1\" content=\"1 minut\" \/>\n<script type=\"application\/ld+json\" class=\"yoast-schema-graph\">{\"@context\":\"https:\/\/schema.org\",\"@graph\":[{\"@type\":\"WebPage\",\"@id\":\"https:\/\/embreis.com\/dk\/produkt\/epicondylitbandage-epi-hit\/\",\"url\":\"https:\/\/embreis.com\/dk\/produkt\/epicondylitbandage-epi-hit\/\",\"name\":\"Epi-Hit avlastande skydd f\u00f6r Tennisarmb\u00e5ge | REHABgrossisten\",\"isPartOf\":{\"@id\":\"https:\/\/embreis.com\/dk\/#website\"},\"primaryImageOfPage\":{\"@id\":\"https:\/\/embreis.com\/dk\/produkt\/epicondylitbandage-epi-hit\/#primaryimage\"},\"image\":{\"@id\":\"https:\/\/embreis.com\/dk\/produkt\/epicondylitbandage-epi-hit\/#primaryimage\"},\"thumbnailUrl\":\"https:\/\/embreis.com\/dk\/wp-content\/uploads\/sites\/8\/2019\/08\/epi-hit.jpg\",\"datePublished\":\"2019-08-26T06:57:40+00:00\",\"dateModified\":\"2021-02-16T10:21:05+00:00\",\"description\":\"Avlastande skydd f\u00f6r Tennisarmb\u00e5ge, Epi-Hit \u00e4r ett koncept f\u00f6r behandling av epicondylit eller s.k. tennisarm \/ musarm och best\u00e5r av tv\u00e5 bandage, epicondylitsp\u00e4nne och handledsbandage f\u00f6r avlastning av senf\u00e4ste armb\u00e5gen samt stabilisering av handled.\",\"breadcrumb\":{\"@id\":\"https:\/\/embreis.com\/dk\/produkt\/epicondylitbandage-epi-hit\/#breadcrumb\"},\"inLanguage\":\"sv-SE\",\"potentialAction\":[{\"@type\":\"ReadAction\",\"target\":[\"https:\/\/embreis.com\/dk\/produkt\/epicondylitbandage-epi-hit\/\"]}]},{\"@type\":\"ImageObject\",\"inLanguage\":\"sv-SE\",\"@id\":\"https:\/\/embreis.com\/dk\/produkt\/epicondylitbandage-epi-hit\/#primaryimage\",\"url\":\"https:\/\/embreis.com\/dk\/wp-content\/uploads\/sites\/8\/2019\/08\/epi-hit.jpg\",\"contentUrl\":\"https:\/\/embreis.com\/dk\/wp-content\/uploads\/sites\/8\/2019\/08\/epi-hit.jpg\",\"width\":850,\"height\":850},{\"@type\":\"BreadcrumbList\",\"@id\":\"https:\/\/embreis.com\/dk\/produkt\/epicondylitbandage-epi-hit\/#breadcrumb\",\"itemListElement\":[{\"@type\":\"ListItem\",\"position\":1,\"name\":\"Hem\",\"item\":\"https:\/\/embreis.com\/dk\/\"},{\"@type\":\"ListItem\",\"position\":2,\"name\":\"Sortiment\",\"item\":\"https:\/\/embreis.com\/dk\/sortiment\/\"},{\"@type\":\"ListItem\",\"position\":3,\"name\":\"Ortos\",\"item\":\"https:\/\/embreis.com\/dk\/produktkategori\/ortos\/\"},{\"@type\":\"ListItem\",\"position\":4,\"name\":\"Arm\",\"item\":\"https:\/\/embreis.com\/dk\/produktkategori\/ortos\/arm\/\"},{\"@type\":\"ListItem\",\"position\":5,\"name\":\"Epicondylitsp\u00e4nne\",\"item\":\"https:\/\/embreis.com\/dk\/produktkategori\/ortos\/arm\/epicondylitspanne\/\"},{\"@type\":\"ListItem\",\"position\":6,\"name\":\"Epi-Hit\"}]},{\"@type\":\"WebSite\",\"@id\":\"https:\/\/embreis.com\/dk\/#website\",\"url\":\"https:\/\/embreis.com\/dk\/\",\"name\":\"Embreis DK\",\"description\":\"Ortoser, proteser och material\",\"potentialAction\":[{\"@type\":\"SearchAction\",\"target\":{\"@type\":\"EntryPoint\",\"urlTemplate\":\"https:\/\/embreis.com\/dk\/?s={search_term_string}\"},\"query-input\":{\"@type\":\"PropertyValueSpecification\",\"valueRequired\":true,\"valueName\":\"search_term_string\"}}],\"inLanguage\":\"sv-SE\"}]}<\/script>\n<!-- \/ Yoast SEO Premium plugin. -->","yoast_head_json":{"title":"Epi-Hit avlastande skydd f\u00f6r Tennisarmb\u00e5ge | REHABgrossisten","description":"Avlastande skydd f\u00f6r Tennisarmb\u00e5ge, Epi-Hit \u00e4r ett koncept f\u00f6r behandling av epicondylit eller s.k. tennisarm \/ musarm och best\u00e5r av tv\u00e5 bandage, epicondylitsp\u00e4nne och handledsbandage f\u00f6r avlastning av senf\u00e4ste armb\u00e5gen samt stabilisering av handled.","robots":{"index":"index","follow":"follow","max-snippet":"max-snippet:-1","max-image-preview":"max-image-preview:large","max-video-preview":"max-video-preview:-1"},"canonical":"https:\/\/embreis.com\/dk\/produkt\/epicondylitbandage-epi-hit\/","og_locale":"sv_SE","og_type":"article","og_title":"Avlastande skydd vid Tennisarmb\u00e5ge | REHABgrossisten","og_description":"Vid tennisarm g\u00f6r det ont p\u00e5 armb\u00e5gens utsida. Ofta str\u00e5lar sm\u00e4rtan ner i underarmen mot handen och handens funktion f\u00f6rs\u00e4mras. Tennisarmb\u00e5ge brukar l\u00e4ka av sig sj\u00e4lv, med r\u00e4tt skydd, vila och sm\u00e4rtstillande l\u00e4kemedel kan det g\u00e5 snabbare att komma till sm\u00e4rtfrihet. Kontakta oss om du vill ha hj\u00e4lp.","og_url":"https:\/\/embreis.com\/dk\/produkt\/epicondylitbandage-epi-hit\/","og_site_name":"Embreis DK","article_modified_time":"2021-02-16T10:21:05+00:00","twitter_card":"summary_large_image","twitter_title":"Avlastande skydd vid Tennisarmb\u00e5ge | REHABgrossisten","twitter_description":"Vid tennisarm g\u00f6r det ont p\u00e5 armb\u00e5gens utsida, ofta str\u00e5lar sm\u00e4rtan ner i underarmen mot handen. Kontakta oss du beh\u00f6ver hj\u00e4lp.","twitter_image":"https:\/\/embreis.com\/dk\/wp-content\/uploads\/sites\/8\/2019\/08\/epi-hit.jpg","twitter_misc":{"Ber\u00e4knad l\u00e4stid":"1 minut"},"schema":{"@context":"https:\/\/schema.org","@graph":[{"@type":"WebPage","@id":"https:\/\/embreis.com\/dk\/produkt\/epicondylitbandage-epi-hit\/","url":"https:\/\/embreis.com\/dk\/produkt\/epicondylitbandage-epi-hit\/","name":"Epi-Hit avlastande skydd f\u00f6r Tennisarmb\u00e5ge | REHABgrossisten","isPartOf":{"@id":"https:\/\/embreis.com\/dk\/#website"},"primaryImageOfPage":{"@id":"https:\/\/embreis.com\/dk\/produkt\/epicondylitbandage-epi-hit\/#primaryimage"},"image":{"@id":"https:\/\/embreis.com\/dk\/produkt\/epicondylitbandage-epi-hit\/#primaryimage"},"thumbnailUrl":"https:\/\/embreis.com\/dk\/wp-content\/uploads\/sites\/8\/2019\/08\/epi-hit.jpg","datePublished":"2019-08-26T06:57:40+00:00","dateModified":"2021-02-16T10:21:05+00:00","description":"Avlastande skydd f\u00f6r Tennisarmb\u00e5ge, Epi-Hit \u00e4r ett koncept f\u00f6r behandling av epicondylit eller s.k. tennisarm \/ musarm och best\u00e5r av tv\u00e5 bandage, epicondylitsp\u00e4nne och handledsbandage f\u00f6r avlastning av senf\u00e4ste armb\u00e5gen samt stabilisering av handled.","breadcrumb":{"@id":"https:\/\/embreis.com\/dk\/produkt\/epicondylitbandage-epi-hit\/#breadcrumb"},"inLanguage":"sv-SE","potentialAction":[{"@type":"ReadAction","target":["https:\/\/embreis.com\/dk\/produkt\/epicondylitbandage-epi-hit\/"]}]},{"@type":"ImageObject","inLanguage":"sv-SE","@id":"https:\/\/embreis.com\/dk\/produkt\/epicondylitbandage-epi-hit\/#primaryimage","url":"https:\/\/embreis.com\/dk\/wp-content\/uploads\/sites\/8\/2019\/08\/epi-hit.jpg","contentUrl":"https:\/\/embreis.com\/dk\/wp-content\/uploads\/sites\/8\/2019\/08\/epi-hit.jpg","width":850,"height":850},{"@type":"BreadcrumbList","@id":"https:\/\/embreis.com\/dk\/produkt\/epicondylitbandage-epi-hit\/#breadcrumb","itemListElement":[{"@type":"ListItem","position":1,"name":"Hem","item":"https:\/\/embreis.com\/dk\/"},{"@type":"ListItem","position":2,"name":"Sortiment","item":"https:\/\/embreis.com\/dk\/sortiment\/"},{"@type":"ListItem","position":3,"name":"Ortos","item":"https:\/\/embreis.com\/dk\/produktkategori\/ortos\/"},{"@type":"ListItem","position":4,"name":"Arm","item":"https:\/\/embreis.com\/dk\/produktkategori\/ortos\/arm\/"},{"@type":"ListItem","position":5,"name":"Epicondylitsp\u00e4nne","item":"https:\/\/embreis.com\/dk\/produktkategori\/ortos\/arm\/epicondylitspanne\/"},{"@type":"ListItem","position":6,"name":"Epi-Hit"}]},{"@type":"WebSite","@id":"https:\/\/embreis.com\/dk\/#website","url":"https:\/\/embreis.com\/dk\/","name":"Embreis DK","description":"Ortoser, proteser och material","potentialAction":[{"@type":"SearchAction","target":{"@type":"EntryPoint","urlTemplate":"https:\/\/embreis.com\/dk\/?s={search_term_string}"},"query-input":{"@type":"PropertyValueSpecification","valueRequired":true,"valueName":"search_term_string"}}],"inLanguage":"sv-SE"}]}},"_links":{"self":[{"href":"https:\/\/embreis.com\/dk\/wp-json\/wp\/v2\/product\/407","targetHints":{"allow":["GET"]}}],"collection":[{"href":"https:\/\/embreis.com\/dk\/wp-json\/wp\/v2\/product"}],"about":[{"href":"https:\/\/embreis.com\/dk\/wp-json\/wp\/v2\/types\/product"}],"wp:featuredmedia":[{"embeddable":true,"href":"https:\/\/embreis.com\/dk\/wp-json\/wp\/v2\/media\/441"}],"wp:attachment":[{"href":"https:\/\/embreis.com\/dk\/wp-json\/wp\/v2\/media?parent=407"}],"wp:term":[{"taxonomy":"product_brand","embeddable":true,"href":"https:\/\/embreis.com\/dk\/wp-json\/wp\/v2\/product_brand?post=407"},{"taxonomy":"product_cat","embeddable":true,"href":"https:\/\/embreis.com\/dk\/wp-json\/wp\/v2\/product_cat?post=407"},{"taxonomy":"product_tag","embeddable":true,"href":"https:\/\/embreis.com\/dk\/wp-json\/wp\/v2\/product_tag?post=407"}],"curies":[{"name":"wp","href":"https:\/\/api.w.org\/{rel}","templated":true}]}}