{"id":373,"date":"2019-08-26T08:56:43","date_gmt":"2019-08-26T06:56:43","guid":{"rendered":"http:\/\/embreiscom.wpengine.com\/?product=import-placeholder-for-19980"},"modified":"2021-02-10T19:17:54","modified_gmt":"2021-02-10T17:17:54","slug":"avlastande-halkopp-heeler","status":"publish","type":"product","link":"https:\/\/embreis.com\/dk\/produkt\/avlastande-halkopp-heeler\/","title":{"rendered":"Heeler"},"content":{"rendered":"<p>H\u00e4lkoppen Heeler \u00e4r framtagen av Barnortopediskt Centrum och Dr. Lennart Sandberg. Den bygger p\u00e5 l\u00e5ng och ing\u00e5ende medicinsk erfarenhet. Produkten \u00e4r medicinskt optimalt utformad med en h\u00f6g anv\u00e4ndarv\u00e4nlighet och kvalitet.<\/p>\n<p>Heeler kan anv\u00e4ndas b\u00e5de f\u00f6r behandling av h\u00e4lsm\u00e4rta och i f\u00f6rebyggande syfte. H\u00e4lkoppen \u00e4r tillverkad med en platt yta f\u00f6r att inte tippa i skon som m\u00e5nga andra h\u00e4lkoppar g\u00f6r. Heeler greppar mot skons h\u00e4lkappa och sitter p\u00e5 plats. Inl\u00e4gget\u00a0\u00e4r uppbyggd f\u00f6r att st\u00f6dja h\u00e4lens fettkudde som d\u00e5 bygger p\u00e5 h\u00f6jden under h\u00e4lbenet f\u00f6r b\u00e4sta st\u00f6td\u00e4mpning och avlastning.\u00a0H\u00e4linl\u00e4ggen passar de flesta skor och g\u00f6r barnens vardag bekv\u00e4mare och enklare.<\/p>\n","protected":false},"excerpt":{"rendered":"<ul>\n<li>Stabil och tippar inte i skon<\/li>\n<li>Greppar mot skons h\u00e4lkappa<\/li>\n<li>Kan l\u00e4tt flyttas mellan skor<\/li>\n<li>Hudv\u00e4nligt material<\/li>\n<\/ul>\n","protected":false},"featured_media":397,"template":"","meta":[],"product_brand":[],"product_cat":[217,220,1222],"product_tag":[],"class_list":{"0":"post-373","1":"product","2":"type-product","3":"status-publish","4":"has-post-thumbnail","6":"product_cat-ortos","7":"product_cat-fot","8":"product_cat-skoinlagg","9":"pa_varumarke-heeler","11":"first","12":"outofstock","13":"shipping-taxable","14":"product-type-variable"},"acf":[],"yoast_head":"<!-- This site is optimized with the Yoast SEO Premium plugin v25.3.1 (Yoast SEO v25.3.1) - https:\/\/yoast.com\/wordpress\/plugins\/seo\/ -->\n<title>Heeler - Embreis DK<\/title>\n<meta name=\"robots\" content=\"index, follow, max-snippet:-1, max-image-preview:large, max-video-preview:-1\" \/>\n<link rel=\"canonical\" href=\"https:\/\/embreis.com\/dk\/produkt\/avlastande-halkopp-heeler\/\" \/>\n<meta property=\"og:locale\" content=\"sv_SE\" \/>\n<meta property=\"og:type\" content=\"article\" \/>\n<meta property=\"og:title\" content=\"Heeler\" \/>\n<meta property=\"og:description\" content=\"Stabil och tippar inte i skon  Greppar mot skons h\u00e4lkappa  Kan l\u00e4tt flyttas mellan skor  Hudv\u00e4nligt material\" \/>\n<meta property=\"og:url\" content=\"https:\/\/embreis.com\/dk\/produkt\/avlastande-halkopp-heeler\/\" \/>\n<meta property=\"og:site_name\" content=\"Embreis DK\" \/>\n<meta property=\"article:modified_time\" content=\"2021-02-10T17:17:54+00:00\" \/>\n<meta property=\"og:image\" content=\"https:\/\/embreis.com\/dk\/wp-content\/uploads\/sites\/8\/2019\/08\/heeler.halkopp.jpg\" \/>\n\t<meta property=\"og:image:width\" content=\"850\" \/>\n\t<meta property=\"og:image:height\" content=\"850\" \/>\n\t<meta property=\"og:image:type\" content=\"image\/jpeg\" \/>\n<meta name=\"twitter:card\" content=\"summary_large_image\" \/>\n<meta name=\"twitter:label1\" content=\"Ber\u00e4knad l\u00e4stid\" \/>\n\t<meta name=\"twitter:data1\" content=\"1 minut\" \/>\n<script type=\"application\/ld+json\" class=\"yoast-schema-graph\">{\"@context\":\"https:\/\/schema.org\",\"@graph\":[{\"@type\":\"WebPage\",\"@id\":\"https:\/\/embreis.com\/dk\/produkt\/avlastande-halkopp-heeler\/\",\"url\":\"https:\/\/embreis.com\/dk\/produkt\/avlastande-halkopp-heeler\/\",\"name\":\"Heeler - Embreis DK\",\"isPartOf\":{\"@id\":\"https:\/\/embreis.com\/dk\/#website\"},\"primaryImageOfPage\":{\"@id\":\"https:\/\/embreis.com\/dk\/produkt\/avlastande-halkopp-heeler\/#primaryimage\"},\"image\":{\"@id\":\"https:\/\/embreis.com\/dk\/produkt\/avlastande-halkopp-heeler\/#primaryimage\"},\"thumbnailUrl\":\"https:\/\/embreis.com\/dk\/wp-content\/uploads\/sites\/8\/2019\/08\/heeler.halkopp.jpg\",\"datePublished\":\"2019-08-26T06:56:43+00:00\",\"dateModified\":\"2021-02-10T17:17:54+00:00\",\"breadcrumb\":{\"@id\":\"https:\/\/embreis.com\/dk\/produkt\/avlastande-halkopp-heeler\/#breadcrumb\"},\"inLanguage\":\"sv-SE\",\"potentialAction\":[{\"@type\":\"ReadAction\",\"target\":[\"https:\/\/embreis.com\/dk\/produkt\/avlastande-halkopp-heeler\/\"]}]},{\"@type\":\"ImageObject\",\"inLanguage\":\"sv-SE\",\"@id\":\"https:\/\/embreis.com\/dk\/produkt\/avlastande-halkopp-heeler\/#primaryimage\",\"url\":\"https:\/\/embreis.com\/dk\/wp-content\/uploads\/sites\/8\/2019\/08\/heeler.halkopp.jpg\",\"contentUrl\":\"https:\/\/embreis.com\/dk\/wp-content\/uploads\/sites\/8\/2019\/08\/heeler.halkopp.jpg\",\"width\":850,\"height\":850},{\"@type\":\"BreadcrumbList\",\"@id\":\"https:\/\/embreis.com\/dk\/produkt\/avlastande-halkopp-heeler\/#breadcrumb\",\"itemListElement\":[{\"@type\":\"ListItem\",\"position\":1,\"name\":\"Hem\",\"item\":\"https:\/\/embreis.com\/dk\/\"},{\"@type\":\"ListItem\",\"position\":2,\"name\":\"Sortiment\",\"item\":\"https:\/\/embreis.com\/dk\/sortiment\/\"},{\"@type\":\"ListItem\",\"position\":3,\"name\":\"Ortos\",\"item\":\"https:\/\/embreis.com\/dk\/produktkategori\/ortos\/\"},{\"@type\":\"ListItem\",\"position\":4,\"name\":\"Fot\",\"item\":\"https:\/\/embreis.com\/dk\/produktkategori\/ortos\/fot\/\"},{\"@type\":\"ListItem\",\"position\":5,\"name\":\"Skoinl\u00e4gg\",\"item\":\"https:\/\/embreis.com\/dk\/produktkategori\/ortos\/fot\/skoinlagg\/\"},{\"@type\":\"ListItem\",\"position\":6,\"name\":\"Heeler\"}]},{\"@type\":\"WebSite\",\"@id\":\"https:\/\/embreis.com\/dk\/#website\",\"url\":\"https:\/\/embreis.com\/dk\/\",\"name\":\"Embreis DK\",\"description\":\"Ortoser, proteser och material\",\"potentialAction\":[{\"@type\":\"SearchAction\",\"target\":{\"@type\":\"EntryPoint\",\"urlTemplate\":\"https:\/\/embreis.com\/dk\/?s={search_term_string}\"},\"query-input\":{\"@type\":\"PropertyValueSpecification\",\"valueRequired\":true,\"valueName\":\"search_term_string\"}}],\"inLanguage\":\"sv-SE\"}]}<\/script>\n<!-- \/ Yoast SEO Premium plugin. -->","yoast_head_json":{"title":"Heeler - Embreis DK","robots":{"index":"index","follow":"follow","max-snippet":"max-snippet:-1","max-image-preview":"max-image-preview:large","max-video-preview":"max-video-preview:-1"},"canonical":"https:\/\/embreis.com\/dk\/produkt\/avlastande-halkopp-heeler\/","og_locale":"sv_SE","og_type":"article","og_title":"Heeler","og_description":"Stabil och tippar inte i skon  Greppar mot skons h\u00e4lkappa  Kan l\u00e4tt flyttas mellan skor  Hudv\u00e4nligt material","og_url":"https:\/\/embreis.com\/dk\/produkt\/avlastande-halkopp-heeler\/","og_site_name":"Embreis DK","article_modified_time":"2021-02-10T17:17:54+00:00","og_image":[{"width":850,"height":850,"url":"https:\/\/embreis.com\/dk\/wp-content\/uploads\/sites\/8\/2019\/08\/heeler.halkopp.jpg","type":"image\/jpeg"}],"twitter_card":"summary_large_image","twitter_misc":{"Ber\u00e4knad l\u00e4stid":"1 minut"},"schema":{"@context":"https:\/\/schema.org","@graph":[{"@type":"WebPage","@id":"https:\/\/embreis.com\/dk\/produkt\/avlastande-halkopp-heeler\/","url":"https:\/\/embreis.com\/dk\/produkt\/avlastande-halkopp-heeler\/","name":"Heeler - Embreis DK","isPartOf":{"@id":"https:\/\/embreis.com\/dk\/#website"},"primaryImageOfPage":{"@id":"https:\/\/embreis.com\/dk\/produkt\/avlastande-halkopp-heeler\/#primaryimage"},"image":{"@id":"https:\/\/embreis.com\/dk\/produkt\/avlastande-halkopp-heeler\/#primaryimage"},"thumbnailUrl":"https:\/\/embreis.com\/dk\/wp-content\/uploads\/sites\/8\/2019\/08\/heeler.halkopp.jpg","datePublished":"2019-08-26T06:56:43+00:00","dateModified":"2021-02-10T17:17:54+00:00","breadcrumb":{"@id":"https:\/\/embreis.com\/dk\/produkt\/avlastande-halkopp-heeler\/#breadcrumb"},"inLanguage":"sv-SE","potentialAction":[{"@type":"ReadAction","target":["https:\/\/embreis.com\/dk\/produkt\/avlastande-halkopp-heeler\/"]}]},{"@type":"ImageObject","inLanguage":"sv-SE","@id":"https:\/\/embreis.com\/dk\/produkt\/avlastande-halkopp-heeler\/#primaryimage","url":"https:\/\/embreis.com\/dk\/wp-content\/uploads\/sites\/8\/2019\/08\/heeler.halkopp.jpg","contentUrl":"https:\/\/embreis.com\/dk\/wp-content\/uploads\/sites\/8\/2019\/08\/heeler.halkopp.jpg","width":850,"height":850},{"@type":"BreadcrumbList","@id":"https:\/\/embreis.com\/dk\/produkt\/avlastande-halkopp-heeler\/#breadcrumb","itemListElement":[{"@type":"ListItem","position":1,"name":"Hem","item":"https:\/\/embreis.com\/dk\/"},{"@type":"ListItem","position":2,"name":"Sortiment","item":"https:\/\/embreis.com\/dk\/sortiment\/"},{"@type":"ListItem","position":3,"name":"Ortos","item":"https:\/\/embreis.com\/dk\/produktkategori\/ortos\/"},{"@type":"ListItem","position":4,"name":"Fot","item":"https:\/\/embreis.com\/dk\/produktkategori\/ortos\/fot\/"},{"@type":"ListItem","position":5,"name":"Skoinl\u00e4gg","item":"https:\/\/embreis.com\/dk\/produktkategori\/ortos\/fot\/skoinlagg\/"},{"@type":"ListItem","position":6,"name":"Heeler"}]},{"@type":"WebSite","@id":"https:\/\/embreis.com\/dk\/#website","url":"https:\/\/embreis.com\/dk\/","name":"Embreis DK","description":"Ortoser, proteser och material","potentialAction":[{"@type":"SearchAction","target":{"@type":"EntryPoint","urlTemplate":"https:\/\/embreis.com\/dk\/?s={search_term_string}"},"query-input":{"@type":"PropertyValueSpecification","valueRequired":true,"valueName":"search_term_string"}}],"inLanguage":"sv-SE"}]}},"_links":{"self":[{"href":"https:\/\/embreis.com\/dk\/wp-json\/wp\/v2\/product\/373","targetHints":{"allow":["GET"]}}],"collection":[{"href":"https:\/\/embreis.com\/dk\/wp-json\/wp\/v2\/product"}],"about":[{"href":"https:\/\/embreis.com\/dk\/wp-json\/wp\/v2\/types\/product"}],"wp:featuredmedia":[{"embeddable":true,"href":"https:\/\/embreis.com\/dk\/wp-json\/wp\/v2\/media\/397"}],"wp:attachment":[{"href":"https:\/\/embreis.com\/dk\/wp-json\/wp\/v2\/media?parent=373"}],"wp:term":[{"taxonomy":"product_brand","embeddable":true,"href":"https:\/\/embreis.com\/dk\/wp-json\/wp\/v2\/product_brand?post=373"},{"taxonomy":"product_cat","embeddable":true,"href":"https:\/\/embreis.com\/dk\/wp-json\/wp\/v2\/product_cat?post=373"},{"taxonomy":"product_tag","embeddable":true,"href":"https:\/\/embreis.com\/dk\/wp-json\/wp\/v2\/product_tag?post=373"}],"curies":[{"name":"wp","href":"https:\/\/api.w.org\/{rel}","templated":true}]}}