{"id":2358,"date":"2020-02-20T16:43:47","date_gmt":"2020-02-20T14:43:47","guid":{"rendered":"http:\/\/embreiscom.wpengine.com\/product\/esleeve\/"},"modified":"2021-02-16T18:02:18","modified_gmt":"2021-02-16T16:02:18","slug":"esleeve","status":"publish","type":"product","link":"https:\/\/embreis.com\/dk\/produkt\/esleeve\/","title":{"rendered":"eSleeve"},"content":{"rendered":"<div id=\"ctl00_cph1_rightCol\">\n<p>eSleeve \u00e4r en sleeve tillverkad i en mineraloljebaserad termoplastisk\u00a0elastomer (TPE). H\u00e5llbarheten p\u00e5 sleeven \u00e4r f\u00f6rst\u00e4rkt med ett\u00a0tyg p\u00e5 utsidan och f\u00f6r att underl\u00e4tta av- och p\u00e5tagning. eLiner Sleeve\u00a0kommer i \u00e5tta storlekar och tv\u00e5 f\u00e4rger. Garantitiden \u00e4r 3 m\u00e5nader.<\/p>\n<\/div>\n","protected":false},"excerpt":{"rendered":"<ul>\n<li>TPE Sleeve<\/li>\n<li>Slitstark<\/li>\n<li>3 m\u00e5n garanti<\/li>\n<\/ul>\n","protected":false},"featured_media":11705,"template":"","meta":[],"product_brand":[],"product_cat":[272,304,1262],"product_tag":[],"class_list":{"0":"post-2358","1":"product","2":"type-product","3":"status-publish","4":"has-post-thumbnail","6":"product_cat-protes","7":"product_cat-liners-sleevar","8":"product_cat-sleeve-tpe","9":"pa_varumarke-embreis","11":"first","12":"outofstock","13":"shipping-taxable","14":"product-type-variable"},"acf":[],"yoast_head":"<!-- This site is optimized with the Yoast SEO Premium plugin v25.3.1 (Yoast SEO v25.3.1) - https:\/\/yoast.com\/wordpress\/plugins\/seo\/ -->\n<title>eSleeve - Embreis DK<\/title>\n<meta name=\"robots\" content=\"index, follow, max-snippet:-1, max-image-preview:large, max-video-preview:-1\" \/>\n<link rel=\"canonical\" href=\"https:\/\/embreis.com\/dk\/produkt\/esleeve\/\" \/>\n<meta property=\"og:locale\" content=\"sv_SE\" \/>\n<meta property=\"og:type\" content=\"article\" \/>\n<meta property=\"og:title\" content=\"eSleeve\" \/>\n<meta property=\"og:description\" content=\"TPE Sleeve  Slitstark  3 m\u00e5n garanti\" \/>\n<meta property=\"og:url\" content=\"https:\/\/embreis.com\/dk\/produkt\/esleeve\/\" \/>\n<meta property=\"og:site_name\" content=\"Embreis DK\" \/>\n<meta property=\"article:modified_time\" content=\"2021-02-16T16:02:18+00:00\" \/>\n<meta property=\"og:image\" content=\"https:\/\/embreis.com\/dk\/wp-content\/uploads\/sites\/8\/2020\/02\/embreis.eSleeve.jpg\" \/>\n\t<meta property=\"og:image:width\" content=\"567\" \/>\n\t<meta property=\"og:image:height\" content=\"567\" \/>\n\t<meta property=\"og:image:type\" content=\"image\/jpeg\" \/>\n<meta name=\"twitter:card\" content=\"summary_large_image\" \/>\n<script type=\"application\/ld+json\" class=\"yoast-schema-graph\">{\"@context\":\"https:\/\/schema.org\",\"@graph\":[{\"@type\":\"WebPage\",\"@id\":\"https:\/\/embreis.com\/dk\/produkt\/esleeve\/\",\"url\":\"https:\/\/embreis.com\/dk\/produkt\/esleeve\/\",\"name\":\"eSleeve - Embreis DK\",\"isPartOf\":{\"@id\":\"https:\/\/embreis.com\/dk\/#website\"},\"primaryImageOfPage\":{\"@id\":\"https:\/\/embreis.com\/dk\/produkt\/esleeve\/#primaryimage\"},\"image\":{\"@id\":\"https:\/\/embreis.com\/dk\/produkt\/esleeve\/#primaryimage\"},\"thumbnailUrl\":\"https:\/\/embreis.com\/dk\/wp-content\/uploads\/sites\/8\/2020\/02\/embreis.eSleeve.jpg\",\"datePublished\":\"2020-02-20T14:43:47+00:00\",\"dateModified\":\"2021-02-16T16:02:18+00:00\",\"breadcrumb\":{\"@id\":\"https:\/\/embreis.com\/dk\/produkt\/esleeve\/#breadcrumb\"},\"inLanguage\":\"sv-SE\",\"potentialAction\":[{\"@type\":\"ReadAction\",\"target\":[\"https:\/\/embreis.com\/dk\/produkt\/esleeve\/\"]}]},{\"@type\":\"ImageObject\",\"inLanguage\":\"sv-SE\",\"@id\":\"https:\/\/embreis.com\/dk\/produkt\/esleeve\/#primaryimage\",\"url\":\"https:\/\/embreis.com\/dk\/wp-content\/uploads\/sites\/8\/2020\/02\/embreis.eSleeve.jpg\",\"contentUrl\":\"https:\/\/embreis.com\/dk\/wp-content\/uploads\/sites\/8\/2020\/02\/embreis.eSleeve.jpg\",\"width\":567,\"height\":567},{\"@type\":\"BreadcrumbList\",\"@id\":\"https:\/\/embreis.com\/dk\/produkt\/esleeve\/#breadcrumb\",\"itemListElement\":[{\"@type\":\"ListItem\",\"position\":1,\"name\":\"Hem\",\"item\":\"https:\/\/embreis.com\/dk\/\"},{\"@type\":\"ListItem\",\"position\":2,\"name\":\"Sortiment\",\"item\":\"https:\/\/embreis.com\/dk\/sortiment\/\"},{\"@type\":\"ListItem\",\"position\":3,\"name\":\"Protes\",\"item\":\"https:\/\/embreis.com\/dk\/produktkategori\/protes\/\"},{\"@type\":\"ListItem\",\"position\":4,\"name\":\"Liners &amp; Sleevar\",\"item\":\"https:\/\/embreis.com\/dk\/produktkategori\/protes\/liners-sleevar\/\"},{\"@type\":\"ListItem\",\"position\":5,\"name\":\"Sleeve (TPE)\",\"item\":\"https:\/\/embreis.com\/dk\/produktkategori\/protes\/liners-sleevar\/sleeve-tpe\/\"},{\"@type\":\"ListItem\",\"position\":6,\"name\":\"eSleeve\"}]},{\"@type\":\"WebSite\",\"@id\":\"https:\/\/embreis.com\/dk\/#website\",\"url\":\"https:\/\/embreis.com\/dk\/\",\"name\":\"Embreis DK\",\"description\":\"Ortoser, proteser och material\",\"potentialAction\":[{\"@type\":\"SearchAction\",\"target\":{\"@type\":\"EntryPoint\",\"urlTemplate\":\"https:\/\/embreis.com\/dk\/?s={search_term_string}\"},\"query-input\":{\"@type\":\"PropertyValueSpecification\",\"valueRequired\":true,\"valueName\":\"search_term_string\"}}],\"inLanguage\":\"sv-SE\"}]}<\/script>\n<!-- \/ Yoast SEO Premium plugin. -->","yoast_head_json":{"title":"eSleeve - Embreis DK","robots":{"index":"index","follow":"follow","max-snippet":"max-snippet:-1","max-image-preview":"max-image-preview:large","max-video-preview":"max-video-preview:-1"},"canonical":"https:\/\/embreis.com\/dk\/produkt\/esleeve\/","og_locale":"sv_SE","og_type":"article","og_title":"eSleeve","og_description":"TPE Sleeve  Slitstark  3 m\u00e5n garanti","og_url":"https:\/\/embreis.com\/dk\/produkt\/esleeve\/","og_site_name":"Embreis DK","article_modified_time":"2021-02-16T16:02:18+00:00","og_image":[{"width":567,"height":567,"url":"https:\/\/embreis.com\/dk\/wp-content\/uploads\/sites\/8\/2020\/02\/embreis.eSleeve.jpg","type":"image\/jpeg"}],"twitter_card":"summary_large_image","schema":{"@context":"https:\/\/schema.org","@graph":[{"@type":"WebPage","@id":"https:\/\/embreis.com\/dk\/produkt\/esleeve\/","url":"https:\/\/embreis.com\/dk\/produkt\/esleeve\/","name":"eSleeve - Embreis DK","isPartOf":{"@id":"https:\/\/embreis.com\/dk\/#website"},"primaryImageOfPage":{"@id":"https:\/\/embreis.com\/dk\/produkt\/esleeve\/#primaryimage"},"image":{"@id":"https:\/\/embreis.com\/dk\/produkt\/esleeve\/#primaryimage"},"thumbnailUrl":"https:\/\/embreis.com\/dk\/wp-content\/uploads\/sites\/8\/2020\/02\/embreis.eSleeve.jpg","datePublished":"2020-02-20T14:43:47+00:00","dateModified":"2021-02-16T16:02:18+00:00","breadcrumb":{"@id":"https:\/\/embreis.com\/dk\/produkt\/esleeve\/#breadcrumb"},"inLanguage":"sv-SE","potentialAction":[{"@type":"ReadAction","target":["https:\/\/embreis.com\/dk\/produkt\/esleeve\/"]}]},{"@type":"ImageObject","inLanguage":"sv-SE","@id":"https:\/\/embreis.com\/dk\/produkt\/esleeve\/#primaryimage","url":"https:\/\/embreis.com\/dk\/wp-content\/uploads\/sites\/8\/2020\/02\/embreis.eSleeve.jpg","contentUrl":"https:\/\/embreis.com\/dk\/wp-content\/uploads\/sites\/8\/2020\/02\/embreis.eSleeve.jpg","width":567,"height":567},{"@type":"BreadcrumbList","@id":"https:\/\/embreis.com\/dk\/produkt\/esleeve\/#breadcrumb","itemListElement":[{"@type":"ListItem","position":1,"name":"Hem","item":"https:\/\/embreis.com\/dk\/"},{"@type":"ListItem","position":2,"name":"Sortiment","item":"https:\/\/embreis.com\/dk\/sortiment\/"},{"@type":"ListItem","position":3,"name":"Protes","item":"https:\/\/embreis.com\/dk\/produktkategori\/protes\/"},{"@type":"ListItem","position":4,"name":"Liners &amp; Sleevar","item":"https:\/\/embreis.com\/dk\/produktkategori\/protes\/liners-sleevar\/"},{"@type":"ListItem","position":5,"name":"Sleeve (TPE)","item":"https:\/\/embreis.com\/dk\/produktkategori\/protes\/liners-sleevar\/sleeve-tpe\/"},{"@type":"ListItem","position":6,"name":"eSleeve"}]},{"@type":"WebSite","@id":"https:\/\/embreis.com\/dk\/#website","url":"https:\/\/embreis.com\/dk\/","name":"Embreis DK","description":"Ortoser, proteser och material","potentialAction":[{"@type":"SearchAction","target":{"@type":"EntryPoint","urlTemplate":"https:\/\/embreis.com\/dk\/?s={search_term_string}"},"query-input":{"@type":"PropertyValueSpecification","valueRequired":true,"valueName":"search_term_string"}}],"inLanguage":"sv-SE"}]}},"_links":{"self":[{"href":"https:\/\/embreis.com\/dk\/wp-json\/wp\/v2\/product\/2358","targetHints":{"allow":["GET"]}}],"collection":[{"href":"https:\/\/embreis.com\/dk\/wp-json\/wp\/v2\/product"}],"about":[{"href":"https:\/\/embreis.com\/dk\/wp-json\/wp\/v2\/types\/product"}],"wp:featuredmedia":[{"embeddable":true,"href":"https:\/\/embreis.com\/dk\/wp-json\/wp\/v2\/media\/11705"}],"wp:attachment":[{"href":"https:\/\/embreis.com\/dk\/wp-json\/wp\/v2\/media?parent=2358"}],"wp:term":[{"taxonomy":"product_brand","embeddable":true,"href":"https:\/\/embreis.com\/dk\/wp-json\/wp\/v2\/product_brand?post=2358"},{"taxonomy":"product_cat","embeddable":true,"href":"https:\/\/embreis.com\/dk\/wp-json\/wp\/v2\/product_cat?post=2358"},{"taxonomy":"product_tag","embeddable":true,"href":"https:\/\/embreis.com\/dk\/wp-json\/wp\/v2\/product_tag?post=2358"}],"curies":[{"name":"wp","href":"https:\/\/api.w.org\/{rel}","templated":true}]}}