{"id":2352,"date":"2020-02-20T16:43:46","date_gmt":"2020-02-20T14:43:46","guid":{"rendered":"http:\/\/embreiscom.wpengine.com\/product\/eliner-soft-locking\/"},"modified":"2021-02-16T17:38:35","modified_gmt":"2021-02-16T15:38:35","slug":"eliner-soft-locking","status":"publish","type":"product","link":"https:\/\/embreis.com\/dk\/produkt\/eliner-soft-locking\/","title":{"rendered":"eLiner Soft Locking"},"content":{"rendered":"<div id=\"ctl00_cph1_rightCol\">\n<p>eLiner Soft Locking \u00e4r en mjuk och f\u00f6ljsam liner tillverkad i en mineraloljebaserad\u00a0termoplastisk elastomer (TPE). Tyget \u00e4r speciellt\u00a0framtaget f\u00f6r att underl\u00e4tta av- och p\u00e5tagning av liner samt f\u00f6r att\u00a0kunna f\u00e4sta kardborrband. eLiner Soft Locking har 10 cm inv\u00e4ndigt\u00a0f\u00f6rst\u00e4rkningstyg (Matrix) vid den distala \u00e4nden f\u00f6r att f\u00f6rhindra\u00a0vertikalt str\u00e4ck i omr\u00e5det. eLiner Soft Locking kommer i fyra modeller.\u00a0Det g\u00e5r att omforma eLiner Locking Plus vid 80\u00b0 C. Garantitiden\u00a0\u00e4r 6 m\u00e5nader.<\/p>\n<\/div>\n","protected":false},"excerpt":{"rendered":"<ul>\n<li>TPE Locking Liner<\/li>\n<li>Mjuk f\u00f6ljsam modell<\/li>\n<li>Finns i fyra utf\u00f6randen<\/li>\n<\/ul>\n","protected":false},"featured_media":11701,"template":"","meta":[],"product_brand":[],"product_cat":[272,304,1261],"product_tag":[],"class_list":{"0":"post-2352","1":"product","2":"type-product","3":"status-publish","4":"has-post-thumbnail","6":"product_cat-protes","7":"product_cat-liners-sleevar","8":"product_cat-liners-tpe","9":"pa_varumarke-embreis","11":"first","12":"outofstock","13":"shipping-taxable","14":"product-type-variable"},"acf":[],"yoast_head":"<!-- This site is optimized with the Yoast SEO Premium plugin v25.3.1 (Yoast SEO v25.3.1) - https:\/\/yoast.com\/wordpress\/plugins\/seo\/ -->\n<title>eLiner Soft Locking - Embreis DK<\/title>\n<meta name=\"robots\" content=\"index, follow, max-snippet:-1, max-image-preview:large, max-video-preview:-1\" \/>\n<link rel=\"canonical\" href=\"https:\/\/embreis.com\/dk\/produkt\/eliner-soft-locking\/\" \/>\n<meta property=\"og:locale\" content=\"sv_SE\" \/>\n<meta property=\"og:type\" content=\"article\" \/>\n<meta property=\"og:title\" content=\"eLiner Soft Locking\" \/>\n<meta property=\"og:description\" content=\"TPE Locking Liner  Mjuk f\u00f6ljsam modell  Finns i fyra utf\u00f6randen\" \/>\n<meta property=\"og:url\" content=\"https:\/\/embreis.com\/dk\/produkt\/eliner-soft-locking\/\" \/>\n<meta property=\"og:site_name\" content=\"Embreis DK\" \/>\n<meta property=\"article:modified_time\" content=\"2021-02-16T15:38:35+00:00\" \/>\n<meta property=\"og:image\" content=\"https:\/\/embreis.com\/dk\/wp-content\/uploads\/sites\/8\/2020\/02\/eliner.soft_.cushion.lockin.jpg\" \/>\n\t<meta property=\"og:image:width\" content=\"567\" \/>\n\t<meta property=\"og:image:height\" content=\"567\" \/>\n\t<meta property=\"og:image:type\" content=\"image\/jpeg\" \/>\n<meta name=\"twitter:card\" content=\"summary_large_image\" \/>\n<script type=\"application\/ld+json\" class=\"yoast-schema-graph\">{\"@context\":\"https:\/\/schema.org\",\"@graph\":[{\"@type\":\"WebPage\",\"@id\":\"https:\/\/embreis.com\/dk\/produkt\/eliner-soft-locking\/\",\"url\":\"https:\/\/embreis.com\/dk\/produkt\/eliner-soft-locking\/\",\"name\":\"eLiner Soft Locking - Embreis DK\",\"isPartOf\":{\"@id\":\"https:\/\/embreis.com\/dk\/#website\"},\"primaryImageOfPage\":{\"@id\":\"https:\/\/embreis.com\/dk\/produkt\/eliner-soft-locking\/#primaryimage\"},\"image\":{\"@id\":\"https:\/\/embreis.com\/dk\/produkt\/eliner-soft-locking\/#primaryimage\"},\"thumbnailUrl\":\"https:\/\/embreis.com\/dk\/wp-content\/uploads\/sites\/8\/2020\/02\/eliner.soft_.cushion.lockin.jpg\",\"datePublished\":\"2020-02-20T14:43:46+00:00\",\"dateModified\":\"2021-02-16T15:38:35+00:00\",\"breadcrumb\":{\"@id\":\"https:\/\/embreis.com\/dk\/produkt\/eliner-soft-locking\/#breadcrumb\"},\"inLanguage\":\"sv-SE\",\"potentialAction\":[{\"@type\":\"ReadAction\",\"target\":[\"https:\/\/embreis.com\/dk\/produkt\/eliner-soft-locking\/\"]}]},{\"@type\":\"ImageObject\",\"inLanguage\":\"sv-SE\",\"@id\":\"https:\/\/embreis.com\/dk\/produkt\/eliner-soft-locking\/#primaryimage\",\"url\":\"https:\/\/embreis.com\/dk\/wp-content\/uploads\/sites\/8\/2020\/02\/eliner.soft_.cushion.lockin.jpg\",\"contentUrl\":\"https:\/\/embreis.com\/dk\/wp-content\/uploads\/sites\/8\/2020\/02\/eliner.soft_.cushion.lockin.jpg\",\"width\":567,\"height\":567},{\"@type\":\"BreadcrumbList\",\"@id\":\"https:\/\/embreis.com\/dk\/produkt\/eliner-soft-locking\/#breadcrumb\",\"itemListElement\":[{\"@type\":\"ListItem\",\"position\":1,\"name\":\"Hem\",\"item\":\"https:\/\/embreis.com\/dk\/\"},{\"@type\":\"ListItem\",\"position\":2,\"name\":\"Sortiment\",\"item\":\"https:\/\/embreis.com\/dk\/sortiment\/\"},{\"@type\":\"ListItem\",\"position\":3,\"name\":\"Protes\",\"item\":\"https:\/\/embreis.com\/dk\/produktkategori\/protes\/\"},{\"@type\":\"ListItem\",\"position\":4,\"name\":\"Liners &amp; Sleevar\",\"item\":\"https:\/\/embreis.com\/dk\/produktkategori\/protes\/liners-sleevar\/\"},{\"@type\":\"ListItem\",\"position\":5,\"name\":\"Liners (TPE)\",\"item\":\"https:\/\/embreis.com\/dk\/produktkategori\/protes\/liners-sleevar\/liners-tpe\/\"},{\"@type\":\"ListItem\",\"position\":6,\"name\":\"eLiner Soft Locking\"}]},{\"@type\":\"WebSite\",\"@id\":\"https:\/\/embreis.com\/dk\/#website\",\"url\":\"https:\/\/embreis.com\/dk\/\",\"name\":\"Embreis DK\",\"description\":\"Ortoser, proteser och material\",\"potentialAction\":[{\"@type\":\"SearchAction\",\"target\":{\"@type\":\"EntryPoint\",\"urlTemplate\":\"https:\/\/embreis.com\/dk\/?s={search_term_string}\"},\"query-input\":{\"@type\":\"PropertyValueSpecification\",\"valueRequired\":true,\"valueName\":\"search_term_string\"}}],\"inLanguage\":\"sv-SE\"}]}<\/script>\n<!-- \/ Yoast SEO Premium plugin. -->","yoast_head_json":{"title":"eLiner Soft Locking - Embreis DK","robots":{"index":"index","follow":"follow","max-snippet":"max-snippet:-1","max-image-preview":"max-image-preview:large","max-video-preview":"max-video-preview:-1"},"canonical":"https:\/\/embreis.com\/dk\/produkt\/eliner-soft-locking\/","og_locale":"sv_SE","og_type":"article","og_title":"eLiner Soft Locking","og_description":"TPE Locking Liner  Mjuk f\u00f6ljsam modell  Finns i fyra utf\u00f6randen","og_url":"https:\/\/embreis.com\/dk\/produkt\/eliner-soft-locking\/","og_site_name":"Embreis DK","article_modified_time":"2021-02-16T15:38:35+00:00","og_image":[{"width":567,"height":567,"url":"https:\/\/embreis.com\/dk\/wp-content\/uploads\/sites\/8\/2020\/02\/eliner.soft_.cushion.lockin.jpg","type":"image\/jpeg"}],"twitter_card":"summary_large_image","schema":{"@context":"https:\/\/schema.org","@graph":[{"@type":"WebPage","@id":"https:\/\/embreis.com\/dk\/produkt\/eliner-soft-locking\/","url":"https:\/\/embreis.com\/dk\/produkt\/eliner-soft-locking\/","name":"eLiner Soft Locking - Embreis DK","isPartOf":{"@id":"https:\/\/embreis.com\/dk\/#website"},"primaryImageOfPage":{"@id":"https:\/\/embreis.com\/dk\/produkt\/eliner-soft-locking\/#primaryimage"},"image":{"@id":"https:\/\/embreis.com\/dk\/produkt\/eliner-soft-locking\/#primaryimage"},"thumbnailUrl":"https:\/\/embreis.com\/dk\/wp-content\/uploads\/sites\/8\/2020\/02\/eliner.soft_.cushion.lockin.jpg","datePublished":"2020-02-20T14:43:46+00:00","dateModified":"2021-02-16T15:38:35+00:00","breadcrumb":{"@id":"https:\/\/embreis.com\/dk\/produkt\/eliner-soft-locking\/#breadcrumb"},"inLanguage":"sv-SE","potentialAction":[{"@type":"ReadAction","target":["https:\/\/embreis.com\/dk\/produkt\/eliner-soft-locking\/"]}]},{"@type":"ImageObject","inLanguage":"sv-SE","@id":"https:\/\/embreis.com\/dk\/produkt\/eliner-soft-locking\/#primaryimage","url":"https:\/\/embreis.com\/dk\/wp-content\/uploads\/sites\/8\/2020\/02\/eliner.soft_.cushion.lockin.jpg","contentUrl":"https:\/\/embreis.com\/dk\/wp-content\/uploads\/sites\/8\/2020\/02\/eliner.soft_.cushion.lockin.jpg","width":567,"height":567},{"@type":"BreadcrumbList","@id":"https:\/\/embreis.com\/dk\/produkt\/eliner-soft-locking\/#breadcrumb","itemListElement":[{"@type":"ListItem","position":1,"name":"Hem","item":"https:\/\/embreis.com\/dk\/"},{"@type":"ListItem","position":2,"name":"Sortiment","item":"https:\/\/embreis.com\/dk\/sortiment\/"},{"@type":"ListItem","position":3,"name":"Protes","item":"https:\/\/embreis.com\/dk\/produktkategori\/protes\/"},{"@type":"ListItem","position":4,"name":"Liners &amp; Sleevar","item":"https:\/\/embreis.com\/dk\/produktkategori\/protes\/liners-sleevar\/"},{"@type":"ListItem","position":5,"name":"Liners (TPE)","item":"https:\/\/embreis.com\/dk\/produktkategori\/protes\/liners-sleevar\/liners-tpe\/"},{"@type":"ListItem","position":6,"name":"eLiner Soft Locking"}]},{"@type":"WebSite","@id":"https:\/\/embreis.com\/dk\/#website","url":"https:\/\/embreis.com\/dk\/","name":"Embreis DK","description":"Ortoser, proteser och material","potentialAction":[{"@type":"SearchAction","target":{"@type":"EntryPoint","urlTemplate":"https:\/\/embreis.com\/dk\/?s={search_term_string}"},"query-input":{"@type":"PropertyValueSpecification","valueRequired":true,"valueName":"search_term_string"}}],"inLanguage":"sv-SE"}]}},"_links":{"self":[{"href":"https:\/\/embreis.com\/dk\/wp-json\/wp\/v2\/product\/2352","targetHints":{"allow":["GET"]}}],"collection":[{"href":"https:\/\/embreis.com\/dk\/wp-json\/wp\/v2\/product"}],"about":[{"href":"https:\/\/embreis.com\/dk\/wp-json\/wp\/v2\/types\/product"}],"wp:featuredmedia":[{"embeddable":true,"href":"https:\/\/embreis.com\/dk\/wp-json\/wp\/v2\/media\/11701"}],"wp:attachment":[{"href":"https:\/\/embreis.com\/dk\/wp-json\/wp\/v2\/media?parent=2352"}],"wp:term":[{"taxonomy":"product_brand","embeddable":true,"href":"https:\/\/embreis.com\/dk\/wp-json\/wp\/v2\/product_brand?post=2352"},{"taxonomy":"product_cat","embeddable":true,"href":"https:\/\/embreis.com\/dk\/wp-json\/wp\/v2\/product_cat?post=2352"},{"taxonomy":"product_tag","embeddable":true,"href":"https:\/\/embreis.com\/dk\/wp-json\/wp\/v2\/product_tag?post=2352"}],"curies":[{"name":"wp","href":"https:\/\/api.w.org\/{rel}","templated":true}]}}