{"id":2108,"date":"2020-02-14T15:55:46","date_gmt":"2020-02-14T13:55:46","guid":{"rendered":"http:\/\/embreiscom.wpengine.com\/product\/espine-4-fix\/"},"modified":"2022-04-29T14:32:57","modified_gmt":"2022-04-29T12:32:57","slug":"tecnoway-t35bs","status":"publish","type":"product","link":"https:\/\/embreis.com\/dk\/produkt\/tecnoway-t35bs\/","title":{"rendered":"Tecnoway T35BS"},"content":{"rendered":"<p>Tecnoway T35BS\u00a0\u00e4r en stabil 3-punktsortos och anv\u00e4nds efter skada eller operation av ryggen. Den ger en fast extension och fixering vilket effektivt f\u00f6rhindrar flexion och rotation av l\u00e4nd- och br\u00f6strygg. Ortosen kan anpassas och justeras individuellt i h\u00f6jd och bredd \u00f6ver br\u00f6stet. Sidosp\u00e4nnet \u00e4r enkelt att justera, \u00f6ppna och st\u00e4nga. H\u00f6ftdelen \u00e4r l\u00e4tt r\u00f6rlig vilket f\u00f6renklar sittande, och kan l\u00e5sas vid behov.<\/p>\n","protected":false},"excerpt":{"rendered":"<ul>\n<li>Stabil 3-punkts ortos<\/li>\n<li>Effektiv fixering av rygg<\/li>\n<li>F\u00f6rhindrar flexion<\/li>\n<li>F\u00f6rhindrar rotation<\/li>\n<\/ul>\n","protected":false},"featured_media":8125,"template":"","meta":[],"product_brand":[],"product_cat":[217,224,1221],"product_tag":[],"class_list":{"0":"post-2108","1":"product","2":"type-product","3":"status-publish","4":"has-post-thumbnail","6":"product_cat-ortos","7":"product_cat-rygg","8":"product_cat-tlso","10":"first","11":"outofstock","12":"shipping-taxable","13":"product-type-variable"},"acf":[],"yoast_head":"<!-- This site is optimized with the Yoast SEO Premium plugin v25.3.1 (Yoast SEO v25.3.1) - https:\/\/yoast.com\/wordpress\/plugins\/seo\/ -->\n<title>Tecnoway T35BS - Embreis DK<\/title>\n<meta name=\"robots\" content=\"index, follow, max-snippet:-1, max-image-preview:large, max-video-preview:-1\" \/>\n<link rel=\"canonical\" href=\"https:\/\/embreis.com\/dk\/produkt\/tecnoway-t35bs\/\" \/>\n<meta property=\"og:locale\" content=\"sv_SE\" \/>\n<meta property=\"og:type\" content=\"article\" \/>\n<meta property=\"og:title\" content=\"Tecnoway T35BS\" \/>\n<meta property=\"og:description\" content=\"Stabil 3-punkts ortos  Effektiv fixering av rygg  F\u00f6rhindrar flexion  F\u00f6rhindrar rotation\" \/>\n<meta property=\"og:url\" content=\"https:\/\/embreis.com\/dk\/produkt\/tecnoway-t35bs\/\" \/>\n<meta property=\"og:site_name\" content=\"Embreis DK\" \/>\n<meta property=\"article:modified_time\" content=\"2022-04-29T12:32:57+00:00\" \/>\n<meta property=\"og:image\" content=\"https:\/\/embreis.com\/dk\/wp-content\/uploads\/sites\/8\/2020\/02\/eSpine-4.Flex_.E50350x.jpg\" \/>\n\t<meta property=\"og:image:width\" content=\"567\" \/>\n\t<meta property=\"og:image:height\" content=\"567\" \/>\n\t<meta property=\"og:image:type\" content=\"image\/jpeg\" \/>\n<meta name=\"twitter:card\" content=\"summary_large_image\" \/>\n<meta name=\"twitter:label1\" content=\"Ber\u00e4knad l\u00e4stid\" \/>\n\t<meta name=\"twitter:data1\" content=\"1 minut\" \/>\n<script type=\"application\/ld+json\" class=\"yoast-schema-graph\">{\"@context\":\"https:\/\/schema.org\",\"@graph\":[{\"@type\":\"WebPage\",\"@id\":\"https:\/\/embreis.com\/dk\/produkt\/tecnoway-t35bs\/\",\"url\":\"https:\/\/embreis.com\/dk\/produkt\/tecnoway-t35bs\/\",\"name\":\"Tecnoway T35BS - Embreis DK\",\"isPartOf\":{\"@id\":\"https:\/\/embreis.com\/dk\/#website\"},\"primaryImageOfPage\":{\"@id\":\"https:\/\/embreis.com\/dk\/produkt\/tecnoway-t35bs\/#primaryimage\"},\"image\":{\"@id\":\"https:\/\/embreis.com\/dk\/produkt\/tecnoway-t35bs\/#primaryimage\"},\"thumbnailUrl\":\"https:\/\/embreis.com\/dk\/wp-content\/uploads\/sites\/8\/2020\/02\/eSpine-4.Flex_.E50350x.jpg\",\"datePublished\":\"2020-02-14T13:55:46+00:00\",\"dateModified\":\"2022-04-29T12:32:57+00:00\",\"breadcrumb\":{\"@id\":\"https:\/\/embreis.com\/dk\/produkt\/tecnoway-t35bs\/#breadcrumb\"},\"inLanguage\":\"sv-SE\",\"potentialAction\":[{\"@type\":\"ReadAction\",\"target\":[\"https:\/\/embreis.com\/dk\/produkt\/tecnoway-t35bs\/\"]}]},{\"@type\":\"ImageObject\",\"inLanguage\":\"sv-SE\",\"@id\":\"https:\/\/embreis.com\/dk\/produkt\/tecnoway-t35bs\/#primaryimage\",\"url\":\"https:\/\/embreis.com\/dk\/wp-content\/uploads\/sites\/8\/2020\/02\/eSpine-4.Flex_.E50350x.jpg\",\"contentUrl\":\"https:\/\/embreis.com\/dk\/wp-content\/uploads\/sites\/8\/2020\/02\/eSpine-4.Flex_.E50350x.jpg\",\"width\":567,\"height\":567},{\"@type\":\"BreadcrumbList\",\"@id\":\"https:\/\/embreis.com\/dk\/produkt\/tecnoway-t35bs\/#breadcrumb\",\"itemListElement\":[{\"@type\":\"ListItem\",\"position\":1,\"name\":\"Hem\",\"item\":\"https:\/\/embreis.com\/dk\/\"},{\"@type\":\"ListItem\",\"position\":2,\"name\":\"Sortiment\",\"item\":\"https:\/\/embreis.com\/dk\/sortiment\/\"},{\"@type\":\"ListItem\",\"position\":3,\"name\":\"Ortos\",\"item\":\"https:\/\/embreis.com\/dk\/produktkategori\/ortos\/\"},{\"@type\":\"ListItem\",\"position\":4,\"name\":\"Rygg\",\"item\":\"https:\/\/embreis.com\/dk\/produktkategori\/ortos\/rygg\/\"},{\"@type\":\"ListItem\",\"position\":5,\"name\":\"TLSO\",\"item\":\"https:\/\/embreis.com\/dk\/produktkategori\/ortos\/rygg\/tlso\/\"},{\"@type\":\"ListItem\",\"position\":6,\"name\":\"Tecnoway T35BS\"}]},{\"@type\":\"WebSite\",\"@id\":\"https:\/\/embreis.com\/dk\/#website\",\"url\":\"https:\/\/embreis.com\/dk\/\",\"name\":\"Embreis DK\",\"description\":\"Ortoser, proteser och material\",\"potentialAction\":[{\"@type\":\"SearchAction\",\"target\":{\"@type\":\"EntryPoint\",\"urlTemplate\":\"https:\/\/embreis.com\/dk\/?s={search_term_string}\"},\"query-input\":{\"@type\":\"PropertyValueSpecification\",\"valueRequired\":true,\"valueName\":\"search_term_string\"}}],\"inLanguage\":\"sv-SE\"}]}<\/script>\n<!-- \/ Yoast SEO Premium plugin. -->","yoast_head_json":{"title":"Tecnoway T35BS - Embreis DK","robots":{"index":"index","follow":"follow","max-snippet":"max-snippet:-1","max-image-preview":"max-image-preview:large","max-video-preview":"max-video-preview:-1"},"canonical":"https:\/\/embreis.com\/dk\/produkt\/tecnoway-t35bs\/","og_locale":"sv_SE","og_type":"article","og_title":"Tecnoway T35BS","og_description":"Stabil 3-punkts ortos  Effektiv fixering av rygg  F\u00f6rhindrar flexion  F\u00f6rhindrar rotation","og_url":"https:\/\/embreis.com\/dk\/produkt\/tecnoway-t35bs\/","og_site_name":"Embreis DK","article_modified_time":"2022-04-29T12:32:57+00:00","og_image":[{"width":567,"height":567,"url":"https:\/\/embreis.com\/dk\/wp-content\/uploads\/sites\/8\/2020\/02\/eSpine-4.Flex_.E50350x.jpg","type":"image\/jpeg"}],"twitter_card":"summary_large_image","twitter_misc":{"Ber\u00e4knad l\u00e4stid":"1 minut"},"schema":{"@context":"https:\/\/schema.org","@graph":[{"@type":"WebPage","@id":"https:\/\/embreis.com\/dk\/produkt\/tecnoway-t35bs\/","url":"https:\/\/embreis.com\/dk\/produkt\/tecnoway-t35bs\/","name":"Tecnoway T35BS - Embreis DK","isPartOf":{"@id":"https:\/\/embreis.com\/dk\/#website"},"primaryImageOfPage":{"@id":"https:\/\/embreis.com\/dk\/produkt\/tecnoway-t35bs\/#primaryimage"},"image":{"@id":"https:\/\/embreis.com\/dk\/produkt\/tecnoway-t35bs\/#primaryimage"},"thumbnailUrl":"https:\/\/embreis.com\/dk\/wp-content\/uploads\/sites\/8\/2020\/02\/eSpine-4.Flex_.E50350x.jpg","datePublished":"2020-02-14T13:55:46+00:00","dateModified":"2022-04-29T12:32:57+00:00","breadcrumb":{"@id":"https:\/\/embreis.com\/dk\/produkt\/tecnoway-t35bs\/#breadcrumb"},"inLanguage":"sv-SE","potentialAction":[{"@type":"ReadAction","target":["https:\/\/embreis.com\/dk\/produkt\/tecnoway-t35bs\/"]}]},{"@type":"ImageObject","inLanguage":"sv-SE","@id":"https:\/\/embreis.com\/dk\/produkt\/tecnoway-t35bs\/#primaryimage","url":"https:\/\/embreis.com\/dk\/wp-content\/uploads\/sites\/8\/2020\/02\/eSpine-4.Flex_.E50350x.jpg","contentUrl":"https:\/\/embreis.com\/dk\/wp-content\/uploads\/sites\/8\/2020\/02\/eSpine-4.Flex_.E50350x.jpg","width":567,"height":567},{"@type":"BreadcrumbList","@id":"https:\/\/embreis.com\/dk\/produkt\/tecnoway-t35bs\/#breadcrumb","itemListElement":[{"@type":"ListItem","position":1,"name":"Hem","item":"https:\/\/embreis.com\/dk\/"},{"@type":"ListItem","position":2,"name":"Sortiment","item":"https:\/\/embreis.com\/dk\/sortiment\/"},{"@type":"ListItem","position":3,"name":"Ortos","item":"https:\/\/embreis.com\/dk\/produktkategori\/ortos\/"},{"@type":"ListItem","position":4,"name":"Rygg","item":"https:\/\/embreis.com\/dk\/produktkategori\/ortos\/rygg\/"},{"@type":"ListItem","position":5,"name":"TLSO","item":"https:\/\/embreis.com\/dk\/produktkategori\/ortos\/rygg\/tlso\/"},{"@type":"ListItem","position":6,"name":"Tecnoway T35BS"}]},{"@type":"WebSite","@id":"https:\/\/embreis.com\/dk\/#website","url":"https:\/\/embreis.com\/dk\/","name":"Embreis DK","description":"Ortoser, proteser och material","potentialAction":[{"@type":"SearchAction","target":{"@type":"EntryPoint","urlTemplate":"https:\/\/embreis.com\/dk\/?s={search_term_string}"},"query-input":{"@type":"PropertyValueSpecification","valueRequired":true,"valueName":"search_term_string"}}],"inLanguage":"sv-SE"}]}},"_links":{"self":[{"href":"https:\/\/embreis.com\/dk\/wp-json\/wp\/v2\/product\/2108","targetHints":{"allow":["GET"]}}],"collection":[{"href":"https:\/\/embreis.com\/dk\/wp-json\/wp\/v2\/product"}],"about":[{"href":"https:\/\/embreis.com\/dk\/wp-json\/wp\/v2\/types\/product"}],"wp:featuredmedia":[{"embeddable":true,"href":"https:\/\/embreis.com\/dk\/wp-json\/wp\/v2\/media\/8125"}],"wp:attachment":[{"href":"https:\/\/embreis.com\/dk\/wp-json\/wp\/v2\/media?parent=2108"}],"wp:term":[{"taxonomy":"product_brand","embeddable":true,"href":"https:\/\/embreis.com\/dk\/wp-json\/wp\/v2\/product_brand?post=2108"},{"taxonomy":"product_cat","embeddable":true,"href":"https:\/\/embreis.com\/dk\/wp-json\/wp\/v2\/product_cat?post=2108"},{"taxonomy":"product_tag","embeddable":true,"href":"https:\/\/embreis.com\/dk\/wp-json\/wp\/v2\/product_tag?post=2108"}],"curies":[{"name":"wp","href":"https:\/\/api.w.org\/{rel}","templated":true}]}}