{"id":2099,"date":"2020-02-14T15:55:44","date_gmt":"2020-02-14T13:55:44","guid":{"rendered":"http:\/\/embreiscom.wpengine.com\/product\/espine-lumbar-x\/"},"modified":"2025-06-25T14:33:35","modified_gmt":"2025-06-25T12:33:35","slug":"espine-lumbar-x","status":"publish","type":"product","link":"https:\/\/embreis.com\/dk\/produkt\/espine-lumbar-x\/","title":{"rendered":"eSpine Lumbar-X"},"content":{"rendered":"<p>eSpine Lumbar-X \u00e4r en ryggortos som ger st\u00f6d och kompression vid l\u00e4ndryggsproblem. Den finns i tre h\u00f6jder, 20, 24 och 28 cm. Res\u00e5rens kompression och skenorna i thermoplast ger en stabil, smidig och funktionell ortos. Den b\u00e4rs l\u00e4mpligast n\u00e4rmast kroppen ovanp\u00e5 ett linne. De stabiliserande dragbanden ger m\u00f6jlighet att enkelt justera b\u00e5de stabilitet och avlastning efter behov. Materialet har luftkanaler som g\u00f6r den sval och bekv\u00e4m att b\u00e4ra \u00f6ver tid<\/p>\n","protected":false},"excerpt":{"rendered":"<ul>\n<li>Stabil l\u00e4ndryggsortos<\/li>\n<li>Ribbstickad res\u00e5r<\/li>\n<li>Formbara skenor<\/li>\n<li>St\u00f6djande extraband<\/li>\n<\/ul>\n","protected":false},"featured_media":8107,"template":"","meta":[],"product_brand":[],"product_cat":[217,224,1219],"product_tag":[],"class_list":{"0":"post-2099","1":"product","2":"type-product","3":"status-publish","4":"has-post-thumbnail","6":"product_cat-ortos","7":"product_cat-rygg","8":"product_cat-stod-kompression-rygg-ortos","9":"pa_varumarke-embreis","11":"first","12":"instock","13":"featured","14":"shipping-taxable","15":"product-type-variable"},"acf":[],"yoast_head":"<!-- This site is optimized with the Yoast SEO Premium plugin v25.3.1 (Yoast SEO v25.3.1) - https:\/\/yoast.com\/wordpress\/plugins\/seo\/ -->\n<title>eSpine Lumbar-X - Embreis DK<\/title>\n<meta name=\"robots\" content=\"index, follow, max-snippet:-1, max-image-preview:large, max-video-preview:-1\" \/>\n<link rel=\"canonical\" href=\"https:\/\/embreis.com\/dk\/produkt\/espine-lumbar-x\/\" \/>\n<meta property=\"og:locale\" content=\"sv_SE\" \/>\n<meta property=\"og:type\" content=\"article\" \/>\n<meta property=\"og:title\" content=\"eSpine Lumbar-X\" \/>\n<meta property=\"og:description\" content=\"Stabil l\u00e4ndryggsortos  Ribbstickad res\u00e5r  Formbara skenor  St\u00f6djande extraband\" \/>\n<meta property=\"og:url\" content=\"https:\/\/embreis.com\/dk\/produkt\/espine-lumbar-x\/\" \/>\n<meta property=\"og:site_name\" content=\"Embreis DK\" \/>\n<meta property=\"article:modified_time\" content=\"2025-06-25T12:33:35+00:00\" \/>\n<meta property=\"og:image\" content=\"https:\/\/embreis.com\/dk\/wp-content\/uploads\/sites\/8\/2020\/02\/E504102_1.jpg\" \/>\n\t<meta property=\"og:image:width\" content=\"567\" \/>\n\t<meta property=\"og:image:height\" content=\"567\" \/>\n\t<meta property=\"og:image:type\" content=\"image\/jpeg\" \/>\n<meta name=\"twitter:card\" content=\"summary_large_image\" \/>\n<meta name=\"twitter:label1\" content=\"Ber\u00e4knad l\u00e4stid\" \/>\n\t<meta name=\"twitter:data1\" content=\"1 minut\" \/>\n<script type=\"application\/ld+json\" class=\"yoast-schema-graph\">{\"@context\":\"https:\/\/schema.org\",\"@graph\":[{\"@type\":\"WebPage\",\"@id\":\"https:\/\/embreis.com\/dk\/produkt\/espine-lumbar-x\/\",\"url\":\"https:\/\/embreis.com\/dk\/produkt\/espine-lumbar-x\/\",\"name\":\"eSpine Lumbar-X - Embreis DK\",\"isPartOf\":{\"@id\":\"https:\/\/embreis.com\/dk\/#website\"},\"primaryImageOfPage\":{\"@id\":\"https:\/\/embreis.com\/dk\/produkt\/espine-lumbar-x\/#primaryimage\"},\"image\":{\"@id\":\"https:\/\/embreis.com\/dk\/produkt\/espine-lumbar-x\/#primaryimage\"},\"thumbnailUrl\":\"https:\/\/embreis.com\/dk\/wp-content\/uploads\/sites\/8\/2020\/02\/E504102_1.jpg\",\"datePublished\":\"2020-02-14T13:55:44+00:00\",\"dateModified\":\"2025-06-25T12:33:35+00:00\",\"breadcrumb\":{\"@id\":\"https:\/\/embreis.com\/dk\/produkt\/espine-lumbar-x\/#breadcrumb\"},\"inLanguage\":\"sv-SE\",\"potentialAction\":[{\"@type\":\"ReadAction\",\"target\":[\"https:\/\/embreis.com\/dk\/produkt\/espine-lumbar-x\/\"]}]},{\"@type\":\"ImageObject\",\"inLanguage\":\"sv-SE\",\"@id\":\"https:\/\/embreis.com\/dk\/produkt\/espine-lumbar-x\/#primaryimage\",\"url\":\"https:\/\/embreis.com\/dk\/wp-content\/uploads\/sites\/8\/2020\/02\/E504102_1.jpg\",\"contentUrl\":\"https:\/\/embreis.com\/dk\/wp-content\/uploads\/sites\/8\/2020\/02\/E504102_1.jpg\",\"width\":567,\"height\":567},{\"@type\":\"BreadcrumbList\",\"@id\":\"https:\/\/embreis.com\/dk\/produkt\/espine-lumbar-x\/#breadcrumb\",\"itemListElement\":[{\"@type\":\"ListItem\",\"position\":1,\"name\":\"Hem\",\"item\":\"https:\/\/embreis.com\/dk\/\"},{\"@type\":\"ListItem\",\"position\":2,\"name\":\"Sortiment\",\"item\":\"https:\/\/embreis.com\/dk\/sortiment\/\"},{\"@type\":\"ListItem\",\"position\":3,\"name\":\"Ortos\",\"item\":\"https:\/\/embreis.com\/dk\/produktkategori\/ortos\/\"},{\"@type\":\"ListItem\",\"position\":4,\"name\":\"Rygg\",\"item\":\"https:\/\/embreis.com\/dk\/produktkategori\/ortos\/rygg\/\"},{\"@type\":\"ListItem\",\"position\":5,\"name\":\"St\u00f6d\/Kompression\",\"item\":\"https:\/\/embreis.com\/dk\/produktkategori\/ortos\/rygg\/stod-kompression-rygg-ortos\/\"},{\"@type\":\"ListItem\",\"position\":6,\"name\":\"eSpine Lumbar-X\"}]},{\"@type\":\"WebSite\",\"@id\":\"https:\/\/embreis.com\/dk\/#website\",\"url\":\"https:\/\/embreis.com\/dk\/\",\"name\":\"Embreis DK\",\"description\":\"Ortoser, proteser och material\",\"potentialAction\":[{\"@type\":\"SearchAction\",\"target\":{\"@type\":\"EntryPoint\",\"urlTemplate\":\"https:\/\/embreis.com\/dk\/?s={search_term_string}\"},\"query-input\":{\"@type\":\"PropertyValueSpecification\",\"valueRequired\":true,\"valueName\":\"search_term_string\"}}],\"inLanguage\":\"sv-SE\"}]}<\/script>\n<!-- \/ Yoast SEO Premium plugin. -->","yoast_head_json":{"title":"eSpine Lumbar-X - Embreis DK","robots":{"index":"index","follow":"follow","max-snippet":"max-snippet:-1","max-image-preview":"max-image-preview:large","max-video-preview":"max-video-preview:-1"},"canonical":"https:\/\/embreis.com\/dk\/produkt\/espine-lumbar-x\/","og_locale":"sv_SE","og_type":"article","og_title":"eSpine Lumbar-X","og_description":"Stabil l\u00e4ndryggsortos  Ribbstickad res\u00e5r  Formbara skenor  St\u00f6djande extraband","og_url":"https:\/\/embreis.com\/dk\/produkt\/espine-lumbar-x\/","og_site_name":"Embreis DK","article_modified_time":"2025-06-25T12:33:35+00:00","og_image":[{"width":567,"height":567,"url":"https:\/\/embreis.com\/dk\/wp-content\/uploads\/sites\/8\/2020\/02\/E504102_1.jpg","type":"image\/jpeg"}],"twitter_card":"summary_large_image","twitter_misc":{"Ber\u00e4knad l\u00e4stid":"1 minut"},"schema":{"@context":"https:\/\/schema.org","@graph":[{"@type":"WebPage","@id":"https:\/\/embreis.com\/dk\/produkt\/espine-lumbar-x\/","url":"https:\/\/embreis.com\/dk\/produkt\/espine-lumbar-x\/","name":"eSpine Lumbar-X - Embreis DK","isPartOf":{"@id":"https:\/\/embreis.com\/dk\/#website"},"primaryImageOfPage":{"@id":"https:\/\/embreis.com\/dk\/produkt\/espine-lumbar-x\/#primaryimage"},"image":{"@id":"https:\/\/embreis.com\/dk\/produkt\/espine-lumbar-x\/#primaryimage"},"thumbnailUrl":"https:\/\/embreis.com\/dk\/wp-content\/uploads\/sites\/8\/2020\/02\/E504102_1.jpg","datePublished":"2020-02-14T13:55:44+00:00","dateModified":"2025-06-25T12:33:35+00:00","breadcrumb":{"@id":"https:\/\/embreis.com\/dk\/produkt\/espine-lumbar-x\/#breadcrumb"},"inLanguage":"sv-SE","potentialAction":[{"@type":"ReadAction","target":["https:\/\/embreis.com\/dk\/produkt\/espine-lumbar-x\/"]}]},{"@type":"ImageObject","inLanguage":"sv-SE","@id":"https:\/\/embreis.com\/dk\/produkt\/espine-lumbar-x\/#primaryimage","url":"https:\/\/embreis.com\/dk\/wp-content\/uploads\/sites\/8\/2020\/02\/E504102_1.jpg","contentUrl":"https:\/\/embreis.com\/dk\/wp-content\/uploads\/sites\/8\/2020\/02\/E504102_1.jpg","width":567,"height":567},{"@type":"BreadcrumbList","@id":"https:\/\/embreis.com\/dk\/produkt\/espine-lumbar-x\/#breadcrumb","itemListElement":[{"@type":"ListItem","position":1,"name":"Hem","item":"https:\/\/embreis.com\/dk\/"},{"@type":"ListItem","position":2,"name":"Sortiment","item":"https:\/\/embreis.com\/dk\/sortiment\/"},{"@type":"ListItem","position":3,"name":"Ortos","item":"https:\/\/embreis.com\/dk\/produktkategori\/ortos\/"},{"@type":"ListItem","position":4,"name":"Rygg","item":"https:\/\/embreis.com\/dk\/produktkategori\/ortos\/rygg\/"},{"@type":"ListItem","position":5,"name":"St\u00f6d\/Kompression","item":"https:\/\/embreis.com\/dk\/produktkategori\/ortos\/rygg\/stod-kompression-rygg-ortos\/"},{"@type":"ListItem","position":6,"name":"eSpine Lumbar-X"}]},{"@type":"WebSite","@id":"https:\/\/embreis.com\/dk\/#website","url":"https:\/\/embreis.com\/dk\/","name":"Embreis DK","description":"Ortoser, proteser och material","potentialAction":[{"@type":"SearchAction","target":{"@type":"EntryPoint","urlTemplate":"https:\/\/embreis.com\/dk\/?s={search_term_string}"},"query-input":{"@type":"PropertyValueSpecification","valueRequired":true,"valueName":"search_term_string"}}],"inLanguage":"sv-SE"}]}},"_links":{"self":[{"href":"https:\/\/embreis.com\/dk\/wp-json\/wp\/v2\/product\/2099","targetHints":{"allow":["GET"]}}],"collection":[{"href":"https:\/\/embreis.com\/dk\/wp-json\/wp\/v2\/product"}],"about":[{"href":"https:\/\/embreis.com\/dk\/wp-json\/wp\/v2\/types\/product"}],"wp:featuredmedia":[{"embeddable":true,"href":"https:\/\/embreis.com\/dk\/wp-json\/wp\/v2\/media\/8107"}],"wp:attachment":[{"href":"https:\/\/embreis.com\/dk\/wp-json\/wp\/v2\/media?parent=2099"}],"wp:term":[{"taxonomy":"product_brand","embeddable":true,"href":"https:\/\/embreis.com\/dk\/wp-json\/wp\/v2\/product_brand?post=2099"},{"taxonomy":"product_cat","embeddable":true,"href":"https:\/\/embreis.com\/dk\/wp-json\/wp\/v2\/product_cat?post=2099"},{"taxonomy":"product_tag","embeddable":true,"href":"https:\/\/embreis.com\/dk\/wp-json\/wp\/v2\/product_tag?post=2099"}],"curies":[{"name":"wp","href":"https:\/\/api.w.org\/{rel}","templated":true}]}}